{"id":14617,"date":"2025-01-04T19:34:28","date_gmt":"2025-01-04T18:34:28","guid":{"rendered":"https:\/\/rakosliget.hu\/wordpress\/?page_id=14617"},"modified":"2025-01-04T19:47:00","modified_gmt":"2025-01-04T18:47:00","slug":"rue-1924","status":"publish","type":"page","link":"https:\/\/rakosliget.hu\/wordpress\/index.php\/rue-1924\/","title":{"rendered":"RUE 1924"},"content":{"rendered":"\n<p><a href=\"https:\/\/rakosliget.hu\/wordpress\/index.php\/rakosligeti-uszo-egylet-rue\/\">Vissza az \u00dasz\u00e1s lapra<\/a><\/p>\n\n\n<div class=\"wp-block-image\">\n<figure class=\"aligncenter size-large\"><img loading=\"lazy\" decoding=\"async\" width=\"416\" height=\"1024\" src=\"https:\/\/rakosliget.hu\/wordpress\/wp-content\/uploads\/2024\/12\/1924_02_04_-4-oldal-uszas-416x1024.jpg\" alt=\"\" class=\"wp-image-14108\" srcset=\"https:\/\/rakosliget.hu\/wordpress\/wp-content\/uploads\/2024\/12\/1924_02_04_-4-oldal-uszas-416x1024.jpg 416w, https:\/\/rakosliget.hu\/wordpress\/wp-content\/uploads\/2024\/12\/1924_02_04_-4-oldal-uszas-122x300.jpg 122w, https:\/\/rakosliget.hu\/wordpress\/wp-content\/uploads\/2024\/12\/1924_02_04_-4-oldal-uszas-768x1891.jpg 768w, https:\/\/rakosliget.hu\/wordpress\/wp-content\/uploads\/2024\/12\/1924_02_04_-4-oldal-uszas-624x1536.jpg 624w, https:\/\/rakosliget.hu\/wordpress\/wp-content\/uploads\/2024\/12\/1924_02_04_-4-oldal-uszas-832x2048.jpg 832w, https:\/\/rakosliget.hu\/wordpress\/wp-content\/uploads\/2024\/12\/1924_02_04_-4-oldal-uszas-scaled.jpg 1040w\" sizes=\"auto, (max-width: 416px) 100vw, 416px\" \/><figcaption class=\"wp-element-caption\">Nemzeti Sport 1924. 02. 04. 4. oldal <\/figcaption><\/figure>\n<\/div>\n\n\n<p>1924 BUDAPEST-VID\u00c9KE \u00daSZ\u00d3BAJNOKS\u00c1G DOROG<\/p>\n\n\n\n<figure class=\"wp-block-image size-large\"><img loading=\"lazy\" decoding=\"async\" width=\"746\" height=\"1024\" src=\"http:\/\/rakosliget.hu\/wordpress\/wp-content\/uploads\/2020\/01\/1924-j\u00falius31-dorog-RUE-746x1024.jpg\" alt=\"\" class=\"wp-image-4002\" srcset=\"https:\/\/rakosliget.hu\/wordpress\/wp-content\/uploads\/2020\/01\/1924-j\u00falius31-dorog-RUE-746x1024.jpg 746w, https:\/\/rakosliget.hu\/wordpress\/wp-content\/uploads\/2020\/01\/1924-j\u00falius31-dorog-RUE-218x300.jpg 218w, https:\/\/rakosliget.hu\/wordpress\/wp-content\/uploads\/2020\/01\/1924-j\u00falius31-dorog-RUE-768x1055.jpg 768w, https:\/\/rakosliget.hu\/wordpress\/wp-content\/uploads\/2020\/01\/1924-j\u00falius31-dorog-RUE-1118x1536.jpg 1118w, https:\/\/rakosliget.hu\/wordpress\/wp-content\/uploads\/2020\/01\/1924-j\u00falius31-dorog-RUE-1491x2048.jpg 1491w, https:\/\/rakosliget.hu\/wordpress\/wp-content\/uploads\/2020\/01\/1924-j\u00falius31-dorog-RUE-scaled.jpg 1864w\" sizes=\"auto, (max-width: 746px) 100vw, 746px\" \/><figcaption class=\"wp-element-caption\"> ESZTERGOM \u00e9s VID\u00c9KE.  1924. j\u00falius 31. 1. oldal<\/figcaption><\/figure>\n\n\n<div class=\"wp-block-image\">\n<figure class=\"aligncenter size-large\"><img loading=\"lazy\" decoding=\"async\" width=\"585\" height=\"1024\" src=\"http:\/\/rakosliget.hu\/wordpress\/wp-content\/uploads\/2020\/01\/1924-augusztus-3-dorog-RUE-585x1024.jpg\" alt=\"\" class=\"wp-image-4005\" srcset=\"https:\/\/rakosliget.hu\/wordpress\/wp-content\/uploads\/2020\/01\/1924-augusztus-3-dorog-RUE-585x1024.jpg 585w, https:\/\/rakosliget.hu\/wordpress\/wp-content\/uploads\/2020\/01\/1924-augusztus-3-dorog-RUE-172x300.jpg 172w, https:\/\/rakosliget.hu\/wordpress\/wp-content\/uploads\/2020\/01\/1924-augusztus-3-dorog-RUE-768x1343.jpg 768w, https:\/\/rakosliget.hu\/wordpress\/wp-content\/uploads\/2020\/01\/1924-augusztus-3-dorog-RUE-878x1536.jpg 878w, https:\/\/rakosliget.hu\/wordpress\/wp-content\/uploads\/2020\/01\/1924-augusztus-3-dorog-RUE-1171x2048.jpg 1171w, https:\/\/rakosliget.hu\/wordpress\/wp-content\/uploads\/2020\/01\/1924-augusztus-3-dorog-RUE-scaled.jpg 1464w\" sizes=\"auto, (max-width: 585px) 100vw, 585px\" \/><figcaption class=\"wp-element-caption\">1924. augusztus 3. Dorog<\/figcaption><\/figure>\n<\/div>\n\n<div class=\"wp-block-image\">\n<figure class=\"aligncenter size-large\"><img loading=\"lazy\" decoding=\"async\" width=\"347\" height=\"1024\" src=\"https:\/\/rakosliget.hu\/wordpress\/wp-content\/uploads\/2024\/12\/1924_08_-30_-6-oldal-uszas-1-347x1024.jpg\" alt=\"\" class=\"wp-image-14133\" srcset=\"https:\/\/rakosliget.hu\/wordpress\/wp-content\/uploads\/2024\/12\/1924_08_-30_-6-oldal-uszas-1-347x1024.jpg 347w, https:\/\/rakosliget.hu\/wordpress\/wp-content\/uploads\/2024\/12\/1924_08_-30_-6-oldal-uszas-1-102x300.jpg 102w, https:\/\/rakosliget.hu\/wordpress\/wp-content\/uploads\/2024\/12\/1924_08_-30_-6-oldal-uszas-1-520x1536.jpg 520w, https:\/\/rakosliget.hu\/wordpress\/wp-content\/uploads\/2024\/12\/1924_08_-30_-6-oldal-uszas-1-694x2048.jpg 694w, https:\/\/rakosliget.hu\/wordpress\/wp-content\/uploads\/2024\/12\/1924_08_-30_-6-oldal-uszas-1.jpg 737w\" sizes=\"auto, (max-width: 347px) 100vw, 347px\" \/><figcaption class=\"wp-element-caption\">Nemzeti Sport 1924. 08. 30. 6. oldal <\/figcaption><\/figure>\n<\/div>\n\n<div class=\"wp-block-image\">\n<figure class=\"aligncenter size-large\"><img loading=\"lazy\" decoding=\"async\" width=\"192\" height=\"1024\" src=\"https:\/\/rakosliget.hu\/wordpress\/wp-content\/uploads\/2024\/12\/1924_08_14_6-oldal-uszas-192x1024.jpg\" alt=\"\" class=\"wp-image-14137\" srcset=\"https:\/\/rakosliget.hu\/wordpress\/wp-content\/uploads\/2024\/12\/1924_08_14_6-oldal-uszas-192x1024.jpg 192w, https:\/\/rakosliget.hu\/wordpress\/wp-content\/uploads\/2024\/12\/1924_08_14_6-oldal-uszas-56x300.jpg 56w, https:\/\/rakosliget.hu\/wordpress\/wp-content\/uploads\/2024\/12\/1924_08_14_6-oldal-uszas-288x1536.jpg 288w\" sizes=\"auto, (max-width: 192px) 100vw, 192px\" \/><figcaption class=\"wp-element-caption\">Nemzeti Sport 1924. 08. 14. 6. oldal <\/figcaption><\/figure>\n<\/div>\n\n\n<p><a href=\"https:\/\/rakosliget.hu\/wordpress\/index.php\/rakosligeti-uszo-egylet-rue\/\">Vissza az \u00dasz\u00e1s lapra<\/a><\/p>\n","protected":false},"excerpt":{"rendered":"<p>Vissza az \u00dasz\u00e1s lapra 1924 BUDAPEST-VID\u00c9KE \u00daSZ\u00d3BAJNOKS\u00c1G DOROG Vissza az \u00dasz\u00e1s lapra<\/p>\n","protected":false},"author":1,"featured_media":0,"parent":0,"menu_order":0,"comment_status":"closed","ping_status":"closed","template":"","meta":{"footnotes":""},"class_list":["post-14617","page","type-page","status-publish","hentry"],"_links":{"self":[{"href":"https:\/\/rakosliget.hu\/wordpress\/index.php\/wp-json\/wp\/v2\/pages\/14617","targetHints":{"allow":["GET"]}}],"collection":[{"href":"https:\/\/rakosliget.hu\/wordpress\/index.php\/wp-json\/wp\/v2\/pages"}],"about":[{"href":"https:\/\/rakosliget.hu\/wordpress\/index.php\/wp-json\/wp\/v2\/types\/page"}],"author":[{"embeddable":true,"href":"https:\/\/rakosliget.hu\/wordpress\/index.php\/wp-json\/wp\/v2\/users\/1"}],"replies":[{"embeddable":true,"href":"https:\/\/rakosliget.hu\/wordpress\/index.php\/wp-json\/wp\/v2\/comments?post=14617"}],"version-history":[{"count":5,"href":"https:\/\/rakosliget.hu\/wordpress\/index.php\/wp-json\/wp\/v2\/pages\/14617\/revisions"}],"predecessor-version":[{"id":14636,"href":"https:\/\/rakosliget.hu\/wordpress\/index.php\/wp-json\/wp\/v2\/pages\/14617\/revisions\/14636"}],"wp:attachment":[{"href":"https:\/\/rakosliget.hu\/wordpress\/index.php\/wp-json\/wp\/v2\/media?parent=14617"}],"curies":[{"name":"wp","href":"https:\/\/api.w.org\/{rel}","templated":true}]}}