{"id":14614,"date":"2025-01-04T19:32:51","date_gmt":"2025-01-04T18:32:51","guid":{"rendered":"https:\/\/rakosliget.hu\/wordpress\/?page_id=14614"},"modified":"2025-01-04T19:32:51","modified_gmt":"2025-01-04T18:32:51","slug":"rue-1923","status":"publish","type":"page","link":"https:\/\/rakosliget.hu\/wordpress\/index.php\/rue-1923\/","title":{"rendered":"RUE 1923"},"content":{"rendered":"\n<p><a href=\"https:\/\/rakosliget.hu\/wordpress\/index.php\/rakosligeti-uszo-egylet-rue\/\">Vissza az \u00dasz\u00e1s lapra<\/a><\/p>\n\n\n\n<figure class=\"wp-block-image size-full\"><img loading=\"lazy\" decoding=\"async\" width=\"673\" height=\"937\" src=\"https:\/\/rakosliget.hu\/wordpress\/wp-content\/uploads\/2024\/12\/1923_02_10_-5-uszas.jpg\" alt=\"\" class=\"wp-image-14069\" srcset=\"https:\/\/rakosliget.hu\/wordpress\/wp-content\/uploads\/2024\/12\/1923_02_10_-5-uszas.jpg 673w, https:\/\/rakosliget.hu\/wordpress\/wp-content\/uploads\/2024\/12\/1923_02_10_-5-uszas-215x300.jpg 215w\" sizes=\"auto, (max-width: 673px) 100vw, 673px\" \/><figcaption class=\"wp-element-caption\">Nemzeti Sport 1923. 02. 10. 5. oldal<\/figcaption><\/figure>\n\n\n\n<figure class=\"wp-block-image size-full\"><img loading=\"lazy\" decoding=\"async\" width=\"717\" height=\"1004\" src=\"https:\/\/rakosliget.hu\/wordpress\/wp-content\/uploads\/2024\/12\/1923_06_09_-4-oldal-uszas.jpg\" alt=\"\" class=\"wp-image-14071\" srcset=\"https:\/\/rakosliget.hu\/wordpress\/wp-content\/uploads\/2024\/12\/1923_06_09_-4-oldal-uszas.jpg 717w, https:\/\/rakosliget.hu\/wordpress\/wp-content\/uploads\/2024\/12\/1923_06_09_-4-oldal-uszas-214x300.jpg 214w\" sizes=\"auto, (max-width: 717px) 100vw, 717px\" \/><figcaption class=\"wp-element-caption\">Nemzeti Sport 1923. 06. 09. 4. oldal <\/figcaption><\/figure>\n\n\n\n<figure class=\"wp-block-image size-full\"><img loading=\"lazy\" decoding=\"async\" width=\"688\" height=\"432\" src=\"https:\/\/rakosliget.hu\/wordpress\/wp-content\/uploads\/2024\/12\/1923_07_16_-3-oldal-uszas.jpg\" alt=\"\" class=\"wp-image-14073\" srcset=\"https:\/\/rakosliget.hu\/wordpress\/wp-content\/uploads\/2024\/12\/1923_07_16_-3-oldal-uszas.jpg 688w, https:\/\/rakosliget.hu\/wordpress\/wp-content\/uploads\/2024\/12\/1923_07_16_-3-oldal-uszas-300x188.jpg 300w\" sizes=\"auto, (max-width: 688px) 100vw, 688px\" \/><figcaption class=\"wp-element-caption\">Nemzeti Sport 1923. 07. 16. 3. oldal <\/figcaption><\/figure>\n\n\n\n<figure class=\"wp-block-image size-full\"><img loading=\"lazy\" decoding=\"async\" width=\"688\" height=\"432\" src=\"https:\/\/rakosliget.hu\/wordpress\/wp-content\/uploads\/2024\/12\/1923_07_16_-3-oldal-uszas-1.jpg\" alt=\"\" class=\"wp-image-14075\" srcset=\"https:\/\/rakosliget.hu\/wordpress\/wp-content\/uploads\/2024\/12\/1923_07_16_-3-oldal-uszas-1.jpg 688w, https:\/\/rakosliget.hu\/wordpress\/wp-content\/uploads\/2024\/12\/1923_07_16_-3-oldal-uszas-1-300x188.jpg 300w\" sizes=\"auto, (max-width: 688px) 100vw, 688px\" \/><figcaption class=\"wp-element-caption\">Nemzeti Sport 1923. 07. 16. 3. oldal <\/figcaption><\/figure>\n\n\n\n<figure class=\"wp-block-image size-full\"><img loading=\"lazy\" decoding=\"async\" width=\"679\" height=\"271\" src=\"https:\/\/rakosliget.hu\/wordpress\/wp-content\/uploads\/2024\/12\/1923_07_16_4-oldal-uszas.jpg\" alt=\"\" class=\"wp-image-14077\" srcset=\"https:\/\/rakosliget.hu\/wordpress\/wp-content\/uploads\/2024\/12\/1923_07_16_4-oldal-uszas.jpg 679w, https:\/\/rakosliget.hu\/wordpress\/wp-content\/uploads\/2024\/12\/1923_07_16_4-oldal-uszas-300x120.jpg 300w\" sizes=\"auto, (max-width: 679px) 100vw, 679px\" \/><figcaption class=\"wp-element-caption\">Nemzeti Sport 1923. 07.16. 4. oldal<\/figcaption><\/figure>\n\n\n\n<figure class=\"wp-block-image size-full\"><img loading=\"lazy\" decoding=\"async\" width=\"699\" height=\"568\" src=\"https:\/\/rakosliget.hu\/wordpress\/wp-content\/uploads\/2024\/12\/1923_07_29_-1-oldal-uszas.jpg\" alt=\"\" class=\"wp-image-14079\" srcset=\"https:\/\/rakosliget.hu\/wordpress\/wp-content\/uploads\/2024\/12\/1923_07_29_-1-oldal-uszas.jpg 699w, https:\/\/rakosliget.hu\/wordpress\/wp-content\/uploads\/2024\/12\/1923_07_29_-1-oldal-uszas-300x244.jpg 300w\" sizes=\"auto, (max-width: 699px) 100vw, 699px\" \/><figcaption class=\"wp-element-caption\">Nemzeti Sport 1923. 07. 29_ 1. oldal <\/figcaption><\/figure>\n\n\n\n<p><a href=\"https:\/\/rakosliget.hu\/wordpress\/index.php\/rakosligeti-uszo-egylet-rue\/\">Vissza az \u00dasz\u00e1s lapra<\/a><\/p>\n","protected":false},"excerpt":{"rendered":"<p>Vissza az \u00dasz\u00e1s lapra Vissza az \u00dasz\u00e1s lapra<\/p>\n","protected":false},"author":1,"featured_media":0,"parent":0,"menu_order":0,"comment_status":"closed","ping_status":"closed","template":"","meta":{"footnotes":""},"class_list":["post-14614","page","type-page","status-publish","hentry"],"_links":{"self":[{"href":"https:\/\/rakosliget.hu\/wordpress\/index.php\/wp-json\/wp\/v2\/pages\/14614","targetHints":{"allow":["GET"]}}],"collection":[{"href":"https:\/\/rakosliget.hu\/wordpress\/index.php\/wp-json\/wp\/v2\/pages"}],"about":[{"href":"https:\/\/rakosliget.hu\/wordpress\/index.php\/wp-json\/wp\/v2\/types\/page"}],"author":[{"embeddable":true,"href":"https:\/\/rakosliget.hu\/wordpress\/index.php\/wp-json\/wp\/v2\/users\/1"}],"replies":[{"embeddable":true,"href":"https:\/\/rakosliget.hu\/wordpress\/index.php\/wp-json\/wp\/v2\/comments?post=14614"}],"version-history":[{"count":2,"href":"https:\/\/rakosliget.hu\/wordpress\/index.php\/wp-json\/wp\/v2\/pages\/14614\/revisions"}],"predecessor-version":[{"id":14616,"href":"https:\/\/rakosliget.hu\/wordpress\/index.php\/wp-json\/wp\/v2\/pages\/14614\/revisions\/14616"}],"wp:attachment":[{"href":"https:\/\/rakosliget.hu\/wordpress\/index.php\/wp-json\/wp\/v2\/media?parent=14614"}],"curies":[{"name":"wp","href":"https:\/\/api.w.org\/{rel}","templated":true}]}}