{"id":14610,"date":"2025-01-04T19:30:52","date_gmt":"2025-01-04T18:30:52","guid":{"rendered":"https:\/\/rakosliget.hu\/wordpress\/?page_id=14610"},"modified":"2025-01-04T19:44:56","modified_gmt":"2025-01-04T18:44:56","slug":"rue-1922","status":"publish","type":"page","link":"https:\/\/rakosliget.hu\/wordpress\/index.php\/rue-1922\/","title":{"rendered":"RUE 1922"},"content":{"rendered":"\n<p><a href=\"https:\/\/rakosliget.hu\/wordpress\/index.php\/rakosligeti-uszo-egylet-rue\/\">Vissza az \u00dasz\u00e1s lapra<\/a><\/p>\n\n\n<div class=\"wp-block-image\">\n<figure class=\"aligncenter size-large\"><img loading=\"lazy\" decoding=\"async\" width=\"635\" height=\"473\" src=\"http:\/\/rakosliget.hu\/wordpress\/wp-content\/uploads\/2020\/01\/RUE-b\u00e1l-1922.jpg\" alt=\"\" class=\"wp-image-4096\" srcset=\"https:\/\/rakosliget.hu\/wordpress\/wp-content\/uploads\/2020\/01\/RUE-b\u00e1l-1922.jpg 635w, https:\/\/rakosliget.hu\/wordpress\/wp-content\/uploads\/2020\/01\/RUE-b\u00e1l-1922-300x223.jpg 300w\" sizes=\"auto, (max-width: 635px) 100vw, 635px\" \/><figcaption class=\"wp-element-caption\">R\u00e1kos Vid\u00e9ke 1922. janu\u00e1r 1.<\/figcaption><\/figure>\n<\/div>\n\n\n<figure class=\"wp-block-image size-full\"><img loading=\"lazy\" decoding=\"async\" width=\"744\" height=\"788\" src=\"https:\/\/rakosliget.hu\/wordpress\/wp-content\/uploads\/2024\/12\/1922_03_27_-8-oldal-uszas.jpg\" alt=\"\" class=\"wp-image-14004\" srcset=\"https:\/\/rakosliget.hu\/wordpress\/wp-content\/uploads\/2024\/12\/1922_03_27_-8-oldal-uszas.jpg 744w, https:\/\/rakosliget.hu\/wordpress\/wp-content\/uploads\/2024\/12\/1922_03_27_-8-oldal-uszas-283x300.jpg 283w\" sizes=\"auto, (max-width: 744px) 100vw, 744px\" \/><figcaption class=\"wp-element-caption\">Nemzeti Sport 1922. 03. 27.  8. oldal <\/figcaption><\/figure>\n\n\n\n<figure class=\"wp-block-image size-full\"><img loading=\"lazy\" decoding=\"async\" width=\"738\" height=\"861\" src=\"https:\/\/rakosliget.hu\/wordpress\/wp-content\/uploads\/2024\/12\/1922_07_17_-4-oldal-uszas.jpg\" alt=\"\" class=\"wp-image-14007\" srcset=\"https:\/\/rakosliget.hu\/wordpress\/wp-content\/uploads\/2024\/12\/1922_07_17_-4-oldal-uszas.jpg 738w, https:\/\/rakosliget.hu\/wordpress\/wp-content\/uploads\/2024\/12\/1922_07_17_-4-oldal-uszas-257x300.jpg 257w\" sizes=\"auto, (max-width: 738px) 100vw, 738px\" \/><figcaption class=\"wp-element-caption\">Nemzeti Sport 1922. 07. 17.  4. oldal <\/figcaption><\/figure>\n\n\n\n<p>1922 DUNA-KER\u00dcLET \u00daSZ\u00d3VERSENY DOROG<\/p>\n\n\n<div class=\"wp-block-image\">\n<figure class=\"aligncenter size-large\"><img loading=\"lazy\" decoding=\"async\" width=\"465\" height=\"360\" src=\"http:\/\/rakosliget.hu\/wordpress\/wp-content\/uploads\/2020\/01\/1922-j\u00falius-23-dorog.jpg\" alt=\"\" class=\"wp-image-3998\" srcset=\"https:\/\/rakosliget.hu\/wordpress\/wp-content\/uploads\/2020\/01\/1922-j\u00falius-23-dorog.jpg 465w, https:\/\/rakosliget.hu\/wordpress\/wp-content\/uploads\/2020\/01\/1922-j\u00falius-23-dorog-300x232.jpg 300w\" sizes=\"auto, (max-width: 465px) 100vw, 465px\" \/><figcaption class=\"wp-element-caption\">ESZTERGOM \u00e9s VID\u00c9KE.  1922. j\u00falius 30. 2. oldal<\/figcaption><\/figure>\n<\/div>\n\n\n<figure class=\"wp-block-image size-full\"><img loading=\"lazy\" decoding=\"async\" width=\"732\" height=\"395\" src=\"https:\/\/rakosliget.hu\/wordpress\/wp-content\/uploads\/2024\/12\/1922_08_05_4-oldal-uszas.jpg\" alt=\"\" class=\"wp-image-14009\" srcset=\"https:\/\/rakosliget.hu\/wordpress\/wp-content\/uploads\/2024\/12\/1922_08_05_4-oldal-uszas.jpg 732w, https:\/\/rakosliget.hu\/wordpress\/wp-content\/uploads\/2024\/12\/1922_08_05_4-oldal-uszas-300x162.jpg 300w\" sizes=\"auto, (max-width: 732px) 100vw, 732px\" \/><figcaption class=\"wp-element-caption\">Nemzeti Sport 1922. 08. 05. 4. oldal <\/figcaption><\/figure>\n\n\n<div class=\"wp-block-image\">\n<figure class=\"aligncenter size-large\"><img loading=\"lazy\" decoding=\"async\" width=\"598\" height=\"411\" src=\"http:\/\/rakosliget.hu\/wordpress\/wp-content\/uploads\/2020\/11\/1922-augusztus-9-uszas-a-Dunan.jpg\" alt=\"\" class=\"wp-image-6078\" srcset=\"https:\/\/rakosliget.hu\/wordpress\/wp-content\/uploads\/2020\/11\/1922-augusztus-9-uszas-a-Dunan.jpg 598w, https:\/\/rakosliget.hu\/wordpress\/wp-content\/uploads\/2020\/11\/1922-augusztus-9-uszas-a-Dunan-300x206.jpg 300w\" sizes=\"auto, (max-width: 598px) 100vw, 598px\" \/><figcaption class=\"wp-element-caption\">1922. augusztus 9. Az Ujs\u00e1g<\/figcaption><\/figure>\n<\/div>\n\n\n<figure class=\"wp-block-image size-full\"><img loading=\"lazy\" decoding=\"async\" width=\"773\" height=\"300\" src=\"https:\/\/rakosliget.hu\/wordpress\/wp-content\/uploads\/2024\/12\/1922_08_14_4-oldal-uszas.jpg\" alt=\"\" class=\"wp-image-14011\" srcset=\"https:\/\/rakosliget.hu\/wordpress\/wp-content\/uploads\/2024\/12\/1922_08_14_4-oldal-uszas.jpg 773w, https:\/\/rakosliget.hu\/wordpress\/wp-content\/uploads\/2024\/12\/1922_08_14_4-oldal-uszas-300x116.jpg 300w, https:\/\/rakosliget.hu\/wordpress\/wp-content\/uploads\/2024\/12\/1922_08_14_4-oldal-uszas-768x298.jpg 768w\" sizes=\"auto, (max-width: 773px) 100vw, 773px\" \/><figcaption class=\"wp-element-caption\">Nemzeti  Sport 1922. 08. 14. 4. oldal <\/figcaption><\/figure>\n\n\n\n<p><a href=\"https:\/\/rakosliget.hu\/wordpress\/index.php\/rakosligeti-uszo-egylet-rue\/\">Vissza az \u00dasz\u00e1s lapra<\/a><\/p>\n\n\n\n<p><\/p>\n","protected":false},"excerpt":{"rendered":"<p>Vissza az \u00dasz\u00e1s lapra 1922 DUNA-KER\u00dcLET \u00daSZ\u00d3VERSENY DOROG Vissza az \u00dasz\u00e1s lapra<\/p>\n","protected":false},"author":1,"featured_media":0,"parent":0,"menu_order":0,"comment_status":"closed","ping_status":"closed","template":"","meta":{"footnotes":""},"class_list":["post-14610","page","type-page","status-publish","hentry"],"_links":{"self":[{"href":"https:\/\/rakosliget.hu\/wordpress\/index.php\/wp-json\/wp\/v2\/pages\/14610","targetHints":{"allow":["GET"]}}],"collection":[{"href":"https:\/\/rakosliget.hu\/wordpress\/index.php\/wp-json\/wp\/v2\/pages"}],"about":[{"href":"https:\/\/rakosliget.hu\/wordpress\/index.php\/wp-json\/wp\/v2\/types\/page"}],"author":[{"embeddable":true,"href":"https:\/\/rakosliget.hu\/wordpress\/index.php\/wp-json\/wp\/v2\/users\/1"}],"replies":[{"embeddable":true,"href":"https:\/\/rakosliget.hu\/wordpress\/index.php\/wp-json\/wp\/v2\/comments?post=14610"}],"version-history":[{"count":4,"href":"https:\/\/rakosliget.hu\/wordpress\/index.php\/wp-json\/wp\/v2\/pages\/14610\/revisions"}],"predecessor-version":[{"id":14633,"href":"https:\/\/rakosliget.hu\/wordpress\/index.php\/wp-json\/wp\/v2\/pages\/14610\/revisions\/14633"}],"wp:attachment":[{"href":"https:\/\/rakosliget.hu\/wordpress\/index.php\/wp-json\/wp\/v2\/media?parent=14610"}],"curies":[{"name":"wp","href":"https:\/\/api.w.org\/{rel}","templated":true}]}}