{"id":14604,"date":"2025-01-04T19:27:22","date_gmt":"2025-01-04T18:27:22","guid":{"rendered":"https:\/\/rakosliget.hu\/wordpress\/?page_id=14604"},"modified":"2025-03-14T03:37:47","modified_gmt":"2025-03-14T02:37:47","slug":"rue-1920","status":"publish","type":"page","link":"https:\/\/rakosliget.hu\/wordpress\/index.php\/rue-1920\/","title":{"rendered":"RUE 1920"},"content":{"rendered":"\n<p><a href=\"https:\/\/rakosliget.hu\/wordpress\/index.php\/rakosligeti-uszo-egylet-rue\/\">Vissza az \u00dasz\u00e1s lapra<\/a><\/p>\n\n\n<div class=\"wp-block-image\">\n<figure class=\"aligncenter size-large\"><img loading=\"lazy\" decoding=\"async\" width=\"456\" height=\"1024\" src=\"https:\/\/rakosliget.hu\/wordpress\/wp-content\/uploads\/2024\/12\/1920_04_20_8-oldal-uszas-456x1024.jpg\" alt=\"\" class=\"wp-image-13928\" srcset=\"https:\/\/rakosliget.hu\/wordpress\/wp-content\/uploads\/2024\/12\/1920_04_20_8-oldal-uszas-456x1024.jpg 456w, https:\/\/rakosliget.hu\/wordpress\/wp-content\/uploads\/2024\/12\/1920_04_20_8-oldal-uszas-133x300.jpg 133w, https:\/\/rakosliget.hu\/wordpress\/wp-content\/uploads\/2024\/12\/1920_04_20_8-oldal-uszas-768x1726.jpg 768w, https:\/\/rakosliget.hu\/wordpress\/wp-content\/uploads\/2024\/12\/1920_04_20_8-oldal-uszas-683x1536.jpg 683w, https:\/\/rakosliget.hu\/wordpress\/wp-content\/uploads\/2024\/12\/1920_04_20_8-oldal-uszas-911x2048.jpg 911w, https:\/\/rakosliget.hu\/wordpress\/wp-content\/uploads\/2024\/12\/1920_04_20_8-oldal-uszas.jpg 1135w\" sizes=\"auto, (max-width: 456px) 100vw, 456px\" \/><figcaption class=\"wp-element-caption\">Nemzeti Sport 1920. \u00e1prilis 20. 8. oldal<\/figcaption><\/figure>\n<\/div>\n\n<div class=\"wp-block-image\">\n<figure class=\"aligncenter size-large\"><img loading=\"lazy\" decoding=\"async\" width=\"589\" height=\"1024\" src=\"https:\/\/rakosliget.hu\/wordpress\/wp-content\/uploads\/2024\/12\/1920_06_03_1-oldal-uszas-589x1024.jpg\" alt=\"\" class=\"wp-image-13930\" srcset=\"https:\/\/rakosliget.hu\/wordpress\/wp-content\/uploads\/2024\/12\/1920_06_03_1-oldal-uszas-589x1024.jpg 589w, https:\/\/rakosliget.hu\/wordpress\/wp-content\/uploads\/2024\/12\/1920_06_03_1-oldal-uszas-173x300.jpg 173w, https:\/\/rakosliget.hu\/wordpress\/wp-content\/uploads\/2024\/12\/1920_06_03_1-oldal-uszas-768x1336.jpg 768w, https:\/\/rakosliget.hu\/wordpress\/wp-content\/uploads\/2024\/12\/1920_06_03_1-oldal-uszas-883x1536.jpg 883w, https:\/\/rakosliget.hu\/wordpress\/wp-content\/uploads\/2024\/12\/1920_06_03_1-oldal-uszas.jpg 1153w\" sizes=\"auto, (max-width: 589px) 100vw, 589px\" \/><figcaption class=\"wp-element-caption\">Nemzeti Sport 1920. j\u00fanius 3. 1. oldal<\/figcaption><\/figure>\n<\/div>\n\n\n<figure class=\"wp-block-image size-large\"><img loading=\"lazy\" decoding=\"async\" width=\"1024\" height=\"150\" src=\"https:\/\/rakosliget.hu\/wordpress\/wp-content\/uploads\/2024\/12\/1920_06_03_8-oldal-Revay-Albin-halala-uszas-1024x150.jpg\" alt=\"\" class=\"wp-image-13931\" srcset=\"https:\/\/rakosliget.hu\/wordpress\/wp-content\/uploads\/2024\/12\/1920_06_03_8-oldal-Revay-Albin-halala-uszas-1024x150.jpg 1024w, https:\/\/rakosliget.hu\/wordpress\/wp-content\/uploads\/2024\/12\/1920_06_03_8-oldal-Revay-Albin-halala-uszas-300x44.jpg 300w, https:\/\/rakosliget.hu\/wordpress\/wp-content\/uploads\/2024\/12\/1920_06_03_8-oldal-Revay-Albin-halala-uszas-768x112.jpg 768w, https:\/\/rakosliget.hu\/wordpress\/wp-content\/uploads\/2024\/12\/1920_06_03_8-oldal-Revay-Albin-halala-uszas.jpg 1150w\" sizes=\"auto, (max-width: 1024px) 100vw, 1024px\" \/><figcaption class=\"wp-element-caption\">Nemzeti Sport 1920. j\u00fanius 3. 8. oldal<\/figcaption><\/figure>\n\n\n\n<figure class=\"wp-block-image size-large\"><img loading=\"lazy\" decoding=\"async\" width=\"1024\" height=\"244\" src=\"https:\/\/rakosliget.hu\/wordpress\/wp-content\/uploads\/2024\/12\/1920_07_27_-10-oldal-uszaas-1024x244.jpg\" alt=\"\" class=\"wp-image-13933\" srcset=\"https:\/\/rakosliget.hu\/wordpress\/wp-content\/uploads\/2024\/12\/1920_07_27_-10-oldal-uszaas-1024x244.jpg 1024w, https:\/\/rakosliget.hu\/wordpress\/wp-content\/uploads\/2024\/12\/1920_07_27_-10-oldal-uszaas-300x72.jpg 300w, https:\/\/rakosliget.hu\/wordpress\/wp-content\/uploads\/2024\/12\/1920_07_27_-10-oldal-uszaas-768x183.jpg 768w, https:\/\/rakosliget.hu\/wordpress\/wp-content\/uploads\/2024\/12\/1920_07_27_-10-oldal-uszaas.jpg 1111w\" sizes=\"auto, (max-width: 1024px) 100vw, 1024px\" \/><figcaption class=\"wp-element-caption\">Nemzeti Sport 1920. j\u00falius 27. 10. oldal<\/figcaption><\/figure>\n\n\n<div class=\"wp-block-image\">\n<figure class=\"aligncenter size-large\"><img loading=\"lazy\" decoding=\"async\" width=\"1024\" height=\"815\" src=\"https:\/\/rakosliget.hu\/wordpress\/wp-content\/uploads\/2025\/03\/Culi-Nandor-szerk.-A-Pesti-Hirlap-sport-almanachja-1920_21.-evre-Budapest-1920-141.-oldal-uszas-1024x815.jpg\" alt=\"\" class=\"wp-image-16910\" srcset=\"https:\/\/rakosliget.hu\/wordpress\/wp-content\/uploads\/2025\/03\/Culi-Nandor-szerk.-A-Pesti-Hirlap-sport-almanachja-1920_21.-evre-Budapest-1920-141.-oldal-uszas-1024x815.jpg 1024w, https:\/\/rakosliget.hu\/wordpress\/wp-content\/uploads\/2025\/03\/Culi-Nandor-szerk.-A-Pesti-Hirlap-sport-almanachja-1920_21.-evre-Budapest-1920-141.-oldal-uszas-300x239.jpg 300w, https:\/\/rakosliget.hu\/wordpress\/wp-content\/uploads\/2025\/03\/Culi-Nandor-szerk.-A-Pesti-Hirlap-sport-almanachja-1920_21.-evre-Budapest-1920-141.-oldal-uszas-768x611.jpg 768w, https:\/\/rakosliget.hu\/wordpress\/wp-content\/uploads\/2025\/03\/Culi-Nandor-szerk.-A-Pesti-Hirlap-sport-almanachja-1920_21.-evre-Budapest-1920-141.-oldal-uszas.jpg 1102w\" sizes=\"auto, (max-width: 1024px) 100vw, 1024px\" \/><figcaption class=\"wp-element-caption\">Culi N\u00e1ndor (szerk.) A Pesti Hirlap sport-almanachja 1920_21. \u00e9vre (Budapest, 1920) 141. oldal \u00fasz\u00e1s<\/figcaption><\/figure>\n<\/div>\n\n\n<figure class=\"wp-block-image size-large\"><img loading=\"lazy\" decoding=\"async\" width=\"1024\" height=\"481\" src=\"https:\/\/rakosliget.hu\/wordpress\/wp-content\/uploads\/2024\/12\/1920_09_28_-8-oldal-uszas-1024x481.jpg\" alt=\"\" class=\"wp-image-13934\" srcset=\"https:\/\/rakosliget.hu\/wordpress\/wp-content\/uploads\/2024\/12\/1920_09_28_-8-oldal-uszas-1024x481.jpg 1024w, https:\/\/rakosliget.hu\/wordpress\/wp-content\/uploads\/2024\/12\/1920_09_28_-8-oldal-uszas-300x141.jpg 300w, https:\/\/rakosliget.hu\/wordpress\/wp-content\/uploads\/2024\/12\/1920_09_28_-8-oldal-uszas-768x361.jpg 768w, https:\/\/rakosliget.hu\/wordpress\/wp-content\/uploads\/2024\/12\/1920_09_28_-8-oldal-uszas.jpg 1248w\" sizes=\"auto, (max-width: 1024px) 100vw, 1024px\" \/><figcaption class=\"wp-element-caption\">Nemzeti Sport 1920. szeptember 28. 8. oldal<\/figcaption><\/figure>\n\n\n\n<p><a href=\"https:\/\/rakosliget.hu\/wordpress\/index.php\/rakosligeti-uszo-egylet-rue\/\">Vissza az \u00dasz\u00e1s lapra<\/a><\/p>\n","protected":false},"excerpt":{"rendered":"<p>Vissza az \u00dasz\u00e1s lapra Vissza az \u00dasz\u00e1s lapra<\/p>\n","protected":false},"author":1,"featured_media":0,"parent":0,"menu_order":0,"comment_status":"closed","ping_status":"closed","template":"","meta":{"footnotes":""},"class_list":["post-14604","page","type-page","status-publish","hentry"],"_links":{"self":[{"href":"https:\/\/rakosliget.hu\/wordpress\/index.php\/wp-json\/wp\/v2\/pages\/14604","targetHints":{"allow":["GET"]}}],"collection":[{"href":"https:\/\/rakosliget.hu\/wordpress\/index.php\/wp-json\/wp\/v2\/pages"}],"about":[{"href":"https:\/\/rakosliget.hu\/wordpress\/index.php\/wp-json\/wp\/v2\/types\/page"}],"author":[{"embeddable":true,"href":"https:\/\/rakosliget.hu\/wordpress\/index.php\/wp-json\/wp\/v2\/users\/1"}],"replies":[{"embeddable":true,"href":"https:\/\/rakosliget.hu\/wordpress\/index.php\/wp-json\/wp\/v2\/comments?post=14604"}],"version-history":[{"count":3,"href":"https:\/\/rakosliget.hu\/wordpress\/index.php\/wp-json\/wp\/v2\/pages\/14604\/revisions"}],"predecessor-version":[{"id":16912,"href":"https:\/\/rakosliget.hu\/wordpress\/index.php\/wp-json\/wp\/v2\/pages\/14604\/revisions\/16912"}],"wp:attachment":[{"href":"https:\/\/rakosliget.hu\/wordpress\/index.php\/wp-json\/wp\/v2\/media?parent=14604"}],"curies":[{"name":"wp","href":"https:\/\/api.w.org\/{rel}","templated":true}]}}