{"id":14596,"date":"2025-01-04T19:24:04","date_gmt":"2025-01-04T18:24:04","guid":{"rendered":"https:\/\/rakosliget.hu\/wordpress\/?page_id=14596"},"modified":"2025-01-04T19:24:04","modified_gmt":"2025-01-04T18:24:04","slug":"rue-1912","status":"publish","type":"page","link":"https:\/\/rakosliget.hu\/wordpress\/index.php\/rue-1912\/","title":{"rendered":"RUE 1912"},"content":{"rendered":"\n<p><a href=\"https:\/\/rakosliget.hu\/wordpress\/index.php\/rakosligeti-uszo-egylet-rue\/\">Vissza az \u00dasz\u00e1s lapra<\/a><\/p>\n\n\n<div class=\"wp-block-image\">\n<figure class=\"aligncenter size-large\"><a href=\"http:\/\/rakosliget.hu\/wordpress\/wp-content\/uploads\/2020\/11\/Uszas-1912-december-4.jpg\"><img loading=\"lazy\" decoding=\"async\" width=\"550\" height=\"961\" src=\"http:\/\/rakosliget.hu\/wordpress\/wp-content\/uploads\/2020\/11\/Uszas-1912-december-4.jpg\" alt=\"\" class=\"wp-image-5880\" srcset=\"https:\/\/rakosliget.hu\/wordpress\/wp-content\/uploads\/2020\/11\/Uszas-1912-december-4.jpg 550w, https:\/\/rakosliget.hu\/wordpress\/wp-content\/uploads\/2020\/11\/Uszas-1912-december-4-172x300.jpg 172w\" sizes=\"auto, (max-width: 550px) 100vw, 550px\" \/><\/a><figcaption class=\"wp-element-caption\">1912. december 4. Az Ujs\u00e1g<\/figcaption><\/figure>\n<\/div>\n\n\n<figure class=\"wp-block-image size-full\"><a href=\"http:\/\/rakosliget.hu\/wordpress\/wp-content\/uploads\/2022\/01\/uszoda.jpg\"><img loading=\"lazy\" decoding=\"async\" width=\"886\" height=\"266\" src=\"https:\/\/rakosliget.hu\/wordpress\/wp-content\/uploads\/2022\/01\/uszoda.jpg\" alt=\"\" class=\"wp-image-9871\" srcset=\"https:\/\/rakosliget.hu\/wordpress\/wp-content\/uploads\/2022\/01\/uszoda.jpg 886w, https:\/\/rakosliget.hu\/wordpress\/wp-content\/uploads\/2022\/01\/uszoda-300x90.jpg 300w, https:\/\/rakosliget.hu\/wordpress\/wp-content\/uploads\/2022\/01\/uszoda-768x231.jpg 768w\" sizes=\"auto, (max-width: 886px) 100vw, 886px\" \/><\/a><figcaption class=\"wp-element-caption\">Nemzeti Sport 1912. m\u00e1rcius 10. 5. oldal<\/figcaption><\/figure>\n\n\n\n<figure class=\"wp-block-image size-large\"><img loading=\"lazy\" decoding=\"async\" width=\"863\" height=\"1024\" src=\"https:\/\/rakosliget.hu\/wordpress\/wp-content\/uploads\/2024\/12\/1912_03_10_-6-oldal-uszo-szovetseg-felvetel-863x1024.jpg\" alt=\"\" class=\"wp-image-13906\" srcset=\"https:\/\/rakosliget.hu\/wordpress\/wp-content\/uploads\/2024\/12\/1912_03_10_-6-oldal-uszo-szovetseg-felvetel-863x1024.jpg 863w, https:\/\/rakosliget.hu\/wordpress\/wp-content\/uploads\/2024\/12\/1912_03_10_-6-oldal-uszo-szovetseg-felvetel-253x300.jpg 253w, https:\/\/rakosliget.hu\/wordpress\/wp-content\/uploads\/2024\/12\/1912_03_10_-6-oldal-uszo-szovetseg-felvetel-768x912.jpg 768w, https:\/\/rakosliget.hu\/wordpress\/wp-content\/uploads\/2024\/12\/1912_03_10_-6-oldal-uszo-szovetseg-felvetel.jpg 940w\" sizes=\"auto, (max-width: 863px) 100vw, 863px\" \/><figcaption class=\"wp-element-caption\">Nemzeti Sport 1912. m\u00e1rcius 10. 6. oldal<\/figcaption><\/figure>\n\n\n\n<figure class=\"wp-block-image size-full\"><img loading=\"lazy\" decoding=\"async\" width=\"861\" height=\"949\" src=\"https:\/\/rakosliget.hu\/wordpress\/wp-content\/uploads\/2024\/12\/1912_07_28_-8_9-oldal-uszas.jpg\" alt=\"\" class=\"wp-image-13909\" srcset=\"https:\/\/rakosliget.hu\/wordpress\/wp-content\/uploads\/2024\/12\/1912_07_28_-8_9-oldal-uszas.jpg 861w, https:\/\/rakosliget.hu\/wordpress\/wp-content\/uploads\/2024\/12\/1912_07_28_-8_9-oldal-uszas-272x300.jpg 272w, https:\/\/rakosliget.hu\/wordpress\/wp-content\/uploads\/2024\/12\/1912_07_28_-8_9-oldal-uszas-768x846.jpg 768w\" sizes=\"auto, (max-width: 861px) 100vw, 861px\" \/><figcaption class=\"wp-element-caption\">Nemzeti Sport 1912. j\u00falius 28. 9. oldal<\/figcaption><\/figure>\n\n\n<div class=\"wp-block-image\">\n<figure class=\"aligncenter size-large is-resized\"><img loading=\"lazy\" decoding=\"async\" width=\"352\" height=\"1024\" src=\"https:\/\/rakosliget.hu\/wordpress\/wp-content\/uploads\/2024\/12\/1912_08_18_-7_uszas-352x1024.jpg\" alt=\"\" class=\"wp-image-13911\" style=\"width:355px;height:auto\" srcset=\"https:\/\/rakosliget.hu\/wordpress\/wp-content\/uploads\/2024\/12\/1912_08_18_-7_uszas-352x1024.jpg 352w, https:\/\/rakosliget.hu\/wordpress\/wp-content\/uploads\/2024\/12\/1912_08_18_-7_uszas-103x300.jpg 103w, https:\/\/rakosliget.hu\/wordpress\/wp-content\/uploads\/2024\/12\/1912_08_18_-7_uszas-768x2232.jpg 768w, https:\/\/rakosliget.hu\/wordpress\/wp-content\/uploads\/2024\/12\/1912_08_18_-7_uszas-705x2048.jpg 705w, https:\/\/rakosliget.hu\/wordpress\/wp-content\/uploads\/2024\/12\/1912_08_18_-7_uszas-scaled.jpg 881w\" sizes=\"auto, (max-width: 352px) 100vw, 352px\" \/><figcaption class=\"wp-element-caption\">Nemzeti Sport 1912. augusztus 18. 7. oldal<\/figcaption><\/figure>\n<\/div>\n\n\n<figure class=\"wp-block-image size-full\"><img loading=\"lazy\" decoding=\"async\" width=\"892\" height=\"748\" src=\"https:\/\/rakosliget.hu\/wordpress\/wp-content\/uploads\/2024\/12\/1912_08_25_-11-oldal-uszas.jpg\" alt=\"\" class=\"wp-image-13912\" srcset=\"https:\/\/rakosliget.hu\/wordpress\/wp-content\/uploads\/2024\/12\/1912_08_25_-11-oldal-uszas.jpg 892w, https:\/\/rakosliget.hu\/wordpress\/wp-content\/uploads\/2024\/12\/1912_08_25_-11-oldal-uszas-300x252.jpg 300w, https:\/\/rakosliget.hu\/wordpress\/wp-content\/uploads\/2024\/12\/1912_08_25_-11-oldal-uszas-768x644.jpg 768w\" sizes=\"auto, (max-width: 892px) 100vw, 892px\" \/><figcaption class=\"wp-element-caption\">Nemzeti Sport 1912. augusztus 25. 11. oldal<\/figcaption><\/figure>\n\n\n<div class=\"wp-block-image\">\n<figure class=\"aligncenter size-large\"><a href=\"http:\/\/rakosliget.hu\/wordpress\/wp-content\/uploads\/2022\/01\/RUE-tagjai-1912.jpg\"><img loading=\"lazy\" decoding=\"async\" width=\"1024\" height=\"761\" src=\"https:\/\/rakosliget.hu\/wordpress\/wp-content\/uploads\/2022\/01\/RUE-tagjai-1912-1024x761.jpg\" alt=\"\" class=\"wp-image-9874\" srcset=\"https:\/\/rakosliget.hu\/wordpress\/wp-content\/uploads\/2022\/01\/RUE-tagjai-1912-1024x761.jpg 1024w, https:\/\/rakosliget.hu\/wordpress\/wp-content\/uploads\/2022\/01\/RUE-tagjai-1912-300x223.jpg 300w, https:\/\/rakosliget.hu\/wordpress\/wp-content\/uploads\/2022\/01\/RUE-tagjai-1912-768x571.jpg 768w, https:\/\/rakosliget.hu\/wordpress\/wp-content\/uploads\/2022\/01\/RUE-tagjai-1912.jpg 1512w\" sizes=\"auto, (max-width: 1024px) 100vw, 1024px\" \/><\/a><figcaption class=\"wp-element-caption\">Nemzeti Sport 1912. okt\u00f3ber 6. 6. oldal<\/figcaption><\/figure>\n<\/div>\n\n\n<p class=\"has-text-align-center\">Balr\u00f3l jobbra a fels\u0151 sor: Bir\u00f3 Ferenc, Altdorfer Istv\u00e1n, Kondorossy Emil, Mahr K\u00e1roly, Hackenberger B\u00e9ni, R\u00e9vay Gyula, Altdorfer B\u00e9la <br>K\u00f6z\u00e9p: R\u00e9vay Albin, Sebes J, Bir\u00f3 Jen\u0151 <br>Alul a k\u00e9t ifj\u00fas\u00e1gi \u00fasz\u00f3: Klampfer K\u00e1roly, Ruby Frigyes<\/p>\n\n\n\n<figure class=\"wp-block-image size-large\"><a href=\"http:\/\/rakosliget.hu\/wordpress\/wp-content\/uploads\/2022\/01\/RUE-megalakulasa_1024.jpg\"><img loading=\"lazy\" decoding=\"async\" width=\"1024\" height=\"700\" src=\"https:\/\/rakosliget.hu\/wordpress\/wp-content\/uploads\/2022\/01\/RUE-megalakulasa_1024-1024x700.jpg\" alt=\"\" class=\"wp-image-9877\" srcset=\"https:\/\/rakosliget.hu\/wordpress\/wp-content\/uploads\/2022\/01\/RUE-megalakulasa_1024-1024x700.jpg 1024w, https:\/\/rakosliget.hu\/wordpress\/wp-content\/uploads\/2022\/01\/RUE-megalakulasa_1024-300x205.jpg 300w, https:\/\/rakosliget.hu\/wordpress\/wp-content\/uploads\/2022\/01\/RUE-megalakulasa_1024-768x525.jpg 768w, https:\/\/rakosliget.hu\/wordpress\/wp-content\/uploads\/2022\/01\/RUE-megalakulasa_1024-1536x1050.jpg 1536w, https:\/\/rakosliget.hu\/wordpress\/wp-content\/uploads\/2022\/01\/RUE-megalakulasa_1024.jpg 1800w\" sizes=\"auto, (max-width: 1024px) 100vw, 1024px\" \/><\/a><figcaption class=\"wp-element-caption\"> Nemzeti Sport 1912. okt\u00f3ber 6. 6. oldal <\/figcaption><\/figure>\n\n\n\n<figure class=\"wp-block-image size-full\"><img loading=\"lazy\" decoding=\"async\" width=\"940\" height=\"184\" src=\"https:\/\/rakosliget.hu\/wordpress\/wp-content\/uploads\/2024\/12\/1912_10_13_6-oldal-uszas.jpg\" alt=\"\" class=\"wp-image-13914\" srcset=\"https:\/\/rakosliget.hu\/wordpress\/wp-content\/uploads\/2024\/12\/1912_10_13_6-oldal-uszas.jpg 940w, https:\/\/rakosliget.hu\/wordpress\/wp-content\/uploads\/2024\/12\/1912_10_13_6-oldal-uszas-300x59.jpg 300w, https:\/\/rakosliget.hu\/wordpress\/wp-content\/uploads\/2024\/12\/1912_10_13_6-oldal-uszas-768x150.jpg 768w\" sizes=\"auto, (max-width: 940px) 100vw, 940px\" \/><figcaption class=\"wp-element-caption\">Nemzeti Sport 1912. okt\u00f3ber 13. 6. oldal <\/figcaption><\/figure>\n\n\n\n<p><a href=\"https:\/\/rakosliget.hu\/wordpress\/index.php\/rakosligeti-uszo-egylet-rue\/\">Vissza az \u00dasz\u00e1s lapra<\/a><\/p>\n","protected":false},"excerpt":{"rendered":"<p>Vissza az \u00dasz\u00e1s lapra Balr\u00f3l jobbra a fels\u0151 sor: Bir\u00f3 Ferenc, Altdorfer Istv\u00e1n, Kondorossy Emil, Mahr K\u00e1roly, Hackenberger B\u00e9ni, R\u00e9vay Gyula, Altdorfer B\u00e9la K\u00f6z\u00e9p: R\u00e9vay Albin, Sebes J, Bir\u00f3 Jen\u0151 Alul a k\u00e9t ifj\u00fas\u00e1gi \u00fasz\u00f3: Klampfer K\u00e1roly, Ruby Frigyes Vissza az \u00dasz\u00e1s lapra<\/p>\n","protected":false},"author":1,"featured_media":0,"parent":0,"menu_order":0,"comment_status":"closed","ping_status":"closed","template":"","meta":{"footnotes":""},"class_list":["post-14596","page","type-page","status-publish","hentry"],"_links":{"self":[{"href":"https:\/\/rakosliget.hu\/wordpress\/index.php\/wp-json\/wp\/v2\/pages\/14596","targetHints":{"allow":["GET"]}}],"collection":[{"href":"https:\/\/rakosliget.hu\/wordpress\/index.php\/wp-json\/wp\/v2\/pages"}],"about":[{"href":"https:\/\/rakosliget.hu\/wordpress\/index.php\/wp-json\/wp\/v2\/types\/page"}],"author":[{"embeddable":true,"href":"https:\/\/rakosliget.hu\/wordpress\/index.php\/wp-json\/wp\/v2\/users\/1"}],"replies":[{"embeddable":true,"href":"https:\/\/rakosliget.hu\/wordpress\/index.php\/wp-json\/wp\/v2\/comments?post=14596"}],"version-history":[{"count":2,"href":"https:\/\/rakosliget.hu\/wordpress\/index.php\/wp-json\/wp\/v2\/pages\/14596\/revisions"}],"predecessor-version":[{"id":14599,"href":"https:\/\/rakosliget.hu\/wordpress\/index.php\/wp-json\/wp\/v2\/pages\/14596\/revisions\/14599"}],"wp:attachment":[{"href":"https:\/\/rakosliget.hu\/wordpress\/index.php\/wp-json\/wp\/v2\/media?parent=14596"}],"curies":[{"name":"wp","href":"https:\/\/api.w.org\/{rel}","templated":true}]}}