{"id":14369,"date":"2025-01-02T13:05:53","date_gmt":"2025-01-02T12:05:53","guid":{"rendered":"https:\/\/rakosliget.hu\/wordpress\/?page_id=14369"},"modified":"2025-01-02T13:05:53","modified_gmt":"2025-01-02T12:05:53","slug":"rac-1923","status":"publish","type":"page","link":"https:\/\/rakosliget.hu\/wordpress\/index.php\/rac-1923\/","title":{"rendered":"RAC 1923"},"content":{"rendered":"\n<p><a href=\"https:\/\/rakosliget.hu\/wordpress\/index.php\/rakosligeti-move-foci\/\">Vissza a Foci lapra<\/a><\/p>\n\n\n\n<figure class=\"wp-block-image size-full\"><img loading=\"lazy\" decoding=\"async\" width=\"707\" height=\"370\" src=\"https:\/\/rakosliget.hu\/wordpress\/wp-content\/uploads\/2024\/12\/1923_01_22_-1-oldal-foci.jpg\" alt=\"\" class=\"wp-image-14026\" srcset=\"https:\/\/rakosliget.hu\/wordpress\/wp-content\/uploads\/2024\/12\/1923_01_22_-1-oldal-foci.jpg 707w, https:\/\/rakosliget.hu\/wordpress\/wp-content\/uploads\/2024\/12\/1923_01_22_-1-oldal-foci-300x157.jpg 300w\" sizes=\"auto, (max-width: 707px) 100vw, 707px\" \/><figcaption class=\"wp-element-caption\">Nemzeti Sport 1923. 01. 22. 1 oldal <\/figcaption><\/figure>\n\n\n\n<figure class=\"wp-block-image size-full\"><img loading=\"lazy\" decoding=\"async\" width=\"664\" height=\"157\" src=\"https:\/\/rakosliget.hu\/wordpress\/wp-content\/uploads\/2024\/12\/1923_02_10_-4-oldal-RAC-foci.jpg\" alt=\"\" class=\"wp-image-14029\" srcset=\"https:\/\/rakosliget.hu\/wordpress\/wp-content\/uploads\/2024\/12\/1923_02_10_-4-oldal-RAC-foci.jpg 664w, https:\/\/rakosliget.hu\/wordpress\/wp-content\/uploads\/2024\/12\/1923_02_10_-4-oldal-RAC-foci-300x71.jpg 300w\" sizes=\"auto, (max-width: 664px) 100vw, 664px\" \/><figcaption class=\"wp-element-caption\">Nemzeti Sport 1923. 02. 10.  4 oldal RAC <\/figcaption><\/figure>\n\n\n\n<figure class=\"wp-block-image size-large\"><img loading=\"lazy\" decoding=\"async\" width=\"1024\" height=\"699\" src=\"https:\/\/rakosliget.hu\/wordpress\/wp-content\/uploads\/2024\/12\/1923_02_19_-4-oldal-foci-1024x699.jpg\" alt=\"\" class=\"wp-image-14031\" srcset=\"https:\/\/rakosliget.hu\/wordpress\/wp-content\/uploads\/2024\/12\/1923_02_19_-4-oldal-foci-1024x699.jpg 1024w, https:\/\/rakosliget.hu\/wordpress\/wp-content\/uploads\/2024\/12\/1923_02_19_-4-oldal-foci-300x205.jpg 300w, https:\/\/rakosliget.hu\/wordpress\/wp-content\/uploads\/2024\/12\/1923_02_19_-4-oldal-foci-768x524.jpg 768w, https:\/\/rakosliget.hu\/wordpress\/wp-content\/uploads\/2024\/12\/1923_02_19_-4-oldal-foci-1536x1049.jpg 1536w, https:\/\/rakosliget.hu\/wordpress\/wp-content\/uploads\/2024\/12\/1923_02_19_-4-oldal-foci-2048x1398.jpg 2048w\" sizes=\"auto, (max-width: 1024px) 100vw, 1024px\" \/><figcaption class=\"wp-element-caption\">Nemzeti Sport 1923. 02. 19. 4 oldal <\/figcaption><\/figure>\n\n\n\n<p class=\"has-text-align-center\">T\u00f6r\u00f6k Tivadar a k\u00e9s\u0151bbi v\u00e1logatott j\u00e1t\u00e9kos.<\/p>\n\n\n<div class=\"wp-block-image\">\n<figure class=\"aligncenter size-large\"><img loading=\"lazy\" decoding=\"async\" width=\"403\" height=\"1024\" src=\"https:\/\/rakosliget.hu\/wordpress\/wp-content\/uploads\/2024\/12\/1923_02_28_-1-oldal-foci-403x1024.jpg\" alt=\"\" class=\"wp-image-14033\" srcset=\"https:\/\/rakosliget.hu\/wordpress\/wp-content\/uploads\/2024\/12\/1923_02_28_-1-oldal-foci-403x1024.jpg 403w, https:\/\/rakosliget.hu\/wordpress\/wp-content\/uploads\/2024\/12\/1923_02_28_-1-oldal-foci-118x300.jpg 118w, https:\/\/rakosliget.hu\/wordpress\/wp-content\/uploads\/2024\/12\/1923_02_28_-1-oldal-foci-605x1536.jpg 605w, https:\/\/rakosliget.hu\/wordpress\/wp-content\/uploads\/2024\/12\/1923_02_28_-1-oldal-foci.jpg 713w\" sizes=\"auto, (max-width: 403px) 100vw, 403px\" \/><figcaption class=\"wp-element-caption\">Nemzeti Sport 1923. 02. 28. 1. oldal <\/figcaption><\/figure>\n<\/div>\n\n\n<figure class=\"wp-block-image size-full\"><img loading=\"lazy\" decoding=\"async\" width=\"700\" height=\"517\" src=\"https:\/\/rakosliget.hu\/wordpress\/wp-content\/uploads\/2024\/12\/1923_03_03_4-oldal-foci.jpg\" alt=\"\" class=\"wp-image-14036\" srcset=\"https:\/\/rakosliget.hu\/wordpress\/wp-content\/uploads\/2024\/12\/1923_03_03_4-oldal-foci.jpg 700w, https:\/\/rakosliget.hu\/wordpress\/wp-content\/uploads\/2024\/12\/1923_03_03_4-oldal-foci-300x222.jpg 300w\" sizes=\"auto, (max-width: 700px) 100vw, 700px\" \/><figcaption class=\"wp-element-caption\">Nemzeti Sport 1923. 03. 03. 4. oldal <\/figcaption><\/figure>\n\n\n\n<figure class=\"wp-block-image size-full\"><img loading=\"lazy\" decoding=\"async\" width=\"705\" height=\"182\" src=\"https:\/\/rakosliget.hu\/wordpress\/wp-content\/uploads\/2024\/12\/1923_03_07_-2-oldal-foci.jpg\" alt=\"\" class=\"wp-image-14038\" srcset=\"https:\/\/rakosliget.hu\/wordpress\/wp-content\/uploads\/2024\/12\/1923_03_07_-2-oldal-foci.jpg 705w, https:\/\/rakosliget.hu\/wordpress\/wp-content\/uploads\/2024\/12\/1923_03_07_-2-oldal-foci-300x77.jpg 300w\" sizes=\"auto, (max-width: 705px) 100vw, 705px\" \/><figcaption class=\"wp-element-caption\">Nemzeti Sport 1923. 03. 07.  2. oldal <\/figcaption><\/figure>\n\n\n\n<figure class=\"wp-block-image size-full\"><img loading=\"lazy\" decoding=\"async\" width=\"677\" height=\"427\" src=\"https:\/\/rakosliget.hu\/wordpress\/wp-content\/uploads\/2024\/12\/1923_03_17_5-oldal-foci.jpg\" alt=\"\" class=\"wp-image-14040\" srcset=\"https:\/\/rakosliget.hu\/wordpress\/wp-content\/uploads\/2024\/12\/1923_03_17_5-oldal-foci.jpg 677w, https:\/\/rakosliget.hu\/wordpress\/wp-content\/uploads\/2024\/12\/1923_03_17_5-oldal-foci-300x189.jpg 300w\" sizes=\"auto, (max-width: 677px) 100vw, 677px\" \/><figcaption class=\"wp-element-caption\">Nemzeti Sport 1923. 03. 17. 5. oldal <\/figcaption><\/figure>\n\n\n\n<figure class=\"wp-block-image size-full\"><img loading=\"lazy\" decoding=\"async\" width=\"689\" height=\"341\" src=\"https:\/\/rakosliget.hu\/wordpress\/wp-content\/uploads\/2024\/12\/1923_03_28_-3-oldal-foci.jpg\" alt=\"\" class=\"wp-image-14042\" srcset=\"https:\/\/rakosliget.hu\/wordpress\/wp-content\/uploads\/2024\/12\/1923_03_28_-3-oldal-foci.jpg 689w, https:\/\/rakosliget.hu\/wordpress\/wp-content\/uploads\/2024\/12\/1923_03_28_-3-oldal-foci-300x148.jpg 300w\" sizes=\"auto, (max-width: 689px) 100vw, 689px\" \/><figcaption class=\"wp-element-caption\">Nemzeti Sport 1923. 03. 28. 3. oldal<\/figcaption><\/figure>\n\n\n\n<figure class=\"wp-block-image size-full\"><img loading=\"lazy\" decoding=\"async\" width=\"678\" height=\"456\" src=\"https:\/\/rakosliget.hu\/wordpress\/wp-content\/uploads\/2024\/12\/1923_04_01_6-oldal-foci.jpg\" alt=\"\" class=\"wp-image-14044\" srcset=\"https:\/\/rakosliget.hu\/wordpress\/wp-content\/uploads\/2024\/12\/1923_04_01_6-oldal-foci.jpg 678w, https:\/\/rakosliget.hu\/wordpress\/wp-content\/uploads\/2024\/12\/1923_04_01_6-oldal-foci-300x202.jpg 300w, https:\/\/rakosliget.hu\/wordpress\/wp-content\/uploads\/2024\/12\/1923_04_01_6-oldal-foci-272x182.jpg 272w\" sizes=\"auto, (max-width: 678px) 100vw, 678px\" \/><figcaption class=\"wp-element-caption\">Nemzeti Sport 1923. 04. 01. 6. oldal <\/figcaption><\/figure>\n\n\n\n<figure class=\"wp-block-image size-full\"><img loading=\"lazy\" decoding=\"async\" width=\"676\" height=\"525\" src=\"https:\/\/rakosliget.hu\/wordpress\/wp-content\/uploads\/2024\/12\/1923_04_14_-2-oldal-foci.jpg\" alt=\"\" class=\"wp-image-14046\" srcset=\"https:\/\/rakosliget.hu\/wordpress\/wp-content\/uploads\/2024\/12\/1923_04_14_-2-oldal-foci.jpg 676w, https:\/\/rakosliget.hu\/wordpress\/wp-content\/uploads\/2024\/12\/1923_04_14_-2-oldal-foci-300x233.jpg 300w\" sizes=\"auto, (max-width: 676px) 100vw, 676px\" \/><figcaption class=\"wp-element-caption\">Nemzeti Sport 1923. 04. 14. 2. oldal<\/figcaption><\/figure>\n\n\n\n<figure class=\"wp-block-image size-full\"><img loading=\"lazy\" decoding=\"async\" width=\"684\" height=\"790\" src=\"https:\/\/rakosliget.hu\/wordpress\/wp-content\/uploads\/2024\/12\/1923_04_16_4-oldal-foci.jpg\" alt=\"\" class=\"wp-image-14048\" srcset=\"https:\/\/rakosliget.hu\/wordpress\/wp-content\/uploads\/2024\/12\/1923_04_16_4-oldal-foci.jpg 684w, https:\/\/rakosliget.hu\/wordpress\/wp-content\/uploads\/2024\/12\/1923_04_16_4-oldal-foci-260x300.jpg 260w\" sizes=\"auto, (max-width: 684px) 100vw, 684px\" \/><figcaption class=\"wp-element-caption\">Nemzeti Sport 1923. 04. 16. 4. oldal<\/figcaption><\/figure>\n\n\n\n<figure class=\"wp-block-image size-full\"><img loading=\"lazy\" decoding=\"async\" width=\"697\" height=\"588\" src=\"https:\/\/rakosliget.hu\/wordpress\/wp-content\/uploads\/2024\/12\/1923_04_28_4-oldal-foci.jpg\" alt=\"\" class=\"wp-image-14050\" srcset=\"https:\/\/rakosliget.hu\/wordpress\/wp-content\/uploads\/2024\/12\/1923_04_28_4-oldal-foci.jpg 697w, https:\/\/rakosliget.hu\/wordpress\/wp-content\/uploads\/2024\/12\/1923_04_28_4-oldal-foci-300x253.jpg 300w\" sizes=\"auto, (max-width: 697px) 100vw, 697px\" \/><figcaption class=\"wp-element-caption\">Nemzeti Sport 1923. 04. 28. 4. oldal <\/figcaption><\/figure>\n\n\n\n<p class=\"has-text-align-center\">K\u00fcrschner Istv\u00e1n hal\u00e1la:<\/p>\n\n\n\n<figure class=\"wp-block-image size-full\"><img loading=\"lazy\" decoding=\"async\" width=\"683\" height=\"178\" src=\"https:\/\/rakosliget.hu\/wordpress\/wp-content\/uploads\/2024\/12\/1923_04_30_6-oldal-foci.jpg\" alt=\"\" class=\"wp-image-14052\" srcset=\"https:\/\/rakosliget.hu\/wordpress\/wp-content\/uploads\/2024\/12\/1923_04_30_6-oldal-foci.jpg 683w, https:\/\/rakosliget.hu\/wordpress\/wp-content\/uploads\/2024\/12\/1923_04_30_6-oldal-foci-300x78.jpg 300w\" sizes=\"auto, (max-width: 683px) 100vw, 683px\" \/><figcaption class=\"wp-element-caption\">Nemzeti Sport 1923. 04. 30. 6. oldal <\/figcaption><\/figure>\n\n\n\n<figure class=\"wp-block-image size-full\"><img loading=\"lazy\" decoding=\"async\" width=\"712\" height=\"244\" src=\"https:\/\/rakosliget.hu\/wordpress\/wp-content\/uploads\/2024\/12\/1923_05_05_-5-oldal-foci.jpg\" alt=\"\" class=\"wp-image-14054\" srcset=\"https:\/\/rakosliget.hu\/wordpress\/wp-content\/uploads\/2024\/12\/1923_05_05_-5-oldal-foci.jpg 712w, https:\/\/rakosliget.hu\/wordpress\/wp-content\/uploads\/2024\/12\/1923_05_05_-5-oldal-foci-300x103.jpg 300w\" sizes=\"auto, (max-width: 712px) 100vw, 712px\" \/><figcaption class=\"wp-element-caption\">Nemzeti Sport 1923. 05. 05. 5. oldal <\/figcaption><\/figure>\n\n\n\n<figure class=\"wp-block-image size-full\"><img loading=\"lazy\" decoding=\"async\" width=\"715\" height=\"262\" src=\"https:\/\/rakosliget.hu\/wordpress\/wp-content\/uploads\/2024\/12\/1923_05_22_-5-oldal-foci.jpg\" alt=\"\" class=\"wp-image-14056\" srcset=\"https:\/\/rakosliget.hu\/wordpress\/wp-content\/uploads\/2024\/12\/1923_05_22_-5-oldal-foci.jpg 715w, https:\/\/rakosliget.hu\/wordpress\/wp-content\/uploads\/2024\/12\/1923_05_22_-5-oldal-foci-300x110.jpg 300w\" sizes=\"auto, (max-width: 715px) 100vw, 715px\" \/><figcaption class=\"wp-element-caption\">Nemzeti Sport 1923. 05. 22. 5. oldal <\/figcaption><\/figure>\n\n\n\n<figure class=\"wp-block-image size-full\"><img loading=\"lazy\" decoding=\"async\" width=\"682\" height=\"471\" src=\"https:\/\/rakosliget.hu\/wordpress\/wp-content\/uploads\/2024\/12\/1923_05_27_2-oldal-foci.jpg\" alt=\"\" class=\"wp-image-14058\" srcset=\"https:\/\/rakosliget.hu\/wordpress\/wp-content\/uploads\/2024\/12\/1923_05_27_2-oldal-foci.jpg 682w, https:\/\/rakosliget.hu\/wordpress\/wp-content\/uploads\/2024\/12\/1923_05_27_2-oldal-foci-300x207.jpg 300w\" sizes=\"auto, (max-width: 682px) 100vw, 682px\" \/><figcaption class=\"wp-element-caption\">Nemzeti Sport 1923. 05. 27. 2. oldal <\/figcaption><\/figure>\n\n\n\n<figure class=\"wp-block-image size-full\"><img loading=\"lazy\" decoding=\"async\" width=\"701\" height=\"854\" src=\"https:\/\/rakosliget.hu\/wordpress\/wp-content\/uploads\/2024\/12\/1923_06_-11_-4-oldal-foci.jpg\" alt=\"\" class=\"wp-image-14060\" srcset=\"https:\/\/rakosliget.hu\/wordpress\/wp-content\/uploads\/2024\/12\/1923_06_-11_-4-oldal-foci.jpg 701w, https:\/\/rakosliget.hu\/wordpress\/wp-content\/uploads\/2024\/12\/1923_06_-11_-4-oldal-foci-246x300.jpg 246w\" sizes=\"auto, (max-width: 701px) 100vw, 701px\" \/><figcaption class=\"wp-element-caption\">Nemzeti Sport 1923. 06. 11.  4. oldal <\/figcaption><\/figure>\n\n\n\n<figure class=\"wp-block-image size-full\"><img loading=\"lazy\" decoding=\"async\" width=\"735\" height=\"112\" src=\"https:\/\/rakosliget.hu\/wordpress\/wp-content\/uploads\/2024\/12\/1923_06_24_-2-oldal-foci.jpg\" alt=\"\" class=\"wp-image-14062\" srcset=\"https:\/\/rakosliget.hu\/wordpress\/wp-content\/uploads\/2024\/12\/1923_06_24_-2-oldal-foci.jpg 735w, https:\/\/rakosliget.hu\/wordpress\/wp-content\/uploads\/2024\/12\/1923_06_24_-2-oldal-foci-300x46.jpg 300w\" sizes=\"auto, (max-width: 735px) 100vw, 735px\" \/><figcaption class=\"wp-element-caption\">Nemzeti Sport 1923. 06. 24. 2. oldal <\/figcaption><\/figure>\n\n\n\n<figure class=\"wp-block-image size-full\"><img loading=\"lazy\" decoding=\"async\" width=\"687\" height=\"337\" src=\"https:\/\/rakosliget.hu\/wordpress\/wp-content\/uploads\/2024\/12\/1923_07_24_-1-oldal-foci.jpg\" alt=\"\" class=\"wp-image-14064\" srcset=\"https:\/\/rakosliget.hu\/wordpress\/wp-content\/uploads\/2024\/12\/1923_07_24_-1-oldal-foci.jpg 687w, https:\/\/rakosliget.hu\/wordpress\/wp-content\/uploads\/2024\/12\/1923_07_24_-1-oldal-foci-300x147.jpg 300w\" sizes=\"auto, (max-width: 687px) 100vw, 687px\" \/><figcaption class=\"wp-element-caption\">Nemzeti Sport 1923. 07. 24. 1. oldal <\/figcaption><\/figure>\n\n\n\n<figure class=\"wp-block-image size-full\"><img loading=\"lazy\" decoding=\"async\" width=\"678\" height=\"250\" src=\"https:\/\/rakosliget.hu\/wordpress\/wp-content\/uploads\/2024\/12\/1923_08_07_2-oldal-foci.jpg\" alt=\"\" class=\"wp-image-14066\" srcset=\"https:\/\/rakosliget.hu\/wordpress\/wp-content\/uploads\/2024\/12\/1923_08_07_2-oldal-foci.jpg 678w, https:\/\/rakosliget.hu\/wordpress\/wp-content\/uploads\/2024\/12\/1923_08_07_2-oldal-foci-300x111.jpg 300w\" sizes=\"auto, (max-width: 678px) 100vw, 678px\" \/><figcaption class=\"wp-element-caption\">Nemzeti Sport 1923. 08. 07. 2. oldal <\/figcaption><\/figure>\n\n\n\n<figure class=\"wp-block-image size-full\"><img loading=\"lazy\" decoding=\"async\" width=\"678\" height=\"250\" src=\"https:\/\/rakosliget.hu\/wordpress\/wp-content\/uploads\/2024\/12\/1923_08_07_2-oldal-foci-1.jpg\" alt=\"\" class=\"wp-image-14081\" srcset=\"https:\/\/rakosliget.hu\/wordpress\/wp-content\/uploads\/2024\/12\/1923_08_07_2-oldal-foci-1.jpg 678w, https:\/\/rakosliget.hu\/wordpress\/wp-content\/uploads\/2024\/12\/1923_08_07_2-oldal-foci-1-300x111.jpg 300w\" sizes=\"auto, (max-width: 678px) 100vw, 678px\" \/><figcaption class=\"wp-element-caption\">Nemzeti Sport 1923. 08. 07. 2. oldal <\/figcaption><\/figure>\n\n\n<div class=\"wp-block-image\">\n<figure class=\"aligncenter size-large\"><img loading=\"lazy\" decoding=\"async\" width=\"532\" height=\"1024\" src=\"https:\/\/rakosliget.hu\/wordpress\/wp-content\/uploads\/2024\/12\/1923_08_12_-1-oldal-foci-532x1024.jpg\" alt=\"\" class=\"wp-image-14083\" srcset=\"https:\/\/rakosliget.hu\/wordpress\/wp-content\/uploads\/2024\/12\/1923_08_12_-1-oldal-foci-532x1024.jpg 532w, https:\/\/rakosliget.hu\/wordpress\/wp-content\/uploads\/2024\/12\/1923_08_12_-1-oldal-foci-156x300.jpg 156w, https:\/\/rakosliget.hu\/wordpress\/wp-content\/uploads\/2024\/12\/1923_08_12_-1-oldal-foci.jpg 722w\" sizes=\"auto, (max-width: 532px) 100vw, 532px\" \/><figcaption class=\"wp-element-caption\">Nemzeti Sport 1923. 08. 12. 1. oldal <\/figcaption><\/figure>\n<\/div>\n\n\n<figure class=\"wp-block-image size-full\"><img loading=\"lazy\" decoding=\"async\" width=\"685\" height=\"271\" src=\"https:\/\/rakosliget.hu\/wordpress\/wp-content\/uploads\/2024\/12\/1923_08_12_2-oldal-foci.jpg\" alt=\"\" class=\"wp-image-14085\" srcset=\"https:\/\/rakosliget.hu\/wordpress\/wp-content\/uploads\/2024\/12\/1923_08_12_2-oldal-foci.jpg 685w, https:\/\/rakosliget.hu\/wordpress\/wp-content\/uploads\/2024\/12\/1923_08_12_2-oldal-foci-300x119.jpg 300w\" sizes=\"auto, (max-width: 685px) 100vw, 685px\" \/><figcaption class=\"wp-element-caption\">Nemzeti Sport 1923. 08. 12_2. oldal <\/figcaption><\/figure>\n\n\n\n<figure class=\"wp-block-image size-full\"><img loading=\"lazy\" decoding=\"async\" width=\"679\" height=\"264\" src=\"https:\/\/rakosliget.hu\/wordpress\/wp-content\/uploads\/2024\/12\/1923_08_13_-3-oldal-foci.jpg\" alt=\"\" class=\"wp-image-14086\" srcset=\"https:\/\/rakosliget.hu\/wordpress\/wp-content\/uploads\/2024\/12\/1923_08_13_-3-oldal-foci.jpg 679w, https:\/\/rakosliget.hu\/wordpress\/wp-content\/uploads\/2024\/12\/1923_08_13_-3-oldal-foci-300x117.jpg 300w\" sizes=\"auto, (max-width: 679px) 100vw, 679px\" \/><figcaption class=\"wp-element-caption\">Nemzeti Sport 1923. 08. 13. 3. oldal <\/figcaption><\/figure>\n\n\n\n<figure class=\"wp-block-image size-full\"><img loading=\"lazy\" decoding=\"async\" width=\"705\" height=\"97\" src=\"https:\/\/rakosliget.hu\/wordpress\/wp-content\/uploads\/2024\/12\/1923_08_29_2-oldal-foci.jpg\" alt=\"\" class=\"wp-image-14088\" srcset=\"https:\/\/rakosliget.hu\/wordpress\/wp-content\/uploads\/2024\/12\/1923_08_29_2-oldal-foci.jpg 705w, https:\/\/rakosliget.hu\/wordpress\/wp-content\/uploads\/2024\/12\/1923_08_29_2-oldal-foci-300x41.jpg 300w\" sizes=\"auto, (max-width: 705px) 100vw, 705px\" \/><figcaption class=\"wp-element-caption\">Nemzeti Sport 1923. 08. 29. 2. oldal <\/figcaption><\/figure>\n\n\n\n<figure class=\"wp-block-image size-full\"><img loading=\"lazy\" decoding=\"async\" width=\"742\" height=\"558\" src=\"https:\/\/rakosliget.hu\/wordpress\/wp-content\/uploads\/2024\/12\/1923_09_16_-2-oldal-foci.jpg\" alt=\"\" class=\"wp-image-14090\" srcset=\"https:\/\/rakosliget.hu\/wordpress\/wp-content\/uploads\/2024\/12\/1923_09_16_-2-oldal-foci.jpg 742w, https:\/\/rakosliget.hu\/wordpress\/wp-content\/uploads\/2024\/12\/1923_09_16_-2-oldal-foci-300x226.jpg 300w\" sizes=\"auto, (max-width: 742px) 100vw, 742px\" \/><figcaption class=\"wp-element-caption\">Nemzeti Sport 1923. 09. 16.  2. oldal <\/figcaption><\/figure>\n\n\n\n<figure class=\"wp-block-image size-full\"><img loading=\"lazy\" decoding=\"async\" width=\"713\" height=\"1004\" src=\"https:\/\/rakosliget.hu\/wordpress\/wp-content\/uploads\/2024\/12\/1923_09_18_2-oldlal-foci.jpg\" alt=\"\" class=\"wp-image-14092\" srcset=\"https:\/\/rakosliget.hu\/wordpress\/wp-content\/uploads\/2024\/12\/1923_09_18_2-oldlal-foci.jpg 713w, https:\/\/rakosliget.hu\/wordpress\/wp-content\/uploads\/2024\/12\/1923_09_18_2-oldlal-foci-213x300.jpg 213w\" sizes=\"auto, (max-width: 713px) 100vw, 713px\" \/><figcaption class=\"wp-element-caption\">Nemzeti Sport 1923. 09. 18. 2. oldal <\/figcaption><\/figure>\n\n\n\n<figure class=\"wp-block-image size-full\"><img loading=\"lazy\" decoding=\"async\" width=\"692\" height=\"449\" src=\"https:\/\/rakosliget.hu\/wordpress\/wp-content\/uploads\/2024\/12\/1923_10_17_2-oldal-foci.jpg\" alt=\"\" class=\"wp-image-14094\" srcset=\"https:\/\/rakosliget.hu\/wordpress\/wp-content\/uploads\/2024\/12\/1923_10_17_2-oldal-foci.jpg 692w, https:\/\/rakosliget.hu\/wordpress\/wp-content\/uploads\/2024\/12\/1923_10_17_2-oldal-foci-300x195.jpg 300w\" sizes=\"auto, (max-width: 692px) 100vw, 692px\" \/><figcaption class=\"wp-element-caption\">Nemzeti Sport 1923. 10. 17. 2. oldal <\/figcaption><\/figure>\n\n\n\n<figure class=\"wp-block-image size-full\"><img loading=\"lazy\" decoding=\"async\" width=\"671\" height=\"613\" src=\"https:\/\/rakosliget.hu\/wordpress\/wp-content\/uploads\/2024\/12\/1923_10_20_2-oldal-foci.jpg\" alt=\"\" class=\"wp-image-14096\" srcset=\"https:\/\/rakosliget.hu\/wordpress\/wp-content\/uploads\/2024\/12\/1923_10_20_2-oldal-foci.jpg 671w, https:\/\/rakosliget.hu\/wordpress\/wp-content\/uploads\/2024\/12\/1923_10_20_2-oldal-foci-300x274.jpg 300w\" sizes=\"auto, (max-width: 671px) 100vw, 671px\" \/><figcaption class=\"wp-element-caption\">Nemzeti Sport 1923. 10. 20. 2. oldal <\/figcaption><\/figure>\n\n\n\n<figure class=\"wp-block-image size-full\"><img loading=\"lazy\" decoding=\"async\" width=\"680\" height=\"123\" src=\"https:\/\/rakosliget.hu\/wordpress\/wp-content\/uploads\/2024\/12\/192304_23_-5-oldal-foci.jpg\" alt=\"\" class=\"wp-image-14098\" srcset=\"https:\/\/rakosliget.hu\/wordpress\/wp-content\/uploads\/2024\/12\/192304_23_-5-oldal-foci.jpg 680w, https:\/\/rakosliget.hu\/wordpress\/wp-content\/uploads\/2024\/12\/192304_23_-5-oldal-foci-300x54.jpg 300w\" sizes=\"auto, (max-width: 680px) 100vw, 680px\" \/><figcaption class=\"wp-element-caption\">Nemzeti Sport 1923. 04. 23. 5. oldal <\/figcaption><\/figure>\n\n\n\n<p><a href=\"https:\/\/rakosliget.hu\/wordpress\/index.php\/rakosligeti-move-foci\/\">Vissza a Foci lapra<\/a><\/p>\n","protected":false},"excerpt":{"rendered":"<p>Vissza a Foci lapra T\u00f6r\u00f6k Tivadar a k\u00e9s\u0151bbi v\u00e1logatott j\u00e1t\u00e9kos. K\u00fcrschner Istv\u00e1n hal\u00e1la: Vissza a Foci lapra<\/p>\n","protected":false},"author":1,"featured_media":0,"parent":0,"menu_order":0,"comment_status":"closed","ping_status":"closed","template":"","meta":{"footnotes":""},"class_list":["post-14369","page","type-page","status-publish","hentry"],"_links":{"self":[{"href":"https:\/\/rakosliget.hu\/wordpress\/index.php\/wp-json\/wp\/v2\/pages\/14369","targetHints":{"allow":["GET"]}}],"collection":[{"href":"https:\/\/rakosliget.hu\/wordpress\/index.php\/wp-json\/wp\/v2\/pages"}],"about":[{"href":"https:\/\/rakosliget.hu\/wordpress\/index.php\/wp-json\/wp\/v2\/types\/page"}],"author":[{"embeddable":true,"href":"https:\/\/rakosliget.hu\/wordpress\/index.php\/wp-json\/wp\/v2\/users\/1"}],"replies":[{"embeddable":true,"href":"https:\/\/rakosliget.hu\/wordpress\/index.php\/wp-json\/wp\/v2\/comments?post=14369"}],"version-history":[{"count":2,"href":"https:\/\/rakosliget.hu\/wordpress\/index.php\/wp-json\/wp\/v2\/pages\/14369\/revisions"}],"predecessor-version":[{"id":14371,"href":"https:\/\/rakosliget.hu\/wordpress\/index.php\/wp-json\/wp\/v2\/pages\/14369\/revisions\/14371"}],"wp:attachment":[{"href":"https:\/\/rakosliget.hu\/wordpress\/index.php\/wp-json\/wp\/v2\/media?parent=14369"}],"curies":[{"name":"wp","href":"https:\/\/api.w.org\/{rel}","templated":true}]}}