{"id":14349,"date":"2025-01-02T12:56:14","date_gmt":"2025-01-02T11:56:14","guid":{"rendered":"https:\/\/rakosliget.hu\/wordpress\/?page_id=14349"},"modified":"2025-01-02T12:56:14","modified_gmt":"2025-01-02T11:56:14","slug":"rac-1914","status":"publish","type":"page","link":"https:\/\/rakosliget.hu\/wordpress\/index.php\/rac-1914\/","title":{"rendered":"RAC 1914"},"content":{"rendered":"\n<p><a href=\"https:\/\/rakosliget.hu\/wordpress\/index.php\/rakosligeti-move-foci\/\">Vissza a Foci lapra<\/a><\/p>\n\n\n<div class=\"wp-block-image\">\n<figure class=\"aligncenter size-large\"><img loading=\"lazy\" decoding=\"async\" width=\"540\" height=\"776\" src=\"http:\/\/rakosliget.hu\/wordpress\/wp-content\/uploads\/2020\/01\/1912-tavasz-sorsolas.jpg\" alt=\"\" class=\"wp-image-4034\" srcset=\"https:\/\/rakosliget.hu\/wordpress\/wp-content\/uploads\/2020\/01\/1912-tavasz-sorsolas.jpg 540w, https:\/\/rakosliget.hu\/wordpress\/wp-content\/uploads\/2020\/01\/1912-tavasz-sorsolas-209x300.jpg 209w\" sizes=\"auto, (max-width: 540px) 100vw, 540px\" \/><figcaption class=\"wp-element-caption\">V\u00e1ci H\u00edrlap  2. sz\u00e1m 1914. janu\u00e1r 8. 2.oldal <\/figcaption><\/figure>\n<\/div>\n\n<div class=\"wp-block-image\">\n<figure class=\"aligncenter size-large\"><a href=\"http:\/\/rakosliget.hu\/wordpress\/wp-content\/uploads\/2020\/11\/1914-marcius-7-focis.jpg\"><img loading=\"lazy\" decoding=\"async\" width=\"586\" height=\"198\" src=\"http:\/\/rakosliget.hu\/wordpress\/wp-content\/uploads\/2020\/11\/1914-marcius-7-focis.jpg\" alt=\"\" class=\"wp-image-5975\" srcset=\"https:\/\/rakosliget.hu\/wordpress\/wp-content\/uploads\/2020\/11\/1914-marcius-7-focis.jpg 586w, https:\/\/rakosliget.hu\/wordpress\/wp-content\/uploads\/2020\/11\/1914-marcius-7-focis-300x101.jpg 300w\" sizes=\"auto, (max-width: 586px) 100vw, 586px\" \/><\/a><figcaption class=\"wp-element-caption\">1914. m\u00e1rcius 7. Az Ujs\u00e1g<\/figcaption><\/figure>\n<\/div>\n\n<div class=\"wp-block-image\">\n<figure class=\"aligncenter size-large\"><img loading=\"lazy\" decoding=\"async\" width=\"551\" height=\"828\" src=\"http:\/\/rakosliget.hu\/wordpress\/wp-content\/uploads\/2020\/01\/1914-V\u00e1c1.jpg\" alt=\"\" class=\"wp-image-4036\" srcset=\"https:\/\/rakosliget.hu\/wordpress\/wp-content\/uploads\/2020\/01\/1914-V\u00e1c1.jpg 551w, https:\/\/rakosliget.hu\/wordpress\/wp-content\/uploads\/2020\/01\/1914-V\u00e1c1-200x300.jpg 200w\" sizes=\"auto, (max-width: 551px) 100vw, 551px\" \/><figcaption class=\"wp-element-caption\">V\u00e1ci H\u00edrlap  40. sz\u00e1m  1914. m\u00e1jus 27.  3. oldal<\/figcaption><\/figure>\n<\/div>\n\n<div class=\"wp-block-image\">\n<figure class=\"aligncenter size-large\"><img loading=\"lazy\" decoding=\"async\" width=\"420\" height=\"1024\" src=\"http:\/\/rakosliget.hu\/wordpress\/wp-content\/uploads\/2020\/01\/1914-m\u00e1jus-31-420x1024.jpg\" alt=\"\" class=\"wp-image-4039\" srcset=\"https:\/\/rakosliget.hu\/wordpress\/wp-content\/uploads\/2020\/01\/1914-m\u00e1jus-31-420x1024.jpg 420w, https:\/\/rakosliget.hu\/wordpress\/wp-content\/uploads\/2020\/01\/1914-m\u00e1jus-31-123x300.jpg 123w, https:\/\/rakosliget.hu\/wordpress\/wp-content\/uploads\/2020\/01\/1914-m\u00e1jus-31.jpg 537w\" sizes=\"auto, (max-width: 420px) 100vw, 420px\" \/><figcaption class=\"wp-element-caption\">V\u00e1ci H\u00edrlap 41. sz\u00e1m 1914. m\u00e1jus 31. 4. oldal<\/figcaption><\/figure>\n<\/div>\n\n<div class=\"wp-block-image\">\n<figure class=\"aligncenter size-large\"><a href=\"http:\/\/rakosliget.hu\/wordpress\/wp-content\/uploads\/2020\/11\/1914-junius-16-foci.jpg\"><img loading=\"lazy\" decoding=\"async\" width=\"584\" height=\"35\" src=\"http:\/\/rakosliget.hu\/wordpress\/wp-content\/uploads\/2020\/11\/1914-junius-16-foci.jpg\" alt=\"\" class=\"wp-image-5968\" srcset=\"https:\/\/rakosliget.hu\/wordpress\/wp-content\/uploads\/2020\/11\/1914-junius-16-foci.jpg 584w, https:\/\/rakosliget.hu\/wordpress\/wp-content\/uploads\/2020\/11\/1914-junius-16-foci-300x18.jpg 300w\" sizes=\"auto, (max-width: 584px) 100vw, 584px\" \/><\/a><figcaption class=\"wp-element-caption\">1914. j\u00fanius 16. Az Ujs\u00e1g<\/figcaption><\/figure>\n<\/div>\n\n\n<p><a href=\"https:\/\/rakosliget.hu\/wordpress\/index.php\/rakosligeti-move-foci\/\">Vissza a Foci lapra<\/a><\/p>\n","protected":false},"excerpt":{"rendered":"<p>Vissza a Foci lapra Vissza a Foci lapra<\/p>\n","protected":false},"author":1,"featured_media":0,"parent":0,"menu_order":0,"comment_status":"closed","ping_status":"closed","template":"","meta":{"footnotes":""},"class_list":["post-14349","page","type-page","status-publish","hentry"],"_links":{"self":[{"href":"https:\/\/rakosliget.hu\/wordpress\/index.php\/wp-json\/wp\/v2\/pages\/14349","targetHints":{"allow":["GET"]}}],"collection":[{"href":"https:\/\/rakosliget.hu\/wordpress\/index.php\/wp-json\/wp\/v2\/pages"}],"about":[{"href":"https:\/\/rakosliget.hu\/wordpress\/index.php\/wp-json\/wp\/v2\/types\/page"}],"author":[{"embeddable":true,"href":"https:\/\/rakosliget.hu\/wordpress\/index.php\/wp-json\/wp\/v2\/users\/1"}],"replies":[{"embeddable":true,"href":"https:\/\/rakosliget.hu\/wordpress\/index.php\/wp-json\/wp\/v2\/comments?post=14349"}],"version-history":[{"count":2,"href":"https:\/\/rakosliget.hu\/wordpress\/index.php\/wp-json\/wp\/v2\/pages\/14349\/revisions"}],"predecessor-version":[{"id":14351,"href":"https:\/\/rakosliget.hu\/wordpress\/index.php\/wp-json\/wp\/v2\/pages\/14349\/revisions\/14351"}],"wp:attachment":[{"href":"https:\/\/rakosliget.hu\/wordpress\/index.php\/wp-json\/wp\/v2\/media?parent=14349"}],"curies":[{"name":"wp","href":"https:\/\/api.w.org\/{rel}","templated":true}]}}