{"id":14346,"date":"2025-01-02T12:54:03","date_gmt":"2025-01-02T11:54:03","guid":{"rendered":"https:\/\/rakosliget.hu\/wordpress\/?page_id=14346"},"modified":"2025-02-07T20:36:25","modified_gmt":"2025-02-07T19:36:25","slug":"rac-1913","status":"publish","type":"page","link":"https:\/\/rakosliget.hu\/wordpress\/index.php\/rac-1913\/","title":{"rendered":"RAC 1913"},"content":{"rendered":"\n<p><a href=\"https:\/\/rakosliget.hu\/wordpress\/index.php\/rakosligeti-move-foci\/\">Vissza a Foci lapra<\/a><\/p>\n\n\n\n<figure class=\"wp-block-image size-large\"><img loading=\"lazy\" decoding=\"async\" width=\"685\" height=\"541\" src=\"http:\/\/rakosliget.hu\/wordpress\/wp-content\/uploads\/2020\/01\/foci-1913.jpg\" alt=\"\" class=\"wp-image-4228\" srcset=\"https:\/\/rakosliget.hu\/wordpress\/wp-content\/uploads\/2020\/01\/foci-1913.jpg 685w, https:\/\/rakosliget.hu\/wordpress\/wp-content\/uploads\/2020\/01\/foci-1913-300x237.jpg 300w\" sizes=\"auto, (max-width: 685px) 100vw, 685px\" \/><figcaption class=\"wp-element-caption\">R\u00e1kos Vid\u00e9ke  13. sz\u00e1m 1913. m\u00e1rcius 30.<\/figcaption><\/figure>\n\n\n<div class=\"wp-block-image\">\n<figure class=\"aligncenter size-large\"><a href=\"http:\/\/rakosliget.hu\/wordpress\/wp-content\/uploads\/2020\/11\/1913-junius-20-foci.jpg\"><img loading=\"lazy\" decoding=\"async\" width=\"585\" height=\"202\" src=\"http:\/\/rakosliget.hu\/wordpress\/wp-content\/uploads\/2020\/11\/1913-junius-20-foci.jpg\" alt=\"\" class=\"wp-image-5950\" srcset=\"https:\/\/rakosliget.hu\/wordpress\/wp-content\/uploads\/2020\/11\/1913-junius-20-foci.jpg 585w, https:\/\/rakosliget.hu\/wordpress\/wp-content\/uploads\/2020\/11\/1913-junius-20-foci-300x104.jpg 300w\" sizes=\"auto, (max-width: 585px) 100vw, 585px\" \/><\/a><figcaption class=\"wp-element-caption\">1913. j\u00fanius 20. Az Ujs\u00e1g<\/figcaption><\/figure>\n<\/div>\n\n\n<figure class=\"wp-block-image size-full\"><img loading=\"lazy\" decoding=\"async\" width=\"800\" height=\"273\" src=\"https:\/\/rakosliget.hu\/wordpress\/wp-content\/uploads\/2025\/02\/vegeredmeny.jpg\" alt=\"\" class=\"wp-image-16003\" srcset=\"https:\/\/rakosliget.hu\/wordpress\/wp-content\/uploads\/2025\/02\/vegeredmeny.jpg 800w, https:\/\/rakosliget.hu\/wordpress\/wp-content\/uploads\/2025\/02\/vegeredmeny-300x102.jpg 300w, https:\/\/rakosliget.hu\/wordpress\/wp-content\/uploads\/2025\/02\/vegeredmeny-768x262.jpg 768w\" sizes=\"auto, (max-width: 800px) 100vw, 800px\" \/><\/figure>\n\n\n\n<p class=\"has-text-align-center\">Forr\u00e1s: <a href=\"https:\/\/www.magyarfutball.hu\/hu\/bajnoki-vegeredmeny\/5095\">https:\/\/www.magyarfutball.hu\/hu\/bajnoki-vegeredmeny\/5095<\/a><\/p>\n\n\n\n<p><a href=\"https:\/\/rakosliget.hu\/wordpress\/index.php\/rakosligeti-move-foci\/\">Vissza a Foci lapra<\/a><\/p>\n\n\n\n<p><\/p>\n","protected":false},"excerpt":{"rendered":"<p>Vissza a Foci lapra Forr\u00e1s: https:\/\/www.magyarfutball.hu\/hu\/bajnoki-vegeredmeny\/5095 Vissza a Foci lapra<\/p>\n","protected":false},"author":1,"featured_media":0,"parent":0,"menu_order":0,"comment_status":"closed","ping_status":"closed","template":"","meta":{"footnotes":""},"class_list":["post-14346","page","type-page","status-publish","hentry"],"_links":{"self":[{"href":"https:\/\/rakosliget.hu\/wordpress\/index.php\/wp-json\/wp\/v2\/pages\/14346","targetHints":{"allow":["GET"]}}],"collection":[{"href":"https:\/\/rakosliget.hu\/wordpress\/index.php\/wp-json\/wp\/v2\/pages"}],"about":[{"href":"https:\/\/rakosliget.hu\/wordpress\/index.php\/wp-json\/wp\/v2\/types\/page"}],"author":[{"embeddable":true,"href":"https:\/\/rakosliget.hu\/wordpress\/index.php\/wp-json\/wp\/v2\/users\/1"}],"replies":[{"embeddable":true,"href":"https:\/\/rakosliget.hu\/wordpress\/index.php\/wp-json\/wp\/v2\/comments?post=14346"}],"version-history":[{"count":4,"href":"https:\/\/rakosliget.hu\/wordpress\/index.php\/wp-json\/wp\/v2\/pages\/14346\/revisions"}],"predecessor-version":[{"id":16004,"href":"https:\/\/rakosliget.hu\/wordpress\/index.php\/wp-json\/wp\/v2\/pages\/14346\/revisions\/16004"}],"wp:attachment":[{"href":"https:\/\/rakosliget.hu\/wordpress\/index.php\/wp-json\/wp\/v2\/media?parent=14346"}],"curies":[{"name":"wp","href":"https:\/\/api.w.org\/{rel}","templated":true}]}}