{"id":14343,"date":"2025-01-02T12:52:17","date_gmt":"2025-01-02T11:52:17","guid":{"rendered":"https:\/\/rakosliget.hu\/wordpress\/?page_id=14343"},"modified":"2025-01-09T18:35:37","modified_gmt":"2025-01-09T17:35:37","slug":"rakosligeti-atletikai-club-rac-1912","status":"publish","type":"page","link":"https:\/\/rakosliget.hu\/wordpress\/index.php\/rakosligeti-atletikai-club-rac-1912\/","title":{"rendered":"R\u00e1kosligeti Atl\u00e9tikai Club &#8211; RAC 1912"},"content":{"rendered":"\n<p><a href=\"https:\/\/rakosliget.hu\/wordpress\/index.php\/rakosligeti-move-foci\/\">Vissza a Foci lapra<\/a><\/p>\n\n\n\n<figure class=\"wp-block-image size-full\"><img loading=\"lazy\" decoding=\"async\" width=\"853\" height=\"145\" src=\"https:\/\/rakosliget.hu\/wordpress\/wp-content\/uploads\/2024\/12\/1912_09_01_-8-oldal-foci.jpg\" alt=\"\" class=\"wp-image-13893\" srcset=\"https:\/\/rakosliget.hu\/wordpress\/wp-content\/uploads\/2024\/12\/1912_09_01_-8-oldal-foci.jpg 853w, https:\/\/rakosliget.hu\/wordpress\/wp-content\/uploads\/2024\/12\/1912_09_01_-8-oldal-foci-300x51.jpg 300w, https:\/\/rakosliget.hu\/wordpress\/wp-content\/uploads\/2024\/12\/1912_09_01_-8-oldal-foci-768x131.jpg 768w\" sizes=\"auto, (max-width: 853px) 100vw, 853px\" \/><figcaption class=\"wp-element-caption\">Nemzeti Sport 1912. 09. 01. 8. oldal<\/figcaption><\/figure>\n\n\n\n<p class=\"has-text-align-center\">A R\u00e1kosligeti Atl\u00e9tikai Clubot (RAC) az MLSZ felvette tagjai k\u00f6z\u00e9:<\/p>\n\n\n<div class=\"wp-block-image\">\n<figure class=\"aligncenter size-large\"><img loading=\"lazy\" decoding=\"async\" width=\"466\" height=\"1024\" src=\"https:\/\/rakosliget.hu\/wordpress\/wp-content\/uploads\/2024\/12\/1912_09_15_-7-oldal-foci-466x1024.jpg\" alt=\"\" class=\"wp-image-13895\" srcset=\"https:\/\/rakosliget.hu\/wordpress\/wp-content\/uploads\/2024\/12\/1912_09_15_-7-oldal-foci-466x1024.jpg 466w, https:\/\/rakosliget.hu\/wordpress\/wp-content\/uploads\/2024\/12\/1912_09_15_-7-oldal-foci-136x300.jpg 136w, https:\/\/rakosliget.hu\/wordpress\/wp-content\/uploads\/2024\/12\/1912_09_15_-7-oldal-foci-768x1689.jpg 768w, https:\/\/rakosliget.hu\/wordpress\/wp-content\/uploads\/2024\/12\/1912_09_15_-7-oldal-foci-698x1536.jpg 698w, https:\/\/rakosliget.hu\/wordpress\/wp-content\/uploads\/2024\/12\/1912_09_15_-7-oldal-foci.jpg 837w\" sizes=\"auto, (max-width: 466px) 100vw, 466px\" \/><figcaption class=\"wp-element-caption\">Nemzeti Sport 1912. 09. 15. 7. oldal<\/figcaption><\/figure>\n<\/div>\n\n\n<p class=\"has-text-align-center\"><\/p>\n\n\n\n<p>J\u00e1t\u00e9kos igazol\u00e1sok:<\/p>\n\n\n\n<figure class=\"wp-block-image size-full\"><img loading=\"lazy\" decoding=\"async\" width=\"878\" height=\"505\" src=\"https:\/\/rakosliget.hu\/wordpress\/wp-content\/uploads\/2024\/12\/1912_09_22_-7-oldal-foci.jpg\" alt=\"\" class=\"wp-image-13897\" srcset=\"https:\/\/rakosliget.hu\/wordpress\/wp-content\/uploads\/2024\/12\/1912_09_22_-7-oldal-foci.jpg 878w, https:\/\/rakosliget.hu\/wordpress\/wp-content\/uploads\/2024\/12\/1912_09_22_-7-oldal-foci-300x173.jpg 300w, https:\/\/rakosliget.hu\/wordpress\/wp-content\/uploads\/2024\/12\/1912_09_22_-7-oldal-foci-768x442.jpg 768w\" sizes=\"auto, (max-width: 878px) 100vw, 878px\" \/><figcaption class=\"wp-element-caption\">Nemzeti Sport 1912. 09. 22. 7. oldal<\/figcaption><\/figure>\n\n\n\n<p class=\"has-text-align-center\"><\/p>\n\n\n\n<figure class=\"wp-block-image size-large\"><img loading=\"lazy\" decoding=\"async\" width=\"1024\" height=\"600\" src=\"https:\/\/rakosliget.hu\/wordpress\/wp-content\/uploads\/2024\/12\/1912_09_29_5-oldal-foci-1024x600.jpg\" alt=\"\" class=\"wp-image-13898\" srcset=\"https:\/\/rakosliget.hu\/wordpress\/wp-content\/uploads\/2024\/12\/1912_09_29_5-oldal-foci-1024x600.jpg 1024w, https:\/\/rakosliget.hu\/wordpress\/wp-content\/uploads\/2024\/12\/1912_09_29_5-oldal-foci-300x176.jpg 300w, https:\/\/rakosliget.hu\/wordpress\/wp-content\/uploads\/2024\/12\/1912_09_29_5-oldal-foci-768x450.jpg 768w, https:\/\/rakosliget.hu\/wordpress\/wp-content\/uploads\/2024\/12\/1912_09_29_5-oldal-foci-1536x900.jpg 1536w, https:\/\/rakosliget.hu\/wordpress\/wp-content\/uploads\/2024\/12\/1912_09_29_5-oldal-foci.jpg 1728w\" sizes=\"auto, (max-width: 1024px) 100vw, 1024px\" \/><figcaption class=\"wp-element-caption\">Nemzeti Sport 1912. 09. 29. 5. oldal<\/figcaption><\/figure>\n\n\n\n<p class=\"has-text-align-center\"><\/p>\n\n\n\n<p>Okt\u00f3ber 6. R\u00e1kosliget- V\u00e1c m\u00e9rk\u0151z\u00e9s<\/p>\n\n\n<div class=\"wp-block-image\">\n<figure class=\"aligncenter size-large\"><img loading=\"lazy\" decoding=\"async\" width=\"539\" height=\"996\" src=\"http:\/\/rakosliget.hu\/wordpress\/wp-content\/uploads\/2020\/01\/1912-V\u00e1c-Rliget-meccs.jpg\" alt=\"\" class=\"wp-image-4032\" srcset=\"https:\/\/rakosliget.hu\/wordpress\/wp-content\/uploads\/2020\/01\/1912-V\u00e1c-Rliget-meccs.jpg 539w, https:\/\/rakosliget.hu\/wordpress\/wp-content\/uploads\/2020\/01\/1912-V\u00e1c-Rliget-meccs-162x300.jpg 162w\" sizes=\"auto, (max-width: 539px) 100vw, 539px\" \/><figcaption class=\"wp-element-caption\">1912. okt\u00f3ber 6. V\u00e1ci H\u00edrlap <\/figcaption><\/figure>\n<\/div>\n\n<div class=\"wp-block-image\">\n<figure class=\"aligncenter size-large\"><img loading=\"lazy\" decoding=\"async\" width=\"1024\" height=\"706\" src=\"http:\/\/rakosliget.hu\/wordpress\/wp-content\/uploads\/2020\/01\/1912-V\u00e1c--1024x706.jpg\" alt=\"\" class=\"wp-image-4033\" srcset=\"https:\/\/rakosliget.hu\/wordpress\/wp-content\/uploads\/2020\/01\/1912-V\u00e1c--1024x706.jpg 1024w, https:\/\/rakosliget.hu\/wordpress\/wp-content\/uploads\/2020\/01\/1912-V\u00e1c--300x207.jpg 300w, https:\/\/rakosliget.hu\/wordpress\/wp-content\/uploads\/2020\/01\/1912-V\u00e1c--768x530.jpg 768w, https:\/\/rakosliget.hu\/wordpress\/wp-content\/uploads\/2020\/01\/1912-V\u00e1c-.jpg 1076w\" sizes=\"auto, (max-width: 1024px) 100vw, 1024px\" \/><figcaption class=\"wp-element-caption\">Szerkesztett k\u00e9p<\/figcaption><\/figure>\n<\/div>\n\n<div class=\"wp-block-image\">\n<figure class=\"aligncenter size-large\"><a href=\"http:\/\/rakosliget.hu\/wordpress\/wp-content\/uploads\/2020\/11\/1912-oktober-29-foci.jpg\"><img loading=\"lazy\" decoding=\"async\" width=\"586\" height=\"356\" src=\"http:\/\/rakosliget.hu\/wordpress\/wp-content\/uploads\/2020\/11\/1912-oktober-29-foci.jpg\" alt=\"\" class=\"wp-image-5930\" srcset=\"https:\/\/rakosliget.hu\/wordpress\/wp-content\/uploads\/2020\/11\/1912-oktober-29-foci.jpg 586w, https:\/\/rakosliget.hu\/wordpress\/wp-content\/uploads\/2020\/11\/1912-oktober-29-foci-300x182.jpg 300w\" sizes=\"auto, (max-width: 586px) 100vw, 586px\" \/><\/a><figcaption class=\"wp-element-caption\">1912. okt\u00f3ber 29. Az Ujs\u00e1g<\/figcaption><\/figure>\n<\/div>\n\n\n<figure class=\"wp-block-image size-large\"><img loading=\"lazy\" decoding=\"async\" width=\"1024\" height=\"831\" src=\"https:\/\/rakosliget.hu\/wordpress\/wp-content\/uploads\/2024\/12\/1912_10_13_-5-oldal-foci-1024x831.jpg\" alt=\"\" class=\"wp-image-13900\" srcset=\"https:\/\/rakosliget.hu\/wordpress\/wp-content\/uploads\/2024\/12\/1912_10_13_-5-oldal-foci-1024x831.jpg 1024w, https:\/\/rakosliget.hu\/wordpress\/wp-content\/uploads\/2024\/12\/1912_10_13_-5-oldal-foci-300x243.jpg 300w, https:\/\/rakosliget.hu\/wordpress\/wp-content\/uploads\/2024\/12\/1912_10_13_-5-oldal-foci-768x623.jpg 768w, https:\/\/rakosliget.hu\/wordpress\/wp-content\/uploads\/2024\/12\/1912_10_13_-5-oldal-foci-1536x1246.jpg 1536w, https:\/\/rakosliget.hu\/wordpress\/wp-content\/uploads\/2024\/12\/1912_10_13_-5-oldal-foci.jpg 1776w\" sizes=\"auto, (max-width: 1024px) 100vw, 1024px\" \/><figcaption class=\"wp-element-caption\">Nemzeti Sport 1912. 10. 13. 5. oldal<\/figcaption><\/figure>\n\n\n\n<p class=\"has-text-align-center\"><\/p>\n\n\n\n<figure class=\"wp-block-image size-full\"><img loading=\"lazy\" decoding=\"async\" width=\"876\" height=\"200\" src=\"https:\/\/rakosliget.hu\/wordpress\/wp-content\/uploads\/2024\/12\/1912_10_13_6-oldal-foci.jpg\" alt=\"\" class=\"wp-image-13902\" srcset=\"https:\/\/rakosliget.hu\/wordpress\/wp-content\/uploads\/2024\/12\/1912_10_13_6-oldal-foci.jpg 876w, https:\/\/rakosliget.hu\/wordpress\/wp-content\/uploads\/2024\/12\/1912_10_13_6-oldal-foci-300x68.jpg 300w, https:\/\/rakosliget.hu\/wordpress\/wp-content\/uploads\/2024\/12\/1912_10_13_6-oldal-foci-768x175.jpg 768w\" sizes=\"auto, (max-width: 876px) 100vw, 876px\" \/><figcaption class=\"wp-element-caption\">Nemzeti Sport 1912. 10. 13. 6. oldal<\/figcaption><\/figure>\n\n\n\n<p class=\"has-text-align-center\"><\/p>\n\n\n<div class=\"wp-block-image\">\n<figure class=\"aligncenter size-large\"><a href=\"http:\/\/rakosliget.hu\/wordpress\/wp-content\/uploads\/2020\/11\/RAC-foci-1912-november-3.jpg\"><img loading=\"lazy\" decoding=\"async\" width=\"552\" height=\"853\" src=\"http:\/\/rakosliget.hu\/wordpress\/wp-content\/uploads\/2020\/11\/RAC-foci-1912-november-3.jpg\" alt=\"\" class=\"wp-image-5922\" srcset=\"https:\/\/rakosliget.hu\/wordpress\/wp-content\/uploads\/2020\/11\/RAC-foci-1912-november-3.jpg 552w, https:\/\/rakosliget.hu\/wordpress\/wp-content\/uploads\/2020\/11\/RAC-foci-1912-november-3-194x300.jpg 194w\" sizes=\"auto, (max-width: 552px) 100vw, 552px\" \/><\/a><figcaption class=\"wp-element-caption\">Az Ujs\u00e1g 1912. november 3.<\/figcaption><\/figure>\n<\/div>\n\n<div class=\"wp-block-image\">\n<figure class=\"aligncenter size-large\"><a href=\"http:\/\/rakosliget.hu\/wordpress\/wp-content\/uploads\/2020\/11\/RAC-foci-1912-november-7.jpg\"><img loading=\"lazy\" decoding=\"async\" width=\"535\" height=\"1024\" src=\"http:\/\/rakosliget.hu\/wordpress\/wp-content\/uploads\/2020\/11\/RAC-foci-1912-november-7-535x1024.jpg\" alt=\"\" class=\"wp-image-5924\" srcset=\"https:\/\/rakosliget.hu\/wordpress\/wp-content\/uploads\/2020\/11\/RAC-foci-1912-november-7-535x1024.jpg 535w, https:\/\/rakosliget.hu\/wordpress\/wp-content\/uploads\/2020\/11\/RAC-foci-1912-november-7-157x300.jpg 157w, https:\/\/rakosliget.hu\/wordpress\/wp-content\/uploads\/2020\/11\/RAC-foci-1912-november-7.jpg 554w\" sizes=\"auto, (max-width: 535px) 100vw, 535px\" \/><\/a><figcaption class=\"wp-element-caption\">Az ujs\u00e1g. 1912. november 7.<\/figcaption><\/figure>\n<\/div>\n\n\n<figure class=\"wp-block-image size-full\"><img loading=\"lazy\" decoding=\"async\" width=\"889\" height=\"407\" src=\"https:\/\/rakosliget.hu\/wordpress\/wp-content\/uploads\/2024\/12\/1912_11_10_4-oldal-foci.jpg\" alt=\"\" class=\"wp-image-13904\" srcset=\"https:\/\/rakosliget.hu\/wordpress\/wp-content\/uploads\/2024\/12\/1912_11_10_4-oldal-foci.jpg 889w, https:\/\/rakosliget.hu\/wordpress\/wp-content\/uploads\/2024\/12\/1912_11_10_4-oldal-foci-300x137.jpg 300w, https:\/\/rakosliget.hu\/wordpress\/wp-content\/uploads\/2024\/12\/1912_11_10_4-oldal-foci-768x352.jpg 768w\" sizes=\"auto, (max-width: 889px) 100vw, 889px\" \/><figcaption class=\"wp-element-caption\">Nemzeti Sport 19012. 11. 10. 4. oldal<\/figcaption><\/figure>\n\n\n\n<p class=\"has-text-align-left\"><a href=\"https:\/\/rakosliget.hu\/wordpress\/index.php\/rakosligeti-move-foci\/\">Vissza a Foci lapra<\/a><\/p>\n","protected":false},"excerpt":{"rendered":"<p>Vissza a Foci lapra A R\u00e1kosligeti Atl\u00e9tikai Clubot (RAC) az MLSZ felvette tagjai k\u00f6z\u00e9: J\u00e1t\u00e9kos igazol\u00e1sok: Okt\u00f3ber 6. R\u00e1kosliget- V\u00e1c m\u00e9rk\u0151z\u00e9s Vissza a Foci lapra<\/p>\n","protected":false},"author":1,"featured_media":0,"parent":0,"menu_order":0,"comment_status":"closed","ping_status":"closed","template":"","meta":{"footnotes":""},"class_list":["post-14343","page","type-page","status-publish","hentry"],"_links":{"self":[{"href":"https:\/\/rakosliget.hu\/wordpress\/index.php\/wp-json\/wp\/v2\/pages\/14343","targetHints":{"allow":["GET"]}}],"collection":[{"href":"https:\/\/rakosliget.hu\/wordpress\/index.php\/wp-json\/wp\/v2\/pages"}],"about":[{"href":"https:\/\/rakosliget.hu\/wordpress\/index.php\/wp-json\/wp\/v2\/types\/page"}],"author":[{"embeddable":true,"href":"https:\/\/rakosliget.hu\/wordpress\/index.php\/wp-json\/wp\/v2\/users\/1"}],"replies":[{"embeddable":true,"href":"https:\/\/rakosliget.hu\/wordpress\/index.php\/wp-json\/wp\/v2\/comments?post=14343"}],"version-history":[{"count":3,"href":"https:\/\/rakosliget.hu\/wordpress\/index.php\/wp-json\/wp\/v2\/pages\/14343\/revisions"}],"predecessor-version":[{"id":14851,"href":"https:\/\/rakosliget.hu\/wordpress\/index.php\/wp-json\/wp\/v2\/pages\/14343\/revisions\/14851"}],"wp:attachment":[{"href":"https:\/\/rakosliget.hu\/wordpress\/index.php\/wp-json\/wp\/v2\/media?parent=14343"}],"curies":[{"name":"wp","href":"https:\/\/api.w.org\/{rel}","templated":true}]}}