{"id":13800,"date":"2024-12-25T18:12:57","date_gmt":"2024-12-25T17:12:57","guid":{"rendered":"https:\/\/rakosliget.hu\/wordpress\/?page_id=13800"},"modified":"2024-12-25T18:12:57","modified_gmt":"2024-12-25T17:12:57","slug":"hirhozo-2016","status":"publish","type":"page","link":"https:\/\/rakosliget.hu\/wordpress\/index.php\/hirhozo-2016\/","title":{"rendered":"H\u00edrhoz\u00f3 2016"},"content":{"rendered":"\n<h2 class=\"wp-block-heading\">Janu\u00e1r<\/h2>\n\n\n\n<figure class=\"wp-block-image size-large\"><img loading=\"lazy\" decoding=\"async\" width=\"1024\" height=\"559\" src=\"https:\/\/rakosliget.hu\/wordpress\/wp-content\/uploads\/2024\/12\/parragh-1-1024x559.jpg\" alt=\"\" class=\"wp-image-13802\" srcset=\"https:\/\/rakosliget.hu\/wordpress\/wp-content\/uploads\/2024\/12\/parragh-1-1024x559.jpg 1024w, https:\/\/rakosliget.hu\/wordpress\/wp-content\/uploads\/2024\/12\/parragh-1-300x164.jpg 300w, https:\/\/rakosliget.hu\/wordpress\/wp-content\/uploads\/2024\/12\/parragh-1-768x420.jpg 768w, https:\/\/rakosliget.hu\/wordpress\/wp-content\/uploads\/2024\/12\/parragh-1-1536x839.jpg 1536w, https:\/\/rakosliget.hu\/wordpress\/wp-content\/uploads\/2024\/12\/parragh-1-2048x1119.jpg 2048w\" sizes=\"auto, (max-width: 1024px) 100vw, 1024px\" \/><\/figure>\n\n\n\n<figure class=\"wp-block-image size-large\"><img loading=\"lazy\" decoding=\"async\" width=\"1024\" height=\"687\" src=\"https:\/\/rakosliget.hu\/wordpress\/wp-content\/uploads\/2024\/12\/dombovari-nekrolog-1024x687.jpg\" alt=\"\" class=\"wp-image-13803\" srcset=\"https:\/\/rakosliget.hu\/wordpress\/wp-content\/uploads\/2024\/12\/dombovari-nekrolog-1024x687.jpg 1024w, https:\/\/rakosliget.hu\/wordpress\/wp-content\/uploads\/2024\/12\/dombovari-nekrolog-300x201.jpg 300w, https:\/\/rakosliget.hu\/wordpress\/wp-content\/uploads\/2024\/12\/dombovari-nekrolog-768x515.jpg 768w, https:\/\/rakosliget.hu\/wordpress\/wp-content\/uploads\/2024\/12\/dombovari-nekrolog-1536x1031.jpg 1536w, https:\/\/rakosliget.hu\/wordpress\/wp-content\/uploads\/2024\/12\/dombovari-nekrolog-2048x1374.jpg 2048w, https:\/\/rakosliget.hu\/wordpress\/wp-content\/uploads\/2024\/12\/dombovari-nekrolog-272x182.jpg 272w\" sizes=\"auto, (max-width: 1024px) 100vw, 1024px\" \/><\/figure>\n\n\n\n<figure class=\"wp-block-image size-large\"><img loading=\"lazy\" decoding=\"async\" width=\"835\" height=\"1024\" src=\"https:\/\/rakosliget.hu\/wordpress\/wp-content\/uploads\/2024\/12\/domonkos-835x1024.jpg\" alt=\"\" class=\"wp-image-13805\" srcset=\"https:\/\/rakosliget.hu\/wordpress\/wp-content\/uploads\/2024\/12\/domonkos-835x1024.jpg 835w, https:\/\/rakosliget.hu\/wordpress\/wp-content\/uploads\/2024\/12\/domonkos-245x300.jpg 245w, https:\/\/rakosliget.hu\/wordpress\/wp-content\/uploads\/2024\/12\/domonkos-768x942.jpg 768w, https:\/\/rakosliget.hu\/wordpress\/wp-content\/uploads\/2024\/12\/domonkos-1252x1536.jpg 1252w, https:\/\/rakosliget.hu\/wordpress\/wp-content\/uploads\/2024\/12\/domonkos-1670x2048.jpg 1670w\" sizes=\"auto, (max-width: 835px) 100vw, 835px\" \/><\/figure>\n\n\n\n<h2 class=\"wp-block-heading\">\u00c1prilis<\/h2>\n\n\n\n<figure class=\"wp-block-image size-large\"><img loading=\"lazy\" decoding=\"async\" width=\"1024\" height=\"799\" src=\"https:\/\/rakosliget.hu\/wordpress\/wp-content\/uploads\/2024\/12\/melocco-1024x799.jpg\" alt=\"\" class=\"wp-image-13806\" srcset=\"https:\/\/rakosliget.hu\/wordpress\/wp-content\/uploads\/2024\/12\/melocco-1024x799.jpg 1024w, https:\/\/rakosliget.hu\/wordpress\/wp-content\/uploads\/2024\/12\/melocco-300x234.jpg 300w, https:\/\/rakosliget.hu\/wordpress\/wp-content\/uploads\/2024\/12\/melocco-768x599.jpg 768w, https:\/\/rakosliget.hu\/wordpress\/wp-content\/uploads\/2024\/12\/melocco-1536x1198.jpg 1536w, https:\/\/rakosliget.hu\/wordpress\/wp-content\/uploads\/2024\/12\/melocco-2048x1597.jpg 2048w\" sizes=\"auto, (max-width: 1024px) 100vw, 1024px\" \/><\/figure>\n\n\n\n<figure class=\"wp-block-image size-large\"><img loading=\"lazy\" decoding=\"async\" width=\"1024\" height=\"599\" src=\"https:\/\/rakosliget.hu\/wordpress\/wp-content\/uploads\/2024\/12\/radio-maros-1024x599.jpg\" alt=\"\" class=\"wp-image-13807\" srcset=\"https:\/\/rakosliget.hu\/wordpress\/wp-content\/uploads\/2024\/12\/radio-maros-1024x599.jpg 1024w, https:\/\/rakosliget.hu\/wordpress\/wp-content\/uploads\/2024\/12\/radio-maros-300x175.jpg 300w, https:\/\/rakosliget.hu\/wordpress\/wp-content\/uploads\/2024\/12\/radio-maros-768x449.jpg 768w, https:\/\/rakosliget.hu\/wordpress\/wp-content\/uploads\/2024\/12\/radio-maros-1536x898.jpg 1536w, https:\/\/rakosliget.hu\/wordpress\/wp-content\/uploads\/2024\/12\/radio-maros-2048x1198.jpg 2048w\" sizes=\"auto, (max-width: 1024px) 100vw, 1024px\" \/><\/figure>\n\n\n\n<h2 class=\"wp-block-heading\">M\u00e1jus<\/h2>\n\n\n\n<figure class=\"wp-block-image size-large\"><img loading=\"lazy\" decoding=\"async\" width=\"244\" height=\"1024\" src=\"https:\/\/rakosliget.hu\/wordpress\/wp-content\/uploads\/2024\/12\/VIII-2-244x1024.jpg\" alt=\"\" class=\"wp-image-13808\" srcset=\"https:\/\/rakosliget.hu\/wordpress\/wp-content\/uploads\/2024\/12\/VIII-2-244x1024.jpg 244w, https:\/\/rakosliget.hu\/wordpress\/wp-content\/uploads\/2024\/12\/VIII-2-366x1536.jpg 366w, https:\/\/rakosliget.hu\/wordpress\/wp-content\/uploads\/2024\/12\/VIII-2.jpg 443w\" sizes=\"auto, (max-width: 244px) 100vw, 244px\" \/><\/figure>\n\n\n\n<figure class=\"wp-block-image size-large\"><img loading=\"lazy\" decoding=\"async\" width=\"1024\" height=\"687\" src=\"https:\/\/rakosliget.hu\/wordpress\/wp-content\/uploads\/2024\/12\/VIII_1-1024x687.jpg\" alt=\"\" class=\"wp-image-13810\" srcset=\"https:\/\/rakosliget.hu\/wordpress\/wp-content\/uploads\/2024\/12\/VIII_1-1024x687.jpg 1024w, https:\/\/rakosliget.hu\/wordpress\/wp-content\/uploads\/2024\/12\/VIII_1-300x201.jpg 300w, https:\/\/rakosliget.hu\/wordpress\/wp-content\/uploads\/2024\/12\/VIII_1-768x515.jpg 768w, https:\/\/rakosliget.hu\/wordpress\/wp-content\/uploads\/2024\/12\/VIII_1-1536x1031.jpg 1536w, https:\/\/rakosliget.hu\/wordpress\/wp-content\/uploads\/2024\/12\/VIII_1-272x182.jpg 272w, https:\/\/rakosliget.hu\/wordpress\/wp-content\/uploads\/2024\/12\/VIII_1.jpg 1593w\" sizes=\"auto, (max-width: 1024px) 100vw, 1024px\" \/><\/figure>\n\n\n\n<figure class=\"wp-block-image size-full\"><img loading=\"lazy\" decoding=\"async\" width=\"793\" height=\"997\" src=\"https:\/\/rakosliget.hu\/wordpress\/wp-content\/uploads\/2024\/12\/Fold-2.jpg\" alt=\"\" class=\"wp-image-13812\" srcset=\"https:\/\/rakosliget.hu\/wordpress\/wp-content\/uploads\/2024\/12\/Fold-2.jpg 793w, https:\/\/rakosliget.hu\/wordpress\/wp-content\/uploads\/2024\/12\/Fold-2-239x300.jpg 239w, https:\/\/rakosliget.hu\/wordpress\/wp-content\/uploads\/2024\/12\/Fold-2-768x966.jpg 768w\" sizes=\"auto, (max-width: 793px) 100vw, 793px\" \/><\/figure>\n\n\n\n<h2 class=\"wp-block-heading\">J\u00fanius<\/h2>\n\n\n\n<figure class=\"wp-block-image size-large\"><img loading=\"lazy\" decoding=\"async\" width=\"1024\" height=\"911\" src=\"https:\/\/rakosliget.hu\/wordpress\/wp-content\/uploads\/2024\/12\/puky-1024x911.jpg\" alt=\"\" class=\"wp-image-13813\" srcset=\"https:\/\/rakosliget.hu\/wordpress\/wp-content\/uploads\/2024\/12\/puky-1024x911.jpg 1024w, https:\/\/rakosliget.hu\/wordpress\/wp-content\/uploads\/2024\/12\/puky-300x267.jpg 300w, https:\/\/rakosliget.hu\/wordpress\/wp-content\/uploads\/2024\/12\/puky-768x683.jpg 768w, https:\/\/rakosliget.hu\/wordpress\/wp-content\/uploads\/2024\/12\/puky-1536x1366.jpg 1536w, https:\/\/rakosliget.hu\/wordpress\/wp-content\/uploads\/2024\/12\/puky-2048x1822.jpg 2048w\" sizes=\"auto, (max-width: 1024px) 100vw, 1024px\" \/><\/figure>\n\n\n\n<figure class=\"wp-block-image size-large\"><img loading=\"lazy\" decoding=\"async\" width=\"1024\" height=\"603\" src=\"https:\/\/rakosliget.hu\/wordpress\/wp-content\/uploads\/2024\/12\/bordi-1024x603.jpg\" alt=\"\" class=\"wp-image-13814\" srcset=\"https:\/\/rakosliget.hu\/wordpress\/wp-content\/uploads\/2024\/12\/bordi-1024x603.jpg 1024w, https:\/\/rakosliget.hu\/wordpress\/wp-content\/uploads\/2024\/12\/bordi-300x177.jpg 300w, https:\/\/rakosliget.hu\/wordpress\/wp-content\/uploads\/2024\/12\/bordi-768x452.jpg 768w, https:\/\/rakosliget.hu\/wordpress\/wp-content\/uploads\/2024\/12\/bordi-1536x904.jpg 1536w, https:\/\/rakosliget.hu\/wordpress\/wp-content\/uploads\/2024\/12\/bordi-2048x1205.jpg 2048w\" sizes=\"auto, (max-width: 1024px) 100vw, 1024px\" \/><\/figure>\n\n\n\n<figure class=\"wp-block-image size-large\"><img loading=\"lazy\" decoding=\"async\" width=\"841\" height=\"1024\" src=\"https:\/\/rakosliget.hu\/wordpress\/wp-content\/uploads\/2024\/12\/maros-lugossy-841x1024.jpg\" alt=\"\" class=\"wp-image-13815\" srcset=\"https:\/\/rakosliget.hu\/wordpress\/wp-content\/uploads\/2024\/12\/maros-lugossy-841x1024.jpg 841w, https:\/\/rakosliget.hu\/wordpress\/wp-content\/uploads\/2024\/12\/maros-lugossy-246x300.jpg 246w, https:\/\/rakosliget.hu\/wordpress\/wp-content\/uploads\/2024\/12\/maros-lugossy-768x935.jpg 768w, https:\/\/rakosliget.hu\/wordpress\/wp-content\/uploads\/2024\/12\/maros-lugossy-1261x1536.jpg 1261w, https:\/\/rakosliget.hu\/wordpress\/wp-content\/uploads\/2024\/12\/maros-lugossy-1682x2048.jpg 1682w\" sizes=\"auto, (max-width: 841px) 100vw, 841px\" \/><\/figure>\n\n\n\n<figure class=\"wp-block-image size-large\"><img loading=\"lazy\" decoding=\"async\" width=\"1024\" height=\"462\" src=\"https:\/\/rakosliget.hu\/wordpress\/wp-content\/uploads\/2024\/12\/trianon-5-1024x462.jpg\" alt=\"\" class=\"wp-image-13817\" srcset=\"https:\/\/rakosliget.hu\/wordpress\/wp-content\/uploads\/2024\/12\/trianon-5-1024x462.jpg 1024w, https:\/\/rakosliget.hu\/wordpress\/wp-content\/uploads\/2024\/12\/trianon-5-300x135.jpg 300w, https:\/\/rakosliget.hu\/wordpress\/wp-content\/uploads\/2024\/12\/trianon-5-768x346.jpg 768w, https:\/\/rakosliget.hu\/wordpress\/wp-content\/uploads\/2024\/12\/trianon-5-1536x693.jpg 1536w, https:\/\/rakosliget.hu\/wordpress\/wp-content\/uploads\/2024\/12\/trianon-5-2048x923.jpg 2048w\" sizes=\"auto, (max-width: 1024px) 100vw, 1024px\" \/><\/figure>\n\n\n\n<figure class=\"wp-block-image size-large\"><img loading=\"lazy\" decoding=\"async\" width=\"1024\" height=\"595\" src=\"https:\/\/rakosliget.hu\/wordpress\/wp-content\/uploads\/2024\/12\/musical-1024x595.jpg\" alt=\"\" class=\"wp-image-13818\" srcset=\"https:\/\/rakosliget.hu\/wordpress\/wp-content\/uploads\/2024\/12\/musical-1024x595.jpg 1024w, https:\/\/rakosliget.hu\/wordpress\/wp-content\/uploads\/2024\/12\/musical-300x174.jpg 300w, https:\/\/rakosliget.hu\/wordpress\/wp-content\/uploads\/2024\/12\/musical-768x446.jpg 768w, https:\/\/rakosliget.hu\/wordpress\/wp-content\/uploads\/2024\/12\/musical-1536x892.jpg 1536w, https:\/\/rakosliget.hu\/wordpress\/wp-content\/uploads\/2024\/12\/musical-2048x1189.jpg 2048w\" sizes=\"auto, (max-width: 1024px) 100vw, 1024px\" \/><\/figure>\n\n\n\n<h2 class=\"wp-block-heading\">Szeptember<\/h2>\n\n\n\n<figure class=\"wp-block-image size-large\"><img loading=\"lazy\" decoding=\"async\" width=\"863\" height=\"1024\" src=\"https:\/\/rakosliget.hu\/wordpress\/wp-content\/uploads\/2024\/12\/domonkos-dij-863x1024.jpg\" alt=\"\" class=\"wp-image-13819\" srcset=\"https:\/\/rakosliget.hu\/wordpress\/wp-content\/uploads\/2024\/12\/domonkos-dij-863x1024.jpg 863w, https:\/\/rakosliget.hu\/wordpress\/wp-content\/uploads\/2024\/12\/domonkos-dij-253x300.jpg 253w, https:\/\/rakosliget.hu\/wordpress\/wp-content\/uploads\/2024\/12\/domonkos-dij-768x911.jpg 768w, https:\/\/rakosliget.hu\/wordpress\/wp-content\/uploads\/2024\/12\/domonkos-dij-1294x1536.jpg 1294w, https:\/\/rakosliget.hu\/wordpress\/wp-content\/uploads\/2024\/12\/domonkos-dij-1726x2048.jpg 1726w, https:\/\/rakosliget.hu\/wordpress\/wp-content\/uploads\/2024\/12\/domonkos-dij.jpg 1959w\" sizes=\"auto, (max-width: 863px) 100vw, 863px\" \/><\/figure>\n\n\n\n<figure class=\"wp-block-image size-large\"><img loading=\"lazy\" decoding=\"async\" width=\"286\" height=\"1024\" src=\"https:\/\/rakosliget.hu\/wordpress\/wp-content\/uploads\/2024\/12\/szuletesnap-1-286x1024.jpg\" alt=\"\" class=\"wp-image-13820\" srcset=\"https:\/\/rakosliget.hu\/wordpress\/wp-content\/uploads\/2024\/12\/szuletesnap-1-286x1024.jpg 286w, https:\/\/rakosliget.hu\/wordpress\/wp-content\/uploads\/2024\/12\/szuletesnap-1-84x300.jpg 84w\" sizes=\"auto, (max-width: 286px) 100vw, 286px\" \/><\/figure>\n\n\n\n<h2 class=\"wp-block-heading\">Okt\u00f3ber<\/h2>\n\n\n\n<figure class=\"wp-block-image size-large\"><img loading=\"lazy\" decoding=\"async\" width=\"235\" height=\"1024\" src=\"https:\/\/rakosliget.hu\/wordpress\/wp-content\/uploads\/2024\/12\/utcak-1-235x1024.jpg\" alt=\"\" class=\"wp-image-13821\" srcset=\"https:\/\/rakosliget.hu\/wordpress\/wp-content\/uploads\/2024\/12\/utcak-1-235x1024.jpg 235w, https:\/\/rakosliget.hu\/wordpress\/wp-content\/uploads\/2024\/12\/utcak-1-69x300.jpg 69w, https:\/\/rakosliget.hu\/wordpress\/wp-content\/uploads\/2024\/12\/utcak-1-353x1536.jpg 353w\" sizes=\"auto, (max-width: 235px) 100vw, 235px\" \/><\/figure>\n\n\n\n<figure class=\"wp-block-image size-large\"><img loading=\"lazy\" decoding=\"async\" width=\"912\" height=\"1024\" src=\"https:\/\/rakosliget.hu\/wordpress\/wp-content\/uploads\/2024\/12\/bobita-7-912x1024.jpg\" alt=\"\" class=\"wp-image-13822\" srcset=\"https:\/\/rakosliget.hu\/wordpress\/wp-content\/uploads\/2024\/12\/bobita-7-912x1024.jpg 912w, https:\/\/rakosliget.hu\/wordpress\/wp-content\/uploads\/2024\/12\/bobita-7-267x300.jpg 267w, https:\/\/rakosliget.hu\/wordpress\/wp-content\/uploads\/2024\/12\/bobita-7-768x863.jpg 768w, https:\/\/rakosliget.hu\/wordpress\/wp-content\/uploads\/2024\/12\/bobita-7-1368x1536.jpg 1368w, https:\/\/rakosliget.hu\/wordpress\/wp-content\/uploads\/2024\/12\/bobita-7-1824x2048.jpg 1824w, https:\/\/rakosliget.hu\/wordpress\/wp-content\/uploads\/2024\/12\/bobita-7.jpg 1950w\" sizes=\"auto, (max-width: 912px) 100vw, 912px\" \/><\/figure>\n\n\n\n<figure class=\"wp-block-image size-large\"><img loading=\"lazy\" decoding=\"async\" width=\"628\" height=\"1024\" src=\"https:\/\/rakosliget.hu\/wordpress\/wp-content\/uploads\/2024\/12\/56-3-628x1024.jpg\" alt=\"\" class=\"wp-image-13823\" srcset=\"https:\/\/rakosliget.hu\/wordpress\/wp-content\/uploads\/2024\/12\/56-3-628x1024.jpg 628w, https:\/\/rakosliget.hu\/wordpress\/wp-content\/uploads\/2024\/12\/56-3-184x300.jpg 184w, https:\/\/rakosliget.hu\/wordpress\/wp-content\/uploads\/2024\/12\/56-3-768x1253.jpg 768w, https:\/\/rakosliget.hu\/wordpress\/wp-content\/uploads\/2024\/12\/56-3-942x1536.jpg 942w, https:\/\/rakosliget.hu\/wordpress\/wp-content\/uploads\/2024\/12\/56-3-1256x2048.jpg 1256w, https:\/\/rakosliget.hu\/wordpress\/wp-content\/uploads\/2024\/12\/56-3-scaled.jpg 1570w\" sizes=\"auto, (max-width: 628px) 100vw, 628px\" \/><\/figure>\n\n\n\n<figure class=\"wp-block-image size-large\"><img loading=\"lazy\" decoding=\"async\" width=\"1024\" height=\"698\" src=\"https:\/\/rakosliget.hu\/wordpress\/wp-content\/uploads\/2024\/12\/egyhazak-1-1024x698.jpg\" alt=\"\" class=\"wp-image-13824\" srcset=\"https:\/\/rakosliget.hu\/wordpress\/wp-content\/uploads\/2024\/12\/egyhazak-1-1024x698.jpg 1024w, https:\/\/rakosliget.hu\/wordpress\/wp-content\/uploads\/2024\/12\/egyhazak-1-300x204.jpg 300w, https:\/\/rakosliget.hu\/wordpress\/wp-content\/uploads\/2024\/12\/egyhazak-1-768x523.jpg 768w, https:\/\/rakosliget.hu\/wordpress\/wp-content\/uploads\/2024\/12\/egyhazak-1-1536x1046.jpg 1536w, https:\/\/rakosliget.hu\/wordpress\/wp-content\/uploads\/2024\/12\/egyhazak-1-2048x1395.jpg 2048w\" sizes=\"auto, (max-width: 1024px) 100vw, 1024px\" \/><\/figure>\n\n\n\n<figure class=\"wp-block-image size-large\"><img loading=\"lazy\" decoding=\"async\" width=\"843\" height=\"1024\" src=\"https:\/\/rakosliget.hu\/wordpress\/wp-content\/uploads\/2024\/12\/gregorialis-843x1024.jpg\" alt=\"\" class=\"wp-image-13825\" srcset=\"https:\/\/rakosliget.hu\/wordpress\/wp-content\/uploads\/2024\/12\/gregorialis-843x1024.jpg 843w, https:\/\/rakosliget.hu\/wordpress\/wp-content\/uploads\/2024\/12\/gregorialis-247x300.jpg 247w, https:\/\/rakosliget.hu\/wordpress\/wp-content\/uploads\/2024\/12\/gregorialis-768x933.jpg 768w, https:\/\/rakosliget.hu\/wordpress\/wp-content\/uploads\/2024\/12\/gregorialis-1264x1536.jpg 1264w, https:\/\/rakosliget.hu\/wordpress\/wp-content\/uploads\/2024\/12\/gregorialis-1685x2048.jpg 1685w\" sizes=\"auto, (max-width: 843px) 100vw, 843px\" \/><\/figure>\n\n\n\n<h2 class=\"wp-block-heading\">November<\/h2>\n\n\n\n<figure class=\"wp-block-image size-large\"><img loading=\"lazy\" decoding=\"async\" width=\"620\" height=\"1024\" src=\"https:\/\/rakosliget.hu\/wordpress\/wp-content\/uploads\/2024\/12\/kozpont-620x1024.jpg\" alt=\"\" class=\"wp-image-13826\" srcset=\"https:\/\/rakosliget.hu\/wordpress\/wp-content\/uploads\/2024\/12\/kozpont-620x1024.jpg 620w, https:\/\/rakosliget.hu\/wordpress\/wp-content\/uploads\/2024\/12\/kozpont-182x300.jpg 182w, https:\/\/rakosliget.hu\/wordpress\/wp-content\/uploads\/2024\/12\/kozpont.jpg 664w\" sizes=\"auto, (max-width: 620px) 100vw, 620px\" \/><\/figure>\n\n\n\n<p><\/p>\n","protected":false},"excerpt":{"rendered":"<p>Janu\u00e1r \u00c1prilis M\u00e1jus J\u00fanius Szeptember Okt\u00f3ber November<\/p>\n","protected":false},"author":1,"featured_media":0,"parent":0,"menu_order":0,"comment_status":"closed","ping_status":"closed","template":"","meta":{"footnotes":""},"class_list":["post-13800","page","type-page","status-publish","hentry"],"_links":{"self":[{"href":"https:\/\/rakosliget.hu\/wordpress\/index.php\/wp-json\/wp\/v2\/pages\/13800","targetHints":{"allow":["GET"]}}],"collection":[{"href":"https:\/\/rakosliget.hu\/wordpress\/index.php\/wp-json\/wp\/v2\/pages"}],"about":[{"href":"https:\/\/rakosliget.hu\/wordpress\/index.php\/wp-json\/wp\/v2\/types\/page"}],"author":[{"embeddable":true,"href":"https:\/\/rakosliget.hu\/wordpress\/index.php\/wp-json\/wp\/v2\/users\/1"}],"replies":[{"embeddable":true,"href":"https:\/\/rakosliget.hu\/wordpress\/index.php\/wp-json\/wp\/v2\/comments?post=13800"}],"version-history":[{"count":6,"href":"https:\/\/rakosliget.hu\/wordpress\/index.php\/wp-json\/wp\/v2\/pages\/13800\/revisions"}],"predecessor-version":[{"id":13827,"href":"https:\/\/rakosliget.hu\/wordpress\/index.php\/wp-json\/wp\/v2\/pages\/13800\/revisions\/13827"}],"wp:attachment":[{"href":"https:\/\/rakosliget.hu\/wordpress\/index.php\/wp-json\/wp\/v2\/media?parent=13800"}],"curies":[{"name":"wp","href":"https:\/\/api.w.org\/{rel}","templated":true}]}}