{"id":1368,"date":"2018-05-11T04:36:12","date_gmt":"2018-05-11T03:36:12","guid":{"rendered":"http:\/\/rakosliget.hu\/wordpress\/?page_id=1368"},"modified":"2023-04-13T13:41:52","modified_gmt":"2023-04-13T12:41:52","slug":"egyesult-vegyimuvek","status":"publish","type":"page","link":"https:\/\/rakosliget.hu\/wordpress\/index.php\/egyesult-vegyimuvek\/","title":{"rendered":"EGYES\u00dcLT VEGYIM\u0170VEK"},"content":{"rendered":"<div>1941. j\u00fan. 11-\u00e9n a gumiipar nyersanyagsz\u00fcks\u00e9glet\u00e9nek fedez\u00e9s\u00e9re a Ruggyanta\u00e1rugy\u00e1r \u00e9s a P\u00e9ti Nitrog\u00e9nm\u0171vek k\u00f6z\u00f6s v\u00e1llalkoz\u00e1s\u00e1ban (jelent\u0151s \u00e1llami t\u00e1mogat\u00e1ssal) megalakult a Magyar Vegyim\u0171vek Rt, amely \u00e9vi 600 t BUNA\u2013S \u00e9s BUNA\u2013N t\u00edpus\u00fa m\u0171gumi el\u0151\u00e1ll\u00edt\u00e1s\u00e1ra alkalmas ipartelep l\u00e9tes\u00edt\u00e9s\u00e9t hat\u00e1rozta el R\u00e1koskereszt\u00far hat\u00e1r\u00e1ban.<\/div>\n<div><a href=\"http:\/\/rakosliget.hu\/wordpress\/wp-content\/uploads\/2018\/06\/Vegyimuvek-40-_es-\u00e9vek-epites.png\"><img loading=\"lazy\" decoding=\"async\" class=\"wp-image-1394 aligncenter\" src=\"http:\/\/rakosliget.hu\/wordpress\/wp-content\/uploads\/2018\/06\/Vegyimuvek-40-_es-\u00e9vek-epites-300x209.png\" alt=\"\" width=\"304\" height=\"212\" srcset=\"https:\/\/rakosliget.hu\/wordpress\/wp-content\/uploads\/2018\/06\/Vegyimuvek-40-_es-\u00e9vek-epites-300x209.png 300w, https:\/\/rakosliget.hu\/wordpress\/wp-content\/uploads\/2018\/06\/Vegyimuvek-40-_es-\u00e9vek-epites.png 722w\" sizes=\"auto, (max-width: 304px) 100vw, 304px\" \/><\/a><\/div>\n<div>\u00a0<\/div>\n<div><a href=\"http:\/\/rakosliget.hu\/wordpress\/wp-content\/uploads\/2018\/06\/Vegyimuvek-40_es-evek-ep.png\"><img loading=\"lazy\" decoding=\"async\" class=\"wp-image-1395 aligncenter\" src=\"http:\/\/rakosliget.hu\/wordpress\/wp-content\/uploads\/2018\/06\/Vegyimuvek-40_es-evek-ep-300x215.png\" alt=\"\" width=\"308\" height=\"221\" srcset=\"https:\/\/rakosliget.hu\/wordpress\/wp-content\/uploads\/2018\/06\/Vegyimuvek-40_es-evek-ep-300x215.png 300w, https:\/\/rakosliget.hu\/wordpress\/wp-content\/uploads\/2018\/06\/Vegyimuvek-40_es-evek-ep-768x551.png 768w, https:\/\/rakosliget.hu\/wordpress\/wp-content\/uploads\/2018\/06\/Vegyimuvek-40_es-evek-ep.png 841w\" sizes=\"auto, (max-width: 308px) 100vw, 308px\" \/><\/a><\/div>\n<div>\u00a0<\/div>\n<div><a href=\"http:\/\/rakosliget.hu\/wordpress\/wp-content\/uploads\/2018\/06\/Vegyimuvek-epites-40_es-evek.png\"><img loading=\"lazy\" decoding=\"async\" class=\"size-medium wp-image-1397 aligncenter\" src=\"http:\/\/rakosliget.hu\/wordpress\/wp-content\/uploads\/2018\/06\/Vegyimuvek-epites-40_es-evek-300x213.png\" alt=\"\" width=\"300\" height=\"213\" srcset=\"https:\/\/rakosliget.hu\/wordpress\/wp-content\/uploads\/2018\/06\/Vegyimuvek-epites-40_es-evek-300x213.png 300w, https:\/\/rakosliget.hu\/wordpress\/wp-content\/uploads\/2018\/06\/Vegyimuvek-epites-40_es-evek-768x544.png 768w, https:\/\/rakosliget.hu\/wordpress\/wp-content\/uploads\/2018\/06\/Vegyimuvek-epites-40_es-evek.png 844w\" sizes=\"auto, (max-width: 300px) 100vw, 300px\" \/><\/a><\/div>\n<div style=\"text-align: center;\"><em>Forr\u00e1s: Uitz Istv\u00e1n http:\/\/uitz-evm-kepek.hupont.hu\/5\/evm-oskor<\/em><\/div>\n<div>\u00a0<\/div>\n<div>A gy\u00e1r \u00e9p\u00edt\u00e9se 1943-ban fejez\u0151d\u00f6tt be. 1943-44-ben itt mintegy 5 tonna szintetikus kaucsukot \u00e1ll\u00edtottak el\u0151. Ez az \u00fczem az \u2019<span class=\"highlight selected\">Egyes\u00fclt <\/span>Vegyim\u0171vek\u2019 (1992 \u00f3ta \u2019Egyes\u00fclt Vegyim\u0171vek Rt.\u2019) egyik jogel\u0151dje.<\/div>\n<div>A m\u00e1sodik vil\u00e1gh\u00e1bor\u00fa v\u00e9ge fel\u00e9 a gy\u00e1r berendez\u00e9seit a n\u00e9metek leszerelt\u00e9k \u00e9s nyugatra akart\u00e1k sz\u00e1ll\u00edtani, azonban a szerelv\u00e9ny S\u00e1rv\u00e1rn\u00e1l elakadt. A berendez\u00e9seket a nyilasok gy\u00fajtott\u00e1k fel 1945. m\u00e1rcius\u00e1ban.<\/div>\n<div>\u00a0<\/div>\n<div>1956-ban a Magyar Vegyim\u0171vekhez csatolt\u00e1k az Ipari Seg\u00e9danyaggy\u00e1rat. Az \u00edgy l\u00e9trej\u00f6tt Ipari Seg\u00e9danyagok Gy\u00e1r\u00e1nak nev\u00e9t 1957-ben v\u00e1ltoztatt\u00e1k Egyes\u00fclt Vegyim\u0171vekre.<\/div>\n<div><em>Forr\u00e1s:<a href=\"http:\/\/real.mtak.hu\/20628\/1\/kemiai%20kronol.pdf\">http:\/\/real.mtak.hu\/20628\/1\/kemiai%20kronol.pdf<\/a><\/em><\/div>\n<div>\u00a0<\/div>\n<div><a href=\"http:\/\/rakosliget.hu\/wordpress\/wp-content\/uploads\/2018\/06\/Vegyimuvek-bejarat-50_es-evek.png\"><img loading=\"lazy\" decoding=\"async\" class=\"alignnone size-medium wp-image-1396 aligncenter\" src=\"http:\/\/rakosliget.hu\/wordpress\/wp-content\/uploads\/2018\/06\/Vegyimuvek-bejarat-50_es-evek-300x221.png\" alt=\"\" width=\"300\" height=\"221\" srcset=\"https:\/\/rakosliget.hu\/wordpress\/wp-content\/uploads\/2018\/06\/Vegyimuvek-bejarat-50_es-evek-300x221.png 300w, https:\/\/rakosliget.hu\/wordpress\/wp-content\/uploads\/2018\/06\/Vegyimuvek-bejarat-50_es-evek-768x565.png 768w, https:\/\/rakosliget.hu\/wordpress\/wp-content\/uploads\/2018\/06\/Vegyimuvek-bejarat-50_es-evek.png 827w\" sizes=\"auto, (max-width: 300px) 100vw, 300px\" \/><\/a><\/div>\n<div style=\"text-align: center;\"><em>Forr\u00e1s: Uitz Istv\u00e1n http:\/\/uitz-evm-kepek.hupont.hu\/5\/evm-oskor<\/em><\/div>\n<div><span class=\"selected\" data-canvas-width=\"20.917344281994794\"><br \/>&#8216;\u2022\u2022&#8217;\u2022<\/span> <span class=\"selected\" data-canvas-width=\"114.80803434808735\"><br \/>Javaslat <\/span><span class=\"selected\" data-canvas-width=\"24.365660374524335\">a <\/span><span class=\"selected\" data-canvas-width=\"125.95767058882436\">Tisztas\u00e1g <\/span><span class=\"selected\" data-canvas-width=\"153.34199489284998\">Mos\u00f3porgy\u00e1r <\/span><span class=\"selected\" data-canvas-width=\"217.2007059883837\">megsz\u00fcntet\u00e9s\u00e9re. <\/span><span class=\"selected\" data-canvas-width=\"90.35447157019829\">El\u0151ad\u00f3:<\/span> <span class=\"selected\" data-canvas-width=\"12.655561135589826\">J<\/span><span class=\"selected\" data-canvas-width=\"88.93815261365914\">ochlik <\/span><span class=\"selected\" data-canvas-width=\"75.4393416783497\">Lajos <\/span><span class=\"selected\" data-canvas-width=\"53.095777288203486\">et. <\/span><span class=\"selected\" data-canvas-width=\"126.7838850390547\"><br \/>Cservenka <\/span><span class=\"selected\" data-canvas-width=\"114.3225268876427\">Ferencn\u00e9 <\/span><span class=\"selected\" data-canvas-width=\"141.41043611055483\">elvt\u00e1rsn\u0151. <\/span><span class=\"selected\" data-canvas-width=\"26.30428314640497\"><br \/>A <\/span><span class=\"hit selected\" data-canvas-width=\"50.349678950530745\">XVII<\/span><span class=\"selected\" data-canvas-width=\"89.65023022231124\">.ker-i <\/span><span class=\"selected\" data-canvas-width=\"40.4725833166433\">PB <\/span><span class=\"selected\" data-canvas-width=\"87.1375161726417\">titk\u00e1r <\/span><span class=\"selected\" data-canvas-width=\"37.16772551572202\">ez <\/span><span class=\"selected\" data-canvas-width=\"101.17975475665932\">\u00fcgyben <\/span><span class=\"selected\" data-canvas-width=\"149.6197710294412\">felkeresett <\/span><span class=\"selected\" data-canvas-width=\"38.52884993991588\">\u00e9s <\/span><span class=\"selected\" data-canvas-width=\"151.97575986380932\">elmondotta, <\/span><span class=\"selected\" data-canvas-width=\"63.599773783296605\">hogy <\/span><span class=\"hit selected\" data-canvas-width=\"152.01153409773684\">ker\u00fclet\u00fckben<\/span> <span class=\"selected\" data-canvas-width=\"88.78994507310234\">vannak <\/span><span class=\"selected\" data-canvas-width=\"22.970465251351893\">a <\/span><span class=\"selected\" data-canvas-width=\"102.09114595433608\">Vegyim\u0171<\/span><span class=\"selected\" data-canvas-width=\"55.33933281594233\">vek<\/span><span class=\"selected\" data-canvas-width=\"21.474761566192672\">, <\/span><span class=\"selected\" data-canvas-width=\"113.98181989785702\">melyek a <\/span><span class=\"selected\" data-canvas-width=\"116.04820779090727\">mos\u00f3por <\/span><span class=\"selected\" data-canvas-width=\"124.30694522331268\">gy\u00e1rt\u00e1s\u00e1t <\/span><span class=\"selected\" data-canvas-width=\"52.03617854996996\">meg <\/span><span class=\"selected\" data-canvas-width=\"84.76108491888645\">tudn\u00e1k <\/span><span class=\"selected\" data-canvas-width=\"40.2988227518526\">ol<\/span><span class=\"selected\" data-canvas-width=\"63.823897035850194\">dani,<\/span> <span class=\"selected\" data-canvas-width=\"76.4018389244943\">ehhez <\/span><span class=\"selected\" data-canvas-width=\"23.539445924294014\">5 <\/span><span class=\"selected\" data-canvas-width=\"89.61615952333267\">milli\u00f3 <\/span><span class=\"selected\" data-canvas-width=\"63.18581479070699\">frt. <\/span><span class=\"selected\" data-canvas-width=\"151.7287472962147\">beruh\u00e1z\u00e1sra <\/span><span class=\"selected\" data-canvas-width=\"74.71022872020829\">lenne <\/span><span class=\"selected\" data-canvas-width=\"138.75973573002202\">sz\u00fcks\u00e9g\u00fck. <\/span><span class=\"selected\" data-canvas-width=\"101.17975475665935\">Viszont <\/span><span class=\"selected\" data-canvas-width=\"38.407898958541956\">ha <\/span><span class=\"selected\" data-canvas-width=\"24.365660374524335\">a <\/span><span class=\"selected\" data-canvas-width=\"176.4640747546565\">Mos\u00f3porgy\u00e1rat <\/span><span class=\"selected\" data-canvas-width=\"126.58968205487682\">beolvaszt<\/span><span class=\"selected\" data-canvas-width=\"49.14527974163829\">j\u00e1k <\/span><span class=\"selected\" data-canvas-width=\"24.365660374524335\">a <\/span><span class=\"selected\" data-canvas-width=\"164.36556954736636\">R\u00e1kospalotai <\/span><span class=\"selected\" data-canvas-width=\"229.61606869617464\">N\u00f6v\u00e9nyolajgy\u00e1rba, <\/span><span class=\"selected\" data-canvas-width=\"49.48769026637292\">ott <\/span><span class=\"selected\" data-canvas-width=\"38.75030948327659\">17 <\/span><span class=\"selected\" data-canvas-width=\"90.0301185159223\">milli\u00f3 <\/span><span class=\"selected\" data-canvas-width=\"63.18581479070699\">frt. <\/span><span class=\"selected\" data-canvas-width=\"126.40570028039257\">beruh\u00e1z\u00e1s <\/span><span class=\"selected\" data-canvas-width=\"141.3031134087723\">sz\u00fcks\u00e9ges. <\/span><span class=\"selected\" data-canvas-width=\"233.9379368616063\"><br \/>Hat\u00e1rozat. <\/span><span class=\"selected\" data-canvas-width=\"51.209964099739636\"><br \/>Meg <\/span><span class=\"selected\" data-canvas-width=\"62.7735593330663\">kell <\/span><span class=\"selected\" data-canvas-width=\"89.61615952333267\">n\u00e9zni, <\/span><span class=\"selected\" data-canvas-width=\"90.44237397356301\">hogyan <\/span><span class=\"selected\" data-canvas-width=\"74.7477064890847\">lenne <\/span><span class=\"selected\" data-canvas-width=\"26.430344732625674\">a <\/span><span class=\"selected\" data-canvas-width=\"215.16157465451633\">leggazdas\u00e1gosabb <\/span><span class=\"selected\" data-canvas-width=\"24.777915832165036\">e <\/span><span class=\"selected\" data-canvas-width=\"90.66212998197477\">k\u00e9rd\u00e9s <\/span><span class=\"selected\" data-canvas-width=\"124.30864875826157\">megold\u00e1sa.<\/span><\/div>\n<div>Forr\u00e1s:MSZMP Budapesti V\u00e9grehajt\u00f3 Bizotts\u00e1g\u00e1nak \u00fcl\u00e9sei. <span style=\"font-size: revert;\">1959.05.04.<\/span>\n<p>\u00a0<\/p>\n<div class=\"main-navigation container-fluid bg-sepia py-1  fixed-top\">\n<div class=\"row align-items-center\" role=\"navigation\">\n<div id=\"navbar-col\" class=\"col-4 col-md-2 col-lg-4 order-2 order-md-3\">\n<div class=\"row\">\n<div class=\"col-12 col-lg-8 px-0 px-sm-2\">\u00a0<\/div>\n<\/div>\n<\/div>\n<\/div>\n<\/div>\n<div id=\"page-main-content\" class=\"\">\u00a0<\/div>\n<\/div>\n<div>\u00a0<\/div>\n<div>A v\u00e1llalathoz csatolt\u00e1k 1966-ban a K\u0151b\u00e1nyai M\u0171anyaggy\u00e1r<sup id=\"cite_ref-2\" class=\"reference\"><a href=\"https:\/\/hu.wikipedia.org\/wiki\/Egyes%C3%BClt_Vegyim%C5%B1vek#cite_note-2\">[2]<\/a><\/sup> k\u00e9t telephely\u00e9t is. Az Egyes\u00fclt Vegyim\u0171vek els\u0151sorban h\u00e1ztart\u00e1s-vegyipari term\u00e9kek gy\u00e1rt\u00e1s\u00e1val foglalkozott. Az \u00e1llami v\u00e1llalatot privatiz\u00e1lt\u00e1k. A cseh, majd ism\u00e9t magyar tulajdonba ker\u00fclt t\u00e1rsas\u00e1g, amelynek egy ideig \u00fcgyvezet\u0151je volt Fabriczki Andr\u00e1s, az MSZP egykori p\u00e9nzt\u00e1rnoka is, nagy \u00f6sszeg\u0171 vesztes\u00e9get halmozott fel. 2013-ban m\u00e9g h\u00e1rom m\u0171szakban folyt a termel\u00e9s, decemberben azonban le\u00e1llt a gy\u00e1rtelepen a termel\u0151 tev\u00e9kenys\u00e9g.<\/div>\n<div>\u00a0<\/div>\n<div>\n<div class=\"content-header\">\n<div class=\"lead\"><em>H\u00edr Tv 2014. m\u00e1jus 17., szombat<\/em><\/div>\n<div class=\"lead\">Az Egyes\u00fclt Vegyi M\u0171vek (EVM) t\u00f6bb mint sz\u00e1z dolgoz\u00f3ja v\u00e1rja hi\u00e1ba h\u00f3napok \u00f3ta a fizet\u00e9s\u00e9t. A b\u00e9rgarancia-alapb\u00f3l sem sz\u00e1m\u00edthatnak p\u00e9nzre, mivel a c\u00e9g felsz\u00e1mol\u00e1sa m\u00e9g mindig nem indult el. A szakszervezet cs\u0151db\u0171ntettre gyanakszik, att\u00f3l tartanak, mire a hat\u00f3s\u00e1gok l\u00e9pnek, a c\u00e9g vagyon\u00e1t kimentik. A j\u00f3l ismert term\u00e9kek gy\u00e1rt\u00e1sa k\u00f6zben Szegeden folytat\u00f3dik.<\/div>\n<\/div>\n<div class=\"content hircikk clearfix\">\n<p>A WU2 mellett az Ultra tiszt\u00edt\u00f3szercsal\u00e1dr\u00f3l is ismert c\u00e9g a v\u00e9gnapjait \u00e9li. A cseh, majd ism\u00e9t magyar tulajdonba ker\u00fclt t\u00e1rsas\u00e1g, amelynek egy ideig \u00fcgyvezet\u0151je volt Fabriczki Andr\u00e1s, az MSZP egykori p\u00e1rtp\u00e9nzt\u00e1rnoka is, j\u00f3kora vesztes\u00e9get halmozott fel. Tavaly m\u00e9g h\u00e1rom m\u0171szakban folyt a gy\u00e1rt\u00e1s, decemberben azonban le\u00e1lltak, a termel\u00e9s az\u00f3ta sem indult \u00fajra. \u201e\u00c9n m\u00e1r novemberben l\u00e1ttam, hogy itt v\u00e9ge van mindennek. Mikor arra megyek a vegyigy\u00e1r fel\u00e9, akkor a sz\u00edvem \u00f6sszeszorul. Ott \u00e9ltem le az \u00e9letemet\u201d \u2013 mondta egy volt dolgoz\u00f3.<\/p>\n<p>Moln\u00e1r Mih\u00e1ly 41 \u00e9vet h\u00fazott le a c\u00e9gn\u00e9l. Azok k\u00f6z\u00e9 a szerencs\u00e9sek k\u00f6z\u00e9 tartozik, akiknek siker\u00fclt \u00faj munkahelyet tal\u00e1lni. Mintegy sz\u00e1z koll\u00e9g\u00e1ja viszont h\u00f3napok \u00f3ta nem kap fizet\u00e9st, a b\u00e9rgarancia-alapb\u00f3l is csak akkor jutn\u00e1nak p\u00e9nzhez, ha elindulna a c\u00e9g felsz\u00e1mol\u00e1sa. \u201eA hitelez\u0151knek, akik megpr\u00f3b\u00e1ltak felsz\u00e1mol\u00e1si elj\u00e1r\u00e1st ind\u00edtani az EVM ellen, a felsz\u00e1mol\u00e1skezdem\u00e9nyez\u00e9s\u00e9t a b\u00edr\u00f3s\u00e1g folyamatosan elutas\u00edtja. Milyen okkal? A mi tudom\u00e1sunk szerint az okot abban \u00e1llap\u00edtj\u00e1k meg, hogy nem alapos a kereset\u201d \u2013 mondta Sz\u00e9kely Tam\u00e1s, a Vegyipari Dolgoz\u00f3k Szakszervezet\u00e9nek eln\u00f6ke.<\/p>\n<div class=\"cikkblock\" align=\"center\">\n<div class=\"htmlkod max-width-none\"><img loading=\"lazy\" decoding=\"async\" class=\"alignnone size-full wp-image-1374\" src=\"http:\/\/rakosliget.hu\/wordpress\/wp-content\/uploads\/2018\/05\/logo_.png\" alt=\"\" width=\"87\" height=\"119\" \/><img loading=\"lazy\" decoding=\"async\" class=\"alignnone size-medium wp-image-1375\" src=\"http:\/\/rakosliget.hu\/wordpress\/wp-content\/uploads\/2018\/05\/logo-uj-300x109.jpg\" alt=\"\" width=\"300\" height=\"109\" srcset=\"https:\/\/rakosliget.hu\/wordpress\/wp-content\/uploads\/2018\/05\/logo-uj-300x109.jpg 300w, https:\/\/rakosliget.hu\/wordpress\/wp-content\/uploads\/2018\/05\/logo-uj.jpg 471w\" sizes=\"auto, (max-width: 300px) 100vw, 300px\" \/><\/div>\n<\/div>\n<p>A szakszervezet rend\u0151rs\u00e9gi feljelent\u00e9st is tett, cs\u0151db\u0171ntettre gyanakodnak \u00e9s att\u00f3l tartanak, hogy mire a hat\u00f3s\u00e1gok int\u00e9zkedni kezdenek, a c\u00e9g m\u00e9g megmaradt vagyon\u00e1t is kimenthetik. A legend\u00e1s sampon \u00e9s a tiszt\u00edt\u00f3szerek gy\u00e1rt\u00e1sa k\u00f6zben folytat\u00f3dik egy szegedi kozmetikai c\u00e9gn\u00e9l, b\u00e9rgy\u00e1rt\u00e1sban. \u201eAz Egyes\u00fclt Vegyi M\u0171vekkel kezdt\u00fck meg a t\u00e1rgyal\u00e1st. Az EVM menedzsmentje megtette az \u00f3vint\u00e9zked\u00e9seket, l\u00e1tva a c\u00e9g gazdas\u00e1gi helyzet\u00e9t, hogy a term\u00e9kgy\u00e1rt\u00e1s folyamatos legyen\u201d \u2013 k\u00f6z\u00f6lte Barta Attila, a Florin Zrt. igazgat\u00f3s\u00e1gi eln\u00f6ke.<\/p>\n<p>Barta Attila azt mondja, a gy\u00e1rt\u00e1s folytat\u00e1sa az eg\u00e9sz ipar\u00e1gnak fontos \u00e9s munkahelyeket tartott meg, hiszen a besz\u00e1ll\u00edt\u00f3i k\u00f6r nem v\u00e1ltozott.<\/p>\n<p><a href=\"http:\/\/rakosliget.hu\/wordpress\/wp-content\/uploads\/2018\/05\/Screenshot-2018-5-11-IparvasutakA-s-mozdonyok.png\"><img loading=\"lazy\" decoding=\"async\" class=\"alignnone size-full wp-image-1371\" src=\"http:\/\/rakosliget.hu\/wordpress\/wp-content\/uploads\/2018\/05\/Screenshot-2018-5-11-IparvasutakA-s-mozdonyok.png\" alt=\"\" width=\"200\" height=\"150\" \/><\/a><\/p>\n<p>Az EVM iparvas\u00fat mozdonya<\/p>\n<p>Forr\u00e1s:<a href=\"http:\/\/forum.index.hu\/Article\/showArticle?na_start=5170&amp;na_step=30&amp;t=9116019&amp;na_order=\">http:\/\/forum.index.hu\/Article\/showArticle?na_start=5170&amp;na_step=30&amp;t=9116019&amp;na_order=<\/a><\/p>\n<p><a href=\"https:\/\/hirtv.hu\/hirtv_gazdasagi_hirei\/evm-szaz-dolgozo-varja-hiaba-honapok-ota-a-fizeteset-1227060\">Forr\u00e1s.<\/a><\/p>\n<\/div>\n<p>Aj\u00e1nlott oldal: <a href=\"http:\/\/uitz-evm-kepek.hupont.hu\/5\/evm-oskor\">http:\/\/uitz-evm-kepek.hupont.hu\/5\/evm-oskor<\/a><\/p>\n<footer class=\"entry-footer\"><span class=\"edit-link\"><a class=\"post-edit-link\" href=\"http:\/\/rakosliget.hu\/wordpress\/wp-admin\/post.php?post=1368&amp;action=edit\">Szerkeszt\u00e9s<\/a><\/span><\/footer><\/div>\n\n\n<p><\/p>\n","protected":false},"excerpt":{"rendered":"<p>1941. j\u00fan. 11-\u00e9n a gumiipar nyersanyagsz\u00fcks\u00e9glet\u00e9nek fedez\u00e9s\u00e9re a Ruggyanta\u00e1rugy\u00e1r \u00e9s a P\u00e9ti Nitrog\u00e9nm\u0171vek k\u00f6z\u00f6s v\u00e1llalkoz\u00e1s\u00e1ban (jelent\u0151s \u00e1llami t\u00e1mogat\u00e1ssal) megalakult a Magyar Vegyim\u0171vek Rt, amely \u00e9vi 600 t BUNA\u2013S \u00e9s BUNA\u2013N t\u00edpus\u00fa m\u0171gumi el\u0151\u00e1ll\u00edt\u00e1s\u00e1ra alkalmas ipartelep l\u00e9tes\u00edt\u00e9s\u00e9t hat\u00e1rozta el R\u00e1koskereszt\u00far hat\u00e1r\u00e1ban. \u00a0 \u00a0 Forr\u00e1s: Uitz Istv\u00e1n http:\/\/uitz-evm-kepek.hupont.hu\/5\/evm-oskor \u00a0 A gy\u00e1r \u00e9p\u00edt\u00e9se 1943-ban fejez\u0151d\u00f6tt be. 1943-44-ben itt &hellip; <a href=\"https:\/\/rakosliget.hu\/wordpress\/index.php\/egyesult-vegyimuvek\/\" class=\"more-link\"><span class=\"screen-reader-text\">EGYES\u00dcLT VEGYIM\u0170VEK<\/span> r\u00e9szletei&#8230;<\/a><\/p>\n","protected":false},"author":1,"featured_media":0,"parent":0,"menu_order":0,"comment_status":"closed","ping_status":"closed","template":"","meta":{"footnotes":""},"class_list":["post-1368","page","type-page","status-publish","hentry"],"_links":{"self":[{"href":"https:\/\/rakosliget.hu\/wordpress\/index.php\/wp-json\/wp\/v2\/pages\/1368","targetHints":{"allow":["GET"]}}],"collection":[{"href":"https:\/\/rakosliget.hu\/wordpress\/index.php\/wp-json\/wp\/v2\/pages"}],"about":[{"href":"https:\/\/rakosliget.hu\/wordpress\/index.php\/wp-json\/wp\/v2\/types\/page"}],"author":[{"embeddable":true,"href":"https:\/\/rakosliget.hu\/wordpress\/index.php\/wp-json\/wp\/v2\/users\/1"}],"replies":[{"embeddable":true,"href":"https:\/\/rakosliget.hu\/wordpress\/index.php\/wp-json\/wp\/v2\/comments?post=1368"}],"version-history":[{"count":20,"href":"https:\/\/rakosliget.hu\/wordpress\/index.php\/wp-json\/wp\/v2\/pages\/1368\/revisions"}],"predecessor-version":[{"id":11586,"href":"https:\/\/rakosliget.hu\/wordpress\/index.php\/wp-json\/wp\/v2\/pages\/1368\/revisions\/11586"}],"wp:attachment":[{"href":"https:\/\/rakosliget.hu\/wordpress\/index.php\/wp-json\/wp\/v2\/media?parent=1368"}],"curies":[{"name":"wp","href":"https:\/\/api.w.org\/{rel}","templated":true}]}}