{"id":1354,"date":"2018-04-14T04:59:08","date_gmt":"2018-04-14T03:59:08","guid":{"rendered":"http:\/\/rakosliget.hu\/wordpress\/?page_id=1354"},"modified":"2018-12-03T15:29:01","modified_gmt":"2018-12-03T14:29:01","slug":"eltunt-epuletek","status":"publish","type":"page","link":"https:\/\/rakosliget.hu\/wordpress\/index.php\/eltunt-epuletek\/","title":{"rendered":"ELT\u0170NT \u00c9P\u00dcLETEK"},"content":{"rendered":"<p>A telep\u00fcl\u00e9sr\u00e9sz fejl\u0151d\u00e9s\u00e9nek szerves r\u00e9sz\u00e9t k\u00e9pezi az a t\u00e9ny, hogy a r\u00e9gi \u00e9p\u00fcletek elt\u0171nnek, hogy helyet adjanak az \u00fajaknak. Ez az oldal a r\u00e9gi \u00e9p\u00fcletekre eml\u00e9kezik.<\/p>\n<figure style=\"width: 500px\" class=\"wp-caption alignnone\"><img loading=\"lazy\" decoding=\"async\" class=\"size-medium\" src=\"http:\/\/rakosliget.hu\/epitett%20kornyezet\/epuletek\/XXI14.jpg\" width=\"500\" height=\"375\"><figcaption class=\"wp-caption-text\">XXI. utca 14. Lebont\u00e1sra ker\u00fclt 2014-ben.<\/figcaption><\/figure>\n<figure style=\"width: 1060px\" class=\"wp-caption alignnone\"><img loading=\"lazy\" decoding=\"async\" class=\"size-medium\" src=\"http:\/\/rakosliget.hu\/kep\/ferihegy\u00fat.png\" width=\"1060\" height=\"558\"><figcaption class=\"wp-caption-text\">Ferihegyi \u00fat XV. utca sarok 2014. Forr\u00e1s: google.com<\/figcaption><\/figure>\n<figure style=\"width: 3072px\" class=\"wp-caption alignnone\"><img loading=\"lazy\" decoding=\"async\" class=\"size-medium\" src=\"http:\/\/rakosliget.hu\/kep\/DSCN0032.JPG\" width=\"3072\" height=\"2304\"><figcaption class=\"wp-caption-text\">Ferihegyi \u00fat XV. utca sarok 2016 janu\u00e1rban. Katolikus k\u00f6r.<\/figcaption><\/figure>\n<figure style=\"width: 1038px\" class=\"wp-caption alignnone\"><img loading=\"lazy\" decoding=\"async\" class=\"size-medium\" src=\"http:\/\/rakosliget.hu\/kep\/XIIIutca.png\" width=\"1038\" height=\"551\"><figcaption class=\"wp-caption-text\">XIII. utca 9. 2016-ban.<\/figcaption><\/figure>\n<figure style=\"width: 4160px\" class=\"wp-caption alignnone\"><img loading=\"lazy\" decoding=\"async\" class=\"size-medium\" src=\"http:\/\/rakosliget.hu\/kep\/IMG_20180327_064330_HDR.jpg\" width=\"4160\" height=\"3120\"><figcaption class=\"wp-caption-text\">2018. \u00e1prilis<\/figcaption><\/figure>\n\n\n<figure class=\"wp-block-image\"><img loading=\"lazy\" decoding=\"async\" width=\"1024\" height=\"768\" src=\"http:\/\/rakosliget.hu\/wordpress\/wp-content\/uploads\/2018\/12\/2014-10-09-06.41.57-1024x768.jpg\" alt=\"\" class=\"wp-image-2347\" srcset=\"https:\/\/rakosliget.hu\/wordpress\/wp-content\/uploads\/2018\/12\/2014-10-09-06.41.57-1024x768.jpg 1024w, https:\/\/rakosliget.hu\/wordpress\/wp-content\/uploads\/2018\/12\/2014-10-09-06.41.57-300x225.jpg 300w, https:\/\/rakosliget.hu\/wordpress\/wp-content\/uploads\/2018\/12\/2014-10-09-06.41.57-768x576.jpg 768w, https:\/\/rakosliget.hu\/wordpress\/wp-content\/uploads\/2018\/12\/2014-10-09-06.41.57.jpg 1600w\" sizes=\"auto, (max-width: 1024px) 100vw, 1024px\" \/><figcaption>XI. utca\u00a0<\/figcaption><\/figure>\n\n\n\n<figure class=\"wp-block-image\"><img loading=\"lazy\" decoding=\"async\" width=\"768\" height=\"1024\" src=\"http:\/\/rakosliget.hu\/wordpress\/wp-content\/uploads\/2018\/12\/2014-10-09-06.41.13-768x1024.jpg\" alt=\"\" class=\"wp-image-2348\" srcset=\"https:\/\/rakosliget.hu\/wordpress\/wp-content\/uploads\/2018\/12\/2014-10-09-06.41.13-768x1024.jpg 768w, https:\/\/rakosliget.hu\/wordpress\/wp-content\/uploads\/2018\/12\/2014-10-09-06.41.13-225x300.jpg 225w, https:\/\/rakosliget.hu\/wordpress\/wp-content\/uploads\/2018\/12\/2014-10-09-06.41.13.jpg 1200w\" sizes=\"auto, (max-width: 768px) 100vw, 768px\" \/><figcaption>XI. utca<\/figcaption><\/figure>\n","protected":false},"excerpt":{"rendered":"<p>A telep\u00fcl\u00e9sr\u00e9sz fejl\u0151d\u00e9s\u00e9nek szerves r\u00e9sz\u00e9t k\u00e9pezi az a t\u00e9ny, hogy a r\u00e9gi \u00e9p\u00fcletek elt\u0171nnek, hogy helyet adjanak az \u00fajaknak. Ez az oldal a r\u00e9gi \u00e9p\u00fcletekre eml\u00e9kezik.<\/p>\n","protected":false},"author":1,"featured_media":0,"parent":0,"menu_order":0,"comment_status":"closed","ping_status":"closed","template":"","meta":{"footnotes":""},"class_list":["post-1354","page","type-page","status-publish","hentry"],"_links":{"self":[{"href":"https:\/\/rakosliget.hu\/wordpress\/index.php\/wp-json\/wp\/v2\/pages\/1354","targetHints":{"allow":["GET"]}}],"collection":[{"href":"https:\/\/rakosliget.hu\/wordpress\/index.php\/wp-json\/wp\/v2\/pages"}],"about":[{"href":"https:\/\/rakosliget.hu\/wordpress\/index.php\/wp-json\/wp\/v2\/types\/page"}],"author":[{"embeddable":true,"href":"https:\/\/rakosliget.hu\/wordpress\/index.php\/wp-json\/wp\/v2\/users\/1"}],"replies":[{"embeddable":true,"href":"https:\/\/rakosliget.hu\/wordpress\/index.php\/wp-json\/wp\/v2\/comments?post=1354"}],"version-history":[{"count":5,"href":"https:\/\/rakosliget.hu\/wordpress\/index.php\/wp-json\/wp\/v2\/pages\/1354\/revisions"}],"predecessor-version":[{"id":2349,"href":"https:\/\/rakosliget.hu\/wordpress\/index.php\/wp-json\/wp\/v2\/pages\/1354\/revisions\/2349"}],"wp:attachment":[{"href":"https:\/\/rakosliget.hu\/wordpress\/index.php\/wp-json\/wp\/v2\/media?parent=1354"}],"curies":[{"name":"wp","href":"https:\/\/api.w.org\/{rel}","templated":true}]}}