{"id":13038,"date":"2024-12-06T18:40:22","date_gmt":"2024-12-06T17:40:22","guid":{"rendered":"https:\/\/rakosliget.hu\/wordpress\/?page_id=13038"},"modified":"2024-12-06T18:40:22","modified_gmt":"2024-12-06T17:40:22","slug":"hirhozo-1995","status":"publish","type":"page","link":"https:\/\/rakosliget.hu\/wordpress\/index.php\/hirhozo-1995\/","title":{"rendered":"H\u00edrhoz\u00f3 1995"},"content":{"rendered":"\n<h2 class=\"wp-block-heading\">Janu\u00e1r<\/h2>\n\n\n\n<p>V\u00e1laszt\u00e1si eredm\u00e9nyek<\/p>\n\n\n\n<figure class=\"wp-block-image size-large\"><img loading=\"lazy\" decoding=\"async\" width=\"943\" height=\"1024\" src=\"https:\/\/rakosliget.hu\/wordpress\/wp-content\/uploads\/2024\/12\/Valasztasi-eredmenyek-943x1024.jpg\" alt=\"\" class=\"wp-image-13042\" srcset=\"https:\/\/rakosliget.hu\/wordpress\/wp-content\/uploads\/2024\/12\/Valasztasi-eredmenyek-943x1024.jpg 943w, https:\/\/rakosliget.hu\/wordpress\/wp-content\/uploads\/2024\/12\/Valasztasi-eredmenyek-276x300.jpg 276w, https:\/\/rakosliget.hu\/wordpress\/wp-content\/uploads\/2024\/12\/Valasztasi-eredmenyek-768x834.jpg 768w, https:\/\/rakosliget.hu\/wordpress\/wp-content\/uploads\/2024\/12\/Valasztasi-eredmenyek-1414x1536.jpg 1414w, https:\/\/rakosliget.hu\/wordpress\/wp-content\/uploads\/2024\/12\/Valasztasi-eredmenyek-1885x2048.jpg 1885w\" sizes=\"auto, (max-width: 943px) 100vw, 943px\" \/><\/figure>\n\n\n\n<h2 class=\"wp-block-heading\">Febru\u00e1r<\/h2>\n\n\n\n<p>Ebrend\u00e9szeti int\u00e9zked\u00e9s<\/p>\n\n\n\n<figure class=\"wp-block-image size-large\"><img loading=\"lazy\" decoding=\"async\" width=\"1024\" height=\"772\" src=\"https:\/\/rakosliget.hu\/wordpress\/wp-content\/uploads\/2024\/12\/Ebrendeszet-1024x772.jpg\" alt=\"\" class=\"wp-image-13040\" srcset=\"https:\/\/rakosliget.hu\/wordpress\/wp-content\/uploads\/2024\/12\/Ebrendeszet-1024x772.jpg 1024w, https:\/\/rakosliget.hu\/wordpress\/wp-content\/uploads\/2024\/12\/Ebrendeszet-300x226.jpg 300w, https:\/\/rakosliget.hu\/wordpress\/wp-content\/uploads\/2024\/12\/Ebrendeszet-768x579.jpg 768w, https:\/\/rakosliget.hu\/wordpress\/wp-content\/uploads\/2024\/12\/Ebrendeszet.jpg 1060w\" sizes=\"auto, (max-width: 1024px) 100vw, 1024px\" \/><\/figure>\n\n\n\n<h2 class=\"wp-block-heading\">\u00c1prilis<\/h2>\n\n\n\n<p>A RAC felt\u00e1maszt\u00e1s\u00e1ra egy pr\u00f3ba<\/p>\n\n\n\n<figure class=\"wp-block-image size-large\"><img loading=\"lazy\" decoding=\"async\" width=\"1024\" height=\"433\" src=\"https:\/\/rakosliget.hu\/wordpress\/wp-content\/uploads\/2024\/12\/RAC-1024x433.jpg\" alt=\"\" class=\"wp-image-13044\" srcset=\"https:\/\/rakosliget.hu\/wordpress\/wp-content\/uploads\/2024\/12\/RAC-1024x433.jpg 1024w, https:\/\/rakosliget.hu\/wordpress\/wp-content\/uploads\/2024\/12\/RAC-300x127.jpg 300w, https:\/\/rakosliget.hu\/wordpress\/wp-content\/uploads\/2024\/12\/RAC-768x324.jpg 768w, https:\/\/rakosliget.hu\/wordpress\/wp-content\/uploads\/2024\/12\/RAC.jpg 1089w\" sizes=\"auto, (max-width: 1024px) 100vw, 1024px\" \/><\/figure>\n\n\n\n<h2 class=\"wp-block-heading\">December<\/h2>\n\n\n\n<p>Megval\u00f3s\u00edt\u00e1si terv k\u00e9sz\u00edt\u00e9se.<\/p>\n\n\n\n<figure class=\"wp-block-image size-full\"><img loading=\"lazy\" decoding=\"async\" width=\"701\" height=\"410\" src=\"https:\/\/rakosliget.hu\/wordpress\/wp-content\/uploads\/2024\/12\/Megvalositasi-terv.jpg\" alt=\"\" class=\"wp-image-13046\" srcset=\"https:\/\/rakosliget.hu\/wordpress\/wp-content\/uploads\/2024\/12\/Megvalositasi-terv.jpg 701w, https:\/\/rakosliget.hu\/wordpress\/wp-content\/uploads\/2024\/12\/Megvalositasi-terv-300x175.jpg 300w\" sizes=\"auto, (max-width: 701px) 100vw, 701px\" \/><\/figure>\n","protected":false},"excerpt":{"rendered":"<p>Janu\u00e1r V\u00e1laszt\u00e1si eredm\u00e9nyek Febru\u00e1r Ebrend\u00e9szeti int\u00e9zked\u00e9s \u00c1prilis A RAC felt\u00e1maszt\u00e1s\u00e1ra egy pr\u00f3ba December Megval\u00f3s\u00edt\u00e1si terv k\u00e9sz\u00edt\u00e9se.<\/p>\n","protected":false},"author":1,"featured_media":0,"parent":0,"menu_order":0,"comment_status":"closed","ping_status":"closed","template":"","meta":{"footnotes":""},"class_list":["post-13038","page","type-page","status-publish","hentry"],"_links":{"self":[{"href":"https:\/\/rakosliget.hu\/wordpress\/index.php\/wp-json\/wp\/v2\/pages\/13038","targetHints":{"allow":["GET"]}}],"collection":[{"href":"https:\/\/rakosliget.hu\/wordpress\/index.php\/wp-json\/wp\/v2\/pages"}],"about":[{"href":"https:\/\/rakosliget.hu\/wordpress\/index.php\/wp-json\/wp\/v2\/types\/page"}],"author":[{"embeddable":true,"href":"https:\/\/rakosliget.hu\/wordpress\/index.php\/wp-json\/wp\/v2\/users\/1"}],"replies":[{"embeddable":true,"href":"https:\/\/rakosliget.hu\/wordpress\/index.php\/wp-json\/wp\/v2\/comments?post=13038"}],"version-history":[{"count":5,"href":"https:\/\/rakosliget.hu\/wordpress\/index.php\/wp-json\/wp\/v2\/pages\/13038\/revisions"}],"predecessor-version":[{"id":13047,"href":"https:\/\/rakosliget.hu\/wordpress\/index.php\/wp-json\/wp\/v2\/pages\/13038\/revisions\/13047"}],"wp:attachment":[{"href":"https:\/\/rakosliget.hu\/wordpress\/index.php\/wp-json\/wp\/v2\/media?parent=13038"}],"curies":[{"name":"wp","href":"https:\/\/api.w.org\/{rel}","templated":true}]}}