{"id":12878,"date":"2024-12-01T18:13:56","date_gmt":"2024-12-01T17:13:56","guid":{"rendered":"https:\/\/rakosliget.hu\/wordpress\/?page_id=12878"},"modified":"2024-12-01T18:13:56","modified_gmt":"2024-12-01T17:13:56","slug":"hirhozo-2003","status":"publish","type":"page","link":"https:\/\/rakosliget.hu\/wordpress\/index.php\/hirhozo-2003\/","title":{"rendered":"H\u00edrhoz\u00f3 2003"},"content":{"rendered":"\n<h2 class=\"wp-block-heading\">Janu\u00e1r<\/h2>\n\n\n\n<p>Lak\u00f3park<\/p>\n\n\n\n<figure class=\"wp-block-image size-large\"><img loading=\"lazy\" decoding=\"async\" width=\"667\" height=\"1024\" src=\"https:\/\/rakosliget.hu\/wordpress\/wp-content\/uploads\/2024\/12\/Lakopark-villamos-667x1024.jpg\" alt=\"\" class=\"wp-image-12881\" srcset=\"https:\/\/rakosliget.hu\/wordpress\/wp-content\/uploads\/2024\/12\/Lakopark-villamos-667x1024.jpg 667w, https:\/\/rakosliget.hu\/wordpress\/wp-content\/uploads\/2024\/12\/Lakopark-villamos-196x300.jpg 196w, https:\/\/rakosliget.hu\/wordpress\/wp-content\/uploads\/2024\/12\/Lakopark-villamos-768x1178.jpg 768w, https:\/\/rakosliget.hu\/wordpress\/wp-content\/uploads\/2024\/12\/Lakopark-villamos-1001x1536.jpg 1001w, https:\/\/rakosliget.hu\/wordpress\/wp-content\/uploads\/2024\/12\/Lakopark-villamos-1335x2048.jpg 1335w, https:\/\/rakosliget.hu\/wordpress\/wp-content\/uploads\/2024\/12\/Lakopark-villamos-scaled.jpg 1668w\" sizes=\"auto, (max-width: 667px) 100vw, 667px\" \/><\/figure>\n\n\n\n<h2 class=\"wp-block-heading\">Febru\u00e1r<\/h2>\n\n\n\n<p>Csatorn\u00e1z\u00e1s<\/p>\n\n\n\n<figure class=\"wp-block-image size-large\"><img loading=\"lazy\" decoding=\"async\" width=\"779\" height=\"1024\" src=\"https:\/\/rakosliget.hu\/wordpress\/wp-content\/uploads\/2024\/12\/Csatorna-1-779x1024.jpg\" alt=\"\" class=\"wp-image-12883\" srcset=\"https:\/\/rakosliget.hu\/wordpress\/wp-content\/uploads\/2024\/12\/Csatorna-1-779x1024.jpg 779w, https:\/\/rakosliget.hu\/wordpress\/wp-content\/uploads\/2024\/12\/Csatorna-1-228x300.jpg 228w, https:\/\/rakosliget.hu\/wordpress\/wp-content\/uploads\/2024\/12\/Csatorna-1-768x1010.jpg 768w, https:\/\/rakosliget.hu\/wordpress\/wp-content\/uploads\/2024\/12\/Csatorna-1-1169x1536.jpg 1169w, https:\/\/rakosliget.hu\/wordpress\/wp-content\/uploads\/2024\/12\/Csatorna-1.jpg 1183w\" sizes=\"auto, (max-width: 779px) 100vw, 779px\" \/><\/figure>\n\n\n\n<p>Iskolab\u0151v\u00edt\u00e9s <\/p>\n\n\n\n<figure class=\"wp-block-image size-large is-resized\"><img loading=\"lazy\" decoding=\"async\" width=\"427\" height=\"1024\" src=\"https:\/\/rakosliget.hu\/wordpress\/wp-content\/uploads\/2024\/12\/Iskolabovites-427x1024.jpg\" alt=\"\" class=\"wp-image-12885\" style=\"width:690px;height:auto\" srcset=\"https:\/\/rakosliget.hu\/wordpress\/wp-content\/uploads\/2024\/12\/Iskolabovites-427x1024.jpg 427w, https:\/\/rakosliget.hu\/wordpress\/wp-content\/uploads\/2024\/12\/Iskolabovites-125x300.jpg 125w, https:\/\/rakosliget.hu\/wordpress\/wp-content\/uploads\/2024\/12\/Iskolabovites-768x1842.jpg 768w, https:\/\/rakosliget.hu\/wordpress\/wp-content\/uploads\/2024\/12\/Iskolabovites-640x1536.jpg 640w, https:\/\/rakosliget.hu\/wordpress\/wp-content\/uploads\/2024\/12\/Iskolabovites-854x2048.jpg 854w, https:\/\/rakosliget.hu\/wordpress\/wp-content\/uploads\/2024\/12\/Iskolabovites-scaled.jpg 1067w\" sizes=\"auto, (max-width: 427px) 100vw, 427px\" \/><\/figure>\n\n\n\n<p>\u00c9p\u00fcl a Csekovsazky gy\u0171jtem\u00e9ny ki\u00e1ll\u00edt\u00f3h\u00e1z.<\/p>\n\n\n\n<figure class=\"wp-block-image size-large\"><img loading=\"lazy\" decoding=\"async\" width=\"1024\" height=\"621\" src=\"https:\/\/rakosliget.hu\/wordpress\/wp-content\/uploads\/2024\/12\/Csekovkszky-gyujtemeny-1024x621.jpg\" alt=\"\" class=\"wp-image-12887\" srcset=\"https:\/\/rakosliget.hu\/wordpress\/wp-content\/uploads\/2024\/12\/Csekovkszky-gyujtemeny-1024x621.jpg 1024w, https:\/\/rakosliget.hu\/wordpress\/wp-content\/uploads\/2024\/12\/Csekovkszky-gyujtemeny-300x182.jpg 300w, https:\/\/rakosliget.hu\/wordpress\/wp-content\/uploads\/2024\/12\/Csekovkszky-gyujtemeny-768x466.jpg 768w, https:\/\/rakosliget.hu\/wordpress\/wp-content\/uploads\/2024\/12\/Csekovkszky-gyujtemeny-1536x932.jpg 1536w, https:\/\/rakosliget.hu\/wordpress\/wp-content\/uploads\/2024\/12\/Csekovkszky-gyujtemeny-2048x1243.jpg 2048w\" sizes=\"auto, (max-width: 1024px) 100vw, 1024px\" \/><\/figure>\n\n\n\n<p>A Szabad \u00d6tletek Sz\u00ednh\u00e1za Karithy bemutat\u00f3ja<\/p>\n\n\n\n<figure class=\"wp-block-image size-full\"><img loading=\"lazy\" decoding=\"async\" width=\"612\" height=\"388\" src=\"https:\/\/rakosliget.hu\/wordpress\/wp-content\/uploads\/2024\/12\/Szabad-otletek-szinhaza.jpg\" alt=\"\" class=\"wp-image-12889\" srcset=\"https:\/\/rakosliget.hu\/wordpress\/wp-content\/uploads\/2024\/12\/Szabad-otletek-szinhaza.jpg 612w, https:\/\/rakosliget.hu\/wordpress\/wp-content\/uploads\/2024\/12\/Szabad-otletek-szinhaza-300x190.jpg 300w\" sizes=\"auto, (max-width: 612px) 100vw, 612px\" \/><\/figure>\n\n\n\n<p>Piac helyp\u00e9nz<\/p>\n\n\n\n<figure class=\"wp-block-image size-full\"><img loading=\"lazy\" decoding=\"async\" width=\"588\" height=\"570\" src=\"https:\/\/rakosliget.hu\/wordpress\/wp-content\/uploads\/2024\/12\/piac.jpg\" alt=\"\" class=\"wp-image-12890\" srcset=\"https:\/\/rakosliget.hu\/wordpress\/wp-content\/uploads\/2024\/12\/piac.jpg 588w, https:\/\/rakosliget.hu\/wordpress\/wp-content\/uploads\/2024\/12\/piac-300x291.jpg 300w\" sizes=\"auto, (max-width: 588px) 100vw, 588px\" \/><\/figure>\n\n\n\n<p>Iskolab\u0151v\u00edt\u00e9s<\/p>\n\n\n\n<figure class=\"wp-block-image size-large\"><img loading=\"lazy\" decoding=\"async\" width=\"841\" height=\"1024\" src=\"https:\/\/rakosliget.hu\/wordpress\/wp-content\/uploads\/2024\/12\/Iskolabovites2-841x1024.jpg\" alt=\"\" class=\"wp-image-12891\" srcset=\"https:\/\/rakosliget.hu\/wordpress\/wp-content\/uploads\/2024\/12\/Iskolabovites2-841x1024.jpg 841w, https:\/\/rakosliget.hu\/wordpress\/wp-content\/uploads\/2024\/12\/Iskolabovites2-246x300.jpg 246w, https:\/\/rakosliget.hu\/wordpress\/wp-content\/uploads\/2024\/12\/Iskolabovites2-768x935.jpg 768w, https:\/\/rakosliget.hu\/wordpress\/wp-content\/uploads\/2024\/12\/Iskolabovites2.jpg 1195w\" sizes=\"auto, (max-width: 841px) 100vw, 841px\" \/><\/figure>\n\n\n\n<h2 class=\"wp-block-heading\">M\u00e1rcius<\/h2>\n\n\n\n<p>Jelz\u0151l\u00e1mpa R\u00e1kosligeten<\/p>\n\n\n\n<figure class=\"wp-block-image size-large\"><img loading=\"lazy\" decoding=\"async\" width=\"1024\" height=\"769\" src=\"https:\/\/rakosliget.hu\/wordpress\/wp-content\/uploads\/2024\/12\/kozlekedesi-lampa-1024x769.jpg\" alt=\"\" class=\"wp-image-12893\" srcset=\"https:\/\/rakosliget.hu\/wordpress\/wp-content\/uploads\/2024\/12\/kozlekedesi-lampa-1024x769.jpg 1024w, https:\/\/rakosliget.hu\/wordpress\/wp-content\/uploads\/2024\/12\/kozlekedesi-lampa-300x225.jpg 300w, https:\/\/rakosliget.hu\/wordpress\/wp-content\/uploads\/2024\/12\/kozlekedesi-lampa-768x577.jpg 768w, https:\/\/rakosliget.hu\/wordpress\/wp-content\/uploads\/2024\/12\/kozlekedesi-lampa.jpg 1206w\" sizes=\"auto, (max-width: 1024px) 100vw, 1024px\" \/><\/figure>\n\n\n\n<h2 class=\"wp-block-heading\">\u00c1prilis<\/h2>\n\n\n\n<p>\u00daj iskola \u00e9p\u00fcl R\u00e1kosligeten<\/p>\n\n\n\n<figure class=\"wp-block-image size-large\"><img loading=\"lazy\" decoding=\"async\" width=\"836\" height=\"1024\" src=\"https:\/\/rakosliget.hu\/wordpress\/wp-content\/uploads\/2024\/12\/uj-iskolajpg-836x1024.jpg\" alt=\"\" class=\"wp-image-12894\" srcset=\"https:\/\/rakosliget.hu\/wordpress\/wp-content\/uploads\/2024\/12\/uj-iskolajpg-836x1024.jpg 836w, https:\/\/rakosliget.hu\/wordpress\/wp-content\/uploads\/2024\/12\/uj-iskolajpg-245x300.jpg 245w, https:\/\/rakosliget.hu\/wordpress\/wp-content\/uploads\/2024\/12\/uj-iskolajpg-768x940.jpg 768w, https:\/\/rakosliget.hu\/wordpress\/wp-content\/uploads\/2024\/12\/uj-iskolajpg.jpg 1137w\" sizes=\"auto, (max-width: 836px) 100vw, 836px\" \/><\/figure>\n\n\n\n<h2 class=\"wp-block-heading\">M\u00e1jus<\/h2>\n\n\n\n<p>Rabl\u00e1s a vas\u00fati meg\u00e1ll\u00f3ban<\/p>\n\n\n\n<figure class=\"wp-block-image size-full\"><img loading=\"lazy\" decoding=\"async\" width=\"606\" height=\"854\" src=\"https:\/\/rakosliget.hu\/wordpress\/wp-content\/uploads\/2024\/12\/rablas.jpg\" alt=\"\" class=\"wp-image-12897\" srcset=\"https:\/\/rakosliget.hu\/wordpress\/wp-content\/uploads\/2024\/12\/rablas.jpg 606w, https:\/\/rakosliget.hu\/wordpress\/wp-content\/uploads\/2024\/12\/rablas-213x300.jpg 213w\" sizes=\"auto, (max-width: 606px) 100vw, 606px\" \/><\/figure>\n\n\n\n<p>\u00dczlet a piact\u00e9ren<\/p>\n\n\n\n<figure class=\"wp-block-image size-large\"><img loading=\"lazy\" decoding=\"async\" width=\"322\" height=\"1024\" src=\"https:\/\/rakosliget.hu\/wordpress\/wp-content\/uploads\/2024\/12\/Uzlet1-322x1024.jpg\" alt=\"\" class=\"wp-image-12898\" srcset=\"https:\/\/rakosliget.hu\/wordpress\/wp-content\/uploads\/2024\/12\/Uzlet1-322x1024.jpg 322w, https:\/\/rakosliget.hu\/wordpress\/wp-content\/uploads\/2024\/12\/Uzlet1-94x300.jpg 94w, https:\/\/rakosliget.hu\/wordpress\/wp-content\/uploads\/2024\/12\/Uzlet1.jpg 574w\" sizes=\"auto, (max-width: 322px) 100vw, 322px\" \/><\/figure>\n\n\n\n<p>Mester \u00e9s tan\u00edtv\u00e1nya a Csek\u00f3ban<\/p>\n\n\n\n<figure class=\"wp-block-image size-large\"><img loading=\"lazy\" decoding=\"async\" width=\"1024\" height=\"692\" src=\"https:\/\/rakosliget.hu\/wordpress\/wp-content\/uploads\/2024\/12\/mester-es-tanitvanya-1024x692.jpg\" alt=\"\" class=\"wp-image-12899\" srcset=\"https:\/\/rakosliget.hu\/wordpress\/wp-content\/uploads\/2024\/12\/mester-es-tanitvanya-1024x692.jpg 1024w, https:\/\/rakosliget.hu\/wordpress\/wp-content\/uploads\/2024\/12\/mester-es-tanitvanya-300x203.jpg 300w, https:\/\/rakosliget.hu\/wordpress\/wp-content\/uploads\/2024\/12\/mester-es-tanitvanya-768x519.jpg 768w, https:\/\/rakosliget.hu\/wordpress\/wp-content\/uploads\/2024\/12\/mester-es-tanitvanya-1536x1039.jpg 1536w, https:\/\/rakosliget.hu\/wordpress\/wp-content\/uploads\/2024\/12\/mester-es-tanitvanya.jpg 1797w\" sizes=\"auto, (max-width: 1024px) 100vw, 1024px\" \/><\/figure>\n\n\n\n<h2 class=\"wp-block-heading\">J\u00fanius<\/h2>\n\n\n\n<p>Bet\u00f6r\u00e9sek<\/p>\n\n\n\n<figure class=\"wp-block-image size-full\"><img loading=\"lazy\" decoding=\"async\" width=\"562\" height=\"949\" src=\"https:\/\/rakosliget.hu\/wordpress\/wp-content\/uploads\/2024\/12\/betoresek.jpg\" alt=\"\" class=\"wp-image-12901\" srcset=\"https:\/\/rakosliget.hu\/wordpress\/wp-content\/uploads\/2024\/12\/betoresek.jpg 562w, https:\/\/rakosliget.hu\/wordpress\/wp-content\/uploads\/2024\/12\/betoresek-178x300.jpg 178w\" sizes=\"auto, (max-width: 562px) 100vw, 562px\" \/><\/figure>\n\n\n\n<p>G\u00f3zon Sz\u00ednh\u00e1z<\/p>\n\n\n\n<figure class=\"wp-block-image size-large\"><img loading=\"lazy\" decoding=\"async\" width=\"677\" height=\"1024\" src=\"https:\/\/rakosliget.hu\/wordpress\/wp-content\/uploads\/2024\/12\/Szinhaz-1-677x1024.jpg\" alt=\"\" class=\"wp-image-12903\" srcset=\"https:\/\/rakosliget.hu\/wordpress\/wp-content\/uploads\/2024\/12\/Szinhaz-1-677x1024.jpg 677w, https:\/\/rakosliget.hu\/wordpress\/wp-content\/uploads\/2024\/12\/Szinhaz-1-198x300.jpg 198w, https:\/\/rakosliget.hu\/wordpress\/wp-content\/uploads\/2024\/12\/Szinhaz-1-768x1162.jpg 768w, https:\/\/rakosliget.hu\/wordpress\/wp-content\/uploads\/2024\/12\/Szinhaz-1-1015x1536.jpg 1015w, https:\/\/rakosliget.hu\/wordpress\/wp-content\/uploads\/2024\/12\/Szinhaz-1.jpg 1188w\" sizes=\"auto, (max-width: 677px) 100vw, 677px\" \/><\/figure>\n\n\n\n<p>Iskolai sz\u00ednj\u00e1tsz\u00e1s<\/p>\n\n\n\n<figure class=\"wp-block-image size-large\"><img loading=\"lazy\" decoding=\"async\" width=\"1024\" height=\"990\" src=\"https:\/\/rakosliget.hu\/wordpress\/wp-content\/uploads\/2024\/12\/iskolaszinhaz-1024x990.jpg\" alt=\"\" class=\"wp-image-12904\" srcset=\"https:\/\/rakosliget.hu\/wordpress\/wp-content\/uploads\/2024\/12\/iskolaszinhaz-1024x990.jpg 1024w, https:\/\/rakosliget.hu\/wordpress\/wp-content\/uploads\/2024\/12\/iskolaszinhaz-300x290.jpg 300w, https:\/\/rakosliget.hu\/wordpress\/wp-content\/uploads\/2024\/12\/iskolaszinhaz-768x743.jpg 768w, https:\/\/rakosliget.hu\/wordpress\/wp-content\/uploads\/2024\/12\/iskolaszinhaz.jpg 1219w\" sizes=\"auto, (max-width: 1024px) 100vw, 1024px\" \/><\/figure>\n\n\n\n<h2 class=\"wp-block-heading\">J\u00falius &#8211; augusztus<\/h2>\n\n\n\n<p>\u00c1cs J\u00f3zsef d\u00edszpolg\u00e1r<\/p>\n\n\n\n<figure class=\"wp-block-image size-large\"><img loading=\"lazy\" decoding=\"async\" width=\"1024\" height=\"858\" src=\"https:\/\/rakosliget.hu\/wordpress\/wp-content\/uploads\/2024\/12\/Acs-diszpolgar-1024x858.jpg\" alt=\"\" class=\"wp-image-12905\" srcset=\"https:\/\/rakosliget.hu\/wordpress\/wp-content\/uploads\/2024\/12\/Acs-diszpolgar-1024x858.jpg 1024w, https:\/\/rakosliget.hu\/wordpress\/wp-content\/uploads\/2024\/12\/Acs-diszpolgar-300x251.jpg 300w, https:\/\/rakosliget.hu\/wordpress\/wp-content\/uploads\/2024\/12\/Acs-diszpolgar-768x643.jpg 768w, https:\/\/rakosliget.hu\/wordpress\/wp-content\/uploads\/2024\/12\/Acs-diszpolgar-1536x1287.jpg 1536w, https:\/\/rakosliget.hu\/wordpress\/wp-content\/uploads\/2024\/12\/Acs-diszpolgar-2048x1715.jpg 2048w\" sizes=\"auto, (max-width: 1024px) 100vw, 1024px\" \/><\/figure>\n\n\n\n<p>Parkol\u00f3 a Liget soron<\/p>\n\n\n\n<figure class=\"wp-block-image size-full\"><img loading=\"lazy\" decoding=\"async\" width=\"604\" height=\"255\" src=\"https:\/\/rakosliget.hu\/wordpress\/wp-content\/uploads\/2024\/12\/Liget-sor-parkolo.jpg\" alt=\"\" class=\"wp-image-12907\" srcset=\"https:\/\/rakosliget.hu\/wordpress\/wp-content\/uploads\/2024\/12\/Liget-sor-parkolo.jpg 604w, https:\/\/rakosliget.hu\/wordpress\/wp-content\/uploads\/2024\/12\/Liget-sor-parkolo-300x127.jpg 300w\" sizes=\"auto, (max-width: 604px) 100vw, 604px\" \/><\/figure>\n\n\n\n<p>Maj\u00e1lis \u00e9s rockzenekarok<\/p>\n\n\n\n<figure class=\"wp-block-image size-large\"><img loading=\"lazy\" decoding=\"async\" width=\"510\" height=\"1024\" src=\"https:\/\/rakosliget.hu\/wordpress\/wp-content\/uploads\/2024\/12\/majalis-rock-510x1024.jpg\" alt=\"\" class=\"wp-image-12909\" srcset=\"https:\/\/rakosliget.hu\/wordpress\/wp-content\/uploads\/2024\/12\/majalis-rock-510x1024.jpg 510w, https:\/\/rakosliget.hu\/wordpress\/wp-content\/uploads\/2024\/12\/majalis-rock-150x300.jpg 150w, https:\/\/rakosliget.hu\/wordpress\/wp-content\/uploads\/2024\/12\/majalis-rock-768x1541.jpg 768w, https:\/\/rakosliget.hu\/wordpress\/wp-content\/uploads\/2024\/12\/majalis-rock-766x1536.jpg 766w, https:\/\/rakosliget.hu\/wordpress\/wp-content\/uploads\/2024\/12\/majalis-rock-1021x2048.jpg 1021w, https:\/\/rakosliget.hu\/wordpress\/wp-content\/uploads\/2024\/12\/majalis-rock.jpg 1225w\" sizes=\"auto, (max-width: 510px) 100vw, 510px\" \/><\/figure>\n\n\n\n<h2 class=\"wp-block-heading\">Szeptember<\/h2>\n\n\n\n<p>100 \u00e9ves a H\u0151s\u00f6k terei \u00c1ltal\u00e1nos Iskola<\/p>\n\n\n\n<figure class=\"wp-block-image size-large\"><img loading=\"lazy\" decoding=\"async\" width=\"1024\" height=\"789\" src=\"https:\/\/rakosliget.hu\/wordpress\/wp-content\/uploads\/2024\/12\/Gregor100-1024x789.jpg\" alt=\"\" class=\"wp-image-12910\" srcset=\"https:\/\/rakosliget.hu\/wordpress\/wp-content\/uploads\/2024\/12\/Gregor100-1024x789.jpg 1024w, https:\/\/rakosliget.hu\/wordpress\/wp-content\/uploads\/2024\/12\/Gregor100-300x231.jpg 300w, https:\/\/rakosliget.hu\/wordpress\/wp-content\/uploads\/2024\/12\/Gregor100-768x592.jpg 768w, https:\/\/rakosliget.hu\/wordpress\/wp-content\/uploads\/2024\/12\/Gregor100-1536x1184.jpg 1536w, https:\/\/rakosliget.hu\/wordpress\/wp-content\/uploads\/2024\/12\/Gregor100-2048x1578.jpg 2048w\" sizes=\"auto, (max-width: 1024px) 100vw, 1024px\" \/><\/figure>\n\n\n\n<p>Csekovszky eml\u00e9kh\u00e1z<\/p>\n\n\n\n<figure class=\"wp-block-image size-large\"><img loading=\"lazy\" decoding=\"async\" width=\"1024\" height=\"725\" src=\"https:\/\/rakosliget.hu\/wordpress\/wp-content\/uploads\/2024\/12\/Csekovszky-emlekhaz-1024x725.jpg\" alt=\"\" class=\"wp-image-12911\" srcset=\"https:\/\/rakosliget.hu\/wordpress\/wp-content\/uploads\/2024\/12\/Csekovszky-emlekhaz-1024x725.jpg 1024w, https:\/\/rakosliget.hu\/wordpress\/wp-content\/uploads\/2024\/12\/Csekovszky-emlekhaz-300x212.jpg 300w, https:\/\/rakosliget.hu\/wordpress\/wp-content\/uploads\/2024\/12\/Csekovszky-emlekhaz-768x544.jpg 768w, https:\/\/rakosliget.hu\/wordpress\/wp-content\/uploads\/2024\/12\/Csekovszky-emlekhaz-1536x1088.jpg 1536w, https:\/\/rakosliget.hu\/wordpress\/wp-content\/uploads\/2024\/12\/Csekovszky-emlekhaz-2048x1450.jpg 2048w\" sizes=\"auto, (max-width: 1024px) 100vw, 1024px\" \/><\/figure>\n\n\n\n<h2 class=\"wp-block-heading\">Okt\u00f3ber<\/h2>\n\n\n\n<p>Vonat, bicikli, busz, aut\u00f3<\/p>\n\n\n\n<figure class=\"wp-block-image size-large\"><img loading=\"lazy\" decoding=\"async\" width=\"211\" height=\"1024\" src=\"https:\/\/rakosliget.hu\/wordpress\/wp-content\/uploads\/2024\/12\/vonat-busz-211x1024.jpg\" alt=\"\" class=\"wp-image-12912\" srcset=\"https:\/\/rakosliget.hu\/wordpress\/wp-content\/uploads\/2024\/12\/vonat-busz-211x1024.jpg 211w, https:\/\/rakosliget.hu\/wordpress\/wp-content\/uploads\/2024\/12\/vonat-busz-62x300.jpg 62w\" sizes=\"auto, (max-width: 211px) 100vw, 211px\" \/><\/figure>\n\n\n\n<p>H\u0151s\u00f6k terei \u00c1ltal\u00e1nos Iskola 100 \u00e9ves<\/p>\n\n\n\n<figure class=\"wp-block-image size-large\"><img loading=\"lazy\" decoding=\"async\" width=\"1024\" height=\"515\" src=\"https:\/\/rakosliget.hu\/wordpress\/wp-content\/uploads\/2024\/12\/100-iskola-1024x515.jpg\" alt=\"\" class=\"wp-image-12913\" srcset=\"https:\/\/rakosliget.hu\/wordpress\/wp-content\/uploads\/2024\/12\/100-iskola-1024x515.jpg 1024w, https:\/\/rakosliget.hu\/wordpress\/wp-content\/uploads\/2024\/12\/100-iskola-300x151.jpg 300w, https:\/\/rakosliget.hu\/wordpress\/wp-content\/uploads\/2024\/12\/100-iskola-768x386.jpg 768w, https:\/\/rakosliget.hu\/wordpress\/wp-content\/uploads\/2024\/12\/100-iskola-1536x772.jpg 1536w, https:\/\/rakosliget.hu\/wordpress\/wp-content\/uploads\/2024\/12\/100-iskola-2048x1030.jpg 2048w\" sizes=\"auto, (max-width: 1024px) 100vw, 1024px\" \/><\/figure>\n\n\n\n<p>Cserk\u00e9szek<\/p>\n\n\n\n<figure class=\"wp-block-image size-large\"><img loading=\"lazy\" decoding=\"async\" width=\"1024\" height=\"908\" src=\"https:\/\/rakosliget.hu\/wordpress\/wp-content\/uploads\/2024\/12\/cserkesz-1024x908.jpg\" alt=\"\" class=\"wp-image-12915\" srcset=\"https:\/\/rakosliget.hu\/wordpress\/wp-content\/uploads\/2024\/12\/cserkesz-1024x908.jpg 1024w, https:\/\/rakosliget.hu\/wordpress\/wp-content\/uploads\/2024\/12\/cserkesz-300x266.jpg 300w, https:\/\/rakosliget.hu\/wordpress\/wp-content\/uploads\/2024\/12\/cserkesz-768x681.jpg 768w, https:\/\/rakosliget.hu\/wordpress\/wp-content\/uploads\/2024\/12\/cserkesz.jpg 1204w\" sizes=\"auto, (max-width: 1024px) 100vw, 1024px\" \/><\/figure>\n\n\n\n<h2 class=\"wp-block-heading\">November<\/h2>\n\n\n\n<p>Indul a 176-os buszj\u00e1rat<\/p>\n\n\n\n<figure class=\"wp-block-image size-large\"><img loading=\"lazy\" decoding=\"async\" width=\"1024\" height=\"664\" src=\"https:\/\/rakosliget.hu\/wordpress\/wp-content\/uploads\/2024\/12\/176-1024x664.jpg\" alt=\"\" class=\"wp-image-12917\" srcset=\"https:\/\/rakosliget.hu\/wordpress\/wp-content\/uploads\/2024\/12\/176-1024x664.jpg 1024w, https:\/\/rakosliget.hu\/wordpress\/wp-content\/uploads\/2024\/12\/176-300x195.jpg 300w, https:\/\/rakosliget.hu\/wordpress\/wp-content\/uploads\/2024\/12\/176-768x498.jpg 768w, https:\/\/rakosliget.hu\/wordpress\/wp-content\/uploads\/2024\/12\/176.jpg 1227w\" sizes=\"auto, (max-width: 1024px) 100vw, 1024px\" \/><\/figure>\n\n\n\n<p>Eltemett\u00e9k M\u00e1rk Tivadart<\/p>\n\n\n\n<figure class=\"wp-block-image size-full\"><img loading=\"lazy\" decoding=\"async\" width=\"612\" height=\"916\" src=\"https:\/\/rakosliget.hu\/wordpress\/wp-content\/uploads\/2024\/12\/Mark-halala.jpg\" alt=\"\" class=\"wp-image-12918\" srcset=\"https:\/\/rakosliget.hu\/wordpress\/wp-content\/uploads\/2024\/12\/Mark-halala.jpg 612w, https:\/\/rakosliget.hu\/wordpress\/wp-content\/uploads\/2024\/12\/Mark-halala-200x300.jpg 200w\" sizes=\"auto, (max-width: 612px) 100vw, 612px\" \/><\/figure>\n\n\n\n<p>\u00c1tadt\u00e1k a Csekovszky Eml\u00e9kh\u00e1zat<\/p>\n\n\n\n<figure class=\"wp-block-image size-large\"><img loading=\"lazy\" decoding=\"async\" width=\"798\" height=\"1024\" src=\"https:\/\/rakosliget.hu\/wordpress\/wp-content\/uploads\/2024\/12\/Csekovszky-atadas-798x1024.jpg\" alt=\"\" class=\"wp-image-12921\" srcset=\"https:\/\/rakosliget.hu\/wordpress\/wp-content\/uploads\/2024\/12\/Csekovszky-atadas-798x1024.jpg 798w, https:\/\/rakosliget.hu\/wordpress\/wp-content\/uploads\/2024\/12\/Csekovszky-atadas-234x300.jpg 234w, https:\/\/rakosliget.hu\/wordpress\/wp-content\/uploads\/2024\/12\/Csekovszky-atadas-768x985.jpg 768w, https:\/\/rakosliget.hu\/wordpress\/wp-content\/uploads\/2024\/12\/Csekovszky-atadas-1197x1536.jpg 1197w, https:\/\/rakosliget.hu\/wordpress\/wp-content\/uploads\/2024\/12\/Csekovszky-atadas-1596x2048.jpg 1596w, https:\/\/rakosliget.hu\/wordpress\/wp-content\/uploads\/2024\/12\/Csekovszky-atadas-scaled.jpg 1995w\" sizes=\"auto, (max-width: 798px) 100vw, 798px\" \/><\/figure>\n\n\n\n<p>G\u00f3zon Kamarasz\u00ednh\u00e1z el\u0151ad\u00e1sa<\/p>\n\n\n\n<figure class=\"wp-block-image size-large\"><img loading=\"lazy\" decoding=\"async\" width=\"1024\" height=\"775\" src=\"https:\/\/rakosliget.hu\/wordpress\/wp-content\/uploads\/2024\/12\/Gozon-eloadas-1024x775.jpg\" alt=\"\" class=\"wp-image-12923\" srcset=\"https:\/\/rakosliget.hu\/wordpress\/wp-content\/uploads\/2024\/12\/Gozon-eloadas-1024x775.jpg 1024w, https:\/\/rakosliget.hu\/wordpress\/wp-content\/uploads\/2024\/12\/Gozon-eloadas-300x227.jpg 300w, https:\/\/rakosliget.hu\/wordpress\/wp-content\/uploads\/2024\/12\/Gozon-eloadas-768x581.jpg 768w, https:\/\/rakosliget.hu\/wordpress\/wp-content\/uploads\/2024\/12\/Gozon-eloadas.jpg 1195w\" sizes=\"auto, (max-width: 1024px) 100vw, 1024px\" \/><\/figure>\n\n\n\n<p>M\u0171v\u00e9szeti Szalon<\/p>\n\n\n\n<figure class=\"wp-block-image size-large\"><img loading=\"lazy\" decoding=\"async\" width=\"915\" height=\"1024\" src=\"https:\/\/rakosliget.hu\/wordpress\/wp-content\/uploads\/2024\/12\/Muveszeti-szalon-915x1024.jpg\" alt=\"\" class=\"wp-image-12925\" srcset=\"https:\/\/rakosliget.hu\/wordpress\/wp-content\/uploads\/2024\/12\/Muveszeti-szalon-915x1024.jpg 915w, https:\/\/rakosliget.hu\/wordpress\/wp-content\/uploads\/2024\/12\/Muveszeti-szalon-268x300.jpg 268w, https:\/\/rakosliget.hu\/wordpress\/wp-content\/uploads\/2024\/12\/Muveszeti-szalon-768x860.jpg 768w, https:\/\/rakosliget.hu\/wordpress\/wp-content\/uploads\/2024\/12\/Muveszeti-szalon.jpg 1204w\" sizes=\"auto, (max-width: 915px) 100vw, 915px\" \/><\/figure>\n\n\n\n<h2 class=\"wp-block-heading\">December<\/h2>\n\n\n\n<p>H\u0151s\u00f6k Terei \u00c1ltal\u00e1nos Iskola 100<\/p>\n\n\n\n<figure class=\"wp-block-image size-large\"><img loading=\"lazy\" decoding=\"async\" width=\"994\" height=\"1024\" src=\"https:\/\/rakosliget.hu\/wordpress\/wp-content\/uploads\/2024\/12\/iskola100-_2-994x1024.jpg\" alt=\"\" class=\"wp-image-12927\" srcset=\"https:\/\/rakosliget.hu\/wordpress\/wp-content\/uploads\/2024\/12\/iskola100-_2-994x1024.jpg 994w, https:\/\/rakosliget.hu\/wordpress\/wp-content\/uploads\/2024\/12\/iskola100-_2-291x300.jpg 291w, https:\/\/rakosliget.hu\/wordpress\/wp-content\/uploads\/2024\/12\/iskola100-_2-768x792.jpg 768w, https:\/\/rakosliget.hu\/wordpress\/wp-content\/uploads\/2024\/12\/iskola100-_2-1490x1536.jpg 1490w, https:\/\/rakosliget.hu\/wordpress\/wp-content\/uploads\/2024\/12\/iskola100-_2-1987x2048.jpg 1987w\" sizes=\"auto, (max-width: 994px) 100vw, 994px\" \/><\/figure>\n\n\n\n<p>M\u0171v\u00e9szeti Szalon<\/p>\n\n\n\n<figure class=\"wp-block-image size-large\"><img loading=\"lazy\" decoding=\"async\" width=\"812\" height=\"1024\" src=\"https:\/\/rakosliget.hu\/wordpress\/wp-content\/uploads\/2024\/12\/Muveszeti-szalon2-812x1024.jpg\" alt=\"\" class=\"wp-image-12929\" srcset=\"https:\/\/rakosliget.hu\/wordpress\/wp-content\/uploads\/2024\/12\/Muveszeti-szalon2-812x1024.jpg 812w, https:\/\/rakosliget.hu\/wordpress\/wp-content\/uploads\/2024\/12\/Muveszeti-szalon2-238x300.jpg 238w, https:\/\/rakosliget.hu\/wordpress\/wp-content\/uploads\/2024\/12\/Muveszeti-szalon2-768x969.jpg 768w, https:\/\/rakosliget.hu\/wordpress\/wp-content\/uploads\/2024\/12\/Muveszeti-szalon2.jpg 1194w\" sizes=\"auto, (max-width: 812px) 100vw, 812px\" \/><\/figure>\n","protected":false},"excerpt":{"rendered":"<p>Janu\u00e1r Lak\u00f3park Febru\u00e1r Csatorn\u00e1z\u00e1s Iskolab\u0151v\u00edt\u00e9s \u00c9p\u00fcl a Csekovsazky gy\u0171jtem\u00e9ny ki\u00e1ll\u00edt\u00f3h\u00e1z. A Szabad \u00d6tletek Sz\u00ednh\u00e1za Karithy bemutat\u00f3ja Piac helyp\u00e9nz Iskolab\u0151v\u00edt\u00e9s M\u00e1rcius Jelz\u0151l\u00e1mpa R\u00e1kosligeten \u00c1prilis \u00daj iskola \u00e9p\u00fcl R\u00e1kosligeten M\u00e1jus Rabl\u00e1s a vas\u00fati meg\u00e1ll\u00f3ban \u00dczlet a piact\u00e9ren Mester \u00e9s tan\u00edtv\u00e1nya a Csek\u00f3ban J\u00fanius Bet\u00f6r\u00e9sek G\u00f3zon Sz\u00ednh\u00e1z Iskolai sz\u00ednj\u00e1tsz\u00e1s J\u00falius &#8211; augusztus \u00c1cs J\u00f3zsef d\u00edszpolg\u00e1r Parkol\u00f3 a Liget &hellip; <a href=\"https:\/\/rakosliget.hu\/wordpress\/index.php\/hirhozo-2003\/\" class=\"more-link\"><span class=\"screen-reader-text\">H\u00edrhoz\u00f3 2003<\/span> r\u00e9szletei&#8230;<\/a><\/p>\n","protected":false},"author":1,"featured_media":0,"parent":0,"menu_order":0,"comment_status":"closed","ping_status":"closed","template":"","meta":{"footnotes":""},"class_list":["post-12878","page","type-page","status-publish","hentry"],"_links":{"self":[{"href":"https:\/\/rakosliget.hu\/wordpress\/index.php\/wp-json\/wp\/v2\/pages\/12878","targetHints":{"allow":["GET"]}}],"collection":[{"href":"https:\/\/rakosliget.hu\/wordpress\/index.php\/wp-json\/wp\/v2\/pages"}],"about":[{"href":"https:\/\/rakosliget.hu\/wordpress\/index.php\/wp-json\/wp\/v2\/types\/page"}],"author":[{"embeddable":true,"href":"https:\/\/rakosliget.hu\/wordpress\/index.php\/wp-json\/wp\/v2\/users\/1"}],"replies":[{"embeddable":true,"href":"https:\/\/rakosliget.hu\/wordpress\/index.php\/wp-json\/wp\/v2\/comments?post=12878"}],"version-history":[{"count":22,"href":"https:\/\/rakosliget.hu\/wordpress\/index.php\/wp-json\/wp\/v2\/pages\/12878\/revisions"}],"predecessor-version":[{"id":12930,"href":"https:\/\/rakosliget.hu\/wordpress\/index.php\/wp-json\/wp\/v2\/pages\/12878\/revisions\/12930"}],"wp:attachment":[{"href":"https:\/\/rakosliget.hu\/wordpress\/index.php\/wp-json\/wp\/v2\/media?parent=12878"}],"curies":[{"name":"wp","href":"https:\/\/api.w.org\/{rel}","templated":true}]}}