{"id":1271,"date":"2018-03-23T06:26:15","date_gmt":"2018-03-23T05:26:15","guid":{"rendered":"http:\/\/rakosliget.hu\/wordpress\/?page_id=1271"},"modified":"2018-03-23T06:26:15","modified_gmt":"2018-03-23T05:26:15","slug":"virag-adam","status":"publish","type":"page","link":"https:\/\/rakosliget.hu\/wordpress\/index.php\/virag-adam\/","title":{"rendered":"Vir\u00e1g \u00c1d\u00e1m"},"content":{"rendered":"<h1 align=\"left\">Vir\u00e1g \u00c1d\u00e1m<\/h1>\n<h2 align=\"left\">(Kisl\u0151d, 1887-?)<\/h2>\n<h2 align=\"left\">a R\u00e1kosligeti Nemzeti Bizotts\u00e1g tagja, <span data-canvas-width=\"230.33674225545508\">k\u00f6zs\u00e9gi el\u00f6lj\u00e1r\u00f3s\u00e1g <\/span><span data-canvas-width=\"30.159173298563065\">tag<\/span><\/h2>\n<p align=\"left\">\n<p align=\"left\"><span data-canvas-width=\"59.97439444065993\">Vir\u00e1g \u00c1d\u00e1m<\/span><span data-canvas-width=\"174.01005094784463\"> , M\u00c1V-alkalma<\/span><span data-canvas-width=\"228.8031811367749\">zott. 1945-t\u0151l az F\u00fcggetlen Kisgazda P\u00e1rt tagja,<\/span><span data-canvas-width=\"226.40973962692925\"> a R\u00e1kosi \u00e1llom\u00e1s el\u00f6lj\u00e1r\u00f3ja. 1947-1949<\/span><span data-canvas-width=\"226.0735457897818\">-ben a R\u00e1kosligeti Nemzeti Bizotts\u00e1g tagja, 1948-t\u00f3l alel<\/span><span data-canvas-width=\"230.33674225545508\">n\u00f6ke, 1947-1949-ben a k\u00f6zs\u00e9gi el\u00f6lj\u00e1r\u00f3s\u00e1g <\/span><span data-canvas-width=\"30.159173298563065\">tagja. <\/span><\/p>\n","protected":false},"excerpt":{"rendered":"<p>Vir\u00e1g \u00c1d\u00e1m (Kisl\u0151d, 1887-?) a R\u00e1kosligeti Nemzeti Bizotts\u00e1g tagja, k\u00f6zs\u00e9gi el\u00f6lj\u00e1r\u00f3s\u00e1g tag Vir\u00e1g \u00c1d\u00e1m , M\u00c1V-alkalmazott. 1945-t\u0151l az F\u00fcggetlen Kisgazda P\u00e1rt tagja, a R\u00e1kosi \u00e1llom\u00e1s el\u00f6lj\u00e1r\u00f3ja. 1947-1949-ben a R\u00e1kosligeti Nemzeti Bizotts\u00e1g tagja, 1948-t\u00f3l aleln\u00f6ke, 1947-1949-ben a k\u00f6zs\u00e9gi el\u00f6lj\u00e1r\u00f3s\u00e1g tagja.<\/p>\n","protected":false},"author":1,"featured_media":0,"parent":0,"menu_order":0,"comment_status":"closed","ping_status":"closed","template":"","meta":{"footnotes":""},"class_list":["post-1271","page","type-page","status-publish","hentry"],"_links":{"self":[{"href":"https:\/\/rakosliget.hu\/wordpress\/index.php\/wp-json\/wp\/v2\/pages\/1271","targetHints":{"allow":["GET"]}}],"collection":[{"href":"https:\/\/rakosliget.hu\/wordpress\/index.php\/wp-json\/wp\/v2\/pages"}],"about":[{"href":"https:\/\/rakosliget.hu\/wordpress\/index.php\/wp-json\/wp\/v2\/types\/page"}],"author":[{"embeddable":true,"href":"https:\/\/rakosliget.hu\/wordpress\/index.php\/wp-json\/wp\/v2\/users\/1"}],"replies":[{"embeddable":true,"href":"https:\/\/rakosliget.hu\/wordpress\/index.php\/wp-json\/wp\/v2\/comments?post=1271"}],"version-history":[{"count":1,"href":"https:\/\/rakosliget.hu\/wordpress\/index.php\/wp-json\/wp\/v2\/pages\/1271\/revisions"}],"predecessor-version":[{"id":1272,"href":"https:\/\/rakosliget.hu\/wordpress\/index.php\/wp-json\/wp\/v2\/pages\/1271\/revisions\/1272"}],"wp:attachment":[{"href":"https:\/\/rakosliget.hu\/wordpress\/index.php\/wp-json\/wp\/v2\/media?parent=1271"}],"curies":[{"name":"wp","href":"https:\/\/api.w.org\/{rel}","templated":true}]}}