{"id":1268,"date":"2018-03-23T06:25:18","date_gmt":"2018-03-23T05:25:18","guid":{"rendered":"http:\/\/rakosliget.hu\/wordpress\/?page_id=1268"},"modified":"2018-03-23T06:25:18","modified_gmt":"2018-03-23T05:25:18","slug":"vegvari-denes","status":"publish","type":"page","link":"https:\/\/rakosliget.hu\/wordpress\/index.php\/vegvari-denes\/","title":{"rendered":"V\u00e9gv\u00e1ri D\u00e9nes"},"content":{"rendered":"<h1 align=\"left\"><span data-canvas-width=\"88.94214111258279\">V\u00e9gv\u00e1ri D\u00e9nes <\/span><\/h1>\n<h2 align=\"left\"><span data-canvas-width=\"88.94214111258279\">(<\/span><span data-canvas-width=\"57.01363319205298\">R\u00e1kosliget<\/span><span data-canvas-width=\"105.24481160264901\">, 1919-1964)<\/span><\/h2>\n<h2 align=\"left\">a r\u00e1kosligeti a k\u00e9pvisel\u0151-test\u00fclet tagja<\/h2>\n<p align=\"left\">\n<p align=\"left\"><span data-canvas-width=\"262.8700221833911\">Tisztvisel\u0151. 1945-t\u0151l az NPP tagja. 1945 ut\u00e1n k\u00f6zell\u00e1t\u00e1si ellen\u0151r. 1947-1949-ben a R\u00e1kosligeti Nemzeti Bizotts\u00e1g \u00e9s k\u00e9pvisel\u0151-test\u00fclet tagja.<\/p>\n<p><\/span><\/p>\n","protected":false},"excerpt":{"rendered":"<p>V\u00e9gv\u00e1ri D\u00e9nes (R\u00e1kosliget, 1919-1964) a r\u00e1kosligeti a k\u00e9pvisel\u0151-test\u00fclet tagja Tisztvisel\u0151. 1945-t\u0151l az NPP tagja. 1945 ut\u00e1n k\u00f6zell\u00e1t\u00e1si ellen\u0151r. 1947-1949-ben a R\u00e1kosligeti Nemzeti Bizotts\u00e1g \u00e9s k\u00e9pvisel\u0151-test\u00fclet tagja.<\/p>\n","protected":false},"author":1,"featured_media":0,"parent":0,"menu_order":0,"comment_status":"closed","ping_status":"closed","template":"","meta":{"footnotes":""},"class_list":["post-1268","page","type-page","status-publish","hentry"],"_links":{"self":[{"href":"https:\/\/rakosliget.hu\/wordpress\/index.php\/wp-json\/wp\/v2\/pages\/1268","targetHints":{"allow":["GET"]}}],"collection":[{"href":"https:\/\/rakosliget.hu\/wordpress\/index.php\/wp-json\/wp\/v2\/pages"}],"about":[{"href":"https:\/\/rakosliget.hu\/wordpress\/index.php\/wp-json\/wp\/v2\/types\/page"}],"author":[{"embeddable":true,"href":"https:\/\/rakosliget.hu\/wordpress\/index.php\/wp-json\/wp\/v2\/users\/1"}],"replies":[{"embeddable":true,"href":"https:\/\/rakosliget.hu\/wordpress\/index.php\/wp-json\/wp\/v2\/comments?post=1268"}],"version-history":[{"count":1,"href":"https:\/\/rakosliget.hu\/wordpress\/index.php\/wp-json\/wp\/v2\/pages\/1268\/revisions"}],"predecessor-version":[{"id":1269,"href":"https:\/\/rakosliget.hu\/wordpress\/index.php\/wp-json\/wp\/v2\/pages\/1268\/revisions\/1269"}],"wp:attachment":[{"href":"https:\/\/rakosliget.hu\/wordpress\/index.php\/wp-json\/wp\/v2\/media?parent=1268"}],"curies":[{"name":"wp","href":"https:\/\/api.w.org\/{rel}","templated":true}]}}