{"id":1265,"date":"2018-03-23T06:23:59","date_gmt":"2018-03-23T05:23:59","guid":{"rendered":"http:\/\/rakosliget.hu\/wordpress\/?page_id=1265"},"modified":"2018-03-23T06:23:59","modified_gmt":"2018-03-23T05:23:59","slug":"vandorfi-jozsef","status":"publish","type":"page","link":"https:\/\/rakosliget.hu\/wordpress\/index.php\/vandorfi-jozsef\/","title":{"rendered":"V\u00e1ndorfi J\u00f3zsef"},"content":{"rendered":"<h1 align=\"left\">V\u00e1ndorfi J\u00f3zsef<\/h1>\n<h2 align=\"left\">(Esztergom, 1909)<\/h2>\n<h2 align=\"left\">R\u00e1kosliget Nemzeti Bizotts\u00e1g tag,<span data-canvas-width=\"139.34192123302265\"> a k\u00e9pvisel\u0151-test\u00fclet<\/span> tagja<\/h2>\n<p align=\"left\"><span data-canvas-width=\"238.60114707190422\">, tap\u00e9t\u00e1z\u00f3. <\/span><span data-canvas-width=\"226.34233840213054\">1938-t\u00f3l az SZDP (MDP) tagja, a felszaba<\/span><span data-canvas-width=\"101.80231097603198\">dul\u00e1s ut\u00e1n az SZDP <\/span><span data-canvas-width=\"52.21344433422106\">r\u00e1kosligeti<\/span><span data-canvas-width=\"74.77006621704395\"> szervezet\u00e9nek <\/span><span data-canvas-width=\"227.42243814247672\">titk\u00e1ra. 1925-t\u0151l r\u00e9szt vett a TTE munk\u00e1j\u00e1<\/span><span data-canvas-width=\"229.64214012383493\">ban. 1945 ut\u00e1n kisiparos, majd <\/span><span data-canvas-width=\"227.35388091344882\">az \u00c1llami \u00c1ruh\u00e1zak dolgoz\u00f3ja. 1945-1947-<\/span><span data-canvas-width=\"31.28149942609854\">ben a <\/span><span data-canvas-width=\"56.35792285885487\">R\u00e1kosligeti<\/span><span data-canvas-width=\"139.34192123302265\"> Nemzeti Bizotts\u00e1g, 1945-1949-ben a k\u00e9pvisel\u0151-test\u00fclet<\/span><span data-canvas-width=\"170.55874402796277\"> tagja. &#8211; Nyugd\u00edjas. <\/span><\/p>\n","protected":false},"excerpt":{"rendered":"<p>V\u00e1ndorfi J\u00f3zsef (Esztergom, 1909) R\u00e1kosliget Nemzeti Bizotts\u00e1g tag, a k\u00e9pvisel\u0151-test\u00fclet tagja , tap\u00e9t\u00e1z\u00f3. 1938-t\u00f3l az SZDP (MDP) tagja, a felszabadul\u00e1s ut\u00e1n az SZDP r\u00e1kosligeti szervezet\u00e9nek titk\u00e1ra. 1925-t\u0151l r\u00e9szt vett a TTE munk\u00e1j\u00e1ban. 1945 ut\u00e1n kisiparos, majd az \u00c1llami \u00c1ruh\u00e1zak dolgoz\u00f3ja. 1945-1947-ben a R\u00e1kosligeti Nemzeti Bizotts\u00e1g, 1945-1949-ben a k\u00e9pvisel\u0151-test\u00fclet tagja. &#8211; Nyugd\u00edjas.<\/p>\n","protected":false},"author":1,"featured_media":0,"parent":0,"menu_order":0,"comment_status":"closed","ping_status":"closed","template":"","meta":{"footnotes":""},"class_list":["post-1265","page","type-page","status-publish","hentry"],"_links":{"self":[{"href":"https:\/\/rakosliget.hu\/wordpress\/index.php\/wp-json\/wp\/v2\/pages\/1265","targetHints":{"allow":["GET"]}}],"collection":[{"href":"https:\/\/rakosliget.hu\/wordpress\/index.php\/wp-json\/wp\/v2\/pages"}],"about":[{"href":"https:\/\/rakosliget.hu\/wordpress\/index.php\/wp-json\/wp\/v2\/types\/page"}],"author":[{"embeddable":true,"href":"https:\/\/rakosliget.hu\/wordpress\/index.php\/wp-json\/wp\/v2\/users\/1"}],"replies":[{"embeddable":true,"href":"https:\/\/rakosliget.hu\/wordpress\/index.php\/wp-json\/wp\/v2\/comments?post=1265"}],"version-history":[{"count":1,"href":"https:\/\/rakosliget.hu\/wordpress\/index.php\/wp-json\/wp\/v2\/pages\/1265\/revisions"}],"predecessor-version":[{"id":1266,"href":"https:\/\/rakosliget.hu\/wordpress\/index.php\/wp-json\/wp\/v2\/pages\/1265\/revisions\/1266"}],"wp:attachment":[{"href":"https:\/\/rakosliget.hu\/wordpress\/index.php\/wp-json\/wp\/v2\/media?parent=1265"}],"curies":[{"name":"wp","href":"https:\/\/api.w.org\/{rel}","templated":true}]}}