{"id":1257,"date":"2018-03-23T06:18:02","date_gmt":"2018-03-23T05:18:02","guid":{"rendered":"http:\/\/rakosliget.hu\/wordpress\/?page_id=1257"},"modified":"2021-03-21T16:31:57","modified_gmt":"2021-03-21T15:31:57","slug":"ucsnay-erno","status":"publish","type":"page","link":"https:\/\/rakosliget.hu\/wordpress\/index.php\/ucsnay-erno\/","title":{"rendered":"Ucsnay Ern\u0151"},"content":{"rendered":"\n<div class=\"wp-block-image\"><figure class=\"aligncenter size-large\"><img loading=\"lazy\" decoding=\"async\" width=\"409\" height=\"600\" src=\"http:\/\/rakosliget.hu\/wordpress\/wp-content\/uploads\/2021\/03\/ucsnay-erno_nagy.jpg\" alt=\"\" class=\"wp-image-9143\" srcset=\"https:\/\/rakosliget.hu\/wordpress\/wp-content\/uploads\/2021\/03\/ucsnay-erno_nagy.jpg 409w, https:\/\/rakosliget.hu\/wordpress\/wp-content\/uploads\/2021\/03\/ucsnay-erno_nagy-205x300.jpg 205w\" sizes=\"auto, (max-width: 409px) 100vw, 409px\" \/><\/figure><\/div>\n\n\n<h1 align=\"left\">\u00f6lvedi Ucsnay Ern\u0151<\/h1>\n<h2 align=\"left\"><strong>(<\/strong><strong>1857 \u2013 1940. janu\u00e1r 4., R\u00e1kosliget, ma Budapest XVII. ker\u00fclet)<\/strong><\/h2>\n<p>\u00a0<\/p>\n<div align=\"center\">\u00a0<\/div>\n<p>F\u0151jegyz\u0151, majd Trencs\u00e9n utols\u00f3 magyar polg\u00e1rmestere.<\/p>\n<p>A Magyar Iparm\u0171v\u00e9szeti T\u00e1rsulat tagja (1903).<\/p>\n<h2>A trencs\u00e9ni Hunnia eml\u00e9km\u0171<\/h2>\n<p><img loading=\"lazy\" decoding=\"async\" class=\"alignnone size-medium wp-image-1260\" src=\"http:\/\/rakosliget.hu\/wordpress\/wp-content\/uploads\/2018\/03\/hunnia-218x300.jpg\" alt=\"\" width=\"218\" height=\"300\" srcset=\"https:\/\/rakosliget.hu\/wordpress\/wp-content\/uploads\/2018\/03\/hunnia-218x300.jpg 218w, https:\/\/rakosliget.hu\/wordpress\/wp-content\/uploads\/2018\/03\/hunnia.jpg 364w\" sizes=\"auto, (max-width: 218px) 100vw, 218px\" \/><br \/>Forr\u00e1s: <a href=\"http:\/\/hu.wikipedia.org\/wiki\/Trencs\u00e9ni_v\u00e1r\">Wikipedia<\/a><\/p>\n<p>Kara szoborm\u0171v\u00e9nek leleplez\u00e9se.<br \/>Kara Mih\u00e1ly szobr\u00e1szm\u0171v\u00e9sz, aki mint harct\u00e9ri beteg huzamosabb ideig n\u00e1luk is tart\u00f3zkodott, a trencs\u00e9ni v\u00e1r alatti szikla fal\u00e1ba a vil\u00e1gh\u00e1bor\u00fa trencs\u00e9ni h\u0151seinek eml\u00e9k\u00e9re domborm\u0171vet v\u00e9sett. Az eml\u00e9km\u0171vet szerd\u00e1n, okt\u00f3ber 4-\u00e9n d. e. f\u00e9l 12 \u00f3rakor fogj\u00e1k leleplezni a k\u00f6vetkez\u0151 \u00fcnnepi sorrend mellett: Hymnus, \u00e9nekli a honv\u00e9d \u00f6nk\u00e9ntesek \u00e9nekkara. &#8211; Szalavszky Gyula v. b. t. t. Trencs\u00e9n megye f\u0151isp\u00e1nja \u00fcnnepi besz\u00e9d k\u00eds\u00e9ret\u00e9ben leleplezi az eml\u00e9km\u0171vet \u00e9s \u00e1tadja a v\u00e1rosnak. &#8211; <strong>Ucsnay Ern\u0151<\/strong> kir. tan. polg\u00e1rmester \u00e1tveszi az eml\u00e9km\u0171vet a v\u00e1ros nev\u00e9ben. &#8211; Sz\u00f3zat, \u00e9nekli a honv\u00e9d \u00f6nk\u00e9ntesek \u00e9nekkara.<br \/>(V\u00e1gv\u00f6lgyi Lap 1916. okt\u00f3ber 1., 2)<\/p>\n<p>Ucsnay Ern\u0151 polg\u00e1rmester, Trencs\u00e9n szab. kir. v\u00e1ros nev\u00e9ben k\u00f6vetkez\u0151 besz\u00e9d k\u00eds\u00e9ret\u00e9ben vette \u00e1t az eml\u00e9km\u0171vet:<br \/>Nagym\u00e9lt\u00f3s\u00e1g\u00fa eml\u00e9km\u0171bizotts\u00e1gi Eln\u00f6k \u00dar!<br \/>Tisztelt Polg\u00e1rt\u00e1rsak!<br \/>\u0150 Nagym\u00e9lt\u00f3s\u00e1ga l\u00e1ngol\u00f3 hazaszeretet\u00e9t\u0151l sugalt var\u00e1zserej\u0171 sz\u00f3noklat\u00e1t\u00f3l meghatva, m\u00e9ly h\u00e1l\u00e1val \u00e9s hazafias felbuzdul\u00e1ssal veszem \u00e1t e d\u00edszes eml\u00e9km\u0171vet Trencs\u00e9n sz. kir. v\u00e1ros gondoz\u00e1s\u00e1ba.<br \/>M\u00e9ly h\u00e1l\u00e1m sz\u00f3l \u0150 Nagym\u00e9lt\u00f3s\u00e1g\u00e1nak, az eml\u00e9km\u0171bizotts\u00e1g eln\u00f6k\u00e9nek, m\u00e9lt\u00f3s\u00e1gos Sir J\u00f3zsef ezredes \u00farnak, az eml\u00e9km\u0171 megval\u00f3s\u00edt\u00f3j\u00e1nak \u00e9s az eml\u00e9km\u0171bizotts\u00e1g \u00f6sszes tagjainak, hogy h\u00e1ziezredeink sor\u00e1b\u00f3l a haz\u00e1\u00e9rt \u00e9s a kir\u00e1ly\u00e9rt vit\u00e9z\u00fcl harcolt \u00e9s h\u0151si hal\u00e1lt halt fiainknak ilyen d\u00edszes \u00e9s maradand\u00f3 eml\u00e9km\u0171vet l\u00e9tes\u00edtettek, m\u00e9ly h\u00e1l\u00e1m sz\u00f3l a nagy\u00e9rdem\u0171 k\u00f6z\u00f6ns\u00e9gnek, hogy \u00e1ldozatk\u00e9szs\u00e9g\u00e9vel, anyagi hozz\u00e1j\u00e1rul\u00e1s\u00e1val az eml\u00e9km\u0171 l\u00e9tes\u00edt\u00e9s\u00e9t lehet\u0151v\u00e9 tette.<br \/>Trencs\u00e9n sz. kir v\u00e1ros k\u00f6z\u00f6ns\u00e9ge, Nagym\u00e9lt\u00f3s\u00e1god \u00f3haj\u00e1nak megfelelve, ezen eml\u00e9km\u0171vet mindenkor nagy tiszteletben \u00e9s megbecs\u00fcl\u00e9sben fogja tartani, mert ez az eml\u00e9km\u0171, mik\u00e9nt azt Nagym\u00e9lt\u00f3s\u00e1god n\u00e1lamn\u00e1l sokkal \u00e9kesebb szavakban kifejezni m\u00e9lt\u00f3ztatott, id\u0151tlen-id\u0151kig fiaink<br \/>vit\u00e9zs\u00e9g\u00e9nek, harci elsz\u00e1nts\u00e1g\u00e1nak \u00e9s diadal\u00e1nak lesz hirdet\u0151je, mert ez az eml\u00e9km\u0171 nemzed\u00e9kr\u0151l nemzed\u00e9kre \u00e1polni \u00e9s meg\u0151rizni fogja kegyeletes h\u00e1l\u00e1nk \u00e9rzelmeit azok ir\u00e1nt, kik igazs\u00e1gos \u00fcgy\u00fcnk\u00e9rt, \u00e1llami f\u00f6nnmarad\u00e1sunk\u00e9rt, j\u00f6v\u0151 boldogul\u00e1sunk\u00e9rt legdr\u00e1g\u00e1bb, nem p\u00f3tolhat\u00f3 kincs\u00fcket, &#8211; \u00e9let\u00fcket fel\u00e1ldozt\u00e1k, mert ez az eml\u00e9km\u0171 jelenlegi megpr\u00f3b\u00e1ltat\u00e1sunkhoz hasonl\u00f3 szenved\u00e9sek k\u00f6z\u00f6tt \u00e9leszteni \u00e9s fokozni fogja hazaszeretet\u00fcnk t\u00fcz\u00e9t, jellem\u00fcnk szil\u00e1rds\u00e1g\u00e1t, \u00e1ldozatk\u00e9szs\u00e9g\u00fcnk hat\u00e1rtalans\u00e1g\u00e9t, egy\u00fcv\u00e9tartoz\u00e1sunk er\u0151s kapcs\u00e1t, munk\u00e1ban val\u00f3 ernyedetlen kitart\u00e1sunkat, egy jobb j\u00f6v\u0151be vetett hit\u00fcnket, gy\u0151zelembe fektetett megingathatatlan bizalmunkat.<br \/>Tisztelt Polg\u00e1rt\u00e1rsak!<br \/>A d\u00edszes eml\u00e9km\u0171be v\u00e9sett k\u00e9t \u00e9v h\u00e1bor\u00faja alatt, \u0151si er\u00e9nyeinkt\u0151l v\u00e9rtezve, vit\u00e9zs\u00e9g\u00fcnkkel, b\u00e1tors\u00e1gunkkal \u00e9s elsz\u00e1nts\u00e1gunkkal a fronton, megfesz\u00edtett munk\u00e1val \u00e9s \u00e1ldozatk\u00e9szs\u00e9ggel a front m\u00f6g\u00f6tt kimutattuk a vil\u00e1g el\u0151tt, hogy minket elvesz\u00edteni nem lehet. Esk\u00fcdj\u00e9k b\u00e1r ellen\u00fcnk minden \u00e9s mindenki, nem fog b\u00edrni vel\u00fcnk senki! Ha egy pillanatra n\u00e9ha-n\u00e9ha meg is kell inognunk, a k\u00f6vetkez\u0151 percben ann\u00e1l er\u0151sebben \u00e9s kem\u00e9nyebben \u00e1llunk talpra, hogy igaz \u00fcgy\u00fcnk diadal\u00e1t el\u0151bbre vigy\u00fck.<br \/>Tisztelt Polg\u00e1rt\u00e1rsak!<br \/>\u00c9rezz\u00fck, hogy a d\u00fal\u00f3 vil\u00e1gh\u00e1bor\u00faban \u00e9let\u00fcnkr\u0151l van sz\u00f3. Ellens\u00e9geink a h\u00e1bor\u00fat abba nem hagyj\u00e1k, mert \u00e9let\u00fcnket akarj\u00e1k. &#8211; Mi sem hagyhatjuk abba. Lankadni mi sem fogunk, mert lankadnunk nem szabad! Az els\u0151 nap hev\u00e9vel, lend\u00fclet\u00e9vel \u00e9s rugalmass\u00e1g\u00e1val folytatni fogjuk a h\u00e1bor\u00fat addig, am\u00edg le nem mondunk arr\u00f3l, hogy \u00e9lni akarunk, hogy \u00e9lni szeret\u00fcnk.<br \/>Tisztelt Polg\u00e1rt\u00e1rsak!<br \/>H\u0151si hal\u00e1lt halt fiaink eml\u00e9k\u00e9nek szentelte helyen fogadjuk, hogy a gy\u0151zelemig fogunk harcolni, &#8211; mert tudjuk, hogy csak a gy\u0151zelem adhatja meg nek\u00fcnk a tisztess\u00e9ges \u00e9s becs\u00fcletes b\u00e9k\u00e9t, mert \u00e9rezz\u00fck, hogy csak a gy\u0151zelm\u00fcnk\u00f6n \u00e9p\u00fclhet fel az az \u00faj vil\u00e1grend, melynek fentart\u00f3 oszlopai az igazs\u00e1g, a becs\u00fcletess\u00e9g, az emberszeretet \u00e9s a kultur\u00e1lis halad\u00e1s lesznek, mert meg vagyunk gy\u0151z\u0151dve arr\u00f3l, hogy csak gy\u0151zelm\u00fcnk fogja biztos\u00edtani \u00e1llami fennmarad\u00e1sunkat, haz\u00e1nk \u00e9s nemzet\u00fcnk nagys\u00e1g\u00e1t, \u00f6n\u00e1ll\u00f3s\u00e1g\u00e1t \u00e9s f\u00fcggetlens\u00e9g\u00e9t!<br \/>Tisztelt Polg\u00e1rt\u00e1rsak!<br \/>A mai \u00fcnnep\u00e9lyes napon, ezen eml\u00e9km\u0171 leleplez\u00e9se \u00e9s \u00e1tad\u00e1sa napj\u00e1n fogadjuk \u00e9s orsz\u00e1g-vil\u00e1g el\u0151tt hirdess\u00fck, hogy magasztosabb, \u00e9rt\u00e9kesebb jelszavunk nem lesz, mint t\u00e1ntor\u00edthatatlan kitart\u00e1s a v\u00e9gs\u0151 gy\u0151zelemig!<br \/>Igazs\u00e1gos \u00fcgy\u00fcnkbe vetett er\u0151s hittel, vit\u00e9z hadsereg\u00fcnk \u00e9s sz\u00f6vets\u00e9geseink megt\u00f6rhetetlen erej\u00e9be fektetett igaz bizalommal k\u00e9rj\u00fck most \u00e9s k\u00e9rni fogjuk sz\u00fcntelen\u00fcl a vil\u00e1gok sors\u00e1t int\u00e9z\u0151 Isteni Gondvisel\u00e9st, hogy v\u00e9gleges gy\u0151zelm\u00fcnket siettesse! Nagym\u00e9lt\u00f3s\u00e1g\u00fa eml\u00e9km\u0171bizotts\u00e1gi Eln\u00f6k \u00dar! Nagym\u00e9lt\u00f3s\u00e1god felh\u00edv\u00e1s\u00e1nak engedve az eml\u00e9km\u0171vet azon h\u0151 \u00f3hajjal veszem \u00e1t Trencs\u00e9n sz. kir. v\u00e1ros gondoz\u00e1s\u00e1ba: hogy am\u00edg ez az eml\u00e9k \u00e1ll, legyen \u00e1ld\u00e1s a haz\u00e1n \u00e9s annak minden h\u00fc polg\u00e1r\u00e1n, &#8211; hogy am\u00edg ez az eml\u00e9k \u00e1ll, \u00e9ljen h\u00e1l\u00e1nk, kegyelet\u00fcnk \u00e9s el\u00e9ismer\u00e9s\u00fcnk elesett h\u0151s fiaink ir\u00e1nt, &#8211; hogy am\u00edg ez az eml\u00e9k \u00e1ll, az \u00f6nfel\u00e1ldoz\u00e1sra k\u00e9sztet\u0151 hazaszeretet hat\u00f3, alkot\u00f3 \u00e9s gyarap\u00edt\u00f3 ereje dobogtassa sz\u00edveinket.<br \/>\u00c9ljen a haza! \u00c9ljen a Kir\u00e1ly! Gy\u0151zz\u00f6n hadsereg\u00fcnk!<br \/>A m\u00e9ly gondolatj\u00e1r\u00e1s\u00fa \u00e9s felemel\u0151 besz\u00e9det a honv. tart. tisztiiskola n\u00f6vend\u00e9keinek \u201eK\u00e1rp\u00e1tok b\u00e9rcein\u201d kezdet\u0171 dala k\u00f6vette, mely nagyszer\u0171en hangzott a n\u00e9gyessz\u00f3lam\u00e1val a v\u00e1rszikla alatt. A d\u00edszt\u0171z ut\u00e1n az eg\u00e9sz k\u00f6z\u00f6ns\u00e9g a Hymnust \u00e9nekelte, mellyel tulajdonk\u00e9ppen le is z\u00e1r\u00f3dott az \u00fcnnep\u00e9ly, mert a katonai d\u00edszmenet a jelenl\u00e9v\u0151 legmagasabb katonai parancsnoknak, Schultheiss Emil alt\u00e1bornagynak sz\u00f3lt.<br \/>Trencs\u00e9n \u00fajra gazdagabb \u00e9s \u00e9rt\u00e9kesebb lett. A m\u00falt megf\u00e9leml\u00edt\u0151 nagys\u00e1ga alatt egy m\u00e9retekben szer\u00e9nyebb m\u0171v\u00e9szi alkot\u00e1s vonul meg, egy\u00fctt hirdetve fennmarad\u00e1sunknak biztos\u00edt\u00e1s\u00e1ra kifejtett er\u0151inket \u00e9s tehets\u00e9g\u00fcnket.<br \/>(V\u00e1gv\u00f6lgyi Lap 1916. okt\u00f3ber 8., 1\u20132)<\/p>\n<h2><a href=\"http:\/\/real-j.mtak.hu\/10672\/1\/MTA_TrencsenVmTermTudEgyletEvkonyve_1886.pdf\">Trencs\u00e9n V\u00e1rmegyei Term\u00e9szettudom\u00e1nyi Egylet tagja, az egylet \u00e9vk\u00f6nyv\u00e9nek szerkeszt\u0151je.<\/a><\/h2>\n<h2>Trencs\u00e9ni \u00c1llat-, \u00e9s Mad\u00e1rv\u00e9d\u0151 Egyes\u00fclet<\/h2>\n<p>Mint polg\u00e1rmester, k\u00f6zrem\u0171k\u00f6dik az Egyes\u00fclet l\u00e9trehoz\u00e1s\u00e1ban \/1912\/.<\/p>\n<p>\u00a0<\/p>\n\n\n<figure class=\"wp-block-image\"><img loading=\"lazy\" decoding=\"async\" width=\"822\" height=\"1024\" src=\"http:\/\/rakosliget.hu\/wordpress\/wp-content\/uploads\/2019\/09\/allatvedelem_1912_11-4-822x1024.jpg\" alt=\"\" class=\"wp-image-2667\" srcset=\"https:\/\/rakosliget.hu\/wordpress\/wp-content\/uploads\/2019\/09\/allatvedelem_1912_11-4-822x1024.jpg 822w, https:\/\/rakosliget.hu\/wordpress\/wp-content\/uploads\/2019\/09\/allatvedelem_1912_11-4-241x300.jpg 241w, https:\/\/rakosliget.hu\/wordpress\/wp-content\/uploads\/2019\/09\/allatvedelem_1912_11-4-768x956.jpg 768w, https:\/\/rakosliget.hu\/wordpress\/wp-content\/uploads\/2019\/09\/allatvedelem_1912_11-4.jpg 1024w\" sizes=\"auto, (max-width: 822px) 100vw, 822px\" \/><\/figure>\n","protected":false},"excerpt":{"rendered":"<p>\u00f6lvedi Ucsnay Ern\u0151 (1857 \u2013 1940. janu\u00e1r 4., R\u00e1kosliget, ma Budapest XVII. ker\u00fclet) \u00a0 \u00a0 F\u0151jegyz\u0151, majd Trencs\u00e9n utols\u00f3 magyar polg\u00e1rmestere. A Magyar Iparm\u0171v\u00e9szeti T\u00e1rsulat tagja (1903). A trencs\u00e9ni Hunnia eml\u00e9km\u0171 Forr\u00e1s: Wikipedia Kara szoborm\u0171v\u00e9nek leleplez\u00e9se.Kara Mih\u00e1ly szobr\u00e1szm\u0171v\u00e9sz, aki mint harct\u00e9ri beteg huzamosabb ideig n\u00e1luk is tart\u00f3zkodott, a trencs\u00e9ni v\u00e1r alatti szikla fal\u00e1ba a vil\u00e1gh\u00e1bor\u00fa &hellip; <a href=\"https:\/\/rakosliget.hu\/wordpress\/index.php\/ucsnay-erno\/\" class=\"more-link\"><span class=\"screen-reader-text\">Ucsnay Ern\u0151<\/span> r\u00e9szletei&#8230;<\/a><\/p>\n","protected":false},"author":1,"featured_media":0,"parent":0,"menu_order":0,"comment_status":"closed","ping_status":"closed","template":"","meta":{"footnotes":""},"class_list":["post-1257","page","type-page","status-publish","hentry"],"_links":{"self":[{"href":"https:\/\/rakosliget.hu\/wordpress\/index.php\/wp-json\/wp\/v2\/pages\/1257","targetHints":{"allow":["GET"]}}],"collection":[{"href":"https:\/\/rakosliget.hu\/wordpress\/index.php\/wp-json\/wp\/v2\/pages"}],"about":[{"href":"https:\/\/rakosliget.hu\/wordpress\/index.php\/wp-json\/wp\/v2\/types\/page"}],"author":[{"embeddable":true,"href":"https:\/\/rakosliget.hu\/wordpress\/index.php\/wp-json\/wp\/v2\/users\/1"}],"replies":[{"embeddable":true,"href":"https:\/\/rakosliget.hu\/wordpress\/index.php\/wp-json\/wp\/v2\/comments?post=1257"}],"version-history":[{"count":8,"href":"https:\/\/rakosliget.hu\/wordpress\/index.php\/wp-json\/wp\/v2\/pages\/1257\/revisions"}],"predecessor-version":[{"id":9145,"href":"https:\/\/rakosliget.hu\/wordpress\/index.php\/wp-json\/wp\/v2\/pages\/1257\/revisions\/9145"}],"wp:attachment":[{"href":"https:\/\/rakosliget.hu\/wordpress\/index.php\/wp-json\/wp\/v2\/media?parent=1257"}],"curies":[{"name":"wp","href":"https:\/\/api.w.org\/{rel}","templated":true}]}}