{"id":1254,"date":"2018-03-23T06:16:48","date_gmt":"2018-03-23T05:16:48","guid":{"rendered":"http:\/\/rakosliget.hu\/wordpress\/?page_id=1254"},"modified":"2018-03-23T06:16:48","modified_gmt":"2018-03-23T05:16:48","slug":"toth-ferenc","status":"publish","type":"page","link":"https:\/\/rakosliget.hu\/wordpress\/index.php\/toth-ferenc\/","title":{"rendered":"T\u00f3th Ferenc"},"content":{"rendered":"<h1 align=\"left\"><span data-canvas-width=\"95.8438015038595\">T\u00f3th Ferenc<\/span><\/h1>\n<h2 align=\"left\"><span data-canvas-width=\"237.55635692174613\">(Szigetmonostor, 1904-1963)<\/span><\/h2>\n<h2 align=\"left\">a r\u00e1kosligeti <span data-canvas-width=\"221.85977680436528\">k\u00e9pvisel\u0151-test\u00fclet<\/span> tagja<\/h2>\n<p align=\"left\">\n<p align=\"left\">T<span data-canvas-width=\"310.5175643755657\">isztvisel\u0151. 1945-t\u0151l az F\u00fcggetlen Kisgazda P\u00e1rt tagja. 1945<\/span><span data-canvas-width=\"310.0342572438116\"> ut\u00e1n a k\u00f6zell\u00e1t\u00e1s\u00fcgyi minisz<\/span><span data-canvas-width=\"309.4655537391537\">t\u00e9rium sz\u00e1mvev\u0151s\u00e9gi tan\u00e1csosa; a r\u00e1kos<\/span><span data-canvas-width=\"221.4000899459676\">ligeti k\u00e9pvisel\u0151-test\u00fclet tagja. <\/span><\/p>\n","protected":false},"excerpt":{"rendered":"<p>T\u00f3th Ferenc (Szigetmonostor, 1904-1963) a r\u00e1kosligeti k\u00e9pvisel\u0151-test\u00fclet tagja Tisztvisel\u0151. 1945-t\u0151l az F\u00fcggetlen Kisgazda P\u00e1rt tagja. 1945 ut\u00e1n a k\u00f6zell\u00e1t\u00e1s\u00fcgyi miniszt\u00e9rium sz\u00e1mvev\u0151s\u00e9gi tan\u00e1csosa; a r\u00e1kosligeti k\u00e9pvisel\u0151-test\u00fclet tagja.<\/p>\n","protected":false},"author":1,"featured_media":0,"parent":0,"menu_order":0,"comment_status":"closed","ping_status":"closed","template":"","meta":{"footnotes":""},"class_list":["post-1254","page","type-page","status-publish","hentry"],"_links":{"self":[{"href":"https:\/\/rakosliget.hu\/wordpress\/index.php\/wp-json\/wp\/v2\/pages\/1254","targetHints":{"allow":["GET"]}}],"collection":[{"href":"https:\/\/rakosliget.hu\/wordpress\/index.php\/wp-json\/wp\/v2\/pages"}],"about":[{"href":"https:\/\/rakosliget.hu\/wordpress\/index.php\/wp-json\/wp\/v2\/types\/page"}],"author":[{"embeddable":true,"href":"https:\/\/rakosliget.hu\/wordpress\/index.php\/wp-json\/wp\/v2\/users\/1"}],"replies":[{"embeddable":true,"href":"https:\/\/rakosliget.hu\/wordpress\/index.php\/wp-json\/wp\/v2\/comments?post=1254"}],"version-history":[{"count":1,"href":"https:\/\/rakosliget.hu\/wordpress\/index.php\/wp-json\/wp\/v2\/pages\/1254\/revisions"}],"predecessor-version":[{"id":1255,"href":"https:\/\/rakosliget.hu\/wordpress\/index.php\/wp-json\/wp\/v2\/pages\/1254\/revisions\/1255"}],"wp:attachment":[{"href":"https:\/\/rakosliget.hu\/wordpress\/index.php\/wp-json\/wp\/v2\/media?parent=1254"}],"curies":[{"name":"wp","href":"https:\/\/api.w.org\/{rel}","templated":true}]}}