{"id":1248,"date":"2018-03-23T06:14:49","date_gmt":"2018-03-23T05:14:49","guid":{"rendered":"http:\/\/rakosliget.hu\/wordpress\/?page_id=1248"},"modified":"2018-03-23T06:14:49","modified_gmt":"2018-03-23T05:14:49","slug":"teller-janos","status":"publish","type":"page","link":"https:\/\/rakosliget.hu\/wordpress\/index.php\/teller-janos\/","title":{"rendered":"Tell\u00e9r J\u00e1nos"},"content":{"rendered":"<h1 align=\"left\"><span data-canvas-width=\"51.593944786798\">Tell\u00e9r <\/span><span data-canvas-width=\"45.045678234761795\">J\u00e1nos<\/span><\/h1>\n<h2 align=\"left\"><span data-canvas-width=\"228.56248360527027\">(Hatvan, 1904 &#8211; R\u00e1kosliget 1998?)<\/span><\/h2>\n<h2 align=\"left\">a r\u00e1kosligeti <span data-canvas-width=\"221.85977680436528\"> ideiglenes k\u00e9pvisel\u0151-test\u00fclet<\/span> tagja<\/h2>\n<p align=\"left\">\n<p align=\"left\"><span data-canvas-width=\"228.56248360527027\">M\u00c1V alkal<\/span><span data-canvas-width=\"309.3747065339367\">mazott. 1945-t\u0151l az SZDP tagja. 1945<\/span><span data-canvas-width=\"312.1528140694705\"> ut\u00e1n a M\u00c1V tisztvisel\u0151je. <\/span><span data-canvas-width=\"308.60977306601023\">1945-ben a r\u00e1kosligeti ideiglenes k\u00e9pvisel\u0151-test\u00fclet<\/span><span data-canvas-width=\"308.1446353752995\"> tagja. &#8211; Ny. M\u00c1V fel\u00fcgye<\/span><span data-canvas-width=\"23.139862323431824\">l\u0151.<br \/>\n<\/span><span data-canvas-width=\"221.4000899459676\"><br \/>\n<\/span><\/p>\n","protected":false},"excerpt":{"rendered":"<p>Tell\u00e9r J\u00e1nos (Hatvan, 1904 &#8211; R\u00e1kosliget 1998?) a r\u00e1kosligeti ideiglenes k\u00e9pvisel\u0151-test\u00fclet tagja M\u00c1V alkalmazott. 1945-t\u0151l az SZDP tagja. 1945 ut\u00e1n a M\u00c1V tisztvisel\u0151je. 1945-ben a r\u00e1kosligeti ideiglenes k\u00e9pvisel\u0151-test\u00fclet tagja. &#8211; Ny. M\u00c1V fel\u00fcgyel\u0151.<\/p>\n","protected":false},"author":1,"featured_media":0,"parent":0,"menu_order":0,"comment_status":"closed","ping_status":"closed","template":"","meta":{"footnotes":""},"class_list":["post-1248","page","type-page","status-publish","hentry"],"_links":{"self":[{"href":"https:\/\/rakosliget.hu\/wordpress\/index.php\/wp-json\/wp\/v2\/pages\/1248","targetHints":{"allow":["GET"]}}],"collection":[{"href":"https:\/\/rakosliget.hu\/wordpress\/index.php\/wp-json\/wp\/v2\/pages"}],"about":[{"href":"https:\/\/rakosliget.hu\/wordpress\/index.php\/wp-json\/wp\/v2\/types\/page"}],"author":[{"embeddable":true,"href":"https:\/\/rakosliget.hu\/wordpress\/index.php\/wp-json\/wp\/v2\/users\/1"}],"replies":[{"embeddable":true,"href":"https:\/\/rakosliget.hu\/wordpress\/index.php\/wp-json\/wp\/v2\/comments?post=1248"}],"version-history":[{"count":1,"href":"https:\/\/rakosliget.hu\/wordpress\/index.php\/wp-json\/wp\/v2\/pages\/1248\/revisions"}],"predecessor-version":[{"id":1249,"href":"https:\/\/rakosliget.hu\/wordpress\/index.php\/wp-json\/wp\/v2\/pages\/1248\/revisions\/1249"}],"wp:attachment":[{"href":"https:\/\/rakosliget.hu\/wordpress\/index.php\/wp-json\/wp\/v2\/media?parent=1248"}],"curies":[{"name":"wp","href":"https:\/\/api.w.org\/{rel}","templated":true}]}}