{"id":1245,"date":"2018-03-23T06:13:19","date_gmt":"2018-03-23T05:13:19","guid":{"rendered":"http:\/\/rakosliget.hu\/wordpress\/?page_id=1245"},"modified":"2018-03-23T06:13:19","modified_gmt":"2018-03-23T05:13:19","slug":"tarkanyi-janos","status":"publish","type":"page","link":"https:\/\/rakosliget.hu\/wordpress\/index.php\/tarkanyi-janos\/","title":{"rendered":"Tark\u00e1nyi J\u00e1nos"},"content":{"rendered":"<h1 align=\"left\"><span data-canvas-width=\"117.78885239606073\">Tark\u00e1nyi J\u00e1nos<\/span><\/h1>\n<h2 align=\"left\"><span data-canvas-width=\"214.79004729438387\">(Hern\u00e1dv\u00e9cse, 1879-1962)<\/span><\/h2>\n<h2 align=\"left\">a r\u00e1kosligeti <span data-canvas-width=\"221.85977680436528\"> el\u00f6lj\u00e1r\u00f3s\u00e1g<\/span> tagja<\/h2>\n<p align=\"left\">\n<p align=\"left\"><span data-canvas-width=\"314.1096628698431\">M\u00c1V tisztvisel\u0151. 1945-t\u0151l az F\u00fcggetlen Kisgazda P\u00e1rt tagja. <\/span><span data-canvas-width=\"313.59910157652394\">A felszabadul\u00e1s ut\u00e1n ny. \u00e1llom\u00e1sf\u0151n\u00f6k. <\/span><span data-canvas-width=\"313.85529069523574\">1946-1949-ben a r\u00e1kosligeti el\u00f6lj\u00e1r\u00f3s\u00e1g <\/span><span data-canvas-width=\"45.052946011179145\">tagja. <\/span><\/p>\n","protected":false},"excerpt":{"rendered":"<p>Tark\u00e1nyi J\u00e1nos (Hern\u00e1dv\u00e9cse, 1879-1962) a r\u00e1kosligeti el\u00f6lj\u00e1r\u00f3s\u00e1g tagja M\u00c1V tisztvisel\u0151. 1945-t\u0151l az F\u00fcggetlen Kisgazda P\u00e1rt tagja. A felszabadul\u00e1s ut\u00e1n ny. \u00e1llom\u00e1sf\u0151n\u00f6k. 1946-1949-ben a r\u00e1kosligeti el\u00f6lj\u00e1r\u00f3s\u00e1g tagja.<\/p>\n","protected":false},"author":1,"featured_media":0,"parent":0,"menu_order":0,"comment_status":"closed","ping_status":"closed","template":"","meta":{"footnotes":""},"class_list":["post-1245","page","type-page","status-publish","hentry"],"_links":{"self":[{"href":"https:\/\/rakosliget.hu\/wordpress\/index.php\/wp-json\/wp\/v2\/pages\/1245","targetHints":{"allow":["GET"]}}],"collection":[{"href":"https:\/\/rakosliget.hu\/wordpress\/index.php\/wp-json\/wp\/v2\/pages"}],"about":[{"href":"https:\/\/rakosliget.hu\/wordpress\/index.php\/wp-json\/wp\/v2\/types\/page"}],"author":[{"embeddable":true,"href":"https:\/\/rakosliget.hu\/wordpress\/index.php\/wp-json\/wp\/v2\/users\/1"}],"replies":[{"embeddable":true,"href":"https:\/\/rakosliget.hu\/wordpress\/index.php\/wp-json\/wp\/v2\/comments?post=1245"}],"version-history":[{"count":1,"href":"https:\/\/rakosliget.hu\/wordpress\/index.php\/wp-json\/wp\/v2\/pages\/1245\/revisions"}],"predecessor-version":[{"id":1246,"href":"https:\/\/rakosliget.hu\/wordpress\/index.php\/wp-json\/wp\/v2\/pages\/1245\/revisions\/1246"}],"wp:attachment":[{"href":"https:\/\/rakosliget.hu\/wordpress\/index.php\/wp-json\/wp\/v2\/media?parent=1245"}],"curies":[{"name":"wp","href":"https:\/\/api.w.org\/{rel}","templated":true}]}}