{"id":1239,"date":"2018-03-23T06:11:43","date_gmt":"2018-03-23T05:11:43","guid":{"rendered":"http:\/\/rakosliget.hu\/wordpress\/?page_id=1239"},"modified":"2018-03-23T06:11:43","modified_gmt":"2018-03-23T05:11:43","slug":"sztrapacs-karoly","status":"publish","type":"page","link":"https:\/\/rakosliget.hu\/wordpress\/index.php\/sztrapacs-karoly\/","title":{"rendered":"Sztrapacs K\u00e1roly"},"content":{"rendered":"<h1 align=\"left\"><span data-canvas-width=\"129.50632492494017\">Sztrapacs K\u00e1roly<\/span><\/h1>\n<h2 align=\"left\"><span data-canvas-width=\"198.2594898331116\">(Budapest, 1884-?)<\/span><\/h2>\n<h2 align=\"left\"><span data-canvas-width=\"310.34858857386223\">a r\u00e1kosligeti k\u00e9pvisel\u0151-test\u00fclet<\/span><span data-canvas-width=\"314.64021054831\"> tagja<\/span><\/h2>\n<p align=\"left\">\n<p align=\"left\"><span data-canvas-width=\"198.2594898331116\">Tiszt<\/span><span data-canvas-width=\"310.19959915730647\">visel\u0151. 1945-t\u0151l az F\u00fcggetlen Kisgazda P\u00e1rt tagja. 1945<\/span><span data-canvas-width=\"313.2884041346821\"> ut\u00e1n Orsz\u00e1gos Kisipari Hitelint\u00e9zet igazgat\u00f3; a r\u00e1kosligeti <\/span><span data-canvas-width=\"178.59106990364663\">k\u00e9pvisel\u0151-test\u00fclet tagja. <\/span><\/p>\n","protected":false},"excerpt":{"rendered":"<p>Sztrapacs K\u00e1roly (Budapest, 1884-?) a r\u00e1kosligeti k\u00e9pvisel\u0151-test\u00fclet tagja Tisztvisel\u0151. 1945-t\u0151l az F\u00fcggetlen Kisgazda P\u00e1rt tagja. 1945 ut\u00e1n Orsz\u00e1gos Kisipari Hitelint\u00e9zet igazgat\u00f3; a r\u00e1kosligeti k\u00e9pvisel\u0151-test\u00fclet tagja.<\/p>\n","protected":false},"author":1,"featured_media":0,"parent":0,"menu_order":0,"comment_status":"closed","ping_status":"closed","template":"","meta":{"footnotes":""},"class_list":["post-1239","page","type-page","status-publish","hentry"],"_links":{"self":[{"href":"https:\/\/rakosliget.hu\/wordpress\/index.php\/wp-json\/wp\/v2\/pages\/1239","targetHints":{"allow":["GET"]}}],"collection":[{"href":"https:\/\/rakosliget.hu\/wordpress\/index.php\/wp-json\/wp\/v2\/pages"}],"about":[{"href":"https:\/\/rakosliget.hu\/wordpress\/index.php\/wp-json\/wp\/v2\/types\/page"}],"author":[{"embeddable":true,"href":"https:\/\/rakosliget.hu\/wordpress\/index.php\/wp-json\/wp\/v2\/users\/1"}],"replies":[{"embeddable":true,"href":"https:\/\/rakosliget.hu\/wordpress\/index.php\/wp-json\/wp\/v2\/comments?post=1239"}],"version-history":[{"count":1,"href":"https:\/\/rakosliget.hu\/wordpress\/index.php\/wp-json\/wp\/v2\/pages\/1239\/revisions"}],"predecessor-version":[{"id":1240,"href":"https:\/\/rakosliget.hu\/wordpress\/index.php\/wp-json\/wp\/v2\/pages\/1239\/revisions\/1240"}],"wp:attachment":[{"href":"https:\/\/rakosliget.hu\/wordpress\/index.php\/wp-json\/wp\/v2\/media?parent=1239"}],"curies":[{"name":"wp","href":"https:\/\/api.w.org\/{rel}","templated":true}]}}