{"id":1237,"date":"2018-03-23T06:10:30","date_gmt":"2018-03-23T05:10:30","guid":{"rendered":"http:\/\/rakosliget.hu\/wordpress\/?page_id=1237"},"modified":"2026-02-07T20:49:37","modified_gmt":"2026-02-07T19:49:37","slug":"sztojanovits-jenone","status":"publish","type":"page","link":"https:\/\/rakosliget.hu\/wordpress\/index.php\/sztojanovits-jenone\/","title":{"rendered":"Sztojanovits Jen\u0151n\u00e9"},"content":{"rendered":"\n<div class=\"wp-block-buttons is-content-justification-center is-layout-flex wp-container-core-buttons-is-layout-16018d1d wp-block-buttons-is-layout-flex\">\n<div class=\"wp-block-button\"><a class=\"wp-block-button__link wp-element-button\" href=\"https:\/\/rakosliget.hu\/wordpress\/index.php\/zeneiskolak\/\">Vissza a zeneiskol\u00e1k lapra\u00a0<\/a><\/div>\n<\/div>\n\n\n\n<p><\/p>\n\n\n\n<h1 class=\"wp-block-heading\">Stojanovits Jen\u0151n\u00e9,Rajnai Am\u00e1lia<\/h1>\n\n\n\n<h2 class=\"wp-block-heading\">(Budapest, 1875)<\/h2>\n\n\n\n<h2 class=\"wp-block-heading\"><span lang=\"hu\" xml:lang=\"hu\"> zenetan\u00e1r<\/span><\/h2>\n\n\n\n<p>&nbsp;<\/p>\n\n\n\n<p><span lang=\"hu\" xml:lang=\"hu\">A r\u00e1kosligeti polg\u00e1ri iskol\u00e1ban tan\u00edtott. 1900-ban R\u00e1kosligeten polg\u00e1ri zeneiskol\u00e1t alap\u00edtott.<\/span><\/p>\n\n\n<div class=\"wp-block-image\">\n<figure class=\"aligncenter size-full\"><img loading=\"lazy\" decoding=\"async\" width=\"1728\" height=\"2560\" src=\"https:\/\/rakosliget.hu\/wordpress\/wp-content\/uploads\/2026\/02\/76_-scaled.jpg\" alt=\"\" class=\"wp-image-22995\" srcset=\"https:\/\/rakosliget.hu\/wordpress\/wp-content\/uploads\/2026\/02\/76_-scaled.jpg 1728w, https:\/\/rakosliget.hu\/wordpress\/wp-content\/uploads\/2026\/02\/76_-203x300.jpg 203w, https:\/\/rakosliget.hu\/wordpress\/wp-content\/uploads\/2026\/02\/76_-768x1138.jpg 768w, https:\/\/rakosliget.hu\/wordpress\/wp-content\/uploads\/2026\/02\/76_-1037x1536.jpg 1037w, https:\/\/rakosliget.hu\/wordpress\/wp-content\/uploads\/2026\/02\/76_-1383x2048.jpg 1383w\" sizes=\"auto, (max-width: 1728px) 100vw, 1728px\" \/><\/figure>\n<\/div>\n\n\n<p>&nbsp;<\/p>\n\n\n\n<div class=\"wp-block-buttons is-content-justification-center is-layout-flex wp-container-core-buttons-is-layout-16018d1d wp-block-buttons-is-layout-flex\">\n<div class=\"wp-block-button\"><a class=\"wp-block-button__link wp-element-button\" href=\"https:\/\/rakosliget.hu\/wordpress\/index.php\/zeneiskolak\/\">Vissza a Zeneiskol\u00e1k lapra<\/a><\/div>\n<\/div>\n\n\n\n<p>&nbsp;<\/p>\n","protected":false},"excerpt":{"rendered":"<p>Stojanovits Jen\u0151n\u00e9,Rajnai Am\u00e1lia (Budapest, 1875) zenetan\u00e1r &nbsp; A r\u00e1kosligeti polg\u00e1ri iskol\u00e1ban tan\u00edtott. 1900-ban R\u00e1kosligeten polg\u00e1ri zeneiskol\u00e1t alap\u00edtott. &nbsp; &nbsp;<\/p>\n","protected":false},"author":1,"featured_media":0,"parent":0,"menu_order":0,"comment_status":"closed","ping_status":"closed","template":"","meta":{"footnotes":""},"class_list":["post-1237","page","type-page","status-publish","hentry"],"_links":{"self":[{"href":"https:\/\/rakosliget.hu\/wordpress\/index.php\/wp-json\/wp\/v2\/pages\/1237","targetHints":{"allow":["GET"]}}],"collection":[{"href":"https:\/\/rakosliget.hu\/wordpress\/index.php\/wp-json\/wp\/v2\/pages"}],"about":[{"href":"https:\/\/rakosliget.hu\/wordpress\/index.php\/wp-json\/wp\/v2\/types\/page"}],"author":[{"embeddable":true,"href":"https:\/\/rakosliget.hu\/wordpress\/index.php\/wp-json\/wp\/v2\/users\/1"}],"replies":[{"embeddable":true,"href":"https:\/\/rakosliget.hu\/wordpress\/index.php\/wp-json\/wp\/v2\/comments?post=1237"}],"version-history":[{"count":5,"href":"https:\/\/rakosliget.hu\/wordpress\/index.php\/wp-json\/wp\/v2\/pages\/1237\/revisions"}],"predecessor-version":[{"id":22998,"href":"https:\/\/rakosliget.hu\/wordpress\/index.php\/wp-json\/wp\/v2\/pages\/1237\/revisions\/22998"}],"wp:attachment":[{"href":"https:\/\/rakosliget.hu\/wordpress\/index.php\/wp-json\/wp\/v2\/media?parent=1237"}],"curies":[{"name":"wp","href":"https:\/\/api.w.org\/{rel}","templated":true}]}}