{"id":1234,"date":"2018-03-23T06:09:04","date_gmt":"2018-03-23T05:09:04","guid":{"rendered":"http:\/\/rakosliget.hu\/wordpress\/?page_id=1234"},"modified":"2023-02-27T18:38:28","modified_gmt":"2023-02-27T17:38:28","slug":"sztanek-pal","status":"publish","type":"page","link":"https:\/\/rakosliget.hu\/wordpress\/index.php\/sztanek-pal\/","title":{"rendered":"Sztanek P\u00e1l"},"content":{"rendered":"<h1>Sztanek P\u00e1l<\/h1>\n<h2>( ?-1928 R\u00e1kosliget )<\/h2>\n<p><strong>\u00c9p\u00edt\u0151mester, tervez\u0151.<\/strong> R\u00e1kosliget valamennyi templom\u00e1nak meg\u00e9p\u00edt\u00e9s\u00e9s\u00e9ben r\u00e9szt vett.<\/p>\n<p>A r\u00e1kosligeti reform\u00e1tus k\u00f6z\u00f6ss\u00e9g 1910-ben \u00e9p\u00edtette f\u00f6l Bog\u00e1ti Hajd\u00fa Imr\u00e9n\u00e9, v\u00e9dasszony adom\u00e1ny\u00e1b\u00f3l, \u00e9s f\u00e9rje Bog\u00e1ti Hajd\u00fa Imre, kir\u00e1lyi \u00edt\u00e9l\u0151t\u00e1bla-b\u00edr\u00f3 gy\u0171jt\u00e9s\u00e9b\u0151l, Sztanek P\u00e1l \u00e9p\u00edt\u00e9sz tervei alapj\u00e1n az <a href=\"file:\/\/\/D:\/rakosliget.hu%20rackhost\/kepgaleriak\/photoskeplap\/reftemplom_600.jpg\">imah\u00e1zat<\/a>, melyet M\u00e1dy Lajos, budapesti reform\u00e1tus esperes avatott f\u00f6l.<\/p>\n<p>1912. m\u00e1jus 19 a <a href=\"file:\/\/\/D:\/rakosliget.hu%20rackhost\/kepgaleriak\/photoskeplap\/mozaik1.jpg\">zsid\u00f3 imah\u00e1z<\/a> alapk\u0151let\u00e9tele. 1914. augusztus 15-\u00e9n avatt\u00e1k fel az \u00e9p\u00fcletet. Ebben az esetben Sztanek mint kivitelez\u0151 j\u00e1tszott szerepet.<\/p>\n<p><a href=\"https:\/\/rakosliget.hu\/wordpress\/wp-content\/uploads\/2023\/02\/Vagohid-rkeresztur.jpg\"><img loading=\"lazy\" decoding=\"async\" class=\"alignnone size-medium wp-image-11169\" src=\"https:\/\/rakosliget.hu\/wordpress\/wp-content\/uploads\/2023\/02\/Vagohid-rkeresztur-300x161.jpg\" alt=\"\" width=\"300\" height=\"161\" srcset=\"https:\/\/rakosliget.hu\/wordpress\/wp-content\/uploads\/2023\/02\/Vagohid-rkeresztur-300x161.jpg 300w, https:\/\/rakosliget.hu\/wordpress\/wp-content\/uploads\/2023\/02\/Vagohid-rkeresztur-768x412.jpg 768w, https:\/\/rakosliget.hu\/wordpress\/wp-content\/uploads\/2023\/02\/Vagohid-rkeresztur.jpg 1000w\" sizes=\"auto, (max-width: 300px) 100vw, 300px\" \/><\/a><\/p>\n<p>Forr\u00e1s: V\u00e1llalkoz\u00f3k Lapja 1914. 3.sz\u00e1m<\/p>\n<p>A <a href=\"file:\/\/\/D:\/rakosliget.hu%20rackhost\/html\/kepgaleriak\/photoskeplap\/kat templom2_600.jpg\">r\u00f3mai katolikus <\/a>egyh\u00e1zk\u00f6zs\u00e9g 1913. november 1-j\u00e9n Sztanek P\u00e1l \u00e9p\u00edt\u00e9sz templomtervrajz\u00e1t elfogadta \u00e9s az alapk\u00f6vet 1914. m\u00e1jus 1-j\u00e9n elhelyezt\u00e9k. 1915. augusztus 10-\u00e9n \u00e1ll\u00edtott\u00e1k fel a Strizs Istv\u00e1n isaszegi olt\u00e1rk\u00e9sz\u00edt\u00f4 mester \u00e1ltal \u00e9p\u00edtett g\u00f3t st\u00edl\u0171 f\u0151olt\u00e1rt \u00e9s 1915. augusztus 15-\u00e9n az elk\u00e9sz\u00fclt templomot felszentelt\u00e9k.<\/p>\n<p>Az <a href=\"file:\/\/\/D:\/rakosliget.hu%20rackhost\/kepgaleriak\/photosev\/Rakosligeti  templom 002.jpg\">evang\u00e9likus egyh\u00e1z templom\u00e9p\u00edt\u00e9se<\/a> eset\u00e9ben Sztanek P\u00e1l tervez\u0151k\u00e9nt indult. Az \u00e1ltala tervezett \u00e9p\u00fcletet azonban a presbit\u00e9rium nem fogadta el, helyette S\u00e1ndy Gyula m\u0171\u00e9p\u00edt\u00e9szt b\u00edzta meg a tervek elk\u00e9sz\u00edt\u00e9s\u00e9vel. A kivitelez\u00e9s sem k\u00f6thet\u0151 ugyan nev\u00e9hez, de lelkes h\u00edve \u00e9s motorja volt a templom\u00e9p\u00edt\u00e9snek.<\/p>\n<p><a href=\"http:\/\/church.lutheran.hu\/rakoskeresztur\/RAKOSLIGET DIGITAL\/1928\/refreszvet_sztanek_28.html\">Hal\u00e1la m\u00e9ly megd\u00f6bben\u00e9st v\u00e1ltott ki a R\u00e1kosligeten m\u0171k\u00f6d\u0151 egyh\u00e1zak k\u00f6r\u00e9ben. A reform\u00e1tusok az al\u00e1bbi szavakkal b\u00facs\u00faztak t\u0151le.<\/a><\/p>\n<p>Nev\u00e9hez k\u00f6t\u0151dik a <a href=\"file:\/\/\/D:\/rakosliget.hu%20rackhost\/kepgaleriak\/photoskeplap\/sportclub_600.jpg\">XV. utca 23.<\/a> sz\u00e1m alatti, eredetileg kaszin\u00f3nak \u00e9p\u00fclt, k\u00e9s\u0151bb t\u00f6bb funkci\u00f3t is ell\u00e1t\u00f3 (sportklub, varroda, sz\u00ednh\u00e1z) \u00e9p\u00fclet tervez\u00e9se is (1907 &#8211; 1910).<\/p>\n<p><a href=\"https:\/\/rakosliget.hu\/wordpress\/wp-content\/uploads\/2023\/02\/iskoal-rkeresztur.jpg\"><img loading=\"lazy\" decoding=\"async\" class=\"alignnone size-medium wp-image-11172\" src=\"https:\/\/rakosliget.hu\/wordpress\/wp-content\/uploads\/2023\/02\/iskoal-rkeresztur-300x203.jpg\" alt=\"\" width=\"300\" height=\"203\" srcset=\"https:\/\/rakosliget.hu\/wordpress\/wp-content\/uploads\/2023\/02\/iskoal-rkeresztur-300x203.jpg 300w, https:\/\/rakosliget.hu\/wordpress\/wp-content\/uploads\/2023\/02\/iskoal-rkeresztur-768x520.jpg 768w, https:\/\/rakosliget.hu\/wordpress\/wp-content\/uploads\/2023\/02\/iskoal-rkeresztur.jpg 832w\" sizes=\"auto, (max-width: 300px) 100vw, 300px\" \/><\/a><\/p>\n<p>Forr\u00e1s: V\u00e1llalkoz\u00f3k Lapja 1927. 3.sz\u00e1m<\/p>\n","protected":false},"excerpt":{"rendered":"<p>Sztanek P\u00e1l ( ?-1928 R\u00e1kosliget ) \u00c9p\u00edt\u0151mester, tervez\u0151. R\u00e1kosliget valamennyi templom\u00e1nak meg\u00e9p\u00edt\u00e9s\u00e9s\u00e9ben r\u00e9szt vett. A r\u00e1kosligeti reform\u00e1tus k\u00f6z\u00f6ss\u00e9g 1910-ben \u00e9p\u00edtette f\u00f6l Bog\u00e1ti Hajd\u00fa Imr\u00e9n\u00e9, v\u00e9dasszony adom\u00e1ny\u00e1b\u00f3l, \u00e9s f\u00e9rje Bog\u00e1ti Hajd\u00fa Imre, kir\u00e1lyi \u00edt\u00e9l\u0151t\u00e1bla-b\u00edr\u00f3 gy\u0171jt\u00e9s\u00e9b\u0151l, Sztanek P\u00e1l \u00e9p\u00edt\u00e9sz tervei alapj\u00e1n az imah\u00e1zat, melyet M\u00e1dy Lajos, budapesti reform\u00e1tus esperes avatott f\u00f6l. 1912. m\u00e1jus 19 a zsid\u00f3 imah\u00e1z &hellip; <a href=\"https:\/\/rakosliget.hu\/wordpress\/index.php\/sztanek-pal\/\" class=\"more-link\"><span class=\"screen-reader-text\">Sztanek P\u00e1l<\/span> r\u00e9szletei&#8230;<\/a><\/p>\n","protected":false},"author":1,"featured_media":0,"parent":0,"menu_order":0,"comment_status":"closed","ping_status":"closed","template":"","meta":{"footnotes":""},"class_list":["post-1234","page","type-page","status-publish","hentry"],"_links":{"self":[{"href":"https:\/\/rakosliget.hu\/wordpress\/index.php\/wp-json\/wp\/v2\/pages\/1234","targetHints":{"allow":["GET"]}}],"collection":[{"href":"https:\/\/rakosliget.hu\/wordpress\/index.php\/wp-json\/wp\/v2\/pages"}],"about":[{"href":"https:\/\/rakosliget.hu\/wordpress\/index.php\/wp-json\/wp\/v2\/types\/page"}],"author":[{"embeddable":true,"href":"https:\/\/rakosliget.hu\/wordpress\/index.php\/wp-json\/wp\/v2\/users\/1"}],"replies":[{"embeddable":true,"href":"https:\/\/rakosliget.hu\/wordpress\/index.php\/wp-json\/wp\/v2\/comments?post=1234"}],"version-history":[{"count":4,"href":"https:\/\/rakosliget.hu\/wordpress\/index.php\/wp-json\/wp\/v2\/pages\/1234\/revisions"}],"predecessor-version":[{"id":18265,"href":"https:\/\/rakosliget.hu\/wordpress\/index.php\/wp-json\/wp\/v2\/pages\/1234\/revisions\/18265"}],"wp:attachment":[{"href":"https:\/\/rakosliget.hu\/wordpress\/index.php\/wp-json\/wp\/v2\/media?parent=1234"}],"curies":[{"name":"wp","href":"https:\/\/api.w.org\/{rel}","templated":true}]}}