{"id":1231,"date":"2018-03-23T06:08:06","date_gmt":"2018-03-23T05:08:06","guid":{"rendered":"http:\/\/rakosliget.hu\/wordpress\/?page_id=1231"},"modified":"2018-03-23T06:08:06","modified_gmt":"2018-03-23T05:08:06","slug":"szollosi-gyula-dr","status":"publish","type":"page","link":"https:\/\/rakosliget.hu\/wordpress\/index.php\/szollosi-gyula-dr\/","title":{"rendered":"Sz\u00f6ll\u0151si Gyula dr."},"content":{"rendered":"<h1 align=\"left\"><span data-canvas-width=\"118.61556196353476\">Sz\u00f6ll\u0151si Gyula,<\/span><span data-canvas-width=\"212.2426916601012\"> dr. <\/span><\/h1>\n<h2 align=\"left\"><span data-canvas-width=\"212.2426916601012\">(K\u00f3ka, 1921 &#8211; ?) <\/span><\/h2>\n<h2 align=\"left\"><span data-canvas-width=\"310.34858857386223\">a r\u00e1kosligeti k\u00e9pvisel\u0151-test\u00fclet<\/span><span data-canvas-width=\"314.64021054831\"> tagja<\/span><\/h2>\n<p align=\"left\">\n<p align=\"left\"><span data-canvas-width=\"212.2426916601012\">Jog\u00e1sz. <\/span><span data-canvas-width=\"314.02790038514786\">1945-t\u0151l az F\u00fcggetlen Kisgazda P\u00e1rt tagja. 1945 <\/span><span data-canvas-width=\"314.18052368991226\">ut\u00e1n f\u0151v\u00e1rosi tiszti \u00fcgy\u00e9szs\u00e9gi fogalmaz\u00f3, <\/span><span data-canvas-width=\"310.34858857386223\">majd \u00fcgy\u00e9sz; a r\u00e1kosligeti k\u00e9pvisel\u0151-test\u00fclet<\/span><span data-canvas-width=\"314.64021054831\"> tagja. &#8211; A F\u0151v\u00e1rosi Ingatlanrendez\u00e9si <\/span><span data-canvas-width=\"241.67355226217737\">Iroda helyettes hivatalvezet\u0151je.<br \/>\n<\/span><span data-canvas-width=\"45.052946011179145\"><br \/>\n<\/span><\/p>\n","protected":false},"excerpt":{"rendered":"<p>Sz\u00f6ll\u0151si Gyula, dr. (K\u00f3ka, 1921 &#8211; ?) a r\u00e1kosligeti k\u00e9pvisel\u0151-test\u00fclet tagja Jog\u00e1sz. 1945-t\u0151l az F\u00fcggetlen Kisgazda P\u00e1rt tagja. 1945 ut\u00e1n f\u0151v\u00e1rosi tiszti \u00fcgy\u00e9szs\u00e9gi fogalmaz\u00f3, majd \u00fcgy\u00e9sz; a r\u00e1kosligeti k\u00e9pvisel\u0151-test\u00fclet tagja. &#8211; A F\u0151v\u00e1rosi Ingatlanrendez\u00e9si Iroda helyettes hivatalvezet\u0151je.<\/p>\n","protected":false},"author":1,"featured_media":0,"parent":0,"menu_order":0,"comment_status":"closed","ping_status":"closed","template":"","meta":{"footnotes":""},"class_list":["post-1231","page","type-page","status-publish","hentry"],"_links":{"self":[{"href":"https:\/\/rakosliget.hu\/wordpress\/index.php\/wp-json\/wp\/v2\/pages\/1231","targetHints":{"allow":["GET"]}}],"collection":[{"href":"https:\/\/rakosliget.hu\/wordpress\/index.php\/wp-json\/wp\/v2\/pages"}],"about":[{"href":"https:\/\/rakosliget.hu\/wordpress\/index.php\/wp-json\/wp\/v2\/types\/page"}],"author":[{"embeddable":true,"href":"https:\/\/rakosliget.hu\/wordpress\/index.php\/wp-json\/wp\/v2\/users\/1"}],"replies":[{"embeddable":true,"href":"https:\/\/rakosliget.hu\/wordpress\/index.php\/wp-json\/wp\/v2\/comments?post=1231"}],"version-history":[{"count":1,"href":"https:\/\/rakosliget.hu\/wordpress\/index.php\/wp-json\/wp\/v2\/pages\/1231\/revisions"}],"predecessor-version":[{"id":1232,"href":"https:\/\/rakosliget.hu\/wordpress\/index.php\/wp-json\/wp\/v2\/pages\/1231\/revisions\/1232"}],"wp:attachment":[{"href":"https:\/\/rakosliget.hu\/wordpress\/index.php\/wp-json\/wp\/v2\/media?parent=1231"}],"curies":[{"name":"wp","href":"https:\/\/api.w.org\/{rel}","templated":true}]}}