{"id":1228,"date":"2018-03-23T06:06:46","date_gmt":"2018-03-23T05:06:46","guid":{"rendered":"http:\/\/rakosliget.hu\/wordpress\/?page_id=1228"},"modified":"2018-03-23T06:06:54","modified_gmt":"2018-03-23T05:06:54","slug":"1228-2","status":"publish","type":"page","link":"https:\/\/rakosliget.hu\/wordpress\/index.php\/1228-2\/","title":{"rendered":"Szigethi Jen\u0151"},"content":{"rendered":"<h1 align=\"left\"><span data-canvas-width=\"106.66915447750868\">Szigethi Jen\u0151<\/span><\/h1>\n<h2 align=\"left\"><span data-canvas-width=\"225.0176256577057\">(Abrudb\u00e1nya, 1880-1962)<\/span><\/h2>\n<h2 align=\"left\">a r\u00e1kosligeti k\u00e9pvisel\u0151-test\u00fclet tagja<\/h2>\n<p align=\"left\"><span data-canvas-width=\"22.868058497205222\">M\u00c1V alkalmazott. 1945-t\u0151l az FKP tagja. 1945 ut\u00e1n nyugalmazott \u00e1llom\u00e1sf\u0151n\u00f6k; a r\u00e1kosligeti k\u00e9pvisel\u0151-test\u00fclet tagja. <\/span><\/p>\n","protected":false},"excerpt":{"rendered":"<p>Szigethi Jen\u0151 (Abrudb\u00e1nya, 1880-1962) a r\u00e1kosligeti k\u00e9pvisel\u0151-test\u00fclet tagja M\u00c1V alkalmazott. 1945-t\u0151l az FKP tagja. 1945 ut\u00e1n nyugalmazott \u00e1llom\u00e1sf\u0151n\u00f6k; a r\u00e1kosligeti k\u00e9pvisel\u0151-test\u00fclet tagja.<\/p>\n","protected":false},"author":1,"featured_media":0,"parent":0,"menu_order":0,"comment_status":"closed","ping_status":"closed","template":"","meta":{"footnotes":""},"class_list":["post-1228","page","type-page","status-publish","hentry"],"_links":{"self":[{"href":"https:\/\/rakosliget.hu\/wordpress\/index.php\/wp-json\/wp\/v2\/pages\/1228","targetHints":{"allow":["GET"]}}],"collection":[{"href":"https:\/\/rakosliget.hu\/wordpress\/index.php\/wp-json\/wp\/v2\/pages"}],"about":[{"href":"https:\/\/rakosliget.hu\/wordpress\/index.php\/wp-json\/wp\/v2\/types\/page"}],"author":[{"embeddable":true,"href":"https:\/\/rakosliget.hu\/wordpress\/index.php\/wp-json\/wp\/v2\/users\/1"}],"replies":[{"embeddable":true,"href":"https:\/\/rakosliget.hu\/wordpress\/index.php\/wp-json\/wp\/v2\/comments?post=1228"}],"version-history":[{"count":2,"href":"https:\/\/rakosliget.hu\/wordpress\/index.php\/wp-json\/wp\/v2\/pages\/1228\/revisions"}],"predecessor-version":[{"id":1230,"href":"https:\/\/rakosliget.hu\/wordpress\/index.php\/wp-json\/wp\/v2\/pages\/1228\/revisions\/1230"}],"wp:attachment":[{"href":"https:\/\/rakosliget.hu\/wordpress\/index.php\/wp-json\/wp\/v2\/media?parent=1228"}],"curies":[{"name":"wp","href":"https:\/\/api.w.org\/{rel}","templated":true}]}}