{"id":1224,"date":"2018-03-23T06:05:39","date_gmt":"2018-03-23T05:05:39","guid":{"rendered":"http:\/\/rakosliget.hu\/wordpress\/?page_id=1224"},"modified":"2018-03-23T06:05:39","modified_gmt":"2018-03-23T05:05:39","slug":"szepesvari-marta-dr","status":"publish","type":"page","link":"https:\/\/rakosliget.hu\/wordpress\/index.php\/szepesvari-marta-dr\/","title":{"rendered":"Szepesv\u00e1ri M\u00e1rta dr."},"content":{"rendered":"<p><center><\/p>\n<h1 align=\"left\">dr. Szepesv\u00e1ri M\u00e1rta ( &#8211; 2012. szeptember 27. P\u00e9cel)<\/h1>\n<p align=\"left\"><img loading=\"lazy\" decoding=\"async\" class=\"alignnone size-medium wp-image-1225\" src=\"http:\/\/rakosliget.hu\/wordpress\/wp-content\/uploads\/2018\/03\/szepesvari-199x300.jpg\" alt=\"\" width=\"199\" height=\"300\" srcset=\"https:\/\/rakosliget.hu\/wordpress\/wp-content\/uploads\/2018\/03\/szepesvari-199x300.jpg 199w, https:\/\/rakosliget.hu\/wordpress\/wp-content\/uploads\/2018\/03\/szepesvari.jpg 227w\" sizes=\"auto, (max-width: 199px) 100vw, 199px\" \/><\/p>\n<p align=\"left\">\n<h5 align=\"left\">K\u00e9p forr\u00e1sa: http:\/\/www.raffaygabor.vacau.com\/archivum.html<\/h5>\n<p><\/center><\/p>\n<div align=\"center\"><\/div>\n<p>A Budapesti Kir\u00e1lyi Magyar P\u00e1zm\u00e1ny P\u00e9ter Tudom\u00e1nyegyetem Orvostudom\u00e1nyi Kar\u00e1n szerzett orvosi diplom\u00e1t 1944-ben. Nagykanizs\u00e1n, majd Budapesten a L\u00e1szl\u00f3 K\u00f3rh\u00e1zban kezdte p\u00e1lyafut\u00e1s\u00e1t. Budapest XVII. ker\u00fclet\u00e9ben 1951. \u00e1prilis 15-\u00e9n kezdte meg a munk\u00e1t, Kezdetben minden ker\u00fcletr\u00e9szben el kellett l\u00e1tnia a gyermekorvosi feladatokat. K\u00e9s\u0151bb feladatell\u00e1t\u00e1si ter\u00fclete R\u00e1koshegy, R\u00e1koscsaba, R\u00e1koskert r\u00e9szekre sz\u0171k\u00fclt, v\u00e9g\u00fcl 1956-t\u00f3l R\u00e1koscsaba volt m\u0171k\u00f6d\u00e9s\u00e9nek ter\u00fclete, ahol iskolaorvosk\u00e9nt is dolgozott eg\u00e9szen nyugd\u00edjaztat\u00e1s\u00e1ig, 1980-ig. A G\u00f3zon Gyula utcai rendel\u0151j\u00e9ben azonban tov\u00e1bb rendelt.<\/p>\n<p>60 \u00e9ve orvoss\u00e1 avat\u00e1sa tisztelet\u00e9re 2004. november 27-\u00e9n vehette \u00e1t a Semmelweis Egyetemen a gy\u00e9m\u00e1nt d\u00edszoklevelet.<\/p>\n<p>2005-ben a K\u00e9pvisel\u0151-test\u00fclet t\u00f6bb ker\u00fcletr\u00e9szb\u0151l \u00e9rkez\u0151 javaslatok alapj\u00e1n neki \u00edt\u00e9lte a R\u00e1kosliget\u00e9rt D\u00edjat.<\/p>\n<p>2012. szeptember v\u00e9g\u00e9n hunyt el.<\/p>\n<p>&nbsp;<\/p>\n<p>M\u00e1rta n\u00e9ni<\/p>\n<p>Elment. Csak egy r\u00f6vid t\u0151mondat, de m\u00f6g\u00f6tte egy eg\u00e9sz \u00e9let\u00fat \u00e1ll. Els\u0151 tal\u00e1lkoz\u00e1sunk oly r\u00e9gen volt, hogy eml\u00e9kezni sem tudok r\u00e1, csak sz\u00fcleim elbesz\u00e9l\u00e9s\u00e9re hagyatkozhatom. 1958 nyara volt, valami betegs\u00e9g l\u00e1togatott meg, ez\u00e9rt orvosra volt sz\u00fcks\u00e9g. Ki volt k\u00e9zn\u00e9l? M\u00e1rta n\u00e9ni, a vil\u00e1gosk\u00e9k volkswagen bog\u00e1rral a Pet\u0151fi S\u00e1ndor utca, ma G\u00f3zon Gyula elej\u00e9r\u0151l. R\u00f6gt\u00f6n ott termett, ahol sz\u00fcks\u00e9g volt r\u00e1. Orvos volt, olyan igazi, olyan r\u00e9gi v\u00e1g\u00e1s\u00fa, akire mindig lehetett sz\u00e1m\u00edtani. F\u00fajhatott sz\u00e9l, eshetett es\u0151, vagy ak\u00e1r egy k\u00e9s\u0151i sz\u00ednh\u00e1zi haza\u00e9rkez\u00e9s ut\u00e1n is ment, mert sz\u00fcks\u00e9g volt a tud\u00e1s\u00e1ra, seg\u00edts\u00e9g\u00e9re. Sokszor f\u00e9rje k\u00eds\u00e9rte a s\u00f6t\u00e9t ligeti utc\u00e1kon, mert orvosk\u00e9nt \u0151 is tudta seg\u00edteni kell!<\/p>\n<p>Az id\u0151 m\u00falt\u00e1val a saj\u00e1t gyermekem ker\u00fclt bajba. Kihez fordulhatok ilyenkor vas\u00e1rnap d\u00e9lben? M\u00e1rta n\u00e9nihez! Eml\u00e9kszem sz\u00f3tlanul \u00e1llt fel a vas\u00e1rnapi eb\u00e9d mell\u0151l. J\u00f6tt, vizsg\u00e1lt, tan\u00e1csot adott. Nem r\u00f3tt meg, hogy mi\u00e9rt most, mi\u00e9rt vas\u00e1rnap, mi\u00e9rt eb\u00e9dk\u00f6zben.<\/p>\n<p>Egy id\u0151s koll\u00e9g\u00e1ja egyszer azt mondta nekem: \u201eHiggye el, M\u00e1rta n\u00e9ni m\u00e9g tol\u00f3kocsiban is rendelni fog.\u201d H\u00e1t nem! Azt\u00e1n egyszer m\u00e9gis leker\u00fclt a t\u00e1bla a rendel\u0151 fal\u00e1r\u00f3l.<\/p>\n<p>Ez ut\u00e1n m\u00e9g sok\u00e1ig lehetett l\u00e1tni \u0151t, amint vas\u00e1rnap a templomba ment mis\u00e9re. Hossz\u00fa kab\u00e1tban, kis kalapban k\u00f6nnyed eleganci\u00e1val.<\/p>\n<p>Doktor n\u00e9ni 2012 \u0151sz\u00e9n tett eleget az utols\u00f3 h\u00edv\u00e1snak. Hi\u00e1nyozni fog R\u00e1kosligetr\u0151l. Isten vele M\u00e1rta n\u00e9ni.<\/p>\n","protected":false},"excerpt":{"rendered":"<p>dr. Szepesv\u00e1ri M\u00e1rta ( &#8211; 2012. szeptember 27. P\u00e9cel) K\u00e9p forr\u00e1sa: http:\/\/www.raffaygabor.vacau.com\/archivum.html A Budapesti Kir\u00e1lyi Magyar P\u00e1zm\u00e1ny P\u00e9ter Tudom\u00e1nyegyetem Orvostudom\u00e1nyi Kar\u00e1n szerzett orvosi diplom\u00e1t 1944-ben. Nagykanizs\u00e1n, majd Budapesten a L\u00e1szl\u00f3 K\u00f3rh\u00e1zban kezdte p\u00e1lyafut\u00e1s\u00e1t. Budapest XVII. ker\u00fclet\u00e9ben 1951. \u00e1prilis 15-\u00e9n kezdte meg a munk\u00e1t, Kezdetben minden ker\u00fcletr\u00e9szben el kellett l\u00e1tnia a gyermekorvosi feladatokat. K\u00e9s\u0151bb feladatell\u00e1t\u00e1si ter\u00fclete &hellip; <a href=\"https:\/\/rakosliget.hu\/wordpress\/index.php\/szepesvari-marta-dr\/\" class=\"more-link\"><span class=\"screen-reader-text\">Szepesv\u00e1ri M\u00e1rta dr.<\/span> r\u00e9szletei&#8230;<\/a><\/p>\n","protected":false},"author":1,"featured_media":0,"parent":0,"menu_order":0,"comment_status":"closed","ping_status":"closed","template":"","meta":{"footnotes":""},"class_list":["post-1224","page","type-page","status-publish","hentry"],"_links":{"self":[{"href":"https:\/\/rakosliget.hu\/wordpress\/index.php\/wp-json\/wp\/v2\/pages\/1224","targetHints":{"allow":["GET"]}}],"collection":[{"href":"https:\/\/rakosliget.hu\/wordpress\/index.php\/wp-json\/wp\/v2\/pages"}],"about":[{"href":"https:\/\/rakosliget.hu\/wordpress\/index.php\/wp-json\/wp\/v2\/types\/page"}],"author":[{"embeddable":true,"href":"https:\/\/rakosliget.hu\/wordpress\/index.php\/wp-json\/wp\/v2\/users\/1"}],"replies":[{"embeddable":true,"href":"https:\/\/rakosliget.hu\/wordpress\/index.php\/wp-json\/wp\/v2\/comments?post=1224"}],"version-history":[{"count":1,"href":"https:\/\/rakosliget.hu\/wordpress\/index.php\/wp-json\/wp\/v2\/pages\/1224\/revisions"}],"predecessor-version":[{"id":1226,"href":"https:\/\/rakosliget.hu\/wordpress\/index.php\/wp-json\/wp\/v2\/pages\/1224\/revisions\/1226"}],"wp:attachment":[{"href":"https:\/\/rakosliget.hu\/wordpress\/index.php\/wp-json\/wp\/v2\/media?parent=1224"}],"curies":[{"name":"wp","href":"https:\/\/api.w.org\/{rel}","templated":true}]}}