{"id":12198,"date":"2024-01-04T18:46:28","date_gmt":"2024-01-04T17:46:28","guid":{"rendered":"https:\/\/rakosliget.hu\/wordpress\/?page_id=12198"},"modified":"2026-02-02T20:21:55","modified_gmt":"2026-02-02T19:21:55","slug":"szalai-laszlo-keramikus","status":"publish","type":"page","link":"https:\/\/rakosliget.hu\/wordpress\/index.php\/szalai-laszlo-keramikus\/","title":{"rendered":"SZALAI L\u00c1SZL\u00d3 keramikus"},"content":{"rendered":"\n<div class=\"wp-block-buttons is-content-justification-center is-layout-flex wp-container-core-buttons-is-layout-16018d1d wp-block-buttons-is-layout-flex\">\n<div class=\"wp-block-button\"><a class=\"wp-block-button__link wp-element-button\" href=\"https:\/\/rakosliget.hu\/wordpress\/index.php\/muveszet\/\">VISSZA A M\u0170V\u00c9SZET LAPRA<\/a><\/div>\n<\/div>\n\n\n\n<p><\/p>\n\n\n\n<figure class=\"wp-block-image size-large\"><img loading=\"lazy\" decoding=\"async\" width=\"920\" height=\"1024\" src=\"https:\/\/rakosliget.hu\/wordpress\/wp-content\/uploads\/2024\/01\/MuveszetiKatalogusok_1984_NemzetkoziKeramia_011_035__pages65-65-920x1024.jpg\" alt=\"\" class=\"wp-image-12200\" srcset=\"https:\/\/rakosliget.hu\/wordpress\/wp-content\/uploads\/2024\/01\/MuveszetiKatalogusok_1984_NemzetkoziKeramia_011_035__pages65-65-920x1024.jpg 920w, https:\/\/rakosliget.hu\/wordpress\/wp-content\/uploads\/2024\/01\/MuveszetiKatalogusok_1984_NemzetkoziKeramia_011_035__pages65-65-270x300.jpg 270w, https:\/\/rakosliget.hu\/wordpress\/wp-content\/uploads\/2024\/01\/MuveszetiKatalogusok_1984_NemzetkoziKeramia_011_035__pages65-65-768x854.jpg 768w, https:\/\/rakosliget.hu\/wordpress\/wp-content\/uploads\/2024\/01\/MuveszetiKatalogusok_1984_NemzetkoziKeramia_011_035__pages65-65-1381x1536.jpg 1381w, https:\/\/rakosliget.hu\/wordpress\/wp-content\/uploads\/2024\/01\/MuveszetiKatalogusok_1984_NemzetkoziKeramia_011_035__pages65-65-1841x2048.jpg 1841w\" sizes=\"auto, (max-width: 920px) 100vw, 920px\" \/><\/figure>\n\n\n\n<p>Forr\u00e1s: Magyar ki\u00e1ll\u00edt\u00e1si, m\u0171v\u00e9szeti katal\u00f3gusok a Magyar Nemzeti Gal\u00e9ria gy\u0171jtem\u00e9ny\u00e9b\u0151l Nemzetk\u00f6zi Ker\u00e1mia K\u00eds\u00e9rleti St\u00fadi\u00f3 1982-1984 (Kecskem\u00e9t, 1984)<\/p>\n\n\n\n<figure class=\"wp-block-image size-full\"><img loading=\"lazy\" decoding=\"async\" width=\"800\" height=\"857\" src=\"https:\/\/rakosliget.hu\/wordpress\/wp-content\/uploads\/2024\/11\/Szalai-1-_800.jpg\" alt=\"\" class=\"wp-image-12442\" srcset=\"https:\/\/rakosliget.hu\/wordpress\/wp-content\/uploads\/2024\/11\/Szalai-1-_800.jpg 800w, https:\/\/rakosliget.hu\/wordpress\/wp-content\/uploads\/2024\/11\/Szalai-1-_800-280x300.jpg 280w, https:\/\/rakosliget.hu\/wordpress\/wp-content\/uploads\/2024\/11\/Szalai-1-_800-768x823.jpg 768w\" sizes=\"auto, (max-width: 800px) 100vw, 800px\" \/><\/figure>\n\n\n\n<figure class=\"wp-block-image size-large\"><img loading=\"lazy\" decoding=\"async\" width=\"443\" height=\"1024\" src=\"https:\/\/rakosliget.hu\/wordpress\/wp-content\/uploads\/2024\/11\/Szalai-1_1_550-443x1024.jpg\" alt=\"\" class=\"wp-image-12444\" srcset=\"https:\/\/rakosliget.hu\/wordpress\/wp-content\/uploads\/2024\/11\/Szalai-1_1_550-443x1024.jpg 443w, https:\/\/rakosliget.hu\/wordpress\/wp-content\/uploads\/2024\/11\/Szalai-1_1_550-130x300.jpg 130w, https:\/\/rakosliget.hu\/wordpress\/wp-content\/uploads\/2024\/11\/Szalai-1_1_550.jpg 550w\" sizes=\"auto, (max-width: 443px) 100vw, 443px\" \/><\/figure>\n\n\n\n<figure class=\"wp-block-image size-large\"><img loading=\"lazy\" decoding=\"async\" width=\"650\" height=\"1024\" src=\"https:\/\/rakosliget.hu\/wordpress\/wp-content\/uploads\/2024\/11\/Szalai-2_660-650x1024.jpg\" alt=\"\" class=\"wp-image-12445\" srcset=\"https:\/\/rakosliget.hu\/wordpress\/wp-content\/uploads\/2024\/11\/Szalai-2_660-650x1024.jpg 650w, https:\/\/rakosliget.hu\/wordpress\/wp-content\/uploads\/2024\/11\/Szalai-2_660-190x300.jpg 190w, https:\/\/rakosliget.hu\/wordpress\/wp-content\/uploads\/2024\/11\/Szalai-2_660.jpg 660w\" sizes=\"auto, (max-width: 650px) 100vw, 650px\" \/><\/figure>\n\n\n\n<figure class=\"wp-block-image size-full\"><img loading=\"lazy\" decoding=\"async\" width=\"800\" height=\"867\" src=\"https:\/\/rakosliget.hu\/wordpress\/wp-content\/uploads\/2024\/11\/Szalai-2_1_800.jpg\" alt=\"\" class=\"wp-image-12446\" srcset=\"https:\/\/rakosliget.hu\/wordpress\/wp-content\/uploads\/2024\/11\/Szalai-2_1_800.jpg 800w, https:\/\/rakosliget.hu\/wordpress\/wp-content\/uploads\/2024\/11\/Szalai-2_1_800-277x300.jpg 277w, https:\/\/rakosliget.hu\/wordpress\/wp-content\/uploads\/2024\/11\/Szalai-2_1_800-768x832.jpg 768w\" sizes=\"auto, (max-width: 800px) 100vw, 800px\" \/><\/figure>\n\n\n\n<p>Forr\u00e1s: <a href=\"http:\/\/icshu.org\/assets\/files\/szalai-v3.pdf\">http:\/\/icshu.org\/assets\/files\/szalai-v3.pdf<\/a><\/p>\n\n\n\n<div class=\"wp-block-buttons is-content-justification-center is-layout-flex wp-container-core-buttons-is-layout-16018d1d wp-block-buttons-is-layout-flex\">\n<div class=\"wp-block-button\"><a class=\"wp-block-button__link wp-element-button\" href=\"https:\/\/rakosliget.hu\/wordpress\/index.php\/muveszet\/\">VISSZA A M\u0170V\u00c9SZET LAPRA<\/a><\/div>\n<\/div>\n","protected":false},"excerpt":{"rendered":"<p>Forr\u00e1s: Magyar ki\u00e1ll\u00edt\u00e1si, m\u0171v\u00e9szeti katal\u00f3gusok a Magyar Nemzeti Gal\u00e9ria gy\u0171jtem\u00e9ny\u00e9b\u0151l Nemzetk\u00f6zi Ker\u00e1mia K\u00eds\u00e9rleti St\u00fadi\u00f3 1982-1984 (Kecskem\u00e9t, 1984) Forr\u00e1s: http:\/\/icshu.org\/assets\/files\/szalai-v3.pdf<\/p>\n","protected":false},"author":1,"featured_media":0,"parent":0,"menu_order":0,"comment_status":"closed","ping_status":"closed","template":"","meta":{"footnotes":""},"class_list":["post-12198","page","type-page","status-publish","hentry"],"_links":{"self":[{"href":"https:\/\/rakosliget.hu\/wordpress\/index.php\/wp-json\/wp\/v2\/pages\/12198","targetHints":{"allow":["GET"]}}],"collection":[{"href":"https:\/\/rakosliget.hu\/wordpress\/index.php\/wp-json\/wp\/v2\/pages"}],"about":[{"href":"https:\/\/rakosliget.hu\/wordpress\/index.php\/wp-json\/wp\/v2\/types\/page"}],"author":[{"embeddable":true,"href":"https:\/\/rakosliget.hu\/wordpress\/index.php\/wp-json\/wp\/v2\/users\/1"}],"replies":[{"embeddable":true,"href":"https:\/\/rakosliget.hu\/wordpress\/index.php\/wp-json\/wp\/v2\/comments?post=12198"}],"version-history":[{"count":6,"href":"https:\/\/rakosliget.hu\/wordpress\/index.php\/wp-json\/wp\/v2\/pages\/12198\/revisions"}],"predecessor-version":[{"id":22798,"href":"https:\/\/rakosliget.hu\/wordpress\/index.php\/wp-json\/wp\/v2\/pages\/12198\/revisions\/22798"}],"wp:attachment":[{"href":"https:\/\/rakosliget.hu\/wordpress\/index.php\/wp-json\/wp\/v2\/media?parent=12198"}],"curies":[{"name":"wp","href":"https:\/\/api.w.org\/{rel}","templated":true}]}}