{"id":12191,"date":"2024-01-04T18:28:35","date_gmt":"2024-01-04T17:28:35","guid":{"rendered":"https:\/\/rakosliget.hu\/wordpress\/?page_id=12191"},"modified":"2024-01-04T18:34:50","modified_gmt":"2024-01-04T17:34:50","slug":"goth-katalin-textilmuvesz","status":"publish","type":"page","link":"https:\/\/rakosliget.hu\/wordpress\/index.php\/goth-katalin-textilmuvesz\/","title":{"rendered":"G\u00d3TH KATALIN textilm\u0171v\u00e9sz"},"content":{"rendered":"\n<p>1945 R\u00e1kosliget &#8211; <\/p>\n\n\n\n<figure class=\"wp-block-image size-large\"><img loading=\"lazy\" decoding=\"async\" width=\"960\" height=\"1024\" src=\"https:\/\/rakosliget.hu\/wordpress\/wp-content\/uploads\/2024\/01\/Goth-1-960x1024.jpg\" alt=\"\" class=\"wp-image-12194\" srcset=\"https:\/\/rakosliget.hu\/wordpress\/wp-content\/uploads\/2024\/01\/Goth-1-960x1024.jpg 960w, https:\/\/rakosliget.hu\/wordpress\/wp-content\/uploads\/2024\/01\/Goth-1-281x300.jpg 281w, https:\/\/rakosliget.hu\/wordpress\/wp-content\/uploads\/2024\/01\/Goth-1-768x819.jpg 768w, https:\/\/rakosliget.hu\/wordpress\/wp-content\/uploads\/2024\/01\/Goth-1-1440x1536.jpg 1440w, https:\/\/rakosliget.hu\/wordpress\/wp-content\/uploads\/2024\/01\/Goth-1.jpg 1800w\" sizes=\"auto, (max-width: 960px) 100vw, 960px\" \/><\/figure>\n\n\n\n<p>Forr\u00e1s: <a href=\"https:\/\/adt.arcanum.com\/hu\/collection\/MuveszetiKatalogusok\/\">Magyar ki\u00e1ll\u00edt\u00e1si, m\u0171v\u00e9szeti katal\u00f3gusok a Magyar Nemzeti Gal\u00e9ria gy\u0171jtem\u00e9ny\u00e9b\u0151l<\/a> 3. Textilm\u0171v\u00e9szeti Trienn\u00e1l\u00e9 (Szombathelyi K\u00e9pt\u00e1r, 2009)<\/p>\n\n\n\n<figure class=\"wp-block-image size-large\"><img loading=\"lazy\" decoding=\"async\" width=\"1008\" height=\"1024\" src=\"https:\/\/rakosliget.hu\/wordpress\/wp-content\/uploads\/2024\/01\/Goth-2-1008x1024.jpg\" alt=\"\" class=\"wp-image-12195\" srcset=\"https:\/\/rakosliget.hu\/wordpress\/wp-content\/uploads\/2024\/01\/Goth-2-1008x1024.jpg 1008w, https:\/\/rakosliget.hu\/wordpress\/wp-content\/uploads\/2024\/01\/Goth-2-295x300.jpg 295w, https:\/\/rakosliget.hu\/wordpress\/wp-content\/uploads\/2024\/01\/Goth-2-768x780.jpg 768w, https:\/\/rakosliget.hu\/wordpress\/wp-content\/uploads\/2024\/01\/Goth-2-1512x1536.jpg 1512w, https:\/\/rakosliget.hu\/wordpress\/wp-content\/uploads\/2024\/01\/Goth-2-2016x2048.jpg 2016w\" sizes=\"auto, (max-width: 1008px) 100vw, 1008px\" \/><\/figure>\n","protected":false},"excerpt":{"rendered":"<p>1945 R\u00e1kosliget &#8211; Forr\u00e1s: Magyar ki\u00e1ll\u00edt\u00e1si, m\u0171v\u00e9szeti katal\u00f3gusok a Magyar Nemzeti Gal\u00e9ria gy\u0171jtem\u00e9ny\u00e9b\u0151l 3. Textilm\u0171v\u00e9szeti Trienn\u00e1l\u00e9 (Szombathelyi K\u00e9pt\u00e1r, 2009)<\/p>\n","protected":false},"author":1,"featured_media":0,"parent":0,"menu_order":0,"comment_status":"closed","ping_status":"closed","template":"","meta":{"footnotes":""},"class_list":["post-12191","page","type-page","status-publish","hentry"],"_links":{"self":[{"href":"https:\/\/rakosliget.hu\/wordpress\/index.php\/wp-json\/wp\/v2\/pages\/12191","targetHints":{"allow":["GET"]}}],"collection":[{"href":"https:\/\/rakosliget.hu\/wordpress\/index.php\/wp-json\/wp\/v2\/pages"}],"about":[{"href":"https:\/\/rakosliget.hu\/wordpress\/index.php\/wp-json\/wp\/v2\/types\/page"}],"author":[{"embeddable":true,"href":"https:\/\/rakosliget.hu\/wordpress\/index.php\/wp-json\/wp\/v2\/users\/1"}],"replies":[{"embeddable":true,"href":"https:\/\/rakosliget.hu\/wordpress\/index.php\/wp-json\/wp\/v2\/comments?post=12191"}],"version-history":[{"count":2,"href":"https:\/\/rakosliget.hu\/wordpress\/index.php\/wp-json\/wp\/v2\/pages\/12191\/revisions"}],"predecessor-version":[{"id":12196,"href":"https:\/\/rakosliget.hu\/wordpress\/index.php\/wp-json\/wp\/v2\/pages\/12191\/revisions\/12196"}],"wp:attachment":[{"href":"https:\/\/rakosliget.hu\/wordpress\/index.php\/wp-json\/wp\/v2\/media?parent=12191"}],"curies":[{"name":"wp","href":"https:\/\/api.w.org\/{rel}","templated":true}]}}