{"id":1219,"date":"2018-03-23T05:59:59","date_gmt":"2018-03-23T04:59:59","guid":{"rendered":"http:\/\/rakosliget.hu\/wordpress\/?page_id=1219"},"modified":"2018-03-23T05:59:59","modified_gmt":"2018-03-23T04:59:59","slug":"szentkuti-zoltan-dr","status":"publish","type":"page","link":"https:\/\/rakosliget.hu\/wordpress\/index.php\/szentkuti-zoltan-dr\/","title":{"rendered":"Szentk\u00fati Zolt\u00e1n dr."},"content":{"rendered":"<h1 align=\"left\"><span data-canvas-width=\"138.77273985706682\">Szentk\u00fati Zolt\u00e1n,<\/span><span data-canvas-width=\"48.47243481554433\"> dr. <\/span><\/h1>\n<h2 align=\"left\"><span data-canvas-width=\"48.47243481554433\">(<\/span><span data-canvas-width=\"80.81949070508387\">R\u00e1kosliget<\/span><span data-canvas-width=\"60.10087708331117\">, 1920<\/span><span data-canvas-width=\"46.054996190613096\"> &#8211; 1978)<\/span><\/h2>\n<h2 align=\"left\">a r\u00e1kosligeti k\u00e9pvisel\u0151-test\u00fclet tagja<\/h2>\n<p align=\"left\">\n<p align=\"left\"><span data-canvas-width=\"22.868058497205222\">Jog\u00e1sz. 1945-t\u0151l az MKP tagja. 1945 ut\u00e1n OTI (SZTK) tisztvisel\u0151. 1945-1946-ban a r\u00e1kosligeti k\u00e9pvisel\u0151-test\u00fclet tagja. 1972-t\u0151l k\u00fclf\u00f6ld\u00f6n \u00e9lt. <\/span><\/p>\n","protected":false},"excerpt":{"rendered":"<p>Szentk\u00fati Zolt\u00e1n, dr. (R\u00e1kosliget, 1920 &#8211; 1978) a r\u00e1kosligeti k\u00e9pvisel\u0151-test\u00fclet tagja Jog\u00e1sz. 1945-t\u0151l az MKP tagja. 1945 ut\u00e1n OTI (SZTK) tisztvisel\u0151. 1945-1946-ban a r\u00e1kosligeti k\u00e9pvisel\u0151-test\u00fclet tagja. 1972-t\u0151l k\u00fclf\u00f6ld\u00f6n \u00e9lt.<\/p>\n","protected":false},"author":1,"featured_media":0,"parent":0,"menu_order":0,"comment_status":"closed","ping_status":"closed","template":"","meta":{"footnotes":""},"class_list":["post-1219","page","type-page","status-publish","hentry"],"_links":{"self":[{"href":"https:\/\/rakosliget.hu\/wordpress\/index.php\/wp-json\/wp\/v2\/pages\/1219","targetHints":{"allow":["GET"]}}],"collection":[{"href":"https:\/\/rakosliget.hu\/wordpress\/index.php\/wp-json\/wp\/v2\/pages"}],"about":[{"href":"https:\/\/rakosliget.hu\/wordpress\/index.php\/wp-json\/wp\/v2\/types\/page"}],"author":[{"embeddable":true,"href":"https:\/\/rakosliget.hu\/wordpress\/index.php\/wp-json\/wp\/v2\/users\/1"}],"replies":[{"embeddable":true,"href":"https:\/\/rakosliget.hu\/wordpress\/index.php\/wp-json\/wp\/v2\/comments?post=1219"}],"version-history":[{"count":1,"href":"https:\/\/rakosliget.hu\/wordpress\/index.php\/wp-json\/wp\/v2\/pages\/1219\/revisions"}],"predecessor-version":[{"id":1220,"href":"https:\/\/rakosliget.hu\/wordpress\/index.php\/wp-json\/wp\/v2\/pages\/1219\/revisions\/1220"}],"wp:attachment":[{"href":"https:\/\/rakosliget.hu\/wordpress\/index.php\/wp-json\/wp\/v2\/media?parent=1219"}],"curies":[{"name":"wp","href":"https:\/\/api.w.org\/{rel}","templated":true}]}}