{"id":1216,"date":"2018-03-23T05:58:43","date_gmt":"2018-03-23T04:58:43","guid":{"rendered":"http:\/\/rakosliget.hu\/wordpress\/?page_id=1216"},"modified":"2018-03-23T05:58:43","modified_gmt":"2018-03-23T04:58:43","slug":"szeli-zsigmond","status":"publish","type":"page","link":"https:\/\/rakosliget.hu\/wordpress\/index.php\/szeli-zsigmond\/","title":{"rendered":"Sz\u00e9li Zsigmond"},"content":{"rendered":"<h1 align=\"left\">Sz\u00e9li Zsigmond<\/h1>\n<h2 align=\"left\">(R\u00e1cegres, 1875-1954)<\/h2>\n<h2 align=\"left\">a R\u00e1kosligeti Nemzeti Bizotts\u00e1g tagja<\/h2>\n<p align=\"left\">\n<p align=\"left\"><span data-canvas-width=\"77.02847335657266\">Sz\u00e9li Zsigmond<\/span><span data-canvas-width=\"157.32707830601387\">, M\u00c1V<\/span><span data-canvas-width=\"227.47392242682275\"> tisztvisel\u0151. 1945-t\u0151l az FKP tagja, <\/span><span data-canvas-width=\"230.91990925758387\">nyugd\u00edjas M\u00c1V-fel\u00fcgyel\u0151. <\/span><span data-canvas-width=\"229.9669290345929\">1945 elej\u00e9n a R\u00e1kosligeti Nemzeti Bizotts\u00e1g, 1945-1949-ben <\/span><span data-canvas-width=\"228.89757402182016\">a k\u00f6zs\u00e9gi el\u00f6lj\u00e1r\u00f3s\u00e1g tagja, 1945-t\u0151l p\u00e9nz<\/span><span data-canvas-width=\"154.33366010218202\">t\u00e1rnok, 1948-t\u00f3l k\u00f6zs\u00e9gi b\u00edr\u00f3. <\/span><\/p>\n","protected":false},"excerpt":{"rendered":"<p>Sz\u00e9li Zsigmond (R\u00e1cegres, 1875-1954) a R\u00e1kosligeti Nemzeti Bizotts\u00e1g tagja Sz\u00e9li Zsigmond, M\u00c1V tisztvisel\u0151. 1945-t\u0151l az FKP tagja, nyugd\u00edjas M\u00c1V-fel\u00fcgyel\u0151. 1945 elej\u00e9n a R\u00e1kosligeti Nemzeti Bizotts\u00e1g, 1945-1949-ben a k\u00f6zs\u00e9gi el\u00f6lj\u00e1r\u00f3s\u00e1g tagja, 1945-t\u0151l p\u00e9nzt\u00e1rnok, 1948-t\u00f3l k\u00f6zs\u00e9gi b\u00edr\u00f3.<\/p>\n","protected":false},"author":1,"featured_media":0,"parent":0,"menu_order":0,"comment_status":"closed","ping_status":"closed","template":"","meta":{"footnotes":""},"class_list":["post-1216","page","type-page","status-publish","hentry"],"_links":{"self":[{"href":"https:\/\/rakosliget.hu\/wordpress\/index.php\/wp-json\/wp\/v2\/pages\/1216","targetHints":{"allow":["GET"]}}],"collection":[{"href":"https:\/\/rakosliget.hu\/wordpress\/index.php\/wp-json\/wp\/v2\/pages"}],"about":[{"href":"https:\/\/rakosliget.hu\/wordpress\/index.php\/wp-json\/wp\/v2\/types\/page"}],"author":[{"embeddable":true,"href":"https:\/\/rakosliget.hu\/wordpress\/index.php\/wp-json\/wp\/v2\/users\/1"}],"replies":[{"embeddable":true,"href":"https:\/\/rakosliget.hu\/wordpress\/index.php\/wp-json\/wp\/v2\/comments?post=1216"}],"version-history":[{"count":1,"href":"https:\/\/rakosliget.hu\/wordpress\/index.php\/wp-json\/wp\/v2\/pages\/1216\/revisions"}],"predecessor-version":[{"id":1217,"href":"https:\/\/rakosliget.hu\/wordpress\/index.php\/wp-json\/wp\/v2\/pages\/1216\/revisions\/1217"}],"wp:attachment":[{"href":"https:\/\/rakosliget.hu\/wordpress\/index.php\/wp-json\/wp\/v2\/media?parent=1216"}],"curies":[{"name":"wp","href":"https:\/\/api.w.org\/{rel}","templated":true}]}}