{"id":12141,"date":"2023-12-17T08:49:06","date_gmt":"2023-12-17T07:49:06","guid":{"rendered":"https:\/\/rakosliget.hu\/wordpress\/?page_id=12141"},"modified":"2026-01-23T06:29:00","modified_gmt":"2026-01-23T05:29:00","slug":"weores-sandor","status":"publish","type":"page","link":"https:\/\/rakosliget.hu\/wordpress\/index.php\/weores-sandor\/","title":{"rendered":"Irodalmi m\u0171vekben R\u00e1kosliget \u2013We\u00f6res S\u00e1ndor"},"content":{"rendered":"\n<div class=\"wp-block-buttons is-content-justification-center is-layout-flex wp-container-core-buttons-is-layout-16018d1d wp-block-buttons-is-layout-flex\">\n<div class=\"wp-block-button\"><a class=\"wp-block-button__link wp-element-button\" href=\"https:\/\/rakosliget.hu\/wordpress\/index.php\/muveszet\/\">VISSZA A M\u0170V\u00c9SZET LAPRA<\/a><\/div>\n<\/div>\n\n\n\n<p><\/p>\n\n\n\n<h3 class=\"wp-block-heading has-text-align-center\">R\u00e1kosliget 1935<\/h3>\n\n\n\n<p>Az utca zsong\u00f3 lombcsokor<br>r\u00f6p\u00fcl a bomlott h\u00e1rsfasor<br>halv\u00e1ny vir\u00e1gok lebeg\u0151n<br>ny\u00edlnak az erk\u00e9lyes tet\u0151n<\/p>\n\n\n\n<p><br>A j\u00e1rd\u00e1n sz\u00e9p katona megy<br>Rezeda utca 11<br>a l\u00e1ny kin\u00e9z az ablakon<br>a zongorasz\u00f3t hallgatom<\/p>\n\n\n\n<p>Kertet kap\u00e1l az ezredes<br>kan\u00e1ri f\u00fcttye lengedez<br>a l\u00e9gben rezg\u0151 f\u00e9nyfoly\u00f3<br>r\u00f3zsakar\u00f3n \u00fcveggoly\u00f3<\/p>\n\n\n\n<p><br>A zongorasz\u00f3t hallgatom<br>a l\u00e1ny kin\u00e9z az ablakon<br>ajk\u00e1n csillogva n\u0151 a cs\u00f3k<br>a kertben pattan\u00f3 bogy\u00f3k<\/p>\n\n\n\n<p>Itt senki el nem k\u00e1rhozik<br>csup\u00e1n a napt\u00e1r v\u00e1ltozik<br>az utca sz\u00e1rnyas lombcsokor<br>r\u00f6p\u00fcl a tarka villasor.<\/p>\n\n\n\n<hr class=\"wp-block-separator has-alpha-channel-opacity\"\/>\n\n\n\n<p>Adal\u00e9kok a verhez. Tal\u00e1n ez\u00e9rt az ihlet?: <br>Rothbard Zolt\u00e1n, We\u00f6res S\u00e1ndor isnstruktora, di\u00e1kt\u00e1rs. A k\u00f6lt\u0151 P\u00e1vel \u00c1gostonhoz \u00edrt leveleiben t\u00f6bb alkalommal szerepel a neve. <br>\u00c1lljon itt Rothbard k\u00e9t, R\u00e1kosligetr\u0151l \u00edrt levele:<\/p>\n\n\n\n<p>Kedves Dina! <br>Megkaptam a m\u00e1r elparent\u00e1lt lapodat, s most gyorsan v\u00e1laszolok. [\u2026] Ad\u00f3val m\u00e9gnem besz\u00e9ltem az\u00f3ta, mi\u00f3ta a leveledet megkaptam, azt hiszem az\u00e9rt nem k\u00fcldte m\u00e9g viszsza, mert k\u00e9zt\u0151l-k\u00e9zbe j\u00e1rnak a verseid a l\u00e1nyokn\u00e1l. El ne \u00e1ruld, hogy \u00e9n \u0151t el\u00e1rultam. H\u00e1t mit csin\u00e1ltok odalent a Te kis R\u00e1bamenti szalmazsupos faludban! Nem irigyellek a t\u00e9li vil\u00e1god\u00e9rt. Itt, b\u00e1r eg\u00e9sz nap k\u00f6nyv mellett vagyok, m\u00e9gis v\u00e1ltozatosabb az \u00e9let. Hogy vannak Kedves Sz\u00fcleid? Ilonka mit csin\u00e1l. [\u2026] Csak sz\u00f3rakozz, Cina \u00e9s hamar vesd ki Magadb\u00f3l a t\u00e9pel\u0151d\u00e9seket, ha b\u00edrod. (M\u00e1r megint az \u00e9n fels\u0151s\u00e9ges modorom,amelyet Te nem b\u00edrsz.) Tal\u00e1n \u00e9szrevetted a szokatlan c\u00edmz\u00e9st. Eszembe jutott ugyanis, hogy a Te legjobbbar\u00e1tod \u00edgy szokott \u00edrni Neked. Mi h\u00edr van vele. [\u2026] A gyors v\u00e1lasz rem\u00e9ny\u00e9ben \u00f6lellek <br>Zoli<br><em>Autogr\u00e1f levelez\u0151lap [24] C\u00edmz\u00e9se: Kedves ifj. We\u00f6res S\u00e1ndor bar\u00e1tomnak Cs\u00f6nge Vas m., felad\u00f3: Rothbard Zolt\u00e1n, R\u00e1kosliget, XVIII. u. 2. Pb.: Budapest, 930. jan. 23.<\/em><\/p>\n\n\n\n<p>Kedves Cinci, azt hiszem, kiss\u00e9 hamar\u00e1bb v\u00e1laszolok, mint Te. [\u2026] Kivel vagy mostirodalmi kapcsolatban? \u00edrj valamit m\u00e1r r\u00f3la. Hol jelennek meg most verseid?&#8221; Az Ada \u00fcdv\u00f6z\u00f6l, a verseid m\u00e9g a napokban \u00fatnak indulnak. \u2014 V\u00e9gre valah\u00e1ra. Fogadd a le\u00e1nyl\u00edceum VII. oszt\u00e1ly\u00e1nak h\u00f3dol\u00f3 elismer\u00e9s\u00e9t. [\u2026]<br><em>Autogr\u00e1f levelez\u0151lap [251. C\u00edmz\u00e9se: Cimbor\u00e1mnak ifj. We\u00f6res S\u00e1ndor Kis\u00far Cs\u00f6nge Vas m.; Felad\u00f3: Rothbard Zolt\u00e1n, R\u00e1kosliget, XVII1. u. 2. Pb.: Budapest, 930. feb. 17.<\/em><\/p>\n\n\n\n<p>Forr\u00e1s: <strong>L\u0151csei P\u00e9ter<\/strong>: Szombathelyi eml\u00e9kpoh\u00e1r (Szombathely, 2007) 59-60. oldalak<\/p>\n\n\n\n<div class=\"wp-block-buttons is-content-justification-center is-layout-flex wp-container-core-buttons-is-layout-16018d1d wp-block-buttons-is-layout-flex\">\n<div class=\"wp-block-button\"><a class=\"wp-block-button__link wp-element-button\" href=\"https:\/\/rakosliget.hu\/wordpress\/index.php\/muveszet\/\">VISSZA A M\u0170V\u00c9SZET LAPRA<\/a><\/div>\n<\/div>\n","protected":false},"excerpt":{"rendered":"<p>R\u00e1kosliget 1935 Az utca zsong\u00f3 lombcsokorr\u00f6p\u00fcl a bomlott h\u00e1rsfasorhalv\u00e1ny vir\u00e1gok lebeg\u0151nny\u00edlnak az erk\u00e9lyes tet\u0151n A j\u00e1rd\u00e1n sz\u00e9p katona megyRezeda utca 11a l\u00e1ny kin\u00e9z az ablakona zongorasz\u00f3t hallgatom Kertet kap\u00e1l az ezredeskan\u00e1ri f\u00fcttye lengedeza l\u00e9gben rezg\u0151 f\u00e9nyfoly\u00f3r\u00f3zsakar\u00f3n \u00fcveggoly\u00f3 A zongorasz\u00f3t hallgatoma l\u00e1ny kin\u00e9z az ablakonajk\u00e1n csillogva n\u0151 a cs\u00f3ka kertben pattan\u00f3 bogy\u00f3k Itt senki el nem &hellip; <a href=\"https:\/\/rakosliget.hu\/wordpress\/index.php\/weores-sandor\/\" class=\"more-link\"><span class=\"screen-reader-text\">Irodalmi m\u0171vekben R\u00e1kosliget \u2013We\u00f6res S\u00e1ndor<\/span> r\u00e9szletei&#8230;<\/a><\/p>\n","protected":false},"author":1,"featured_media":0,"parent":0,"menu_order":0,"comment_status":"closed","ping_status":"closed","template":"","meta":{"footnotes":""},"class_list":["post-12141","page","type-page","status-publish","hentry"],"_links":{"self":[{"href":"https:\/\/rakosliget.hu\/wordpress\/index.php\/wp-json\/wp\/v2\/pages\/12141","targetHints":{"allow":["GET"]}}],"collection":[{"href":"https:\/\/rakosliget.hu\/wordpress\/index.php\/wp-json\/wp\/v2\/pages"}],"about":[{"href":"https:\/\/rakosliget.hu\/wordpress\/index.php\/wp-json\/wp\/v2\/types\/page"}],"author":[{"embeddable":true,"href":"https:\/\/rakosliget.hu\/wordpress\/index.php\/wp-json\/wp\/v2\/users\/1"}],"replies":[{"embeddable":true,"href":"https:\/\/rakosliget.hu\/wordpress\/index.php\/wp-json\/wp\/v2\/comments?post=12141"}],"version-history":[{"count":11,"href":"https:\/\/rakosliget.hu\/wordpress\/index.php\/wp-json\/wp\/v2\/pages\/12141\/revisions"}],"predecessor-version":[{"id":22070,"href":"https:\/\/rakosliget.hu\/wordpress\/index.php\/wp-json\/wp\/v2\/pages\/12141\/revisions\/22070"}],"wp:attachment":[{"href":"https:\/\/rakosliget.hu\/wordpress\/index.php\/wp-json\/wp\/v2\/media?parent=12141"}],"curies":[{"name":"wp","href":"https:\/\/api.w.org\/{rel}","templated":true}]}}