{"id":1214,"date":"2018-03-23T05:58:01","date_gmt":"2018-03-23T04:58:01","guid":{"rendered":"http:\/\/rakosliget.hu\/wordpress\/?page_id=1214"},"modified":"2018-03-23T05:58:01","modified_gmt":"2018-03-23T04:58:01","slug":"szebeledi-istvan","status":"publish","type":"page","link":"https:\/\/rakosliget.hu\/wordpress\/index.php\/szebeledi-istvan\/","title":{"rendered":"Szebeledi Istv\u00e1n"},"content":{"rendered":"<h1 align=\"left\"><span data-canvas-width=\"129.38095578174082\">Szebeledi Istv\u00e1n<\/span><\/h1>\n<h2 align=\"left\"><span data-canvas-width=\"202.8727109140272\">(R\u00e1koskereszt\u00far, 1914)<\/span><\/h2>\n<h2 align=\"left\">a r\u00e1kosligeti k\u00e9pvisel\u0151-test\u00fclet tagja<\/h2>\n<p align=\"left\">\n<p align=\"left\"><span data-canvas-width=\"22.868058497205222\">Vulkaniz\u00e1l\u00f3. 1945-t\u0151l az F\u00fcggetlen Kisgazda P\u00e1rt tagja. 1945 ut\u00e1n kisiparos; a r\u00e1kosligeti k\u00e9pvisel\u0151-test\u00fclet tagja. -Nyugd\u00edjas. <\/span><\/p>\n","protected":false},"excerpt":{"rendered":"<p>Szebeledi Istv\u00e1n (R\u00e1koskereszt\u00far, 1914) a r\u00e1kosligeti k\u00e9pvisel\u0151-test\u00fclet tagja Vulkaniz\u00e1l\u00f3. 1945-t\u0151l az F\u00fcggetlen Kisgazda P\u00e1rt tagja. 1945 ut\u00e1n kisiparos; a r\u00e1kosligeti k\u00e9pvisel\u0151-test\u00fclet tagja. -Nyugd\u00edjas.<\/p>\n","protected":false},"author":1,"featured_media":0,"parent":0,"menu_order":0,"comment_status":"closed","ping_status":"closed","template":"","meta":{"footnotes":""},"class_list":["post-1214","page","type-page","status-publish","hentry"],"_links":{"self":[{"href":"https:\/\/rakosliget.hu\/wordpress\/index.php\/wp-json\/wp\/v2\/pages\/1214","targetHints":{"allow":["GET"]}}],"collection":[{"href":"https:\/\/rakosliget.hu\/wordpress\/index.php\/wp-json\/wp\/v2\/pages"}],"about":[{"href":"https:\/\/rakosliget.hu\/wordpress\/index.php\/wp-json\/wp\/v2\/types\/page"}],"author":[{"embeddable":true,"href":"https:\/\/rakosliget.hu\/wordpress\/index.php\/wp-json\/wp\/v2\/users\/1"}],"replies":[{"embeddable":true,"href":"https:\/\/rakosliget.hu\/wordpress\/index.php\/wp-json\/wp\/v2\/comments?post=1214"}],"version-history":[{"count":1,"href":"https:\/\/rakosliget.hu\/wordpress\/index.php\/wp-json\/wp\/v2\/pages\/1214\/revisions"}],"predecessor-version":[{"id":1215,"href":"https:\/\/rakosliget.hu\/wordpress\/index.php\/wp-json\/wp\/v2\/pages\/1214\/revisions\/1215"}],"wp:attachment":[{"href":"https:\/\/rakosliget.hu\/wordpress\/index.php\/wp-json\/wp\/v2\/media?parent=1214"}],"curies":[{"name":"wp","href":"https:\/\/api.w.org\/{rel}","templated":true}]}}