{"id":12116,"date":"2023-12-16T08:06:16","date_gmt":"2023-12-16T07:06:16","guid":{"rendered":"https:\/\/rakosliget.hu\/wordpress\/?page_id=12116"},"modified":"2026-02-02T19:57:51","modified_gmt":"2026-02-02T18:57:51","slug":"nagy-janos","status":"publish","type":"page","link":"https:\/\/rakosliget.hu\/wordpress\/index.php\/nagy-janos\/","title":{"rendered":"Nagy J\u00e1nos (1922 &#8211;   )"},"content":{"rendered":"\n<div class=\"wp-block-buttons is-content-justification-center is-layout-flex wp-container-core-buttons-is-layout-16018d1d wp-block-buttons-is-layout-flex\">\n<div class=\"wp-block-button\"><a class=\"wp-block-button__link wp-element-button\" href=\"https:\/\/rakosliget.hu\/wordpress\/index.php\/muveszet\/\">VISSZA A M\u0170V\u00c9SZET LAPRA<\/a><\/div>\n<\/div>\n\n\n\n<p><\/p>\n\n\n\n<figure class=\"wp-block-image size-large is-resized\"><img loading=\"lazy\" decoding=\"async\" width=\"747\" height=\"1024\" src=\"https:\/\/rakosliget.hu\/wordpress\/wp-content\/uploads\/2023\/12\/MuveszetiKatalogusok_2001_NagyJanoskepgyujtemenyeBlask_028_140__pages4-4-747x1024.jpg\" alt=\"\" class=\"wp-image-12125\" style=\"width:690px;height:auto\" srcset=\"https:\/\/rakosliget.hu\/wordpress\/wp-content\/uploads\/2023\/12\/MuveszetiKatalogusok_2001_NagyJanoskepgyujtemenyeBlask_028_140__pages4-4-747x1024.jpg 747w, https:\/\/rakosliget.hu\/wordpress\/wp-content\/uploads\/2023\/12\/MuveszetiKatalogusok_2001_NagyJanoskepgyujtemenyeBlask_028_140__pages4-4-219x300.jpg 219w, https:\/\/rakosliget.hu\/wordpress\/wp-content\/uploads\/2023\/12\/MuveszetiKatalogusok_2001_NagyJanoskepgyujtemenyeBlask_028_140__pages4-4-768x1053.jpg 768w, https:\/\/rakosliget.hu\/wordpress\/wp-content\/uploads\/2023\/12\/MuveszetiKatalogusok_2001_NagyJanoskepgyujtemenyeBlask_028_140__pages4-4-1120x1536.jpg 1120w, https:\/\/rakosliget.hu\/wordpress\/wp-content\/uploads\/2023\/12\/MuveszetiKatalogusok_2001_NagyJanoskepgyujtemenyeBlask_028_140__pages4-4-1493x2048.jpg 1493w, https:\/\/rakosliget.hu\/wordpress\/wp-content\/uploads\/2023\/12\/MuveszetiKatalogusok_2001_NagyJanoskepgyujtemenyeBlask_028_140__pages4-4-scaled.jpg 1866w\" sizes=\"auto, (max-width: 747px) 100vw, 747px\" \/><\/figure>\n\n\n\n<p><em>Forr\u00e1s: Nagy J\u00e1nos k\u00e9pgy\u0171jtem\u00e9nye (Blaskovich M\u00fazeum Bar\u00e1ti K\u00f6re, T\u00e1pi\u00f3szele, 2001)<\/em><\/p>\n\n\n\n<p><strong>\u00c9LETRAJZI ADATOK<\/strong><\/p>\n\n\n\n<p> 1922. febru\u00e1r 24-\u00e9n sz\u00fcletett Debrecenben. <\/p>\n\n\n\n<p>1938-41 K\u00f6z\u00e9piskol\u00e1sk\u00e9nt r\u00e9sztvev\u0151je a D\u00e9ri M\u00fazeumban m\u0171k\u00f6d\u0151 Ady T\u00e1rsas\u00e1g rendezv\u00e9nyeinek. <\/p>\n\n\n\n<p>1940-41 Nagyb\u00e1ny\u00e1n megfesti a Malom, Cig\u00e1nyl\u00e1ny, Fest\u0151n\u0151k c\u00edm\u0171 k\u00e9peket. Ut\u00f3bbi a F\u0151v\u00e1rosi K\u00e9pt\u00e1r tulajdon\u00e1ban van. <\/p>\n\n\n\n<p>1941 Orsz\u00e1gos Tanulm\u00e1nyi Versenyen rajzb\u00f3l 2. helyez\u00e9st \u00e9r el. <\/p>\n\n\n\n<p>1941 A debreceni Piarista Gimn\u00e1ziumban \u00e9retts\u00e9gi vizsg\u00e1t tesz. <\/p>\n\n\n\n<p>1941 Olaszorsz\u00e1gban nemzetk\u00f6zi fest\u0151versenyen vesz r\u00e9szt. (Vasal\u00f3n\u0151 c\u00edm\u0171 k\u00e9pe a Palazzo Strozziban van.)<\/p>\n\n\n\n<p> 1942 Nemes Marcell \u00f6szt\u00f6nd\u00edj. <\/p>\n\n\n\n<p>1941-47 K\u00e9pz\u0151m\u0171v\u00e9szeti F\u0151iskol\u00e1n folytatja tanulm\u00e1nyait. Mestere Sz\u0151nyi Istv\u00e1n. <\/p>\n\n\n\n<p>1945 Tan\u00e1rseg\u00e9dk\u00e9nt megszervezi \u00e9s vezeti a k\u00e9pz\u0151m\u0171v\u00e9szeti f\u0151iskola t\u00e1pi\u00f3szelei m\u0171v\u00e9sztelep\u00e9t. <\/p>\n\n\n\n<p>1947 \u00c1llami \u00f6szt\u00f6nd\u00edjat kap Rom\u00e1ni\u00e1ba fest\u00e9szeti tanulm\u00e1nyok folytat\u00e1s\u00e1ra. <\/p>\n\n\n\n<p>1947 Tan\u00e1ri \u00e1ll\u00e1st kap Debrecenben, Rics\u00e9n, Cig\u00e1ndon. <\/p>\n\n\n\n<p>1948-57 Tat\u00e1n \u00e9l, tan\u00edt \u00e9s szabadiskol\u00e1t vezet. 1951 Megn\u0151s\u00fcl, k\u00e9t gyermeke sz\u00fcletik. <\/p>\n\n\n\n<p>1952 \u00d6n\u00e1ll\u00f3 ki\u00e1ll\u00edt\u00e1s Tat\u00e1n. <\/p>\n\n\n\n<p>1953 Gy\u0171jtem\u00e9nyes ki\u00e1ll\u00edt\u00e1s Tat\u00e1n. <\/p>\n\n\n\n<p>1953 Gy\u00f3gyul\u00e1s \u00f6r\u00f6me c\u00edmmel k\u00e9t r\u00e9szes pann\u00f3 k\u00e9sz\u00fclt a tatab\u00e1nyai megyei k\u00f3rh\u00e1z sz\u00e1m\u00e1ra. <\/p>\n\n\n\n<p>1957 Orsz\u00e1gos rajzpedag\u00f3giai p\u00e1ly\u00e1zaton 2. helyez\u00e9st \u00e9r el. <\/p>\n\n\n\n<p>1957 Budapestre k\u00f6lt\u00f6z\u00f6tt. 1<\/p>\n\n\n\n<p>957-82 Tan\u00edt a F\u00fcrst S\u00e1ndor jelenlegi nev\u00e9n Balassi B\u00e1lint Gimn\u00e1ziumban. <\/p>\n\n\n\n<p>1960-65 Pedag\u00f3gus m\u0171v\u00e9sztelepeket vezet Szad\u00e1n, Duna\u00fajv\u00e1rosban\u2026 <\/p>\n\n\n\n<p>1964 M\u0171v\u00e9szeti Alap tagja lett. <\/p>\n\n\n\n<p>1965 Oktat\u00e1s\u00fcgy Kiv\u00e1l\u00f3 Dolgoz\u00f3ja kit\u00fcntet\u00e9st kap. <\/p>\n\n\n\n<p>1966-75 K\u00e9pz\u0151m\u0171v\u00e9szeti k\u00f6rt vezet, k\u00e9pz\u0151m\u0171v\u00e9szeti ki\u00e1ll\u00edt\u00e1sokat szervez a f\u0151v\u00e1ros XVII. ker\u00fclet\u00e9ben. <\/p>\n\n\n\n<p>1971 M\u0171termi bemutat\u00f3 R\u00e1kosligeten. <\/p>\n\n\n\n<p>1971 Tanulm\u00e1ny\u00fat Olasz-, Spanyolorsz\u00e1g m\u00fazeumaiban. <\/p>\n\n\n\n<p>1974-75 Szent Istv\u00e1n secco R\u00e1kosliget. <\/p>\n\n\n\n<figure class=\"wp-block-image size-large\"><img loading=\"lazy\" decoding=\"async\" width=\"1024\" height=\"546\" src=\"https:\/\/rakosliget.hu\/wordpress\/wp-content\/uploads\/2023\/12\/secco-1024x546.jpg\" alt=\"\" class=\"wp-image-12131\" srcset=\"https:\/\/rakosliget.hu\/wordpress\/wp-content\/uploads\/2023\/12\/secco-1024x546.jpg 1024w, https:\/\/rakosliget.hu\/wordpress\/wp-content\/uploads\/2023\/12\/secco-300x160.jpg 300w, https:\/\/rakosliget.hu\/wordpress\/wp-content\/uploads\/2023\/12\/secco-768x410.jpg 768w, https:\/\/rakosliget.hu\/wordpress\/wp-content\/uploads\/2023\/12\/secco-1536x819.jpg 1536w, https:\/\/rakosliget.hu\/wordpress\/wp-content\/uploads\/2023\/12\/secco.jpg 1800w\" sizes=\"auto, (max-width: 1024px) 100vw, 1024px\" \/><\/figure>\n\n\n\n<p>1974 Tanulm\u00e1ny\u00fat P\u00e1rizs, Sv\u00e1jc. <\/p>\n\n\n\n<p>1978 K\u00fatn\u00e1l &#8211; faintarzia R\u00e1kosliget. <\/p>\n\n\n\n<p>1978 V\u00e1ros &#8211; alum\u00ednium kompoz\u00edci\u00f3 &#8211; R\u00e1kosliget, m\u0171vel\u0151d\u00e9si h\u00e1z. <\/p>\n\n\n\n<p>1978 Szocialista Kult\u00far\u00e1\u00e9rt kit\u00fcntet\u00e9s. <\/p>\n\n\n\n<p>1979 T\u00e1jk\u00e9p &#8211; alum\u00ednium kompoz\u00edci\u00f3 &#8211; r\u00e1kosligeti szoborpark. <\/p>\n\n\n\n<p>1980-83 K\u00e9pz\u0151m\u0171v\u00e9szeti estek szervez\u00e9se a f\u0151v\u00e1ros XVII. ker\u00fclet\u00e9ben. <\/p>\n\n\n\n<p>1988 Szabadt\u00e9ri t\u00e1rlat a mikep\u00e9rcsi alkot\u00f3h\u00e1z \u00fcnnep\u00e9lyes megnyit\u00f3ja. <\/p>\n\n\n\n<p>1990 \u00c9letm\u0171 ki\u00e1ll\u00edt\u00e1s a debreceni Kossuth Lajos Tudom\u00e1ny Egyetemen. <\/p>\n\n\n\n<p>1990 \u00d6n\u00e1ll\u00f3 ki\u00e1ll\u00edt\u00e1s a Duna Gal\u00e9ri\u00e1ban Budapesten. <\/p>\n\n\n\n<p>1990 \u00d6n\u00e1ll\u00f3 ki\u00e1ll\u00edt\u00e1s a budapesti D\u00f3zsa Gy\u00f6rgy M\u0171vel\u0151d\u00e9si H\u00e1zban. <\/p>\n\n\n\n<p>1991 Gal\u00e9ria ki\u00e1ll\u00edt\u00e1s a budapesti Balassi B\u00e1lint Gimn\u00e1ziumban. <\/p>\n\n\n\n<p>1993 Gal\u00e9ria ki\u00e1ll\u00edt\u00e1s a Balassi B\u00e1lint Gimn\u00e1ziumban. <\/p>\n\n\n\n<p>1993 \u00d6n\u00e1ll\u00f3 ki\u00e1ll\u00edt\u00e1s Cs\u00e1kv\u00e1rott. <\/p>\n\n\n\n<p>1996 \u00d6n\u00e1ll\u00f3 ki\u00e1ll\u00edt\u00e1s a r\u00e1koshegyi Erd\u0151s Ren\u00e9\u00e9 H\u00e1zban. <\/p>\n\n\n\n<p>1996 \u00d6n\u00e1ll\u00f3 ki\u00e1ll\u00edt\u00e1s a tatai Kuny Domonkos M\u00fazeumban. <\/p>\n\n\n\n<p>1996 \u00d6n\u00e1ll\u00f3 ki\u00e1ll\u00edt\u00e1s a budapesti T\u00e1rsalg\u00f3 \u00c9rtelmis\u00e9gi Klubban. <\/p>\n\n\n\n<p>1997 \u00d6n\u00e1ll\u00f3 ki\u00e1ll\u00edt\u00e1s a t\u00e1pi\u00f3szelei Blaskovich M\u00fazeumban. <\/p>\n\n\n\n<p>1997 \u00c9letm\u0171 ki\u00e1ll\u00edt\u00e1s a r\u00e1koskereszt\u00fari D\u00f3zsa M\u0171vel\u0151d\u00e9si H\u00e1zban. <\/p>\n\n\n\n<p>1998 \u00c1lland\u00f3 ki\u00e1ll\u00edt\u00e1s a t\u00e1pi\u00f3szelei Viczi\u00e1n &#8211; vill\u00e1ban a Blaskovich M\u00fazeumnak aj\u00e1nd\u00e9kozott k\u00e9pgy\u0171jtem\u00e9ny anyag\u00e1b\u00f3l.<\/p>\n\n\n\n<figure class=\"wp-block-image size-large\"><img loading=\"lazy\" decoding=\"async\" width=\"1024\" height=\"796\" src=\"https:\/\/rakosliget.hu\/wordpress\/wp-content\/uploads\/2023\/12\/Ligeti-udvar-1024x796.jpg\" alt=\"\" class=\"wp-image-12132\" srcset=\"https:\/\/rakosliget.hu\/wordpress\/wp-content\/uploads\/2023\/12\/Ligeti-udvar-1024x796.jpg 1024w, https:\/\/rakosliget.hu\/wordpress\/wp-content\/uploads\/2023\/12\/Ligeti-udvar-300x233.jpg 300w, https:\/\/rakosliget.hu\/wordpress\/wp-content\/uploads\/2023\/12\/Ligeti-udvar-768x597.jpg 768w, https:\/\/rakosliget.hu\/wordpress\/wp-content\/uploads\/2023\/12\/Ligeti-udvar.jpg 1421w\" sizes=\"auto, (max-width: 1024px) 100vw, 1024px\" \/><\/figure>\n\n\n\n<div class=\"wp-block-buttons is-content-justification-center is-layout-flex wp-container-core-buttons-is-layout-16018d1d wp-block-buttons-is-layout-flex\">\n<div class=\"wp-block-button\"><a class=\"wp-block-button__link wp-element-button\" href=\"https:\/\/rakosliget.hu\/wordpress\/index.php\/muveszet\/\">VISSZA A M\u0170V\u00c9SZET LAPRA<\/a><\/div>\n<\/div>\n","protected":false},"excerpt":{"rendered":"<p>Forr\u00e1s: Nagy J\u00e1nos k\u00e9pgy\u0171jtem\u00e9nye (Blaskovich M\u00fazeum Bar\u00e1ti K\u00f6re, T\u00e1pi\u00f3szele, 2001) \u00c9LETRAJZI ADATOK 1922. febru\u00e1r 24-\u00e9n sz\u00fcletett Debrecenben. 1938-41 K\u00f6z\u00e9piskol\u00e1sk\u00e9nt r\u00e9sztvev\u0151je a D\u00e9ri M\u00fazeumban m\u0171k\u00f6d\u0151 Ady T\u00e1rsas\u00e1g rendezv\u00e9nyeinek. 1940-41 Nagyb\u00e1ny\u00e1n megfesti a Malom, Cig\u00e1nyl\u00e1ny, Fest\u0151n\u0151k c\u00edm\u0171 k\u00e9peket. Ut\u00f3bbi a F\u0151v\u00e1rosi K\u00e9pt\u00e1r tulajdon\u00e1ban van. 1941 Orsz\u00e1gos Tanulm\u00e1nyi Versenyen rajzb\u00f3l 2. helyez\u00e9st \u00e9r el. 1941 A debreceni Piarista &hellip; <a href=\"https:\/\/rakosliget.hu\/wordpress\/index.php\/nagy-janos\/\" class=\"more-link\"><span class=\"screen-reader-text\">Nagy J\u00e1nos (1922 &#8211;   )<\/span> r\u00e9szletei&#8230;<\/a><\/p>\n","protected":false},"author":1,"featured_media":0,"parent":0,"menu_order":0,"comment_status":"closed","ping_status":"closed","template":"","meta":{"footnotes":""},"class_list":["post-12116","page","type-page","status-publish","hentry"],"_links":{"self":[{"href":"https:\/\/rakosliget.hu\/wordpress\/index.php\/wp-json\/wp\/v2\/pages\/12116","targetHints":{"allow":["GET"]}}],"collection":[{"href":"https:\/\/rakosliget.hu\/wordpress\/index.php\/wp-json\/wp\/v2\/pages"}],"about":[{"href":"https:\/\/rakosliget.hu\/wordpress\/index.php\/wp-json\/wp\/v2\/types\/page"}],"author":[{"embeddable":true,"href":"https:\/\/rakosliget.hu\/wordpress\/index.php\/wp-json\/wp\/v2\/users\/1"}],"replies":[{"embeddable":true,"href":"https:\/\/rakosliget.hu\/wordpress\/index.php\/wp-json\/wp\/v2\/comments?post=12116"}],"version-history":[{"count":11,"href":"https:\/\/rakosliget.hu\/wordpress\/index.php\/wp-json\/wp\/v2\/pages\/12116\/revisions"}],"predecessor-version":[{"id":22782,"href":"https:\/\/rakosliget.hu\/wordpress\/index.php\/wp-json\/wp\/v2\/pages\/12116\/revisions\/22782"}],"wp:attachment":[{"href":"https:\/\/rakosliget.hu\/wordpress\/index.php\/wp-json\/wp\/v2\/media?parent=12116"}],"curies":[{"name":"wp","href":"https:\/\/api.w.org\/{rel}","templated":true}]}}