{"id":1211,"date":"2018-03-23T05:56:45","date_gmt":"2018-03-23T04:56:45","guid":{"rendered":"http:\/\/rakosliget.hu\/wordpress\/?page_id=1211"},"modified":"2018-03-23T05:56:45","modified_gmt":"2018-03-23T04:56:45","slug":"szavay-szavuj-istvan","status":"publish","type":"page","link":"https:\/\/rakosliget.hu\/wordpress\/index.php\/szavay-szavuj-istvan\/","title":{"rendered":"Sz\u00e1vay Szavuj Istv\u00e1n"},"content":{"rendered":"<h1>Sz\u00e1vay Szavuj Istv\u00e1n<\/h1>\n<h2>( R\u00e1kosliget f\u0151jegyz\u0151je 1934 &#8211; 1935. pere)<\/h2>\n<p>&nbsp;<\/p>\n<p>R\u00e1kosliget, november 8.<br \/>\nSz\u00e1vay Istv\u00e1nt, R\u00e1kosliget \u00e1ll\u00e1s\u00e1t\u00f3l felf\u00fcggesztett f\u0151jegyz\u0151j\u00e9t p\u00e9nteken d\u00e9lut\u00e1n k\u00f6z\u00f6kirathamisit\u00e1s miatt letart\u00f3ztatt\u00e1k \u00e9s bek\u00eds\u00e9rt\u00e9k a pestvid\u00e9ki \u00fcgy\u00e9szs\u00e9g fogh\u00e1z\u00e1ba. Sz\u00e1vay Istv\u00e1n felfolyamod\u00e1st jelentett be letart\u00f3ztat\u00e1sa ellen. \/MTI\/<\/p>\n<p>A letart\u00f3ztatott f\u0151jegyz\u0151 elleni perr\u0151l a MOT 1936. janu\u00e1r 28.-i tud\u00f3s\u00edt\u00e1sa sz\u00e1molt be r\u00e9szletesen.<\/p>\n<p>Mint ismeretes, R\u00e1kosliget k\u00f6zs\u00e9g volt f\u0151jegyz\u0151j\u00e9t Sz\u00e1vai Szavuj Istv\u00e1nt;, okirathamis\u00edt\u00e1s gyan\u00faja miatt letart\u00f3ztatt\u00e1k. A volt f\u0151jegyz\u0151 ellen a kir. \u00fcgy\u00e9szs\u00e9g h\u00e9trendbeli okirathamis\u00edt\u00e1s b\u00fcntette miatt emelt v\u00e1dat \u00e9s a v\u00e1dirat t\u00f6bbek k\u00f6z\u00f6tt a k\u00f6vetkez\u0151ket mondja:<br \/>\n&#8211; Sz\u00e1vai Szavuj Istv\u00e1n, hogy mag\u00e1nak jogtalan vagyoni hasznot szerezzen \u00e9retts\u00e9gi bizony\u00edtv\u00e1nyt hamis\u00edtott, \u00fagy t\u00fcntette fel, mintha 1921-ben Szatm\u00e1rn\u00e9metiben \u00e9retts\u00e9git szerzett volna \u00e9s ezt a hamis \u00e9rtetts\u00e9gi bizony\u00edtv\u00e1nyt seg\u00e9djegyz\u0151i \u00e1ll\u00e1sra val\u00f3 p\u00e1ly\u00e1z\u00e1s alkalm\u00e1val k\u00e9tszer felhaszn\u00e1lta, de felhaszn\u00e1lta ezenk\u00edv\u00fcl a jegyz\u0151i tanfolyamra val\u00f3 beiratkoz\u00e1sn\u00e1l, a g\u00f6d\u00f6ll\u0151i j\u00e1r\u00e1sb\u00edr\u00f3s\u00e1gn\u00e1l, a g\u00f6d\u00f6ll\u0151i f\u0151szolgab\u00edr\u00f3s\u00e1gn\u00e1l, az alisp\u00e1ni hivataln\u00e1l \u00e9s a g\u00f6d\u00f6ll\u0151i j\u00e1r\u00e1si testnevel\u00e9si fel\u00fcgyel\u0151i \u00e1ll\u00e1s megp\u00e1ly\u00e1z\u00e1s\u00e1n\u00e1l.<br \/>\nA volt k\u00f6zs\u00e9gi f\u0151jegyz\u0151 b\u0171n\u00fcgy\u00e9t ma t\u00e1rgyalta a pestvid\u00e9ki t\u00f6rv\u00e9nysz\u00e9k B\u00f3ka K\u00e1roly dr. tan\u00e1cseln\u00f6k vezet\u00e9s\u00e9vel. Sz\u00e1vai Szavuj Istv\u00e1n, akit fogh\u00e1z\u0151r \u00e1ll\u00edtott a b\u00edr\u00f3s\u00e1g el\u00e9, \u00edgy v\u00e9dekezett:<br \/>\n&#8211; B\u0171n\u00f6snek \u00e9rzem magam, de csak h\u00e1romrendbeli okirathamisit\u00e1sban. Az ap\u00e1m Szatm\u00e1rn\u00e9metiben csend\u0151rtiszthelyettes volt \u00e9s engem gimn\u00e1ziumba \u00edratott. N\u00e9gy k\u00f6z\u00e9piskol\u00e1t v\u00e9geztem, de nagyon rossz tanul\u00f3 voltam. A h\u00e1bor\u00fa v\u00e9g\u00e9n 1918-ban csak 14 \u00e9ves voltam, de soroz\u00e1sra jelentkeztem s ott azt mondtam, hogy 17 \u00e9ves vagyok, h\u00e9t gimn\u00e1ziumot v\u00e9geztem. Ekkor a h\u00e1bor\u00fa v\u00e9g\u00e9n m\u00e1r zavaros \u00e1llapotok voltak, a sz\u00e9kely hadoszt\u00e1lyhoz felvettek \u00f6nk\u00e9ntesnek s n\u00e9h\u00e1ny h\u00f3napig a harct\u00e9ren voltam. Az \u00f6sszeoml\u00e1s ut\u00e1n ap\u00e1m \u00e1tj\u00f6tt a hat\u00e1ron, \u00e9n pedig M\u00e1t\u00e9szalk\u00e1ra ker\u00fcltem k\u00f6zs\u00e9gi \u00edrnoknak. Ott \u00fagy ismertek, mint volt \u00f6nk\u00e9ntest, azt hitt\u00e9k \u00e9retts\u00e9gim van. Tudtam, hogy \u00e9retts\u00e9gi bizony\u00edtv\u00e1ny n\u00e9lk\u00fcl nem mehetek el\u0151re \u00e9s egyik rokonomnak bevallottam, hogy nincs bizony\u00edtv\u00e1nyom. A rokonom felaj\u00e1nlotta, hogy p\u00e9nz\u00e9rt szerez a sz\u00e1momra \u00e9retts\u00e9gi bizony\u00edtv\u00e1nyt, \u00e9s ezt meg is kaptam. Ny\u00edrad\u00e1n seg\u00e9djegyz\u0151v\u00e9 v\u00e1lasztottak s \u00e9n k\u00e9rtem a jegyz\u0151i tanfolyamra val\u00f3 felv\u00e9telemet. A tanfolyamot kit\u0171n\u0151 eredm\u00e9nnyel v\u00e9geztem el. Amikor m\u00e1r meg volt a jegyz\u0151i oklevelem, az \u00e9retts\u00e9gi bizony\u00edtv\u00e1nyt m\u00e1r nem haszn\u00e1ltam. A jegyz\u0151i oklev\u00e9llel R\u00e1koscsab\u00e1n \u00e9s Kistarcs\u00e1n seg\u00e9djegyz\u0151i \u00e1ll\u00e1sra p\u00e1ly\u00e1ztam, majd 1934-ben R\u00e1kosligeten vezet\u0151 f\u0151jegyz\u0151nek v\u00e1lasztottak.<br \/>\n&#8211; Hol van most a hamis \u00e9retts\u00e9gi bizony\u00edtv\u00e1ny? &#8211; k\u00e9rdezte az eln\u00f6k.<br \/>\n&#8211; Megsemmis\u00edtettem, amikor feljelentettek. &#8211; felelte a v\u00e1dlott. &#8211; A bizony\u00edtv\u00e1ny rendes \u00e9retts\u00e9gi blankett\u00e1n volt ki\u00e1ll\u00edtva, \u00fagy, ahogyan a gimn\u00e1ziumi \u00e9retts\u00e9gi bizony\u00edtv\u00e1nyokat ki\u00e1ll\u00edtj\u00e1k.<br \/>\nElmondta ezut\u00e1n, hogy a f\u0151szolgab\u00edr\u00f3s\u00e1gn\u00e1l feljelent\u00e9st tettek ellene \u00e9s a f\u0151szolgab\u00edr\u00f3 felh\u00edvta, hogy mutassa be a bizony\u00edtv\u00e1ny\u00e1t. Elvitte a hamis eredetir\u0151l k\u00e9sz\u00fclt k\u00f6zjegyz\u0151i m\u00e1solatot, majd a f\u0151szolgab\u00edr\u00f3 k\u00e9r\u00e9s\u00e9re a hamis bizony\u00edtv\u00e1nyt is, de a f\u0151b\u00edr\u00f3 a k\u00e9r\u00e9s\u00e9re visszaadta a bizony\u00edtv\u00e1nyt, mert eredetinek gondolhatta. Ut\u00f3bb az \u00fcgy\u00e9szs\u00e9gen is feljelent\u00e9st tettek ellenem \u00e9s ekkor \u00fagy a m\u00e1solatokat, mint a hamis\u00edtv\u00e1nyt megsemmis\u00edtette. Az \u00fcgy\u00e9szs\u00e9g ugyanis a Szatm\u00e1rn\u00e9meti! gimn\u00e1zium igazgat\u00f3s\u00e1g\u00e1t\u00f3l azt az \u00e9rtes\u00edt\u00e9st kapta, hogy \u0151 sohasem tett \u00e9retts\u00e9git. Amikor kitud\u00f3dott az \u00fcgy, lemondott \u00e1ll\u00e1s\u00e1r\u00f3l.<br \/>\n&#8211; Van-e m\u00e9g valami elmondanival\u00f3ja? &#8211; k\u00e9rdezte az eln\u00f6k. Sz\u00e1vai Szavuj Istv\u00e1n dr\u00e1mai hangon, sz\u00e9les gesztusokkal mondotta a k\u00f6vetkez\u0151ket:<br \/>\n&#8211; Gyermekkoromban k\u00f6vettem el ezt a ball\u00e9p\u00e9st, amelynek az \u00e1ldozata vagyok. Tizenkilenc \u00e9ves voltam s akkor m\u00e9g nem tudtam, nem \u00e9reztem a b\u0171n\u00f6m s\u00faly\u00e1t. K\u00e9s\u0151bb j\u00f6ttem r\u00e1, hogy mit cselekedtem, de ekkor m\u00e1r nem tudtam j\u00f3v\u00e1tenni, T\u00edz \u00e9v \u00f3ta nem volt egy nyugodt \u00e9jszak\u00e1m, \u00e1lland\u00f3an att\u00f3l rettegtem, hogy mikor j\u00f6nnek r\u00e1 a cselekedetemre, A k\u00f6zrend ellen soha nem v\u00e9tettem. A jegyz\u0151s\u00e9gem \u00e9vi n\u00e9gysz\u00e1zezer peng\u0151 forgalom volt, do soha egy krajc\u00e1r sem hi\u00e1nyzott. \u00c9n magam okiratokat \u00e1ll\u00edtottam ki \u00e9s mindig a legbecs\u00fcletesebben, a legtisztess\u00e9gesebben j\u00e1rtam el.<br \/>\nTan\u00fak\u00e9nt hallgatt\u00e1k ki vit\u00e9z Endre L\u00e1szl\u00f3 dr. g\u00f6d\u00f6ll\u0151i f\u0151szolgab\u00edr\u00f3t, aki elmondotta, hogy egy alkalommal bizalmas bejelent\u00e9s \u00e9rkezett a hivatal\u00e1hoz arr\u00f3l, hogy Sz\u00e1vai Istv\u00e1nnak nincs \u00e9retts\u00e9gije. \u00d6 f\u00f6lh\u00edvta Sz\u00e1vait, hogy mutassa be az okm\u00e1nyait, s Sz\u00e1vai eredetinek l\u00e1tsz\u00f3 \u00e9retts\u00e9gi bizony\u00edtv\u00e1nyt mutatott f\u00f6l, \u00fagy, hogy nem is gondolhatta, hogy az okirat hamis. Csak akkor der\u00fclt ki a vissza\u00e9l\u00e9s, amikor az \u00fcgy\u00e9szs\u00e9g megkeres\u00e9s\u00e9re \u00fajabb vizsg\u00e1lat indult. Amikor Sz\u00e1vai err\u0151l \u00e9rtes\u00fclt, lemondott \u00e1ll\u00e1s\u00e1r\u00f3l. A f\u0151szolgab\u00edr\u00f3 Sz\u00e1vai Istv\u00e1n egy\u00e9ni m\u0171k\u00f6d\u00e9s\u00e9r\u0151l t\u00f6bbek k\u00f6z\u00f6tt a k\u00f6vetkez\u0151ket mondotta:<br \/>\n&#8211; Sz\u00e1vai Istv\u00e1n a legk\u00f6teless\u00e9gtud\u00f3bb, a legprec\u00edzebb, a j\u00e1r\u00e1sban a legkiv\u00e1l\u00f3bb f\u0151jegyz\u0151 volt, s munk\u00e1ja ellen soha a legcsek\u00e9lyebb kifog\u00e1s sem mer\u00fclt fel. P\u00e9nzkezel\u00e9se a lehet\u0151 legpontosabb volt, az \u00fcgyeket a legszab\u00e1lyszer\u0171bben int\u00e9zte. A jegyz\u0151i oklevelet kit\u0171n\u0151 eredm\u00e9nnyel szerezte meg. R\u00e1kosliget anyagi helyzet\u00e9t \u0151 hozta rendbe. A nemzetv\u00e9delmi alakulatok munk\u00e1j\u00e1b\u00f3l p\u00e9ld\u00e1san vette ki a r\u00e9sz\u00e9t, s feletteseinek elismer\u00e9s\u00e9t v\u00edvta ki.<\/p>\n<p>Sz\u00e1vayt b\u00edr\u00f3s\u00e1g el\u00e9 cit\u00e1lt\u00e1k ezek ut\u00e1n m\u00e9g t\u00f6bb alkalommal.<\/p>\n<p>A N\u00e9pb\u00edr\u00f3s\u00e1g el\u00e9:<\/p>\n<table border=\"0\" cellspacing=\"0\">\n<tbody>\n<tr align=\"left\" valign=\"top\">\n<td colspan=\"6\" align=\"left\"><strong>Budapest F\u0151v\u00e1ros Lev\u00e9lt\u00e1ra \u2022 B\u00fcntet\u0151\u00fcgyek \u2022 VII.5.e Budapesti Kir\u00e1lyi B\u00fcntet\u0151t\u00f6rv\u00e9nysz\u00e9k (1946-t\u00f3l Budapesti B\u00fcntet\u0151t\u00f6rv\u00e9nysz\u00e9k) iratai. N\u00e9pb\u00edr\u00f3s\u00e1gt\u00f3l \u00e1tvett peres \u00fcgyek iratai<\/strong><\/td>\n<\/tr>\n<tr>\n<td align=\"right\" valign=\"top\" nowrap=\"nowrap\" width=\"3%\"><a title=\"PDF f\u00e1jl megnyit\u00e1sa\">1.<\/a><\/td>\n<td align=\"left\" valign=\"top\" nowrap=\"nowrap\" width=\"22%\">b\u00fcntet\u0151\u00fcgy<\/td>\n<td align=\"left\" valign=\"top\" nowrap=\"nowrap\" width=\"5%\">1949<\/td>\n<td align=\"left\" valign=\"top\" nowrap=\"nowrap\" width=\"15%\">Sz\u00e1vay Istv\u00e1n<\/td>\n<td align=\"top\" nowrap=\"nowrap\" width=\"55%\">HU BFL VII.5.e 17264 &#8211; 1949<\/td>\n<\/tr>\n<\/tbody>\n<\/table>\n<p>&nbsp;<\/p>\n<table border=\"0\" cellspacing=\"0\">\n<tbody>\n<tr align=\"left\" valign=\"top\">\n<td colspan=\"6\" align=\"left\"><strong>Budapest F\u0151v\u00e1ros Lev\u00e9lt\u00e1ra \u2022 B\u00fcntet\u0151\u00fcgyek \u2022 XXV.2.b Budapesti N\u00e9p\u00fcgy\u00e9szs\u00e9g, b\u00fcntet\u0151 iratok<\/strong><\/td>\n<\/tr>\n<tr>\n<td align=\"right\" valign=\"top\" nowrap=\"nowrap\" width=\"1%\"><a title=\"PDF f\u00e1jl megnyit\u00e1sa\">2.<\/a><\/td>\n<td align=\"left\" valign=\"top\" nowrap=\"nowrap\">b\u00fcntet\u0151\u00fcgy<\/td>\n<td align=\"left\" valign=\"top\" nowrap=\"nowrap\" width=\"1%\">1945<\/td>\n<td align=\"left\" valign=\"top\" nowrap=\"nowrap\">Sz\u00e1vay Istv\u00e1n<\/td>\n<td align=\"top\" nowrap=\"nowrap\">HU BFL XXV.2.b 10063 &#8211; 1945<\/td>\n<\/tr>\n<\/tbody>\n<\/table>\n<p>&nbsp;<\/p>\n<table border=\"0\" cellspacing=\"0\">\n<tbody>\n<tr align=\"left\" valign=\"top\">\n<td colspan=\"6\" align=\"left\"><strong>Budapest F\u0151v\u00e1ros Lev\u00e9lt\u00e1ra \u2022 B\u00fcntet\u0151\u00fcgyek \u2022 XXV.1.a Budapesti N\u00e9pb\u00edr\u00f3s\u00e1g, b\u00fcntet\u0151peres iratok<\/strong><\/td>\n<\/tr>\n<tr>\n<td align=\"right\" valign=\"top\" nowrap=\"nowrap\" width=\"1%\"><a title=\"PDF f\u00e1jl megnyit\u00e1sa\">3.<\/a><\/td>\n<td align=\"left\" valign=\"top\" nowrap=\"nowrap\">b\u00fcntet\u0151\u00fcgy<\/td>\n<td align=\"left\" valign=\"top\" nowrap=\"nowrap\" width=\"1%\">1945<\/td>\n<td align=\"left\" valign=\"top\" nowrap=\"nowrap\">Sz\u00e1vay Istv\u00e1n<\/td>\n<td align=\"top\" nowrap=\"nowrap\">HU BFL XXV.1.a 3651 &#8211; 1945<\/td>\n<\/tr>\n<tr>\n<td align=\"right\" valign=\"top\" nowrap=\"nowrap\" width=\"1%\"><a title=\"PDF f\u00e1jl megnyit\u00e1sa\">4.<\/a><\/td>\n<td align=\"left\" valign=\"top\" nowrap=\"nowrap\">b\u00fcntet\u0151\u00fcgy<\/td>\n<td align=\"left\" valign=\"top\" nowrap=\"nowrap\" width=\"1%\">1945<\/td>\n<td align=\"left\" valign=\"top\" nowrap=\"nowrap\">Sz\u00e1vay Istv\u00e1n<\/td>\n<td align=\"top\" nowrap=\"nowrap\">HU BFL XXV.1.a 4266 &#8211; 1945<\/td>\n<\/tr>\n<\/tbody>\n<\/table>\n<p>&nbsp;<\/p>\n<table border=\"0\" cellspacing=\"0\">\n<tbody>\n<tr align=\"left\" valign=\"top\">\n<td colspan=\"6\" align=\"left\">\u00a0<strong>Budapest F\u0151v\u00e1ros Lev\u00e9lt\u00e1ra \u2022 B\u00fcntet\u0151\u00fcgyek \u2022 XXV.2.b &#8211; B\u00fcntet\u0151 iratok<\/strong><\/td>\n<\/tr>\n<tr>\n<td align=\"right\" valign=\"top\" nowrap=\"nowrap\" width=\"1%\"><a title=\"PDF f\u00e1jl megnyit\u00e1sa\">5.<\/a><\/td>\n<td align=\"left\" valign=\"top\" nowrap=\"nowrap\">b\u00fcntet\u0151\u00fcgy<\/td>\n<td align=\"left\" valign=\"top\" nowrap=\"nowrap\" width=\"1%\">1949<\/td>\n<td align=\"left\" valign=\"top\" nowrap=\"nowrap\">Sz\u00e1vay Istv\u00e1n<\/td>\n<td align=\"top\" nowrap=\"nowrap\">HU BFL XXV.2.b 82861 &#8211; 1949<\/td>\n<\/tr>\n<\/tbody>\n<\/table>\n<p>A F\u0151v\u00e1rosi B\u00edr\u00f3s\u00e1g el\u00e9:<\/p>\n<table border=\"0\" cellspacing=\"0\">\n<tbody>\n<tr align=\"left\" valign=\"top\">\n<td colspan=\"6\" align=\"left\"><strong>Budapest F\u0151v\u00e1ros Lev\u00e9lt\u00e1ra \u2022 B\u00fcntet\u0151\u00fcgyek \u2022 XXV.4.f F\u0151v\u00e1rosi B\u00edr\u00f3s\u00e1g, titkos \u00fcgykezel\u00e9s al\u00f3l kivont perek iratai<\/strong><\/td>\n<\/tr>\n<tr>\n<td align=\"right\" valign=\"top\" nowrap=\"nowrap\" width=\"1%\"><a title=\"PDF f\u00e1jl megnyit\u00e1sa\">6.<\/a><\/td>\n<td align=\"left\" valign=\"top\" nowrap=\"nowrap\">b\u00fcntet\u0151\u00fcgy<\/td>\n<td align=\"left\" valign=\"top\" nowrap=\"nowrap\" width=\"1%\">1962<\/td>\n<td align=\"left\" valign=\"top\" nowrap=\"nowrap\">Sz\u00e1vay Istv\u00e1n<\/td>\n<td align=\"top\" nowrap=\"nowrap\">HU BFL XXV.4.f 9370 &#8211; 1962 (2703 &#8211; 1975)<\/td>\n<\/tr>\n<\/tbody>\n<\/table>\n","protected":false},"excerpt":{"rendered":"<p>Sz\u00e1vay Szavuj Istv\u00e1n ( R\u00e1kosliget f\u0151jegyz\u0151je 1934 &#8211; 1935. pere) &nbsp; R\u00e1kosliget, november 8. Sz\u00e1vay Istv\u00e1nt, R\u00e1kosliget \u00e1ll\u00e1s\u00e1t\u00f3l felf\u00fcggesztett f\u0151jegyz\u0151j\u00e9t p\u00e9nteken d\u00e9lut\u00e1n k\u00f6z\u00f6kirathamisit\u00e1s miatt letart\u00f3ztatt\u00e1k \u00e9s bek\u00eds\u00e9rt\u00e9k a pestvid\u00e9ki \u00fcgy\u00e9szs\u00e9g fogh\u00e1z\u00e1ba. Sz\u00e1vay Istv\u00e1n felfolyamod\u00e1st jelentett be letart\u00f3ztat\u00e1sa ellen. \/MTI\/ A letart\u00f3ztatott f\u0151jegyz\u0151 elleni perr\u0151l a MOT 1936. janu\u00e1r 28.-i tud\u00f3s\u00edt\u00e1sa sz\u00e1molt be r\u00e9szletesen. Mint ismeretes, &hellip; <a href=\"https:\/\/rakosliget.hu\/wordpress\/index.php\/szavay-szavuj-istvan\/\" class=\"more-link\"><span class=\"screen-reader-text\">Sz\u00e1vay Szavuj Istv\u00e1n<\/span> r\u00e9szletei&#8230;<\/a><\/p>\n","protected":false},"author":1,"featured_media":0,"parent":0,"menu_order":0,"comment_status":"closed","ping_status":"closed","template":"","meta":{"footnotes":""},"class_list":["post-1211","page","type-page","status-publish","hentry"],"_links":{"self":[{"href":"https:\/\/rakosliget.hu\/wordpress\/index.php\/wp-json\/wp\/v2\/pages\/1211","targetHints":{"allow":["GET"]}}],"collection":[{"href":"https:\/\/rakosliget.hu\/wordpress\/index.php\/wp-json\/wp\/v2\/pages"}],"about":[{"href":"https:\/\/rakosliget.hu\/wordpress\/index.php\/wp-json\/wp\/v2\/types\/page"}],"author":[{"embeddable":true,"href":"https:\/\/rakosliget.hu\/wordpress\/index.php\/wp-json\/wp\/v2\/users\/1"}],"replies":[{"embeddable":true,"href":"https:\/\/rakosliget.hu\/wordpress\/index.php\/wp-json\/wp\/v2\/comments?post=1211"}],"version-history":[{"count":1,"href":"https:\/\/rakosliget.hu\/wordpress\/index.php\/wp-json\/wp\/v2\/pages\/1211\/revisions"}],"predecessor-version":[{"id":1212,"href":"https:\/\/rakosliget.hu\/wordpress\/index.php\/wp-json\/wp\/v2\/pages\/1211\/revisions\/1212"}],"wp:attachment":[{"href":"https:\/\/rakosliget.hu\/wordpress\/index.php\/wp-json\/wp\/v2\/media?parent=1211"}],"curies":[{"name":"wp","href":"https:\/\/api.w.org\/{rel}","templated":true}]}}