{"id":1205,"date":"2018-03-23T05:51:41","date_gmt":"2018-03-23T04:51:41","guid":{"rendered":"http:\/\/rakosliget.hu\/wordpress\/?page_id=1205"},"modified":"2018-03-23T05:52:01","modified_gmt":"2018-03-23T04:52:01","slug":"szamado-lajos","status":"publish","type":"page","link":"https:\/\/rakosliget.hu\/wordpress\/index.php\/szamado-lajos\/","title":{"rendered":"Sz\u00e1mad\u00f3 Lajos"},"content":{"rendered":"<h1 align=\"left\"><span data-canvas-width=\"77.47716282384248\">Sz\u00e1mad\u00f3 Lajos<\/span><\/h1>\n<h2 align=\"left\"><span data-canvas-width=\"156.5538324805748\">(R\u00e1koskereszt\u00far, 1905)<\/span><\/h2>\n<h2 align=\"left\">a <span data-canvas-width=\"227.5308167684939\">R\u00e1<\/span><span data-canvas-width=\"229.55703116391703\">kosligeti N\u00e9pfrontbizotts\u00e1g<\/span> eln\u00f6ke<\/h2>\n<p align=\"left\"><span data-canvas-width=\"156.5538324805748\">Asz<\/span><span data-canvas-width=\"228.46440119318788\">talosseg\u00e9d. 1945-t\u0151l az MKP (MDP, <\/span><span data-canvas-width=\"229.42384668227783\">MSZMP) tagja, a M\u00c1V <\/span><span data-canvas-width=\"227.5308167684939\">\u00c9szaki F\u0151m\u0171hely asztalosa. 1949-ben a R\u00e1<\/span><span data-canvas-width=\"229.55703116391703\">kosligeti N\u00e9pfrontbizotts\u00e1g<br \/>\neln\u00f6ke. &#8211; Nyugd\u00edjas tan\u00e1csi <\/span><span data-canvas-width=\"227.70796505960615\">el\u0151ad\u00f3. &#8211; Munk\u00e1s-Paraszt Hatalom\u00e9rt Em<\/span><span data-canvas-width=\"45.630555073443325\">l\u00e9k\u00e9rem.<br \/>\n<\/span><span data-canvas-width=\"30.159173298563065\"><br \/>\n<\/span><\/p>\n","protected":false},"excerpt":{"rendered":"<p>Sz\u00e1mad\u00f3 Lajos (R\u00e1koskereszt\u00far, 1905) a R\u00e1kosligeti N\u00e9pfrontbizotts\u00e1g eln\u00f6ke Asztalosseg\u00e9d. 1945-t\u0151l az MKP (MDP, MSZMP) tagja, a M\u00c1V \u00c9szaki F\u0151m\u0171hely asztalosa. 1949-ben a R\u00e1kosligeti N\u00e9pfrontbizotts\u00e1g eln\u00f6ke. &#8211; Nyugd\u00edjas tan\u00e1csi el\u0151ad\u00f3. &#8211; Munk\u00e1s-Paraszt Hatalom\u00e9rt Eml\u00e9k\u00e9rem.<\/p>\n","protected":false},"author":1,"featured_media":0,"parent":0,"menu_order":0,"comment_status":"closed","ping_status":"closed","template":"","meta":{"footnotes":""},"class_list":["post-1205","page","type-page","status-publish","hentry"],"_links":{"self":[{"href":"https:\/\/rakosliget.hu\/wordpress\/index.php\/wp-json\/wp\/v2\/pages\/1205","targetHints":{"allow":["GET"]}}],"collection":[{"href":"https:\/\/rakosliget.hu\/wordpress\/index.php\/wp-json\/wp\/v2\/pages"}],"about":[{"href":"https:\/\/rakosliget.hu\/wordpress\/index.php\/wp-json\/wp\/v2\/types\/page"}],"author":[{"embeddable":true,"href":"https:\/\/rakosliget.hu\/wordpress\/index.php\/wp-json\/wp\/v2\/users\/1"}],"replies":[{"embeddable":true,"href":"https:\/\/rakosliget.hu\/wordpress\/index.php\/wp-json\/wp\/v2\/comments?post=1205"}],"version-history":[{"count":2,"href":"https:\/\/rakosliget.hu\/wordpress\/index.php\/wp-json\/wp\/v2\/pages\/1205\/revisions"}],"predecessor-version":[{"id":1207,"href":"https:\/\/rakosliget.hu\/wordpress\/index.php\/wp-json\/wp\/v2\/pages\/1205\/revisions\/1207"}],"wp:attachment":[{"href":"https:\/\/rakosliget.hu\/wordpress\/index.php\/wp-json\/wp\/v2\/media?parent=1205"}],"curies":[{"name":"wp","href":"https:\/\/api.w.org\/{rel}","templated":true}]}}