{"id":1203,"date":"2018-03-23T05:50:35","date_gmt":"2018-03-23T04:50:35","guid":{"rendered":"http:\/\/rakosliget.hu\/wordpress\/?page_id=1203"},"modified":"2018-03-23T05:50:35","modified_gmt":"2018-03-23T04:50:35","slug":"szabo-gyula","status":"publish","type":"page","link":"https:\/\/rakosliget.hu\/wordpress\/index.php\/szabo-gyula\/","title":{"rendered":"Szab\u00f3 Gyula"},"content":{"rendered":"<h1 align=\"left\"><span data-canvas-width=\"98.75999679132292\">Szab\u00f3 Gyula<\/span><\/h1>\n<h2 align=\"left\"><span data-canvas-width=\"229.2347529238755\">(Zs\u00e1mb\u00e9k, 1890-1965)<\/span><\/h2>\n<h2 align=\"left\">a r\u00e1kosligeti <span data-canvas-width=\"310.5266490960874\">el\u00f6lj\u00e1r\u00f3s\u00e1g <\/span>tagja<\/h2>\n<p align=\"left\">\n<p align=\"left\"><span data-canvas-width=\"22.868058497205222\">Tisztvisel\u0151. 1945-1948-ban az SZDP tagja. 1945ut\u00e1n posta-takar\u00e9kp\u00e9nzt\u00e1ri tisztvisel\u0151. 1945-ben a r\u00e1kosligeti el\u00f6lj\u00e1r\u00f3s\u00e1g tagja.<\/span><\/p>\n","protected":false},"excerpt":{"rendered":"<p>Szab\u00f3 Gyula (Zs\u00e1mb\u00e9k, 1890-1965) a r\u00e1kosligeti el\u00f6lj\u00e1r\u00f3s\u00e1g tagja Tisztvisel\u0151. 1945-1948-ban az SZDP tagja. 1945ut\u00e1n posta-takar\u00e9kp\u00e9nzt\u00e1ri tisztvisel\u0151. 1945-ben a r\u00e1kosligeti el\u00f6lj\u00e1r\u00f3s\u00e1g tagja.<\/p>\n","protected":false},"author":1,"featured_media":0,"parent":0,"menu_order":0,"comment_status":"closed","ping_status":"closed","template":"","meta":{"footnotes":""},"class_list":["post-1203","page","type-page","status-publish","hentry"],"_links":{"self":[{"href":"https:\/\/rakosliget.hu\/wordpress\/index.php\/wp-json\/wp\/v2\/pages\/1203","targetHints":{"allow":["GET"]}}],"collection":[{"href":"https:\/\/rakosliget.hu\/wordpress\/index.php\/wp-json\/wp\/v2\/pages"}],"about":[{"href":"https:\/\/rakosliget.hu\/wordpress\/index.php\/wp-json\/wp\/v2\/types\/page"}],"author":[{"embeddable":true,"href":"https:\/\/rakosliget.hu\/wordpress\/index.php\/wp-json\/wp\/v2\/users\/1"}],"replies":[{"embeddable":true,"href":"https:\/\/rakosliget.hu\/wordpress\/index.php\/wp-json\/wp\/v2\/comments?post=1203"}],"version-history":[{"count":1,"href":"https:\/\/rakosliget.hu\/wordpress\/index.php\/wp-json\/wp\/v2\/pages\/1203\/revisions"}],"predecessor-version":[{"id":1204,"href":"https:\/\/rakosliget.hu\/wordpress\/index.php\/wp-json\/wp\/v2\/pages\/1203\/revisions\/1204"}],"wp:attachment":[{"href":"https:\/\/rakosliget.hu\/wordpress\/index.php\/wp-json\/wp\/v2\/media?parent=1203"}],"curies":[{"name":"wp","href":"https:\/\/api.w.org\/{rel}","templated":true}]}}