{"id":1192,"date":"2018-03-23T04:48:31","date_gmt":"2018-03-23T03:48:31","guid":{"rendered":"http:\/\/rakosliget.hu\/wordpress\/?page_id=1192"},"modified":"2018-03-23T04:50:34","modified_gmt":"2018-03-23T03:50:34","slug":"supka-magdolna","status":"publish","type":"page","link":"https:\/\/rakosliget.hu\/wordpress\/index.php\/supka-magdolna\/","title":{"rendered":"Supka Magdolna"},"content":{"rendered":"<h1><strong>Supka Magdolna<\/strong><\/h1>\n<h2>(R\u00e1kosliget, 1914. augusztus 3. \u2013 Budapest, 2005. november 10.)<\/h2>\n<p align=\"center\"><img loading=\"lazy\" decoding=\"async\" src=\"http:\/\/rakosliget.hu\/muveszek\/supka.jpg\" alt=\"\" width=\"231\" height=\"308\" \/><\/p>\n<p align=\"center\">Forr\u00e1s: Wikipedia<\/p>\n<h3>Sz\u00e9chenyi-\u00edjas m\u0171v\u00e9szett\u00f6rt\u00e9n\u00e9sz.<\/h3>\n<ul>\n<li>\n<h3>Els\u0151 f\u00e9rje F\u00e9ja G\u00e9za \u00edr\u00f3 volt., nevelt fia F\u00e9ja Endre.<\/h3>\n<\/li>\n<\/ul>\n<ul>\n<li>\n<h3>M\u00e1sodik f\u00e9rje B\u00e9nyi L\u00e1szl\u00f3 fest\u0151m\u0171v\u00e9sz, m\u0171v\u00e9szett\u00f6rt\u00e9n\u00e9sz.<\/h3>\n<\/li>\n<\/ul>\n","protected":false},"excerpt":{"rendered":"<p>Supka Magdolna (R\u00e1kosliget, 1914. augusztus 3. \u2013 Budapest, 2005. november 10.) Forr\u00e1s: Wikipedia Sz\u00e9chenyi-\u00edjas m\u0171v\u00e9szett\u00f6rt\u00e9n\u00e9sz. Els\u0151 f\u00e9rje F\u00e9ja G\u00e9za \u00edr\u00f3 volt., nevelt fia F\u00e9ja Endre. M\u00e1sodik f\u00e9rje B\u00e9nyi L\u00e1szl\u00f3 fest\u0151m\u0171v\u00e9sz, m\u0171v\u00e9szett\u00f6rt\u00e9n\u00e9sz.<\/p>\n","protected":false},"author":1,"featured_media":0,"parent":0,"menu_order":0,"comment_status":"closed","ping_status":"closed","template":"","meta":{"footnotes":""},"class_list":["post-1192","page","type-page","status-publish","hentry"],"_links":{"self":[{"href":"https:\/\/rakosliget.hu\/wordpress\/index.php\/wp-json\/wp\/v2\/pages\/1192","targetHints":{"allow":["GET"]}}],"collection":[{"href":"https:\/\/rakosliget.hu\/wordpress\/index.php\/wp-json\/wp\/v2\/pages"}],"about":[{"href":"https:\/\/rakosliget.hu\/wordpress\/index.php\/wp-json\/wp\/v2\/types\/page"}],"author":[{"embeddable":true,"href":"https:\/\/rakosliget.hu\/wordpress\/index.php\/wp-json\/wp\/v2\/users\/1"}],"replies":[{"embeddable":true,"href":"https:\/\/rakosliget.hu\/wordpress\/index.php\/wp-json\/wp\/v2\/comments?post=1192"}],"version-history":[{"count":3,"href":"https:\/\/rakosliget.hu\/wordpress\/index.php\/wp-json\/wp\/v2\/pages\/1192\/revisions"}],"predecessor-version":[{"id":1196,"href":"https:\/\/rakosliget.hu\/wordpress\/index.php\/wp-json\/wp\/v2\/pages\/1192\/revisions\/1196"}],"wp:attachment":[{"href":"https:\/\/rakosliget.hu\/wordpress\/index.php\/wp-json\/wp\/v2\/media?parent=1192"}],"curies":[{"name":"wp","href":"https:\/\/api.w.org\/{rel}","templated":true}]}}