{"id":1189,"date":"2018-03-23T04:47:34","date_gmt":"2018-03-23T03:47:34","guid":{"rendered":"http:\/\/rakosliget.hu\/wordpress\/?page_id=1189"},"modified":"2018-03-23T04:47:34","modified_gmt":"2018-03-23T03:47:34","slug":"sumegi-simek-imre","status":"publish","type":"page","link":"https:\/\/rakosliget.hu\/wordpress\/index.php\/sumegi-simek-imre\/","title":{"rendered":"S\u00fcmegi (Simek) Imre"},"content":{"rendered":"<h1 align=\"left\">S\u00fcmegi (Simek) Imre<\/h1>\n<h2 align=\"left\"><span data-canvas-width=\"128.9044754816392\">(Budapest, 1893-1953)<\/span><\/h2>\n<h2 align=\"left\">a R\u00e1kosligeti Nemzeti Bizotts\u00e1g tagja<\/h2>\n<p align=\"left\">\n<p align=\"left\"><span data-canvas-width=\"128.9044754816392\">L<\/span><span data-canvas-width=\"233.46851715380527\">akatosseg\u00e9d. 1919-t\u0151l vett r\u00e9szt a munk\u00e1s<\/span><span data-canvas-width=\"187.06083709526348\">mozgalomban, a 30-as \u00e9vekt\u0151l az<\/span><span data-canvas-width=\"43.68580303086749\"> SZDP <\/span><span data-canvas-width=\"35.48655256412986\">(MDP)<\/span><span data-canvas-width=\"191.820565997339\"> tagja. 1945 ut\u00e1n a M\u00c1<\/span><span data-canvas-width=\"231.60134830441726\">VAG lakatosa. 1948-ban a R\u00e1kosligeti <\/span><span data-canvas-width=\"52.53416621394358\">Nemzeti Bizotts\u00e1g tagja. <\/span><\/p>\n","protected":false},"excerpt":{"rendered":"<p>S\u00fcmegi (Simek) Imre (Budapest, 1893-1953) a R\u00e1kosligeti Nemzeti Bizotts\u00e1g tagja Lakatosseg\u00e9d. 1919-t\u0151l vett r\u00e9szt a munk\u00e1smozgalomban, a 30-as \u00e9vekt\u0151l az SZDP (MDP) tagja. 1945 ut\u00e1n a M\u00c1VAG lakatosa. 1948-ban a R\u00e1kosligeti Nemzeti Bizotts\u00e1g tagja.<\/p>\n","protected":false},"author":1,"featured_media":0,"parent":0,"menu_order":0,"comment_status":"closed","ping_status":"closed","template":"","meta":{"footnotes":""},"class_list":["post-1189","page","type-page","status-publish","hentry"],"_links":{"self":[{"href":"https:\/\/rakosliget.hu\/wordpress\/index.php\/wp-json\/wp\/v2\/pages\/1189","targetHints":{"allow":["GET"]}}],"collection":[{"href":"https:\/\/rakosliget.hu\/wordpress\/index.php\/wp-json\/wp\/v2\/pages"}],"about":[{"href":"https:\/\/rakosliget.hu\/wordpress\/index.php\/wp-json\/wp\/v2\/types\/page"}],"author":[{"embeddable":true,"href":"https:\/\/rakosliget.hu\/wordpress\/index.php\/wp-json\/wp\/v2\/users\/1"}],"replies":[{"embeddable":true,"href":"https:\/\/rakosliget.hu\/wordpress\/index.php\/wp-json\/wp\/v2\/comments?post=1189"}],"version-history":[{"count":1,"href":"https:\/\/rakosliget.hu\/wordpress\/index.php\/wp-json\/wp\/v2\/pages\/1189\/revisions"}],"predecessor-version":[{"id":1190,"href":"https:\/\/rakosliget.hu\/wordpress\/index.php\/wp-json\/wp\/v2\/pages\/1189\/revisions\/1190"}],"wp:attachment":[{"href":"https:\/\/rakosliget.hu\/wordpress\/index.php\/wp-json\/wp\/v2\/media?parent=1189"}],"curies":[{"name":"wp","href":"https:\/\/api.w.org\/{rel}","templated":true}]}}