{"id":1187,"date":"2018-03-23T04:46:26","date_gmt":"2018-03-23T03:46:26","guid":{"rendered":"http:\/\/rakosliget.hu\/wordpress\/?page_id=1187"},"modified":"2018-03-23T04:46:26","modified_gmt":"2018-03-23T03:46:26","slug":"soos-eisner-odon-dr","status":"publish","type":"page","link":"https:\/\/rakosliget.hu\/wordpress\/index.php\/soos-eisner-odon-dr\/","title":{"rendered":"So\u00f3s Eisner \u00d6d\u00f6n dr."},"content":{"rendered":"<h1 align=\"left\"><span data-canvas-width=\"27.583411284725923\">So\u00f3s <\/span><span data-canvas-width=\"35.06889637413518\">Eisner <\/span><span data-canvas-width=\"47.00119148642895\">\u00d6d\u00f6n, dr<\/span><span data-canvas-width=\"128.16484903991486\">. <\/span><\/h1>\n<h2 align=\"left\"><span data-canvas-width=\"128.16484903991486\">(Kapuv\u00e1r, 1896-1973)<\/span><\/h2>\n<h2 align=\"left\">a R\u00e1kosligeti Nemzeti Bizotts\u00e1g tagja<\/h2>\n<p align=\"left\">\n<p align=\"left\"><span data-canvas-width=\"128.16484903991486\">H<\/span><span data-canvas-width=\"229.82727928685475\">adb\u00edr\u00f3. 1945 ut\u00e1n az MKP tag<\/span><span data-canvas-width=\"230.91990925758384\">ja; hadb\u00edr\u00f3 alezredes. 1948-ban a R\u00e1kos<\/span><span data-canvas-width=\"83.50279082810006\">ligeti Nemzeti Bizotts\u00e1g tagja. <\/span><\/p>\n","protected":false},"excerpt":{"rendered":"<p>So\u00f3s Eisner \u00d6d\u00f6n, dr. (Kapuv\u00e1r, 1896-1973) a R\u00e1kosligeti Nemzeti Bizotts\u00e1g tagja Hadb\u00edr\u00f3. 1945 ut\u00e1n az MKP tagja; hadb\u00edr\u00f3 alezredes. 1948-ban a R\u00e1kosligeti Nemzeti Bizotts\u00e1g tagja.<\/p>\n","protected":false},"author":1,"featured_media":0,"parent":0,"menu_order":0,"comment_status":"closed","ping_status":"closed","template":"","meta":{"footnotes":""},"class_list":["post-1187","page","type-page","status-publish","hentry"],"_links":{"self":[{"href":"https:\/\/rakosliget.hu\/wordpress\/index.php\/wp-json\/wp\/v2\/pages\/1187","targetHints":{"allow":["GET"]}}],"collection":[{"href":"https:\/\/rakosliget.hu\/wordpress\/index.php\/wp-json\/wp\/v2\/pages"}],"about":[{"href":"https:\/\/rakosliget.hu\/wordpress\/index.php\/wp-json\/wp\/v2\/types\/page"}],"author":[{"embeddable":true,"href":"https:\/\/rakosliget.hu\/wordpress\/index.php\/wp-json\/wp\/v2\/users\/1"}],"replies":[{"embeddable":true,"href":"https:\/\/rakosliget.hu\/wordpress\/index.php\/wp-json\/wp\/v2\/comments?post=1187"}],"version-history":[{"count":1,"href":"https:\/\/rakosliget.hu\/wordpress\/index.php\/wp-json\/wp\/v2\/pages\/1187\/revisions"}],"predecessor-version":[{"id":1188,"href":"https:\/\/rakosliget.hu\/wordpress\/index.php\/wp-json\/wp\/v2\/pages\/1187\/revisions\/1188"}],"wp:attachment":[{"href":"https:\/\/rakosliget.hu\/wordpress\/index.php\/wp-json\/wp\/v2\/media?parent=1187"}],"curies":[{"name":"wp","href":"https:\/\/api.w.org\/{rel}","templated":true}]}}