{"id":1184,"date":"2018-03-23T04:44:42","date_gmt":"2018-03-23T03:44:42","guid":{"rendered":"http:\/\/rakosliget.hu\/wordpress\/?page_id=1184"},"modified":"2018-03-23T04:44:42","modified_gmt":"2018-03-23T03:44:42","slug":"s-nagy-istvan","status":"publish","type":"page","link":"https:\/\/rakosliget.hu\/wordpress\/index.php\/s-nagy-istvan\/","title":{"rendered":"S. Nagy Istv\u00e1n"},"content":{"rendered":"<h1><strong>S. Nagy Istv\u00e1n<\/strong><\/h1>\n<h2>(K\u00f6r\u00f6starcsa, 1934. janu\u00e1r 20. &#8211; Budapest, 2015. 01. 20.)<\/h2>\n<h3 align=\"center\"><img loading=\"lazy\" decoding=\"async\" src=\"file:\/\/\/I:\/R%C3%A1kosliget.hu%20wordpress\/muveszek\/s nagy.jpg\" alt=\"\" width=\"460\" height=\"334\" \/><\/h3>\n<p align=\"center\">Forr\u00e1s: http:\/\/www.storyonline.hu<\/p>\n<h3>Dalsz\u00f6veg \u00edr\u00f3. R\u00e1kosligeten a XXI. utc\u00e1ban \u00e9lt.<\/h3>\n","protected":false},"excerpt":{"rendered":"<p>S. Nagy Istv\u00e1n (K\u00f6r\u00f6starcsa, 1934. janu\u00e1r 20. &#8211; Budapest, 2015. 01. 20.) Forr\u00e1s: http:\/\/www.storyonline.hu Dalsz\u00f6veg \u00edr\u00f3. R\u00e1kosligeten a XXI. utc\u00e1ban \u00e9lt.<\/p>\n","protected":false},"author":1,"featured_media":0,"parent":0,"menu_order":0,"comment_status":"closed","ping_status":"closed","template":"","meta":{"footnotes":""},"class_list":["post-1184","page","type-page","status-publish","hentry"],"_links":{"self":[{"href":"https:\/\/rakosliget.hu\/wordpress\/index.php\/wp-json\/wp\/v2\/pages\/1184","targetHints":{"allow":["GET"]}}],"collection":[{"href":"https:\/\/rakosliget.hu\/wordpress\/index.php\/wp-json\/wp\/v2\/pages"}],"about":[{"href":"https:\/\/rakosliget.hu\/wordpress\/index.php\/wp-json\/wp\/v2\/types\/page"}],"author":[{"embeddable":true,"href":"https:\/\/rakosliget.hu\/wordpress\/index.php\/wp-json\/wp\/v2\/users\/1"}],"replies":[{"embeddable":true,"href":"https:\/\/rakosliget.hu\/wordpress\/index.php\/wp-json\/wp\/v2\/comments?post=1184"}],"version-history":[{"count":1,"href":"https:\/\/rakosliget.hu\/wordpress\/index.php\/wp-json\/wp\/v2\/pages\/1184\/revisions"}],"predecessor-version":[{"id":1185,"href":"https:\/\/rakosliget.hu\/wordpress\/index.php\/wp-json\/wp\/v2\/pages\/1184\/revisions\/1185"}],"wp:attachment":[{"href":"https:\/\/rakosliget.hu\/wordpress\/index.php\/wp-json\/wp\/v2\/media?parent=1184"}],"curies":[{"name":"wp","href":"https:\/\/api.w.org\/{rel}","templated":true}]}}