{"id":1182,"date":"2018-03-23T04:43:31","date_gmt":"2018-03-23T03:43:31","guid":{"rendered":"http:\/\/rakosliget.hu\/wordpress\/?page_id=1182"},"modified":"2018-03-23T04:43:31","modified_gmt":"2018-03-23T03:43:31","slug":"skonda-laszlo","status":"publish","type":"page","link":"https:\/\/rakosliget.hu\/wordpress\/index.php\/skonda-laszlo\/","title":{"rendered":"Skonda L\u00e1szl\u00f3"},"content":{"rendered":"<h1>Skonda L\u00e1szl\u00f3<\/h1>\n<h2>(Betl\u00e9r 1860. j\u00fanius 3.\u2013 R\u00e1kosliget, 1937. m\u00e1rcius 7. )<\/h2>\n<p>&nbsp;<\/p>\n<div align=\"center\"><img loading=\"lazy\" decoding=\"async\" src=\"file:\/\/\/I:\/R%C3%A1kosliget.hu%20wordpress\/doku\/skonda.jpg\" alt=\"Skonda L\u00e1szl\u00f3\" width=\"647\" height=\"1066\" \/><\/div>\n<p>Apja gr\u00f3f Andr\u00e1ssy M\u00f3ric betl\u00e9ri vasgy\u00e1r\u00e1ban dolgozott gy\u00e1rmesterk\u00e9nt. 14 \u00e9ves kor\u00e1ra \u00e1rvas\u00e1gra jutott, nevel\u00e9se a n\u00e1la 10 \u00e9vvel id\u0151sebb b\u00e1tyj\u00e1ra maradt. Val\u00f3sz\u00edn\u0171leg autodidakta m\u00f3don szerezte m\u0171szaki ismereteit, iskolai v\u00e9gzetts\u00e9g\u00e9r\u0151l nem maradtak \u00edr\u00e1sos eml\u00e9kek. Mozdonyvezet\u0151 lett, a budapesti Keleti F\u0171t\u0151h\u00e1zban kezdett dolgozni, egy id\u0151ben f\u0151n\u00f6ke is volt a F\u0171t\u0151h\u00e1znak. 1893-t\u00f3l tagja lett a M\u00c1V betegseg\u00e9lyez\u0151 p\u00e9nzt\u00e1mak. Egy csal\u00e1di legenda arr\u00f3l sz\u00e1mol be, hogy egy alkalommal Skonda L\u00e1szl\u00f3 f\u00e9khiba miatt nem tudta mozdony\u00e1t meg\u00e1ll\u00edtani, s \u00edgy az kiszaladt a Baross t\u00e9rre. Emiatt lefokozt\u00e1k, egy ideig csak tehervonatokat vezethetett. Ez a t\u00f6rt\u00e9net lehetett az oka annak, hogy Skonda elkezdte a f\u00e9kek m\u0171k\u00f6d\u00e9s\u00e9t tanulm\u00e1nyozni, &#8222;&#8230;\u00e9s v\u00e9g\u00fcl olyan f\u00e9krendszert vezetett be, amelyet azut\u00e1n eg\u00e9sz Eur\u00f3p\u00e1ban sikerrel alkalmaztak. Ennek k\u00f6sz\u00f6nhette, hogy eg\u00e9sz Eur\u00f3p\u00e1ban ingyen utazhatott.&#8221; Val\u00f3sz\u00edn\u0171leg George Westinghouse 1869-ben szabadalmaztatott l\u00e9gf\u00e9kj\u00e9nek m\u00f3dos\u00edt\u00e1s\u00e1r\u00f3llehet sz\u00f3, hiszen Skonda L\u00e1szl\u00f3 1912-ben k\u00f6nyvet is \u00edrt &#8222;A Westinghouse-f\u00e9k kezel\u00e9se \u00e9s az \u00fczemben elfordul\u00f3 hib\u00e1k kik\u00fcsz\u00f6b\u00f6l\u00e9se&#8221; c\u00edmen. A k\u00f6nyv ma a K\u00f6zleked\u00e9si M\u00fazeumban tal\u00e1lhat\u00f3. Skonda id\u0151sebb kor\u00e1ban a Budapesti M\u0171szaki Egyetemen is tan\u00edtott r\u00f6vid ideig. 1896-ban k\u0151t\u00f6tt h\u00e1zass\u00e1got els\u0151 feles\u00e9g\u00e9vel, Bal\u00f3 M\u00e1ri\u00e1val, \u00e9s Kolozsv\u00e1rra k\u00f6lt\u00f6ztek. Majd amikor a Munk\u00e1s Otthon telep fel\u00e9p\u00fclt, \u00e9s els\u0151 lak\u00f3i m\u00e1r bek\u00f6lt\u00f6ztek, 1901-ben h\u00e1zat vett Skonda L\u00e1szl\u00f3 is a M\u00c1V r\u00e9v\u00e9n a telepen. \u00cdgy majdnem az els\u0151 ligeti telepesek k\u0151z\u00f6tt tarthatjuk \u0151t sz\u00e1mon. Kisfia m\u00e1r itt sz\u00fcletett, de 7 h\u00f3napos kor\u00e1ban meghalt. Nagytarcs\u00e1ra temett\u00e9k, mert az \u00faj telepnek ekkor m\u00e9g nem volt saj\u00e1t temet\u0151je. Skonda L\u00e1szl\u00f3 tekint\u00e9lyes, j\u00f3m\u00f3d\u00fa polg\u00e1ra volt R\u00e1kosligetnek. Az \u00e9p\u00fcl\u0151 katolikus templom sz\u00e1m\u00e1ra \u0151 aj\u00e1nd\u00e9kozta a torony\u00f3r\u00e1t, melyet az \u00f3r\u00e1s mester 1000 koron\u00e1\u00e9rt k\u00e9sz\u00edtett el. Els\u0151 feles\u00e9ge s\u00falyos t\u00fcd\u0151beteg lett, hal\u00e1l\u00e1ig Schreiner Margit \u00e1polta, aki Skonda m\u00e1sodunokatestv\u00e9re volt. Az asszony az 191O-es \u00e9vek elej\u00e9n meghalt, \u0151t is Nagytarcs\u00e1ra temett\u00e9k. K\u00e9s\u0151bb Skonda a r\u00e1kosligeti temet\u0151 megnyit\u00e1sakor mindk\u00e9t halottat \u00e1thozatta ide. Skonda 1914. november 7-\u00e9n, 54 \u00e9vesen n\u0151s\u00fclt m\u00e1sodszor. A h\u00e1zass\u00e1gk\u00f6t\u00e9shez k\u00fcl\u00f6n enged\u00e9ly kellett, mivel a feles\u00e9g -a kor\u00e1bbi \u00e1pol\u00f3n\u0151, Schreiner Margit -rokona volt leend\u0151 f\u00e9rj\u00e9nek. Ebb\u0151l a h\u00e1zass\u00e1gb\u00f3l sz\u00fcletett Olga l\u00e1nyuk, aki az aj\u00e1nd\u00e9koz\u00f3 Z\u00e1nyi Ildik\u00f3 \u00e9desanyja volt. Skonda L\u00e1szl\u00f3 1937. m\u00e1rcius 7-\u00e9n hunyt el, feles\u00e9ge egy \u00e9vvel k\u00e9s\u0151bb, 1938. j\u00falius 8-\u00e1n k\u00f6vette \u0151t. Mindketten a ligeti temet\u0151ben nyugodtak annak felsz\u00e1mol\u00e1s\u00e1ig.<\/p>\n<p>Forr\u00e1s: Dr. Domb\u00f3v\u00e1ri Antal<\/p>\n","protected":false},"excerpt":{"rendered":"<p>Skonda L\u00e1szl\u00f3 (Betl\u00e9r 1860. j\u00fanius 3.\u2013 R\u00e1kosliget, 1937. m\u00e1rcius 7. ) &nbsp; Apja gr\u00f3f Andr\u00e1ssy M\u00f3ric betl\u00e9ri vasgy\u00e1r\u00e1ban dolgozott gy\u00e1rmesterk\u00e9nt. 14 \u00e9ves kor\u00e1ra \u00e1rvas\u00e1gra jutott, nevel\u00e9se a n\u00e1la 10 \u00e9vvel id\u0151sebb b\u00e1tyj\u00e1ra maradt. Val\u00f3sz\u00edn\u0171leg autodidakta m\u00f3don szerezte m\u0171szaki ismereteit, iskolai v\u00e9gzetts\u00e9g\u00e9r\u0151l nem maradtak \u00edr\u00e1sos eml\u00e9kek. Mozdonyvezet\u0151 lett, a budapesti Keleti F\u0171t\u0151h\u00e1zban kezdett dolgozni, egy id\u0151ben &hellip; <a href=\"https:\/\/rakosliget.hu\/wordpress\/index.php\/skonda-laszlo\/\" class=\"more-link\"><span class=\"screen-reader-text\">Skonda L\u00e1szl\u00f3<\/span> r\u00e9szletei&#8230;<\/a><\/p>\n","protected":false},"author":1,"featured_media":0,"parent":0,"menu_order":0,"comment_status":"closed","ping_status":"closed","template":"","meta":{"footnotes":""},"class_list":["post-1182","page","type-page","status-publish","hentry"],"_links":{"self":[{"href":"https:\/\/rakosliget.hu\/wordpress\/index.php\/wp-json\/wp\/v2\/pages\/1182","targetHints":{"allow":["GET"]}}],"collection":[{"href":"https:\/\/rakosliget.hu\/wordpress\/index.php\/wp-json\/wp\/v2\/pages"}],"about":[{"href":"https:\/\/rakosliget.hu\/wordpress\/index.php\/wp-json\/wp\/v2\/types\/page"}],"author":[{"embeddable":true,"href":"https:\/\/rakosliget.hu\/wordpress\/index.php\/wp-json\/wp\/v2\/users\/1"}],"replies":[{"embeddable":true,"href":"https:\/\/rakosliget.hu\/wordpress\/index.php\/wp-json\/wp\/v2\/comments?post=1182"}],"version-history":[{"count":1,"href":"https:\/\/rakosliget.hu\/wordpress\/index.php\/wp-json\/wp\/v2\/pages\/1182\/revisions"}],"predecessor-version":[{"id":1183,"href":"https:\/\/rakosliget.hu\/wordpress\/index.php\/wp-json\/wp\/v2\/pages\/1182\/revisions\/1183"}],"wp:attachment":[{"href":"https:\/\/rakosliget.hu\/wordpress\/index.php\/wp-json\/wp\/v2\/media?parent=1182"}],"curies":[{"name":"wp","href":"https:\/\/api.w.org\/{rel}","templated":true}]}}