{"id":1180,"date":"2018-03-23T04:42:33","date_gmt":"2018-03-23T03:42:33","guid":{"rendered":"http:\/\/rakosliget.hu\/wordpress\/?page_id=1180"},"modified":"2018-03-23T04:42:33","modified_gmt":"2018-03-23T03:42:33","slug":"simonovanszky-odon","status":"publish","type":"page","link":"https:\/\/rakosliget.hu\/wordpress\/index.php\/simonovanszky-odon\/","title":{"rendered":"Simonov\u00e1nszky \u00d6d\u00f6n"},"content":{"rendered":"<h1 align=\"left\"><span data-canvas-width=\"113.28309953326237\">Simonov\u00e1nszky \u00d6d\u00f6n<\/span><\/h1>\n<h2 align=\"left\"><span data-canvas-width=\"123.39477571208091\">(Nyitra, 1886-1950)<\/span><\/h2>\n<h2 align=\"left\">a R\u00e1kosligeti Nemzeti Bizotts\u00e1g <span data-canvas-width=\"229.77038494518362\">\u00e9s <\/span><span data-canvas-width=\"118.78245487706225\">el\u00f6lj\u00e1r\u00f3s\u00e1g<\/span> tagja<\/h2>\n<p align=\"left\">\n<p align=\"left\"><span data-canvas-width=\"123.39477571208091\">K<\/span><span data-canvas-width=\"229.53504925918043\">atonatiszt. 1945-t\u0151l az F\u00fcggetelen Kisgazda P\u00e1rt tagja. 1919-ben <\/span><span data-canvas-width=\"229.18851099627457\">a 3. gyalogezred z\u00e1szl\u00f3aljparancsnoka. 1945<\/span><span data-canvas-width=\"230.4932016950506\"> ut\u00e1n nyugd\u00edjas \u0151rnagy. 1945-ben <\/span><span data-canvas-width=\"228.1062254513039\">a R\u00e1kosligeti Nemzeti Bizotts\u00e1g, 1946-t\u00f3l a k\u00f6zs\u00e9gi el\u00f6l<\/span><span data-canvas-width=\"181.20071990314\">j\u00e1r\u00f3s\u00e1g tagja. 1947-t\u0151l p\u00e9nzt\u00e1rosa. <\/span><\/p>\n","protected":false},"excerpt":{"rendered":"<p>Simonov\u00e1nszky \u00d6d\u00f6n (Nyitra, 1886-1950) a R\u00e1kosligeti Nemzeti Bizotts\u00e1g \u00e9s el\u00f6lj\u00e1r\u00f3s\u00e1g tagja Katonatiszt. 1945-t\u0151l az F\u00fcggetelen Kisgazda P\u00e1rt tagja. 1919-ben a 3. gyalogezred z\u00e1szl\u00f3aljparancsnoka. 1945 ut\u00e1n nyugd\u00edjas \u0151rnagy. 1945-ben a R\u00e1kosligeti Nemzeti Bizotts\u00e1g, 1946-t\u00f3l a k\u00f6zs\u00e9gi el\u00f6lj\u00e1r\u00f3s\u00e1g tagja. 1947-t\u0151l p\u00e9nzt\u00e1rosa.<\/p>\n","protected":false},"author":1,"featured_media":0,"parent":0,"menu_order":0,"comment_status":"closed","ping_status":"closed","template":"","meta":{"footnotes":""},"class_list":["post-1180","page","type-page","status-publish","hentry"],"_links":{"self":[{"href":"https:\/\/rakosliget.hu\/wordpress\/index.php\/wp-json\/wp\/v2\/pages\/1180","targetHints":{"allow":["GET"]}}],"collection":[{"href":"https:\/\/rakosliget.hu\/wordpress\/index.php\/wp-json\/wp\/v2\/pages"}],"about":[{"href":"https:\/\/rakosliget.hu\/wordpress\/index.php\/wp-json\/wp\/v2\/types\/page"}],"author":[{"embeddable":true,"href":"https:\/\/rakosliget.hu\/wordpress\/index.php\/wp-json\/wp\/v2\/users\/1"}],"replies":[{"embeddable":true,"href":"https:\/\/rakosliget.hu\/wordpress\/index.php\/wp-json\/wp\/v2\/comments?post=1180"}],"version-history":[{"count":1,"href":"https:\/\/rakosliget.hu\/wordpress\/index.php\/wp-json\/wp\/v2\/pages\/1180\/revisions"}],"predecessor-version":[{"id":1181,"href":"https:\/\/rakosliget.hu\/wordpress\/index.php\/wp-json\/wp\/v2\/pages\/1180\/revisions\/1181"}],"wp:attachment":[{"href":"https:\/\/rakosliget.hu\/wordpress\/index.php\/wp-json\/wp\/v2\/media?parent=1180"}],"curies":[{"name":"wp","href":"https:\/\/api.w.org\/{rel}","templated":true}]}}