{"id":1174,"date":"2018-03-23T04:40:29","date_gmt":"2018-03-23T03:40:29","guid":{"rendered":"http:\/\/rakosliget.hu\/wordpress\/?page_id=1174"},"modified":"2018-03-23T04:40:29","modified_gmt":"2018-03-23T03:40:29","slug":"sattinger-viktor","status":"publish","type":"page","link":"https:\/\/rakosliget.hu\/wordpress\/index.php\/sattinger-viktor\/","title":{"rendered":"Sattinger Viktor"},"content":{"rendered":"<h1 align=\"left\"><span data-canvas-width=\"127.72390275858402\">Sattinger Viktor<\/span><\/h1>\n<h2 align=\"left\"><span data-canvas-width=\"204.88043414932136\">(Esztergom, 1879-1956<\/span><\/h2>\n<h2 align=\"left\">a r\u00e1kosligeti <span data-canvas-width=\"310.5266490960874\">ideiglenes k\u00e9pvisel\u0151test\u00fclet <\/span>tagja<\/h2>\n<p align=\"left\">\n<p align=\"left\"><span data-canvas-width=\"22.868058497205222\">Tan\u00e1r. 1945 ut\u00e1n nyugalmazott f\u0151v\u00e1rosi polg\u00e1ri iskolai igazgat\u00f3. 1945-ben a szakszervezet k\u00e9pvisel\u0151je a r\u00e1kosligeti ideiglenes k\u00e9pvisel\u0151test\u00fcletben. <\/span><\/p>\n","protected":false},"excerpt":{"rendered":"<p>Sattinger Viktor (Esztergom, 1879-1956 a r\u00e1kosligeti ideiglenes k\u00e9pvisel\u0151test\u00fclet tagja Tan\u00e1r. 1945 ut\u00e1n nyugalmazott f\u0151v\u00e1rosi polg\u00e1ri iskolai igazgat\u00f3. 1945-ben a szakszervezet k\u00e9pvisel\u0151je a r\u00e1kosligeti ideiglenes k\u00e9pvisel\u0151test\u00fcletben.<\/p>\n","protected":false},"author":1,"featured_media":0,"parent":0,"menu_order":0,"comment_status":"closed","ping_status":"closed","template":"","meta":{"footnotes":""},"class_list":["post-1174","page","type-page","status-publish","hentry"],"_links":{"self":[{"href":"https:\/\/rakosliget.hu\/wordpress\/index.php\/wp-json\/wp\/v2\/pages\/1174","targetHints":{"allow":["GET"]}}],"collection":[{"href":"https:\/\/rakosliget.hu\/wordpress\/index.php\/wp-json\/wp\/v2\/pages"}],"about":[{"href":"https:\/\/rakosliget.hu\/wordpress\/index.php\/wp-json\/wp\/v2\/types\/page"}],"author":[{"embeddable":true,"href":"https:\/\/rakosliget.hu\/wordpress\/index.php\/wp-json\/wp\/v2\/users\/1"}],"replies":[{"embeddable":true,"href":"https:\/\/rakosliget.hu\/wordpress\/index.php\/wp-json\/wp\/v2\/comments?post=1174"}],"version-history":[{"count":1,"href":"https:\/\/rakosliget.hu\/wordpress\/index.php\/wp-json\/wp\/v2\/pages\/1174\/revisions"}],"predecessor-version":[{"id":1175,"href":"https:\/\/rakosliget.hu\/wordpress\/index.php\/wp-json\/wp\/v2\/pages\/1174\/revisions\/1175"}],"wp:attachment":[{"href":"https:\/\/rakosliget.hu\/wordpress\/index.php\/wp-json\/wp\/v2\/media?parent=1174"}],"curies":[{"name":"wp","href":"https:\/\/api.w.org\/{rel}","templated":true}]}}