{"id":1171,"date":"2018-03-23T04:34:55","date_gmt":"2018-03-23T03:34:55","guid":{"rendered":"http:\/\/rakosliget.hu\/wordpress\/?page_id=1171"},"modified":"2023-04-29T18:35:49","modified_gmt":"2023-04-29T17:35:49","slug":"rubinthy-dezso","status":"publish","type":"page","link":"https:\/\/rakosliget.hu\/wordpress\/index.php\/rubinthy-dezso\/","title":{"rendered":"RUBINTHY DEZS\u0150"},"content":{"rendered":"<h1 align=\"left\"><span data-canvas-width=\"239.44303118849365\">(Salg\u00f3tarj\u00e1n, 1871. janu\u00e1r 6. &#8211; <\/span><span data-canvas-width=\"75.81296003028012\">R\u00e1kosliget<\/span><span data-canvas-width=\"342.2220885692657\">, 1945) <\/span>alt\u00e1bornagy<\/h1>\n<p align=\"left\"><span data-canvas-width=\"134.86508084784256\"><br><\/span><span data-canvas-width=\"342.2220885692657\"> A Ludovika Akad\u00e9mi\u00e1t <\/span><span data-canvas-width=\"654.2435318697961\">v\u00e9gezte el. 1920. szeptember 1-j\u00e9n vez\u00e9r\u0151rnaggy\u00e1 nevezt\u00e9k ki, \u00e9s ideiglenesen megb\u00edz<\/span><span data-canvas-width=\"536.6927957607874\">t\u00e1k a Hadilev\u00e9lt\u00e1r vezet\u00e9s\u00e9vel, melynek \u0151 lett az els\u0151 igazgat\u00f3ja, 1924-ig. A 30-as honv\u00e9d gyalogezredben is szolg\u00e1lt az I. vil\u00e1gh\u00e1bor\u00fa alatt.<\/span><\/p>\n<p align=\"left\">A Magyar Tudom\u00e1nyos Akad\u00e9mia V<span class=\"selected\">. <\/span><span class=\"selected\">Hadt\u00f6rt\u00e9neti B<\/span><span class=\"selected\">izotts\u00e1g seg\u00e9dtagja (<em>Forr\u00e1s: Akad\u00e9mia Almanach 1925 \u00e9s 1926<\/em>)<\/span><\/p>\n\n<div class=\"wp-block-image\">\n<figure class=\"aligncenter\"><img decoding=\"async\" src=\"https:\/\/m.blog.hu\/na\/nagyhaboru\/image\/szemelyes\/rubinthy\/rubinthy_02.jpg\" alt=\"Rubinthy Dezs\u0151 f\u00e9nyk\u00e9pe a Magyar Katonai K\u00f6zl\u00f6ny 1924-es \u00e9vfolyam\u00e1nak 569. oldal\u00e1n\"\/><figcaption class=\"wp-element-caption\"> <em>Magyar Katonai K\u00f6zl\u00f6ny 1924. \u00e9vfolyam 569. oldal<\/em> <br>Forr\u00e1s: adt.arcanum.com.<\/figcaption><\/figure>\n<\/div>","protected":false},"excerpt":{"rendered":"<p>(Salg\u00f3tarj\u00e1n, 1871. janu\u00e1r 6. &#8211; R\u00e1kosliget, 1945) alt\u00e1bornagy A Ludovika Akad\u00e9mi\u00e1t v\u00e9gezte el. 1920. szeptember 1-j\u00e9n vez\u00e9r\u0151rnaggy\u00e1 nevezt\u00e9k ki, \u00e9s ideiglenesen megb\u00edzt\u00e1k a Hadilev\u00e9lt\u00e1r vezet\u00e9s\u00e9vel, melynek \u0151 lett az els\u0151 igazgat\u00f3ja, 1924-ig. A 30-as honv\u00e9d gyalogezredben is szolg\u00e1lt az I. vil\u00e1gh\u00e1bor\u00fa alatt. A Magyar Tudom\u00e1nyos Akad\u00e9mia V. Hadt\u00f6rt\u00e9neti Bizotts\u00e1g seg\u00e9dtagja (Forr\u00e1s: Akad\u00e9mia Almanach 1925 \u00e9s &hellip; <a href=\"https:\/\/rakosliget.hu\/wordpress\/index.php\/rubinthy-dezso\/\" class=\"more-link\"><span class=\"screen-reader-text\">RUBINTHY DEZS\u0150<\/span> r\u00e9szletei&#8230;<\/a><\/p>\n","protected":false},"author":1,"featured_media":0,"parent":0,"menu_order":0,"comment_status":"closed","ping_status":"closed","template":"","meta":{"footnotes":""},"class_list":["post-1171","page","type-page","status-publish","hentry"],"_links":{"self":[{"href":"https:\/\/rakosliget.hu\/wordpress\/index.php\/wp-json\/wp\/v2\/pages\/1171","targetHints":{"allow":["GET"]}}],"collection":[{"href":"https:\/\/rakosliget.hu\/wordpress\/index.php\/wp-json\/wp\/v2\/pages"}],"about":[{"href":"https:\/\/rakosliget.hu\/wordpress\/index.php\/wp-json\/wp\/v2\/types\/page"}],"author":[{"embeddable":true,"href":"https:\/\/rakosliget.hu\/wordpress\/index.php\/wp-json\/wp\/v2\/users\/1"}],"replies":[{"embeddable":true,"href":"https:\/\/rakosliget.hu\/wordpress\/index.php\/wp-json\/wp\/v2\/comments?post=1171"}],"version-history":[{"count":9,"href":"https:\/\/rakosliget.hu\/wordpress\/index.php\/wp-json\/wp\/v2\/pages\/1171\/revisions"}],"predecessor-version":[{"id":11639,"href":"https:\/\/rakosliget.hu\/wordpress\/index.php\/wp-json\/wp\/v2\/pages\/1171\/revisions\/11639"}],"wp:attachment":[{"href":"https:\/\/rakosliget.hu\/wordpress\/index.php\/wp-json\/wp\/v2\/media?parent=1171"}],"curies":[{"name":"wp","href":"https:\/\/api.w.org\/{rel}","templated":true}]}}