{"id":1168,"date":"2018-03-23T04:33:35","date_gmt":"2018-03-23T03:33:35","guid":{"rendered":"http:\/\/rakosliget.hu\/wordpress\/?page_id=1168"},"modified":"2018-03-23T04:33:35","modified_gmt":"2018-03-23T03:33:35","slug":"repold-karoly","status":"publish","type":"page","link":"https:\/\/rakosliget.hu\/wordpress\/index.php\/repold-karoly\/","title":{"rendered":"Repold K\u00e1roly"},"content":{"rendered":"<h1>Repold K\u00e1roly (1872 &#8211; 1943)<\/h1>\n<p><strong>budapesti m\u0171\u00e9p\u00edt\u00e9sz, tervez\u0151 <\/strong>Gyula sz\u00fcl\u00f6tte, id. Repold K\u00e1roly (1843-1884) helybeli sz\u0171csmester \u00e9s\u00a0Fikker Ant\u00f3nia (1845-1911) fia volt.<\/p>\n<p align=\"justify\">K\u00f6z\u00e9piskol\u00e1it Szentesen v\u00e9gezte, az \u00e9p\u00edt\u00e9szetet Budapesten tanulta, k\u00e9t f\u00e9l\u00e9vig jogot is hallgatott. 1898-ban \u00f6n\u00e1ll\u00f3 v\u00e1llalkoz\u00f3 lett, irod\u00e1ja az V. ker\u00fclet Cs\u00e1ky utc\u00e1ban volt. \u0150 vezette a f\u0151v\u00e1rosi R\u00f3mai f\u00fcrd\u0151 \u00e9s a csillaghegyi tisztvisel\u0151telep \u00e9p\u00edtkez\u00e9seit. <strong>Nev\u00e9hez k\u00f6t\u0151dik a r\u00e1kosligeti fi\u00fa \u00e9s le\u00e1ny polg\u00e1ri iskola terv\u00e9nek elk\u00e9sz\u00edt\u00e9se<\/strong>. Sz\u00edvesen utazott, bej\u00e1rta a f\u00e9l vil\u00e1got, m\u00e9g a Szentf\u00f6ld\u00f6n is megfordult. <strong>Repold K\u00e1roly<\/strong> r\u00e9szt vett az I. vil\u00e1gh\u00e1bor\u00faban, meg\u00e9p\u00edtette az ostffyasszonyfai fogolyt\u00e1bort, ahonnan 1916-ban saj\u00e1t tervez\u00e9s\u0171, orosz hadifoglyok \u00e1ltal a t\u00e1bor \u00e9p\u00edt\u00e9s\u00e9n\u00e9l haszn\u00e1lt talicsk\u00e1k f\u00e1j\u00e1b\u00f3l faragott cigarettat\u00e1rc\u00e1t k\u00fcld\u00f6tt tisztelete jel\u00e9\u00fcl Kr\u00fady Gyul\u00e1nak \u201emint t\u00f6rt\u00e9nelmi eml\u00e9ket, a mai nagy id\u0151k eml\u00e9k\u00e9t\u201d. F\u0151hadnagyk\u00e9nt szerelt le. 1929-ben Lip\u00f3t-arany\u00e9remmel t\u00fcntett\u00e9k ki Repoldot, 1930: a K\u00fcls\u0151-lip\u00f3tv\u00e1rosi Kereszt\u00e9ny P\u00e1rt eln\u00f6ke, a bpi t\u00f6rv\u00e9nyhat. biz. tagja, a bpi \u00c9-i ker. orsz\u00e1ggy\u0171l\u00e9si p\u00f3tk\u00e9pvisel\u0151je. 1931-t\u0151l a Jeruzs\u00e1lemi Szent S\u00edr lovagja c\u00edmet viselte. A K\u00e1roly Kir\u00e1ly Term\u00e9szettudom\u00e1nyi Egyetem terve is nev\u00e9hez f\u0171z\u0151dik, melyet Gyul\u00e1n gondolt megval\u00f3s\u00edtani. Zeneszerz\u00e9ssel (szerzem\u00e9nye pl. 1916: Koron\u00e1z\u00e1si eml\u00e9kindul\u00f3, Zita kir\u00e1lyn\u00e9 kering\u0151, K\u00e1roly kir\u00e1ly a magyarok kir\u00e1lya), sz\u00ednh\u00e1zigazgat\u00e1ssal is foglalkozott, tagja volt az Orsz\u00e1gos Zeneszerz\u0151k \u00e9s Sz\u00f6veg\u00edr\u00f3k Egyes\u00fclet\u00e9nek, egy ideig a v\u00e1rosligeti J\u00f3kai Sz\u00ednk\u00f6rt vezette.<\/p>\n<p align=\"justify\"><img loading=\"lazy\" decoding=\"async\" class=\"aligncenter\" src=\"http:\/\/rakosliget.hu\/doku\/repold.png\" width=\"202\" height=\"317\" \/><\/p>\n<p>Munk\u00e1i: <em> A m\u00falt, a jelen \u00e9s a j\u00f6vend\u0151. <\/em>Bp., 1917. &#8211;<em> Nagy id\u0151k, nagy emberek.<\/em> Uo., 1917. 88<\/p>\n","protected":false},"excerpt":{"rendered":"<p>Repold K\u00e1roly (1872 &#8211; 1943) budapesti m\u0171\u00e9p\u00edt\u00e9sz, tervez\u0151 Gyula sz\u00fcl\u00f6tte, id. Repold K\u00e1roly (1843-1884) helybeli sz\u0171csmester \u00e9s\u00a0Fikker Ant\u00f3nia (1845-1911) fia volt. K\u00f6z\u00e9piskol\u00e1it Szentesen v\u00e9gezte, az \u00e9p\u00edt\u00e9szetet Budapesten tanulta, k\u00e9t f\u00e9l\u00e9vig jogot is hallgatott. 1898-ban \u00f6n\u00e1ll\u00f3 v\u00e1llalkoz\u00f3 lett, irod\u00e1ja az V. ker\u00fclet Cs\u00e1ky utc\u00e1ban volt. \u0150 vezette a f\u0151v\u00e1rosi R\u00f3mai f\u00fcrd\u0151 \u00e9s a csillaghegyi tisztvisel\u0151telep \u00e9p\u00edtkez\u00e9seit. &hellip; <a href=\"https:\/\/rakosliget.hu\/wordpress\/index.php\/repold-karoly\/\" class=\"more-link\"><span class=\"screen-reader-text\">Repold K\u00e1roly<\/span> r\u00e9szletei&#8230;<\/a><\/p>\n","protected":false},"author":1,"featured_media":0,"parent":0,"menu_order":0,"comment_status":"closed","ping_status":"closed","template":"","meta":{"footnotes":""},"class_list":["post-1168","page","type-page","status-publish","hentry"],"_links":{"self":[{"href":"https:\/\/rakosliget.hu\/wordpress\/index.php\/wp-json\/wp\/v2\/pages\/1168","targetHints":{"allow":["GET"]}}],"collection":[{"href":"https:\/\/rakosliget.hu\/wordpress\/index.php\/wp-json\/wp\/v2\/pages"}],"about":[{"href":"https:\/\/rakosliget.hu\/wordpress\/index.php\/wp-json\/wp\/v2\/types\/page"}],"author":[{"embeddable":true,"href":"https:\/\/rakosliget.hu\/wordpress\/index.php\/wp-json\/wp\/v2\/users\/1"}],"replies":[{"embeddable":true,"href":"https:\/\/rakosliget.hu\/wordpress\/index.php\/wp-json\/wp\/v2\/comments?post=1168"}],"version-history":[{"count":1,"href":"https:\/\/rakosliget.hu\/wordpress\/index.php\/wp-json\/wp\/v2\/pages\/1168\/revisions"}],"predecessor-version":[{"id":1169,"href":"https:\/\/rakosliget.hu\/wordpress\/index.php\/wp-json\/wp\/v2\/pages\/1168\/revisions\/1169"}],"wp:attachment":[{"href":"https:\/\/rakosliget.hu\/wordpress\/index.php\/wp-json\/wp\/v2\/media?parent=1168"}],"curies":[{"name":"wp","href":"https:\/\/api.w.org\/{rel}","templated":true}]}}