{"id":1161,"date":"2018-03-23T04:25:55","date_gmt":"2018-03-23T03:25:55","guid":{"rendered":"http:\/\/rakosliget.hu\/wordpress\/?page_id=1161"},"modified":"2026-01-23T06:41:02","modified_gmt":"2026-01-23T05:41:02","slug":"ragalyi-elemer","status":"publish","type":"page","link":"https:\/\/rakosliget.hu\/wordpress\/index.php\/ragalyi-elemer\/","title":{"rendered":"Rag\u00e1lyi Elem\u00e9r"},"content":{"rendered":"\n<h1 class=\"wp-block-heading\">(R\u00e1kosliget, 1939. \u00e1prilis 18.)<\/h1>\n\n\n\n<div class=\"wp-block-buttons is-content-justification-center is-layout-flex wp-container-core-buttons-is-layout-16018d1d wp-block-buttons-is-layout-flex\">\n<div class=\"wp-block-button\"><a class=\"wp-block-button__link wp-element-button\" href=\"https:\/\/rakosliget.hu\/wordpress\/index.php\/muveszet\/\">VISSZA A M\u0170V\u00c9SZET LAPRA<\/a><\/div>\n<\/div>\n\n\n\n<p>&nbsp;<\/p>\n\n\n\n<p>Tagja a Magyar Operat\u0151r\u00f6k T\u00e1rsas\u00e1g\u00e1nak H.S.C.<\/p>\n\n\n\n<p>Forr\u00e1s: <a href=\"http:\/\/www.filmtett.ro\/cikk\/2500\/orvos-es-paciens-interju-ragalyi-elemer-operatorrel\">http:\/\/www.filmtett.ro\/cikk\/2500\/orvos-es-paciens-interju-ragalyi-elemer-operatorrel<\/a><\/p>\n\n\n\n<p>Magyarorsz\u00e1gon az al\u00e1bbi d\u00edjakkal t\u00fcntett\u00e9k ki: Bal\u00e1zs B\u00e9la d\u00edj, \u00c9rdemes M\u0171v\u00e9sz, Kiv\u00e1l\u00f3 M\u0171v\u00e9sz \u00e9s Kossuth d\u00edj.<\/p>\n\n\n\n<h3 class=\"wp-block-heading\">Filmjei:<\/h3>\n\n\n\n<div>\n<p>2011\/II<strong> Az ajt\u00f3<\/strong><em> (ut\u00f3munk\u00e1latok) <\/em><\/p>\n<div>&nbsp;<\/div>\n<\/div>\n\n\n\n<div>\n<p><strong> Rep\u00fablica<\/strong> (TV sorozat) 2010<\/p>\n<div>\u2013 \u00c0s Armas (2010)<\/div>\n<div>\u2013 Levantai Hoje de Novo (2010)<\/div>\n<div>&nbsp;<\/div>\n<\/div>\n\n\n\n<div>\n<p>2007 <strong> A Hold \u00e9s a csillagok<\/strong><\/p>\n<div>&nbsp;<\/div>\n<\/div>\n\n\n\n<div>\n<p>2006 <strong> Fekete feh\u00e9r<\/strong> (TV film)<\/p>\n<div>&nbsp;<\/div>\n<\/div>\n\n\n\n<div>\n<p>2004 <strong> A gy\u0171r\u0171 \u00e1tka<\/strong> (TV film)<\/p>\n<div>&nbsp;<\/div>\n<\/div>\n\n\n\n<div>\n<p>2004 <strong> Eur\u00f3p\u00e1b\u00f3l Eur\u00f3p\u00e1ba<\/strong> (r\u00f6vid dokumentumfilm) (10. szegmens) (rendez\u0151)<\/p>\n<div>&nbsp;<\/div>\n<\/div>\n\n\n\n<div>\n<p>2003 <strong> Ap\u00e1m be\u00e1julna<\/strong><\/p>\n<div>&nbsp;<\/div>\n<\/div>\n\n\n\n<div>\n<p>2003 <strong> Egy h\u00e9t Pesten\u00e9s Bud\u00e1n<\/strong><\/p>\n<div>&nbsp;<\/div>\n<\/div>\n\n\n\n<div>\n<p>2003 <strong> A r\u00f3zsa \u00e9nekei<\/strong><\/p>\n<div>&nbsp;<\/div>\n<\/div>\n\n\n\n<div>\n<p>2003 <strong> Szerelemt\u0151l s\u00fajtva<\/strong><\/p>\n<div>&nbsp;<\/div>\n<\/div>\n\n\n\n<div>\n<p>2002 <strong> Dracula<\/strong> (TV film) (Ragalyi Elem\u00e9r )<\/p>\n<div>&nbsp;<\/div>\n<\/div>\n\n\n\n<div>\n<p>2001 <strong> Amerikai rapsz\u00f3dia<\/strong> (operat\u0151ri rendez\u00e9s)<\/p>\n<div>&nbsp;<\/div>\n<\/div>\n\n\n\n<div>\n<p>2001 <strong> Anne Frank igaz t\u00f6rt\u00e9nete<\/strong> (TV mini sorozat) (operat\u0151ri rendez\u00e9s)<\/p>\n<div>&nbsp;<\/div>\n<\/div>\n\n\n\n<div>\n<p>2000 <strong> David Copperfield<\/strong> (TVsorozat) (operat\u0151ri rendez\u00e9s)<\/p>\n<div>&nbsp;<\/div>\n<\/div>\n\n\n\n<div>\n<p>2000 <strong> Kezdetben vala<\/strong> (TV film)<\/p>\n<div>&nbsp;<\/div>\n<\/div>\n\n\n\n<div>\n<p>2000 <strong> Nagy Katalin<\/strong> (TV film)<\/p>\n<div>&nbsp;<\/div>\n<\/div>\n\n\n\n<div>\n<p>1999 <strong> M\u00e1ria, J\u00e9zus anyja<\/strong> (TV film)<\/p>\n<div>&nbsp;<\/div>\n<\/div>\n\n\n\n<div>\n<p>1999 <strong> Hazud\u00f3s Jakab<\/strong> (operat\u0151ri rendez\u00e9s)<\/p>\n<div>&nbsp;<\/div>\n<\/div>\n\n\n\n<div>\n<p>1998 <strong> Id\u0151g\u00e9ppel a lovagkorba<\/strong> (TV film) (operat\u0151ri rendez\u00e9s)<\/p>\n<div>&nbsp;<\/div>\n<\/div>\n\n\n\n<div>\n<p>1998 <strong> B\u0171n \u00e9s b\u0171nh\u0151d\u00e9s<\/strong> (TV film)<\/p>\n<div>&nbsp;<\/div>\n<\/div>\n\n\n\n<div>\n<p>1997 <strong> A miniszter f\u00e9lrel\u00e9p<\/strong><\/p>\n<div>&nbsp;<\/div>\n<\/div>\n\n\n\n<div>\n<p>1997 <strong> Ms. Scrooge<\/strong> (TV film)<\/p>\n<div>&nbsp;<\/div>\n<\/div>\n\n\n\n<div>\n<p>1997 <strong> A Notre Dame-i torony\u0151r<\/strong> (TV film)<\/p>\n<div>&nbsp;<\/div>\n<\/div>\n\n\n\n<div>\n<p>1996 <strong> Trilogy of Terror II<\/strong> (TV film)<\/p>\n<div>&nbsp;<\/div>\n<\/div>\n\n\n\n<div>1996 <strong> Raszputyin<\/strong> (TV film)<br>rendez\u0151: Ulrich Edel<br>szerepl\u0151: Alan Rickman<br>Emmy- d\u00edj a legjobb operat\u0151ri munk\u00e1\u00e9rt 1996<\/div>\n\n\n\n<div>&nbsp;<\/div>\n\n\n\n<div>\n<p>1996 <strong> Sztracsatella<\/strong><\/p>\n<div>&nbsp;<\/div>\n<\/div>\n\n\n\n<div>\n<p>1995 <strong> \u00d3vakodj az idegent\u0151l!<\/strong> (operat\u0151ri rendez\u00e9s \/ as Elemer Ragalyi)<\/p>\n<div>&nbsp;<\/div>\n<\/div>\n\n\n\n<div>\n<p>1995 <strong> Egy k\u00f6ly\u00f6k Arthur kir\u00e1ly udvar\u00e1ban<\/strong><\/p>\n<div>&nbsp;<\/div>\n<\/div>\n\n\n\n<div>\n<p>1994 <strong> Mesmer<\/strong><\/p>\n<div>&nbsp;<\/div>\n<\/div>\n\n\n\n<div>\n<p>1992-1993 <strong> Maigret<\/strong> (TV sorozat)<\/p>\n<div>\u2013 Maigret and the Maid (1993) (operat\u0151ri rendez\u00e9s)<\/div>\n<div>\u2013 Maigret and the Minister (1993)<\/div>\n<div>\u2013 Maigret&#8217;s Boyhood Friend (1993) (operat\u0151ri rendez\u00e9s)<\/div>\n<div>\u2013 Maigret on the Defensive (1993)<\/div>\n<div>\u2013 Maigret and the Hotel Majestic (1993) (operat\u0151ri rendez\u00e9s \/ as Elemer Ragalyi)<\/div>\n<div><a href=\"http:\/\/www.imdb.com\/name\/nm0005839\/filmoseries#tt0107221\">Az \u00f6sszes 12 epiz\u00f3d megtekint\u00e9se<\/a>&nbsp;\u00bb<\/div>\n<div>&nbsp;<\/div>\n<\/div>\n\n\n\n<div>\n<p>1993 <strong> Csal\u00e1di f\u00e9nyk\u00e9pek<\/strong> (TV film)<\/p>\n<div>&nbsp;<\/div>\n<\/div>\n\n\n\n<div>\n<p>1993 <strong> \u00datlev\u00e9l a hal\u00e1lba<\/strong> (TV film)<\/p>\n<div>&nbsp;<\/div>\n<\/div>\n\n\n\n<div>\n<p>1993 <strong> Charlemagne, le prince \u00e0 cheval<\/strong> (TV mini-sorozat)<\/p>\n<div>&nbsp;<\/div>\n<\/div>\n\n\n\n<div>\n<p>1992 <strong> A politika sz\u00ednpad\u00e1n<\/strong> (TV film)<\/p>\n<div>&nbsp;<\/div>\n<\/div>\n\n\n\n<div>\n<p>1991 <strong> The Gravy Train Goes East<\/strong> (TV mini-sorozat)<\/p>\n<div>&nbsp;<\/div>\n<\/div>\n\n\n\n<div>1991 <strong> The Josephine Baker Story<\/strong> (TV film) (operat\u0151ri rendez\u00e9s)<br>rendez\u0151: Brian Gibson<br>szerepl\u0151: Lynn Whitfield<br>&#8222;ACE&#8221; d\u00edj a legjobb operat\u0151ri munk\u00e1\u00e9rt\n<div>&nbsp;<\/div>\n<\/div>\n\n\n\n<div>\n<p>1990 <strong> Judgment<\/strong> (TV film)<\/p>\n<div>&nbsp;<\/div>\n<\/div>\n\n\n\n<div>1990 <strong> A rem\u00e9ny \u00fatja<\/strong><br>rendez\u0151: Xavier Koller<br>1991 Oscar d\u00edj &#8222;A legjobb k\u00fclf\u00f6ldi film\u00e9rt&#8221;\n<div>&nbsp;<\/div>\n<\/div>\n\n\n\n<div>1990 <strong> Max and Helen<\/strong> (TV film)<br>rendez\u0151: Philip Saville<br>szerepl\u0151: Treat Williams<br>&#8222;ACE&#8221; d\u00edjnomin\u00e1l\u00e1s a legjobb operat\u0151ri munk\u00e1\u00e9rt\n<div>&nbsp;<\/div>\n<\/div>\n\n\n\n<div>\n<p>1989 <strong> Mack the Knife<\/strong><\/p>\n<div>&nbsp;<\/div>\n<\/div>\n\n\n\n<div>1989 <strong> Red King, White Knight<\/strong> (TV film)<br>rendez\u0151: Cooff Murphy<br>szerepl\u0151k: Max von Sydow, Tom Skerrit<br>&#8222;ACE&#8221; d\u00edj nomin\u00e1l\u00e1s a legjobb operat\u0151ri munk\u00e1\u00e9rt\n<div>&nbsp;<\/div>\n<\/div>\n\n\n\n<div>\n<p>1989 <strong> Az operah\u00e1z fantomja<\/strong> (as Elemer Regalyi)<\/p>\n<div>&nbsp;<\/div>\n<\/div>\n\n\n\n<div>\n<p>1989 <strong> Murderers Among Us: The Simon Wiesenthal Story<\/strong> (TV film)<\/p>\n<div>&nbsp;<\/div>\n<\/div>\n\n\n\n<div>\n<p>1989 <strong> T\u00faszt\u00f6rt\u00e9net<\/strong><\/p>\n<div>&nbsp;<\/div>\n<\/div>\n\n\n\n<div>\n<p>1988 <strong> Hanna&#8217;s War<\/strong><\/p>\n<div>&nbsp;<\/div>\n<\/div>\n\n\n\n<div>\n<p>1988 <strong> Miss Arizona<\/strong><\/p>\n<div>&nbsp;<\/div>\n<\/div>\n\n\n\n<div>1987 <strong> Hol volt, hol nem volt<\/strong><br>rendez\u0151: Gyula Gazdag<br>F\u0151d\u00edj nyertese a New York-i Film Fesztiv\u00e1lon\n<div>&nbsp;<\/div>\n<\/div>\n\n\n\n<div>\n<p>1987 <strong> Cs\u00f3k, Anyu!<\/strong><\/p>\n<div>&nbsp;<\/div>\n<\/div>\n\n\n\n<div>\n<p>1987 <strong> Var\u00e1zslat &#8211; Queen Budapesten<\/strong> (dokumentumfilm)<\/p>\n<div>&nbsp;<\/div>\n<\/div>\n\n\n\n<div>\n<p>1986 <strong> Embri\u00f3k<\/strong><\/p>\n<div>&nbsp;<\/div>\n<\/div>\n\n\n\n<div>\n<p>1985 <strong> Csak egy mozi<\/strong><\/p>\n<div>&nbsp;<\/div>\n<\/div>\n\n\n\n<div>1985 <strong> Szerencs\u00e9s D\u00e1niel<\/strong><br>rendez\u0151: S\u00e1ndor P\u00e1l<br>1983 Cannes: Fipresci d\u00edj\n<div>&nbsp;<\/div>\n<\/div>\n\n\n\n<div>1985 <strong> Szirmok, vir\u00e1gok, koszor\u00fak<\/strong><br>rendez\u0151: Lugossy L\u00e1szl\u00f3<br>1985 Berlin: Ez\u00fcst medve d\u00edj\n<div>&nbsp;<\/div>\n<\/div>\n\n\n\n<div>\n<p>1985 <strong> T\u00e1rsasutaz\u00e1s<\/strong> (dokumentumfilm)<\/p>\n<div>&nbsp;<\/div>\n<\/div>\n\n\n\n<div>\n<p>1985 <strong> A nagy gener\u00e1ci\u00f3<\/strong><\/p>\n<div>&nbsp;<\/div>\n<\/div>\n\n\n\n<div>\n<p>1985 <strong> A fekete Tanner<\/strong><\/p>\n<div>&nbsp;<\/div>\n<\/div>\n\n\n\n<div>\n<p>1984 <strong> Hossz\u00fa v\u00e1gta<\/strong><\/p>\n<div>&nbsp;<\/div>\n<\/div>\n\n\n\n<div>\n<p>1982 <strong> D\u00f6gkesely\u0171<\/strong><\/p>\n<div>&nbsp;<\/div>\n<\/div>\n\n\n\n<div>\n<p>1982 <strong> Kabala<\/strong><\/p>\n<div>&nbsp;<\/div>\n<\/div>\n\n\n\n<div>\n<p>1981 <strong> Ripacsok<\/strong><\/p>\n<div>&nbsp;<\/div>\n<\/div>\n\n\n\n<div>\n<p>1981 <strong> A koncert<\/strong> (dokumentumfilm)<\/p>\n<div>&nbsp;<\/div>\n<\/div>\n\n\n\n<div>\n<p>1980 <strong> V\u00e1mmentes h\u00e1zass\u00e1g<\/strong><\/p>\n<div>&nbsp;<\/div>\n<\/div>\n\n\n\n<div>\n<p>1980 <strong> \u00d6r\u00f6ks\u00e9g<\/strong><\/p>\n<div>&nbsp;<\/div>\n<\/div>\n\n\n\n<div>\n<p>1980 <strong> Majd holnap<\/strong><\/p>\n<div>&nbsp;<\/div>\n<\/div>\n\n\n\n<div>\n<p>1980 <strong> Utols\u00f3 el\u0151tti \u00edt\u00e9let<\/strong><\/p>\n<div>&nbsp;<\/div>\n<\/div>\n\n\n\n<div>1980 <strong> Vas\u00e1rnapi sz\u00fcl\u0151k<\/strong><br>rendez\u0151: R\u00f3zsa J\u00e1nos<br>Montreali Filmfesztiv\u00e1l: F\u0151d\u00edj\n<div>&nbsp;<\/div>\n<\/div>\n\n\n\n<div>\n<p>1979 <strong> A trombit\u00e1s<\/strong><\/p>\n<div>&nbsp;<\/div>\n<\/div>\n\n\n\n<div>1979 <strong> Szabad\u00edts meg a gonoszt\u00f3l<\/strong><br>rendez\u0151: S\u00e1ndor P\u00e1l<br>Montreali Filmfesztiv\u00e1l: Legjobb operat\u0151r d\u00edja\n<div>&nbsp;<\/div>\n<\/div>\n\n\n\n<div>1978 <strong> Kihajolni vesz\u00e9lyes<\/strong><br>rendez\u0151: Zsombolyai J\u00e1nos<br>1978 Montreali Filmfesztiv\u00e1l: Grand Prix d\u00edj\n<div>&nbsp;<\/div>\n<\/div>\n\n\n\n<div>\n<p>1978 <strong> Csatat\u00e9r<\/strong><\/p>\n<div>&nbsp;<\/div>\n<\/div>\n\n\n\n<div>\n<p>1978 <strong> A k\u00e9tfenek\u0171 dob<\/strong><\/p>\n<div>&nbsp;<\/div>\n<\/div>\n\n\n\n<div>\n<p>1977 <strong> S\u00e1m\u00e1n<\/strong><\/p>\n<div>&nbsp;<\/div>\n<\/div>\n\n\n\n<div>\n<p>1976 <strong> Talpuk alatt f\u00fcty\u00fcl a sz\u00e9l<\/strong><\/p>\n<div>&nbsp;<\/div>\n<\/div>\n\n\n\n<div>\n<p>1976 <strong> V\u00f6r\u00f6s rekviem<\/strong><\/p>\n<div>&nbsp;<\/div>\n<\/div>\n\n\n\n<div>\n<p>1976 <strong> Egyszer\u0171 t\u00f6rt\u00e9net<\/strong><\/p>\n<div>&nbsp;<\/div>\n<\/div>\n\n\n\n<div>1976 <strong> Herkulesf\u00fcrd\u0151i eml\u00e9k<\/strong><br>rendez\u0151: S\u00e1ndor P\u00e1l<br>1977 Berlini FIlmfesztiv\u00e1l: Arany medve d\u00edj\n<div>&nbsp;<\/div>\n<\/div>\n\n\n\n<div>\n<p>1976 <strong> P\u00f3kfoci<\/strong><\/p>\n<div>&nbsp;<\/div>\n<\/div>\n\n\n\n<div>\n<p>1975 <strong> Istenmezej\u00e9n 1972-73-ban<\/strong><\/p>\n<div>&nbsp;<\/div>\n<\/div>\n\n\n\n<div>\n<p>1974 <strong> \u00c1lmod\u00f3 ifj\u00fas\u00e1g<\/strong><\/p>\n<div>&nbsp;<\/div>\n<\/div>\n\n\n\n<div>\n<p>1974 <strong> Szilveszter<\/strong> (r\u00f6vidfilm) (rendez\u0151)<\/p>\n<div>&nbsp;<\/div>\n<\/div>\n\n\n\n<div>\n<p>1974 <strong> B\u00e1styas\u00e9t\u00e1ny hetvenn\u00e9gy<\/strong><\/p>\n<div>&nbsp;<\/div>\n<\/div>\n\n\n\n<div>\n<p>1973 <strong> R\u00e9gi id\u0151k focija<\/strong><\/p>\n<div>&nbsp;<\/div>\n<\/div>\n\n\n\n<div>\n<p>1973 <strong> Kakuk Marci<\/strong><\/p>\n<div>&nbsp;<\/div>\n<\/div>\n\n\n\n<div>\n<p>1973 <strong> Fotogr\u00e1fia<\/strong><\/p>\n<div>&nbsp;<\/div>\n<\/div>\n\n\n\n<div>\n<p>1973 <strong> Egy kis hely a nap alatt<\/strong><\/p>\n<div>\n<div>1972<strong> Fotogr\u00e1fia <\/strong><br>rendez\u0151: Zolnay P\u00e1l<br>1973 Moszkva: ez\u00fcst d\u00edj<br>1974 Chicago: ez\u00fcst med\u00e1l d\u00edj\n<div>&nbsp;<\/div>\n<\/div>\n<\/div>\n<div>\n<p>1971 <strong> Mad\u00e1rk\u00e1k<\/strong><\/p>\n<div>&nbsp;<\/div>\n<\/div>\n<div>\n<p>1971 <strong> S\u00e1rika, dr\u00e1g\u00e1m<\/strong><\/p>\n<div>&nbsp;<\/div>\n<\/div>\n<div>\n<p>1971 <strong> Staf\u00e9ta<\/strong><\/p>\n<div>&nbsp;<\/div>\n<\/div>\n<div>\n<p>1970 <strong> Magasiskola<\/strong><\/p>\n<div>&nbsp;rendez\u0151: G\u00e1l Istv\u00e1n<br>1970 Cannes: zs\u0171ri d\u00edja<\/div>\n<\/div>\n<div>\n<p>1970 <strong> A nagy k\u00e9k jelz\u00e9s<\/strong><\/p>\n<div>&nbsp;<\/div>\n<\/div>\n<div>\n<p>1970 <strong> Arc<\/strong><\/p>\n<div>&nbsp;<\/div>\n<\/div>\n<div>\n<p>1970 <strong> B\u00fcntet\u0151exped\u00edci\u00f3<\/strong> (r\u00f6vidfilm)<\/p>\n<div>&nbsp;<\/div>\n<\/div>\n<div>\n<p>1969 <strong> Sziget a sz\u00e1razf\u00f6ld\u00f6n<\/strong><\/p>\n<div>&nbsp;<\/div>\n<\/div>\n<div>1967 <strong> Meddig \u00e9l az ember? I-II<\/strong> (dokumentumfilm)<\/div>\n<div>\n<h2>Sz\u00edn\u00e9szk\u00e9nt:<\/h2>\n<div>&nbsp;<\/div>\n<div>\n<p>2003 Ap\u00e1m be\u00e1julna Cameo szer\u00e9pben<\/p>\n<div>&nbsp;<\/div>\n<\/div>\n<div>\n<p>1995 <strong> &#8216;K\u00fcls\u0151-Bels\u0151&#8217; \u00e9letm\u0171d\u00edjas: Romv\u00e1ri J\u00f3zsef<\/strong> (TV sorozat)<\/p>\n<div>&nbsp;<\/div>\n<\/div>\n<div>\n<p>1973 <strong> R\u00e9gi id\u0151k focija<\/strong><\/p>\n<div>&nbsp;<\/div>\n<\/div>\n<div>1972 <strong> M\u00e9g k\u00e9r a n\u00e9p<\/strong><br>F\u00f5hadnagy szerep\n<div>&nbsp;<\/div>\n<\/div>\n<div>1958 <strong> A harangok R\u00f3m\u00e1ba mentek<\/strong><br>Cig\u00e1ny szerepben<\/div>\n<h3 align=\"left\">Rendez\u0151 &#8211; \u00cdr\u00f3<\/h3>\n<p align=\"left\">2005 <strong>Csudafilm<\/strong><\/p>\n<p align=\"left\">2006<strong> Fekete feh\u00e9r<\/strong> (TV film)<\/p>\n<p align=\"left\">Forr\u00e1s: <a href=\"http:\/\/www.imdb.com\/name\/nm0005839\/\">http:\/\/www.imdb.com\/name\/nm0005839\/<\/a><\/p>\n<\/div>\n<\/div>\n\n\n\n<div class=\"wp-block-buttons is-content-justification-center is-layout-flex wp-container-core-buttons-is-layout-16018d1d wp-block-buttons-is-layout-flex\">\n<div class=\"wp-block-button\"><a class=\"wp-block-button__link wp-element-button\" href=\"https:\/\/rakosliget.hu\/wordpress\/index.php\/muveszet\/\">VISSZA A M\u0170V\u00c9SZET LAPRA<\/a><\/div>\n<\/div>\n","protected":false},"excerpt":{"rendered":"<p>(R\u00e1kosliget, 1939. \u00e1prilis 18.) &nbsp; Tagja a Magyar Operat\u0151r\u00f6k T\u00e1rsas\u00e1g\u00e1nak H.S.C. Forr\u00e1s: http:\/\/www.filmtett.ro\/cikk\/2500\/orvos-es-paciens-interju-ragalyi-elemer-operatorrel Magyarorsz\u00e1gon az al\u00e1bbi d\u00edjakkal t\u00fcntett\u00e9k ki: Bal\u00e1zs B\u00e9la d\u00edj, \u00c9rdemes M\u0171v\u00e9sz, Kiv\u00e1l\u00f3 M\u0171v\u00e9sz \u00e9s Kossuth d\u00edj. Filmjei: 2011\/II Az ajt\u00f3 (ut\u00f3munk\u00e1latok) &nbsp; Rep\u00fablica (TV sorozat) 2010 \u2013 \u00c0s Armas (2010) \u2013 Levantai Hoje de Novo (2010) &nbsp; 2007 A Hold \u00e9s a &hellip; <a href=\"https:\/\/rakosliget.hu\/wordpress\/index.php\/ragalyi-elemer\/\" class=\"more-link\"><span class=\"screen-reader-text\">Rag\u00e1lyi Elem\u00e9r<\/span> r\u00e9szletei&#8230;<\/a><\/p>\n","protected":false},"author":1,"featured_media":0,"parent":0,"menu_order":0,"comment_status":"closed","ping_status":"closed","template":"","meta":{"footnotes":""},"class_list":["post-1161","page","type-page","status-publish","hentry"],"_links":{"self":[{"href":"https:\/\/rakosliget.hu\/wordpress\/index.php\/wp-json\/wp\/v2\/pages\/1161","targetHints":{"allow":["GET"]}}],"collection":[{"href":"https:\/\/rakosliget.hu\/wordpress\/index.php\/wp-json\/wp\/v2\/pages"}],"about":[{"href":"https:\/\/rakosliget.hu\/wordpress\/index.php\/wp-json\/wp\/v2\/types\/page"}],"author":[{"embeddable":true,"href":"https:\/\/rakosliget.hu\/wordpress\/index.php\/wp-json\/wp\/v2\/users\/1"}],"replies":[{"embeddable":true,"href":"https:\/\/rakosliget.hu\/wordpress\/index.php\/wp-json\/wp\/v2\/comments?post=1161"}],"version-history":[{"count":3,"href":"https:\/\/rakosliget.hu\/wordpress\/index.php\/wp-json\/wp\/v2\/pages\/1161\/revisions"}],"predecessor-version":[{"id":22079,"href":"https:\/\/rakosliget.hu\/wordpress\/index.php\/wp-json\/wp\/v2\/pages\/1161\/revisions\/22079"}],"wp:attachment":[{"href":"https:\/\/rakosliget.hu\/wordpress\/index.php\/wp-json\/wp\/v2\/media?parent=1161"}],"curies":[{"name":"wp","href":"https:\/\/api.w.org\/{rel}","templated":true}]}}