{"id":11566,"date":"2023-04-10T07:37:00","date_gmt":"2023-04-10T06:37:00","guid":{"rendered":"https:\/\/rakosliget.hu\/wordpress\/?page_id=11566"},"modified":"2023-04-10T07:37:23","modified_gmt":"2023-04-10T06:37:23","slug":"belenyi-istvanne","status":"publish","type":"page","link":"https:\/\/rakosliget.hu\/wordpress\/index.php\/belenyi-istvanne\/","title":{"rendered":"BEL\u00c9NYI ISTV\u00c1NN\u00c9"},"content":{"rendered":"\n<p> (1946 december\u00e9ig: Kov\u00e1ts J\u00e1nosn\u00e9)(Budapest, 1893 &#8211; ?)<br>Tisztvisel\u0151.<\/p>\n\n\n\n<p>1945-t\u0151l az FKP tagja. 1945 ut\u00e1n a R\u00e1kosligeti NB \u00e9s k\u00e9pvisel\u0151test\u00fclet tagja. &#8211; Nyugd\u00edjas.<\/p>\n","protected":false},"excerpt":{"rendered":"<p>(1946 december\u00e9ig: Kov\u00e1ts J\u00e1nosn\u00e9)(Budapest, 1893 &#8211; ?)Tisztvisel\u0151. 1945-t\u0151l az FKP tagja. 1945 ut\u00e1n a R\u00e1kosligeti NB \u00e9s k\u00e9pvisel\u0151test\u00fclet tagja. &#8211; Nyugd\u00edjas.<\/p>\n","protected":false},"author":1,"featured_media":0,"parent":0,"menu_order":0,"comment_status":"closed","ping_status":"closed","template":"","meta":{"footnotes":""},"class_list":["post-11566","page","type-page","status-publish","hentry"],"_links":{"self":[{"href":"https:\/\/rakosliget.hu\/wordpress\/index.php\/wp-json\/wp\/v2\/pages\/11566","targetHints":{"allow":["GET"]}}],"collection":[{"href":"https:\/\/rakosliget.hu\/wordpress\/index.php\/wp-json\/wp\/v2\/pages"}],"about":[{"href":"https:\/\/rakosliget.hu\/wordpress\/index.php\/wp-json\/wp\/v2\/types\/page"}],"author":[{"embeddable":true,"href":"https:\/\/rakosliget.hu\/wordpress\/index.php\/wp-json\/wp\/v2\/users\/1"}],"replies":[{"embeddable":true,"href":"https:\/\/rakosliget.hu\/wordpress\/index.php\/wp-json\/wp\/v2\/comments?post=11566"}],"version-history":[{"count":2,"href":"https:\/\/rakosliget.hu\/wordpress\/index.php\/wp-json\/wp\/v2\/pages\/11566\/revisions"}],"predecessor-version":[{"id":11568,"href":"https:\/\/rakosliget.hu\/wordpress\/index.php\/wp-json\/wp\/v2\/pages\/11566\/revisions\/11568"}],"wp:attachment":[{"href":"https:\/\/rakosliget.hu\/wordpress\/index.php\/wp-json\/wp\/v2\/media?parent=11566"}],"curies":[{"name":"wp","href":"https:\/\/api.w.org\/{rel}","templated":true}]}}