{"id":11561,"date":"2023-04-10T07:34:17","date_gmt":"2023-04-10T06:34:17","guid":{"rendered":"https:\/\/rakosliget.hu\/wordpress\/?page_id=11561"},"modified":"2023-04-10T07:35:17","modified_gmt":"2023-04-10T06:35:17","slug":"banhegyi-gyorgy","status":"publish","type":"page","link":"https:\/\/rakosliget.hu\/wordpress\/index.php\/banhegyi-gyorgy\/","title":{"rendered":"B\u00c1NHEGYI JEN\u0150"},"content":{"rendered":"\n<p>(Monor, 1908 &#8211; ?)<br>R\u00e1kosliget k\u00e9pvisel\u0151 test\u00fcleti tag<\/p>\n\n\n\n<p>Tisztvisel\u0151. 1931-t\u0151l az FKP tagja, 1945-t\u0151l a nagyv\u00e1lasztm\u00e1ny tagja, a r\u00e1kosligeti szervezet \u00fcgyvezet\u0151je, majd a Pest k\u00f6rny\u00e9ki, illetve a Pest megyei szervezet titk\u00e1ra. 1945 ut\u00e1n a K\u0151b\u00e1nyai Polg\u00e1ri Serf\u0151z\u0151, k\u00e9s\u0151bb a Talajjav\u00edt\u00f3 V\u00e1llalat dolgoz\u00f3ja. 1948-ban a R\u00e1kosligeti Nemzeti Bizotts\u00e1g, 1945-1946-ban a k\u00e9pvisel\u0151test\u00fclet tagja. &#8211; Nyugd\u00edjas.<\/p>\n","protected":false},"excerpt":{"rendered":"<p>(Monor, 1908 &#8211; ?)R\u00e1kosliget k\u00e9pvisel\u0151 test\u00fcleti tag Tisztvisel\u0151. 1931-t\u0151l az FKP tagja, 1945-t\u0151l a nagyv\u00e1lasztm\u00e1ny tagja, a r\u00e1kosligeti szervezet \u00fcgyvezet\u0151je, majd a Pest k\u00f6rny\u00e9ki, illetve a Pest megyei szervezet titk\u00e1ra. 1945 ut\u00e1n a K\u0151b\u00e1nyai Polg\u00e1ri Serf\u0151z\u0151, k\u00e9s\u0151bb a Talajjav\u00edt\u00f3 V\u00e1llalat dolgoz\u00f3ja. 1948-ban a R\u00e1kosligeti Nemzeti Bizotts\u00e1g, 1945-1946-ban a k\u00e9pvisel\u0151test\u00fclet tagja. &#8211; Nyugd\u00edjas.<\/p>\n","protected":false},"author":1,"featured_media":0,"parent":0,"menu_order":0,"comment_status":"closed","ping_status":"closed","template":"","meta":{"footnotes":""},"class_list":["post-11561","page","type-page","status-publish","hentry"],"_links":{"self":[{"href":"https:\/\/rakosliget.hu\/wordpress\/index.php\/wp-json\/wp\/v2\/pages\/11561","targetHints":{"allow":["GET"]}}],"collection":[{"href":"https:\/\/rakosliget.hu\/wordpress\/index.php\/wp-json\/wp\/v2\/pages"}],"about":[{"href":"https:\/\/rakosliget.hu\/wordpress\/index.php\/wp-json\/wp\/v2\/types\/page"}],"author":[{"embeddable":true,"href":"https:\/\/rakosliget.hu\/wordpress\/index.php\/wp-json\/wp\/v2\/users\/1"}],"replies":[{"embeddable":true,"href":"https:\/\/rakosliget.hu\/wordpress\/index.php\/wp-json\/wp\/v2\/comments?post=11561"}],"version-history":[{"count":3,"href":"https:\/\/rakosliget.hu\/wordpress\/index.php\/wp-json\/wp\/v2\/pages\/11561\/revisions"}],"predecessor-version":[{"id":11564,"href":"https:\/\/rakosliget.hu\/wordpress\/index.php\/wp-json\/wp\/v2\/pages\/11561\/revisions\/11564"}],"wp:attachment":[{"href":"https:\/\/rakosliget.hu\/wordpress\/index.php\/wp-json\/wp\/v2\/media?parent=11561"}],"curies":[{"name":"wp","href":"https:\/\/api.w.org\/{rel}","templated":true}]}}