{"id":11553,"date":"2023-04-10T07:31:17","date_gmt":"2023-04-10T06:31:17","guid":{"rendered":"https:\/\/rakosliget.hu\/wordpress\/?page_id=11553"},"modified":"2023-04-10T07:32:26","modified_gmt":"2023-04-10T06:32:26","slug":"babocsa","status":"publish","type":"page","link":"https:\/\/rakosliget.hu\/wordpress\/index.php\/babocsa\/","title":{"rendered":"BABOCSA (MAROS\u00c1N) ENDRE dr."},"content":{"rendered":"\n<p>(Erd\u0151d, 1915 &#8211; )<br>R\u00e1kosliget k\u00e9pvisel\u0151 test\u00fcleti tag<\/p>\n\n\n\n<p>Pl\u00e9b\u00e1nos, hitoktat\u00f3 lelk\u00e9sz. 1945 ut\u00e1n R\u00e1kosligeten, Budapesten, Sashalmon, \u00dajpesten pl\u00e9b\u00e1nos, majd budapesti provik\u00e1rius, k\u00e9s\u0151bb v\u00e1ci irodaigazgat\u00f3. 1945-ben a R\u00e1kosligeti Nemzeti Bizotts\u00e1g tagja. 1945-1947-ben k\u00e9pvisel\u0151test\u00fcleti tag. Volt a Budapesti B\u00e9kebizotts\u00e1g titk\u00e1ra, a Katolikus sz\u00f3 c. foly\u00f3irat szerkeszt\u0151 bizotts\u00e1gi tagja. &#8211; Magyar N\u00e9pk\u00f6zt\u00e1rsas\u00e1g Z\u00e1szl\u00f3rendje, Munka \u00c9rdemrend.<\/p>\n\n\n\n<p><\/p>\n","protected":false},"excerpt":{"rendered":"<p>(Erd\u0151d, 1915 &#8211; )R\u00e1kosliget k\u00e9pvisel\u0151 test\u00fcleti tag Pl\u00e9b\u00e1nos, hitoktat\u00f3 lelk\u00e9sz. 1945 ut\u00e1n R\u00e1kosligeten, Budapesten, Sashalmon, \u00dajpesten pl\u00e9b\u00e1nos, majd budapesti provik\u00e1rius, k\u00e9s\u0151bb v\u00e1ci irodaigazgat\u00f3. 1945-ben a R\u00e1kosligeti Nemzeti Bizotts\u00e1g tagja. 1945-1947-ben k\u00e9pvisel\u0151test\u00fcleti tag. Volt a Budapesti B\u00e9kebizotts\u00e1g titk\u00e1ra, a Katolikus sz\u00f3 c. foly\u00f3irat szerkeszt\u0151 bizotts\u00e1gi tagja. &#8211; Magyar N\u00e9pk\u00f6zt\u00e1rsas\u00e1g Z\u00e1szl\u00f3rendje, Munka \u00c9rdemrend.<\/p>\n","protected":false},"author":1,"featured_media":0,"parent":0,"menu_order":0,"comment_status":"closed","ping_status":"closed","template":"","meta":{"footnotes":""},"class_list":["post-11553","page","type-page","status-publish","hentry"],"_links":{"self":[{"href":"https:\/\/rakosliget.hu\/wordpress\/index.php\/wp-json\/wp\/v2\/pages\/11553","targetHints":{"allow":["GET"]}}],"collection":[{"href":"https:\/\/rakosliget.hu\/wordpress\/index.php\/wp-json\/wp\/v2\/pages"}],"about":[{"href":"https:\/\/rakosliget.hu\/wordpress\/index.php\/wp-json\/wp\/v2\/types\/page"}],"author":[{"embeddable":true,"href":"https:\/\/rakosliget.hu\/wordpress\/index.php\/wp-json\/wp\/v2\/users\/1"}],"replies":[{"embeddable":true,"href":"https:\/\/rakosliget.hu\/wordpress\/index.php\/wp-json\/wp\/v2\/comments?post=11553"}],"version-history":[{"count":4,"href":"https:\/\/rakosliget.hu\/wordpress\/index.php\/wp-json\/wp\/v2\/pages\/11553\/revisions"}],"predecessor-version":[{"id":11558,"href":"https:\/\/rakosliget.hu\/wordpress\/index.php\/wp-json\/wp\/v2\/pages\/11553\/revisions\/11558"}],"wp:attachment":[{"href":"https:\/\/rakosliget.hu\/wordpress\/index.php\/wp-json\/wp\/v2\/media?parent=11553"}],"curies":[{"name":"wp","href":"https:\/\/api.w.org\/{rel}","templated":true}]}}